{"id":24,"date":"2018-02-01T12:23:44","date_gmt":"2018-02-01T11:23:44","guid":{"rendered":"https:\/\/sites.lesia.obspm.fr\/xavier-bonnin\/?page_id=24"},"modified":"2023-11-10T12:27:50","modified_gmt":"2023-11-10T11:27:50","slug":"accueil","status":"publish","type":"page","link":"https:\/\/sites.lesia.obspm.fr\/xavier-bonnin\/","title":{"rendered":"Ing\u00e9nieur de Recherche CNRS"},"content":{"rendered":"\n<h2 class=\"wp-block-heading\" id=\"situation_actuelle\">Situation actuelle<\/h2>\n\n\n\n<hr class=\"wp-block-separator has-alpha-channel-opacity\" \/>\n\n\n\n<h4 class=\"wp-block-heading\">Principales fonctions exerc\u00e9es<\/h4>\n\n\n\n<ul class=\"wp-block-list\">\n<li>Chef de projet du segment sol de l&rsquo;instrument RPW&nbsp; (mission ESA Solar Orbiter)<\/li>\n\n\n\n<li>Chef de projet du segment sol du r\u00e9cepteur radio SORBET (mission ESA\/JAXA Bepi Colombo)<\/li>\n\n\n\n<li>Responsable technique de la cha\u00eene de production des donn\u00e9es scientifiques des r\u00e9cepteurs RAD1\/RAD2 de l&rsquo;instrument Waves (mission NASA Wind)<\/li>\n\n\n\n<li>Chef du service Observatoire Virtuel (OV) au LESIA<\/li>\n\n\n\n<li>Pr\u00e9sident du <a href=\"https:\/\/cesop.observatoiredeparis.psl.eu\/-CLAS-de-Meudon-.html\">Comit\u00e9 Local d&rsquo;Action Sociale (CLAS)<\/a> de l&rsquo;Observatoire de Meudon<\/li>\n<\/ul>\n\n\n\n<p><\/p>\n\n\n\n<h2 class=\"wp-block-heading\">Domaines d&rsquo;expertise<\/h2>\n\n\n\n<hr class=\"wp-block-separator has-alpha-channel-opacity\" \/>\n\n\n\n<h4 class=\"wp-block-heading\">Management<\/h4>\n\n\n\n<ul class=\"wp-block-list\">\n<li>Gestion de projet<\/li>\n\n\n\n<li>Encadrement d&rsquo;\u00e9quipe technique<\/li>\n<\/ul>\n\n\n\n<h4 class=\"wp-block-heading\">Technique<\/h4>\n\n\n\n<ul class=\"wp-block-list\">\n<li>Infrastructure segment sol<\/li>\n\n\n\n<li>Cha\u00eenes de production\/traitement de donn\u00e9es spatiales (donn\u00e9es radio basses fr\u00e9quences, spectrom\u00e9trie visible\/infrarouge).<\/li>\n\n\n\n<li>Outils et interfaces de l&rsquo;Observatoire Virtuel (OV)<\/li>\n<\/ul>\n\n\n\n<p><\/p>\n\n\n\n<h2 class=\"wp-block-heading\"><\/h2>\n","protected":false},"excerpt":{"rendered":"<p>Situation actuelle Principales fonctions exerc\u00e9es Domaines d&rsquo;expertise Management Technique<\/p>\n","protected":false},"author":49,"featured_media":0,"parent":0,"menu_order":0,"comment_status":"closed","ping_status":"closed","template":"","meta":{"footnotes":""},"class_list":["post-24","page","type-page","status-publish","hentry"],"_links":{"self":[{"href":"https:\/\/sites.lesia.obspm.fr\/xavier-bonnin\/wp-json\/wp\/v2\/pages\/24","targetHints":{"allow":["GET"]}}],"collection":[{"href":"https:\/\/sites.lesia.obspm.fr\/xavier-bonnin\/wp-json\/wp\/v2\/pages"}],"about":[{"href":"https:\/\/sites.lesia.obspm.fr\/xavier-bonnin\/wp-json\/wp\/v2\/types\/page"}],"author":[{"embeddable":true,"href":"https:\/\/sites.lesia.obspm.fr\/xavier-bonnin\/wp-json\/wp\/v2\/users\/49"}],"replies":[{"embeddable":true,"href":"https:\/\/sites.lesia.obspm.fr\/xavier-bonnin\/wp-json\/wp\/v2\/comments?post=24"}],"version-history":[{"count":14,"href":"https:\/\/sites.lesia.obspm.fr\/xavier-bonnin\/wp-json\/wp\/v2\/pages\/24\/revisions"}],"predecessor-version":[{"id":80,"href":"https:\/\/sites.lesia.obspm.fr\/xavier-bonnin\/wp-json\/wp\/v2\/pages\/24\/revisions\/80"}],"wp:attachment":[{"href":"https:\/\/sites.lesia.obspm.fr\/xavier-bonnin\/wp-json\/wp\/v2\/media?parent=24"}],"curies":[{"name":"wp","href":"https:\/\/api.w.org\/{rel}","templated":true}]}}