{"id":12,"date":"2018-02-01T12:01:04","date_gmt":"2018-02-01T11:01:04","guid":{"rendered":"https:\/\/sites.lesia.obspm.fr\/xavier-bonnin\/?page_id=12"},"modified":"2023-11-10T12:23:04","modified_gmt":"2023-11-10T11:23:04","slug":"projets","status":"publish","type":"page","link":"https:\/\/sites.lesia.obspm.fr\/xavier-bonnin\/projets\/","title":{"rendered":"Projets"},"content":{"rendered":"<h2>Liste des projets<\/h2>\n<h3>Spatiaux<\/h3>\n<ul>\n<li><a href=\"http:\/\/www.lesia.obspm.fr\/L-instrument-RPW-sur-Solar-Orbiter.html\">RPW\/Solar Orbiter<\/a><\/li>\n<li><a href=\"_wp_link_placeholder\" data-wplink-edit=\"true\">SORBET\/Bepi Colombo<\/a><\/li>\n<li><a href=\"http:\/\/www.lesia.obspm.fr\/WAVES-sur-WIND-240\">Waves\/Wind<\/a><\/li>\n<li><a href=\"http:\/\/www.lesia.obspm.fr\/STEREO-WAVES.html\">STEREO\/Waves<\/a><\/li>\n<li><a href=\"http:\/\/www.lesia.obspm.fr\/-VIRTIS-sur-Rosetta-.html\">VIRTIS\/Rosetta<\/a><\/li>\n<li>VIRTIS\/Venus Express<\/li>\n<\/ul>\n<h3>Observatoire Virtuel, Interop\u00e9rabilit\u00e9 &amp; diffusion des donn\u00e9es<\/h3>\n<ul>\n<li><a href=\"http:\/\/www.helio-vo.eu\/\">HELIO<\/a><\/li>\n<li><a href=\"http:\/\/maser.lesia.obspm.fr\">MASER<\/a><\/li>\n<\/ul>\n<h3>Science participative<\/h3>\n<ul>\n<li>Solar Type III Tracker sur <a href=\"https:\/\/www.zooniverse.org\">Zooniverse<\/a><\/li>\n<\/ul>\n\n\n<h3 class=\"wp-block-heading\">Divers<\/h3>\n\n\n\n<ul class=\"wp-block-list\">\n<li><a href=\"https:\/\/pypi.org\/project\/outflow\/\">Outflow<\/a><\/li>\n<\/ul>\n","protected":false},"excerpt":{"rendered":"<p>Liste des projets Spatiaux RPW\/Solar Orbiter SORBET\/Bepi Colombo Waves\/Wind STEREO\/Waves VIRTIS\/Rosetta VIRTIS\/Venus Express Observatoire Virtuel, Interop\u00e9rabilit\u00e9 &amp; diffusion des donn\u00e9es HELIO MASER Science participative Solar Type III Tracker sur Zooniverse Divers<\/p>\n","protected":false},"author":49,"featured_media":0,"parent":0,"menu_order":0,"comment_status":"closed","ping_status":"closed","template":"","meta":{"footnotes":""},"class_list":["post-12","page","type-page","status-publish","hentry"],"_links":{"self":[{"href":"https:\/\/sites.lesia.obspm.fr\/xavier-bonnin\/wp-json\/wp\/v2\/pages\/12","targetHints":{"allow":["GET"]}}],"collection":[{"href":"https:\/\/sites.lesia.obspm.fr\/xavier-bonnin\/wp-json\/wp\/v2\/pages"}],"about":[{"href":"https:\/\/sites.lesia.obspm.fr\/xavier-bonnin\/wp-json\/wp\/v2\/types\/page"}],"author":[{"embeddable":true,"href":"https:\/\/sites.lesia.obspm.fr\/xavier-bonnin\/wp-json\/wp\/v2\/users\/49"}],"replies":[{"embeddable":true,"href":"https:\/\/sites.lesia.obspm.fr\/xavier-bonnin\/wp-json\/wp\/v2\/comments?post=12"}],"version-history":[{"count":10,"href":"https:\/\/sites.lesia.obspm.fr\/xavier-bonnin\/wp-json\/wp\/v2\/pages\/12\/revisions"}],"predecessor-version":[{"id":78,"href":"https:\/\/sites.lesia.obspm.fr\/xavier-bonnin\/wp-json\/wp\/v2\/pages\/12\/revisions\/78"}],"wp:attachment":[{"href":"https:\/\/sites.lesia.obspm.fr\/xavier-bonnin\/wp-json\/wp\/v2\/media?parent=12"}],"curies":[{"name":"wp","href":"https:\/\/api.w.org\/{rel}","templated":true}]}}