{"id":35,"date":"2019-10-07T00:10:30","date_gmt":"2019-10-06T22:10:30","guid":{"rendered":"https:\/\/sites.lesia.obspm.fr\/thomas-widemann\/?page_id=35"},"modified":"2025-08-14T17:36:46","modified_gmt":"2025-08-14T15:36:46","slug":"home","status":"publish","type":"page","link":"https:\/\/sites.lesia.obspm.fr\/thomas-widemann\/","title":{"rendered":""},"content":{"rendered":"<div class=\"wp-block-image\">\n<figure class=\"alignleft size-large is-resized\"><a href=\"https:\/\/sites.lesia.obspm.fr\/thomas-widemann\/files\/2023\/08\/Widemann_photo.jpg\"><img loading=\"lazy\" decoding=\"async\" width=\"938\" height=\"1024\" src=\"https:\/\/sites.lesia.obspm.fr\/thomas-widemann\/files\/2023\/08\/Widemann_photo-938x1024.jpg\" alt=\"\" class=\"wp-image-1409\" style=\"width:235px;height:256px\" srcset=\"https:\/\/sites.lesia.obspm.fr\/thomas-widemann\/files\/2023\/08\/Widemann_photo-938x1024.jpg 938w, https:\/\/sites.lesia.obspm.fr\/thomas-widemann\/files\/2023\/08\/Widemann_photo-275x300.jpg 275w, https:\/\/sites.lesia.obspm.fr\/thomas-widemann\/files\/2023\/08\/Widemann_photo-768x838.jpg 768w, https:\/\/sites.lesia.obspm.fr\/thomas-widemann\/files\/2023\/08\/Widemann_photo-1408x1536.jpg 1408w, https:\/\/sites.lesia.obspm.fr\/thomas-widemann\/files\/2023\/08\/Widemann_photo-137x150.jpg 137w, https:\/\/sites.lesia.obspm.fr\/thomas-widemann\/files\/2023\/08\/Widemann_photo.jpg 1446w\" sizes=\"auto, (max-width: 938px) 100vw, 938px\" \/><\/a><figcaption class=\"wp-element-caption\">Dr. Thomas Widemann<br>Paris Observatory, France<\/figcaption><\/figure><\/div>\n\n\n<p><strong>Dr. Thomas Widemann<\/strong> is a Staff Scientist at Paris Observatory\u2019s Laboratory for Instrumentation and Research in Astrophysics (LIRA) and Senior Associate Professor at University Versailles Saint-Quentin, a branch of Universit\u00e9 Paris-Saclay, France. Dr. Widemann is member of the International Academy of Astronautics (IAA), section Basic Sciences.<\/p>\n\n\n\n<p>To study the climate and dynamics of planetary atmospheres, Dr. Widemann developed outstanding techniques combining simultaneous space and ground-based observations, to provide absolute wind measurements and circulation regimes in planetary atmospheres. He demonstrated that observed cloud motions track actual, instantaneous winds, allowing to test atmospheric global circulation models using high resolution visible and IR spectroscopy. Dr. Widemann also led major advancements in planetary sciences through stellar occultation campaigns, such as establishing an upper limit on Uranian moon Titania&rsquo;s atmosphere and oblateness, and contributing to the discovery of rings around centaur Chariklo. <\/p>\n\n\n\n<p>Dr. Widemann&rsquo;s career achievements have provided the basis for international support of ground-based observers for ESA&rsquo;s Venus Express mission. Dr. Widemann co-led the EnVision orbiter mission proposal, which was adopted in 2024 as the European Space Agency&rsquo;s (ESA) fifth medium-class science mission in its Cosmic Vision program. He is a member of its Science Working Team. As a key partner in the mission, NASA is providing EnVision&rsquo;s Synthetic Aperture Radar, VenSAR. He is also one of two French members of the VERITAS science team led by Dr. Sue Smrekar of NASA\/Caltech&rsquo;s Jet Propulsion Laboratory in California. VERITAS is the selected NASA\/Discovery orbiter mission to Venus. Both missions are to be launched early in the next decade (2031-2032). <\/p>\n\n\n\n<hr class=\"wp-block-separator has-css-opacity\" \/>\n\n\n\n<p><strong>Education<\/strong><\/p>\n\n\n\n<ul class=\"wp-block-list\">\n<li>HDR\u2014Habilitation \u00e0 Diriger des Recherches, University Versailles-St-Quentin, 2000<\/li>\n\n\n\n<li>Paris Observatory\u2014Ph.D., Astrophysics &amp; Space Science, 1991<\/li>\n\n\n\n<li>Orsay\/Paris-11 University, France\u2014M.S., Physics, 1985<\/li>\n\n\n\n<li>Lyc\u00e9e Henri IV, Paris, France.<\/li>\n<\/ul>\n\n\n\n<hr class=\"wp-block-separator has-css-opacity\" \/>\n\n\n\n<p><strong>Contribution to space exploration projects<\/strong><\/p>\n\n\n\n<ul class=\"wp-block-list\">\n<li>Co-lead proposer, <a href=\"http:\/\/envisionvenus.eu\">M5\/EnVision<\/a>&nbsp;ESA&rsquo;s fifth M-class mission in its Cosmic Vision program<\/li>\n\n\n\n<li>Science Team co-Investigator, NASA\/Jet Propulsion Laboratory VERITAS Venus orbiter mission<\/li>\n<\/ul>\n\n\n\n<hr class=\"wp-block-separator has-css-opacity\" \/>\n\n\n\n<p><strong>Higher education &amp; heritage management and functions<\/strong><\/p>\n\n\n\n<ul class=\"wp-block-list\">\n<li>Corresponding member, <a href=\"https:\/\/iaaspace.org\">International Academy of Astronautics<\/a>, section Basic Science <\/li>\n\n\n\n<li>2014-2021: Deputy Lead Scientist &amp; Proposal Manager, ESA-NASA <a href=\"http:\/\/envisionvenus.eu\">M5\/EnVision<\/a> <\/li>\n\n\n\n<li>2017- 2020: President, <a href=\"https:\/\/sites.lesia.obspm.fr\/thomas-widemann\/heritage\/\">Heritage Council \/ Conseil du patrimoine<\/a>, Observatoire de Paris<\/li>\n<\/ul>\n\n\n\n<hr class=\"wp-block-separator has-css-opacity\" \/>\n\n\n\n<p><strong>Past research, higher education &amp; heritage management and functions <\/strong><\/p>\n\n\n\n<ul class=\"wp-block-list\">\n<li>2017-2018: Directeur du D\u00e9partement de Lettres, Institut d&rsquo;Etudes Culturelles Internationales, Universit\u00e9 de Versailles-Saint-Quentin.<\/li>\n\n\n\n<li>2017: Comit\u00e9 scientifique, exposition Globes, Architecture &amp; Sciences explorent le monde,&nbsp;Nov. 2017 \u2013 Mars 2018, Cit\u00e9 de l&rsquo;Architecture et du Patrimoine, Paris.<\/li>\n\n\n\n<li>2013-2016: <a href=\"http:\/\/eurovenus.eu\">EuroVenus Project Coordinator<\/a>, European Union Research Agency FP7 G.A. 606798 Project coordinator for the exploitation of ESA\/Venus Express data in France, UK, Portugal, Germany and Belgium, 2.18M\u20ac<\/li>\n\n\n\n<li>2010-2015: Support Investigator (S.I.)&nbsp;for coordinated&nbsp;ground-based&nbsp;telescope observations&nbsp;with&nbsp;ESA\/Venus&nbsp;Express orbiter mission<\/li>\n\n\n\n<li>2011-2013: French PI, Hubert-Curien PESSOA program, France-Portugal on studying the atmosphere&nbsp;of Venus <\/li>\n\n\n\n<li>2010-2012: French PI, Hubert-Curien SAKURA program, France-Japan coordination on Earth-based&nbsp;and Space observations of the atmosphere of Venus<\/li>\n\n\n\n<li>2007-2010: Project coordinator, Sciences et Pouvoir : le prince et le savant dans les cours europ\u00e9ennes aux XVIIe et XVIIIe si\u00e8cles, Centre de Recherche du Ch\u00e2teau de Versailles (CRCV)<\/li>\n<\/ul>\n\n\n\n<hr class=\"wp-block-separator has-css-opacity\" \/>\n\n\n\n<p><strong>Honors\/Awards<\/strong><\/p>\n\n\n\n<ul class=\"wp-block-list\">\n<li>Full member, <a data-type=\"URL\" data-id=\"https:\/\/iaaspace.org\" href=\"https:\/\/iaaspace.org\">International Academy of Astronautics<\/a>, section Basic Science (2023)<\/li>\n\n\n\n<li>Asteroid <a href=\"https:\/\/ssd.jpl.nasa.gov\/sbdb.cgi?sstr=20606#content\">(20606) Widemann<\/a> named by the International Astronomical Union in honor of Dr. Widemann (2008). <a href=\"https:\/\/ssd.jpl.nasa.gov\/sbdb.cgi?sstr=20606;old=0;orb=1;cov=0;log=0;cad=0#orb\">Where is (20606) Widemann<\/a>?<\/li>\n\n\n\n<li>George Bidault-de-l&rsquo;Isle Prize, Soci\u00e9t\u00e9 Astronomique de France (1981).<\/li>\n<\/ul>\n\n\n\n<hr class=\"wp-block-separator has-css-opacity\" \/>\n","protected":false},"excerpt":{"rendered":"<p>Dr. Thomas Widemann is a Staff Scientist at Paris Observatory\u2019s Laboratory for Instrumentation and Research in Astrophysics (LIRA) and Senior Associate Professor at University Versailles Saint-Quentin, a branch of Universit\u00e9 Paris-Saclay, France. Dr. Widemann is member of the International Academy of Astronautics (IAA), section Basic Sciences. To study the climate&#8230; <a class=\"continue-reading-link\" href=\"https:\/\/sites.lesia.obspm.fr\/thomas-widemann\/\"> Continue reading <span class=\"meta-nav\">&rarr; <\/span><\/a><\/p>\n","protected":false},"author":59,"featured_media":0,"parent":0,"menu_order":0,"comment_status":"closed","ping_status":"closed","template":"","meta":{"footnotes":""},"class_list":["post-35","page","type-page","status-publish","hentry"],"_links":{"self":[{"href":"https:\/\/sites.lesia.obspm.fr\/thomas-widemann\/wp-json\/wp\/v2\/pages\/35","targetHints":{"allow":["GET"]}}],"collection":[{"href":"https:\/\/sites.lesia.obspm.fr\/thomas-widemann\/wp-json\/wp\/v2\/pages"}],"about":[{"href":"https:\/\/sites.lesia.obspm.fr\/thomas-widemann\/wp-json\/wp\/v2\/types\/page"}],"author":[{"embeddable":true,"href":"https:\/\/sites.lesia.obspm.fr\/thomas-widemann\/wp-json\/wp\/v2\/users\/59"}],"replies":[{"embeddable":true,"href":"https:\/\/sites.lesia.obspm.fr\/thomas-widemann\/wp-json\/wp\/v2\/comments?post=35"}],"version-history":[{"count":76,"href":"https:\/\/sites.lesia.obspm.fr\/thomas-widemann\/wp-json\/wp\/v2\/pages\/35\/revisions"}],"predecessor-version":[{"id":1526,"href":"https:\/\/sites.lesia.obspm.fr\/thomas-widemann\/wp-json\/wp\/v2\/pages\/35\/revisions\/1526"}],"wp:attachment":[{"href":"https:\/\/sites.lesia.obspm.fr\/thomas-widemann\/wp-json\/wp\/v2\/media?parent=35"}],"curies":[{"name":"wp","href":"https:\/\/api.w.org\/{rel}","templated":true}]}}