{"id":110,"date":"2019-10-07T12:49:52","date_gmt":"2019-10-07T10:49:52","guid":{"rendered":"https:\/\/sites.lesia.obspm.fr\/thomas-widemann\/?page_id=110"},"modified":"2020-03-13T13:34:58","modified_gmt":"2020-03-13T12:34:58","slug":"heritage","status":"publish","type":"page","link":"https:\/\/sites.lesia.obspm.fr\/thomas-widemann\/heritage\/","title":{"rendered":"Conseil du patrimoine"},"content":{"rendered":"\n<p>De Janvier 2017 \u00e0 Mars 2020, Thomas Widemann est pr\u00e9sident du conseil du patrimoine de l&rsquo;Observatoire de Paris \/\u00a0<em>From January 2017 &#8211; March 2020, Thomas Widemann is appointed President, Paris Observatory Heritage Council.\u00a0<\/em><\/p>\n\n\n\n<p>Le <strong>conseil du patrimoine de l&rsquo;Observatoire de Paris<\/strong> est charg\u00e9 de la d\u00e9finition et de l\u2019inventaire du patrimoine dans les diff\u00e9rentes composantes de l\u2019\u00e9tablissement, de l&rsquo;examen des priorit\u00e9s en termes de conservation, du suivi des programmes, projets patrimoniaux et campagnes de restauration, et de l\u2019\u00e9valuation de la politique patrimoniale mise en \u0153uvre au sein de l\u2019\u00e9tablissement.&nbsp;&nbsp;<\/p>\n\n\n\n<ul class=\"wp-block-gallery columns-3 is-cropped wp-block-gallery-1 is-layout-flex wp-block-gallery-is-layout-flex\"><li class=\"blocks-gallery-item\"><figure><a href=\"https:\/\/sites.lesia.obspm.fr\/thomas-widemann\/files\/2019\/11\/c6941378-f351-4b19-b55a-7738c39b0cef.jpg\"><img loading=\"lazy\" decoding=\"async\" width=\"550\" height=\"550\" src=\"https:\/\/sites.lesia.obspm.fr\/thomas-widemann\/files\/2019\/11\/c6941378-f351-4b19-b55a-7738c39b0cef.jpg\" alt=\"\" data-id=\"973\" data-link=\"https:\/\/sites.lesia.obspm.fr\/thomas-widemann\/c6941378-f351-4b19-b55a-7738c39b0cef\/\" class=\"wp-image-973\" srcset=\"https:\/\/sites.lesia.obspm.fr\/thomas-widemann\/files\/2019\/11\/c6941378-f351-4b19-b55a-7738c39b0cef.jpg 550w, https:\/\/sites.lesia.obspm.fr\/thomas-widemann\/files\/2019\/11\/c6941378-f351-4b19-b55a-7738c39b0cef-150x150.jpg 150w, https:\/\/sites.lesia.obspm.fr\/thomas-widemann\/files\/2019\/11\/c6941378-f351-4b19-b55a-7738c39b0cef-300x300.jpg 300w\" sizes=\"auto, (max-width: 550px) 100vw, 550px\" \/><\/a><\/figure><\/li><li class=\"blocks-gallery-item\"><figure><a href=\"https:\/\/sites.lesia.obspm.fr\/thomas-widemann\/files\/2019\/11\/d5852acf-e7ec-4edc-9413-23fb10ccfa6b.jpg\"><img loading=\"lazy\" decoding=\"async\" width=\"550\" height=\"781\" src=\"https:\/\/sites.lesia.obspm.fr\/thomas-widemann\/files\/2019\/11\/d5852acf-e7ec-4edc-9413-23fb10ccfa6b.jpg\" alt=\"\" data-id=\"974\" data-link=\"https:\/\/sites.lesia.obspm.fr\/thomas-widemann\/d5852acf-e7ec-4edc-9413-23fb10ccfa6b\/\" class=\"wp-image-974\" srcset=\"https:\/\/sites.lesia.obspm.fr\/thomas-widemann\/files\/2019\/11\/d5852acf-e7ec-4edc-9413-23fb10ccfa6b.jpg 550w, https:\/\/sites.lesia.obspm.fr\/thomas-widemann\/files\/2019\/11\/d5852acf-e7ec-4edc-9413-23fb10ccfa6b-211x300.jpg 211w, https:\/\/sites.lesia.obspm.fr\/thomas-widemann\/files\/2019\/11\/d5852acf-e7ec-4edc-9413-23fb10ccfa6b-106x150.jpg 106w\" sizes=\"auto, (max-width: 550px) 100vw, 550px\" \/><\/a><\/figure><\/li><li class=\"blocks-gallery-item\"><figure><a href=\"https:\/\/sites.lesia.obspm.fr\/thomas-widemann\/files\/2019\/11\/870d9467-7848-4fa2-8abe-512a612e3ca0.jpg\"><img loading=\"lazy\" decoding=\"async\" width=\"550\" height=\"697\" src=\"https:\/\/sites.lesia.obspm.fr\/thomas-widemann\/files\/2019\/11\/870d9467-7848-4fa2-8abe-512a612e3ca0.jpg\" alt=\"\" data-id=\"975\" data-link=\"https:\/\/sites.lesia.obspm.fr\/thomas-widemann\/870d9467-7848-4fa2-8abe-512a612e3ca0\/\" class=\"wp-image-975\" srcset=\"https:\/\/sites.lesia.obspm.fr\/thomas-widemann\/files\/2019\/11\/870d9467-7848-4fa2-8abe-512a612e3ca0.jpg 550w, https:\/\/sites.lesia.obspm.fr\/thomas-widemann\/files\/2019\/11\/870d9467-7848-4fa2-8abe-512a612e3ca0-237x300.jpg 237w, https:\/\/sites.lesia.obspm.fr\/thomas-widemann\/files\/2019\/11\/870d9467-7848-4fa2-8abe-512a612e3ca0-118x150.jpg 118w\" sizes=\"auto, (max-width: 550px) 100vw, 550px\" \/><\/a><\/figure><\/li><li class=\"blocks-gallery-item\"><figure><a href=\"https:\/\/sites.lesia.obspm.fr\/thomas-widemann\/files\/2019\/11\/boule.png\"><img loading=\"lazy\" decoding=\"async\" width=\"484\" height=\"678\" src=\"https:\/\/sites.lesia.obspm.fr\/thomas-widemann\/files\/2019\/11\/boule.png\" alt=\"\" data-id=\"976\" data-link=\"https:\/\/sites.lesia.obspm.fr\/thomas-widemann\/boule\/\" class=\"wp-image-976\" srcset=\"https:\/\/sites.lesia.obspm.fr\/thomas-widemann\/files\/2019\/11\/boule.png 484w, https:\/\/sites.lesia.obspm.fr\/thomas-widemann\/files\/2019\/11\/boule-214x300.png 214w, https:\/\/sites.lesia.obspm.fr\/thomas-widemann\/files\/2019\/11\/boule-107x150.png 107w\" sizes=\"auto, (max-width: 484px) 100vw, 484px\" \/><\/a><\/figure><\/li><li class=\"blocks-gallery-item\"><figure><a href=\"https:\/\/sites.lesia.obspm.fr\/thomas-widemann\/files\/2019\/10\/Capture-d\u2019\u00e9cran-2019-10-12-\u00e0-23.38.33-1024x403.png\"><img loading=\"lazy\" decoding=\"async\" width=\"1024\" height=\"403\" src=\"https:\/\/sites.lesia.obspm.fr\/thomas-widemann\/files\/2019\/10\/Capture-d\u2019\u00e9cran-2019-10-12-\u00e0-23.38.33-1024x403.png\" alt=\"\" data-id=\"589\" data-link=\"https:\/\/sites.lesia.obspm.fr\/thomas-widemann\/heritage\/capture-decran-2019-10-12-a-23-38-33\/\" class=\"wp-image-589\" srcset=\"https:\/\/sites.lesia.obspm.fr\/thomas-widemann\/files\/2019\/10\/Capture-d\u2019\u00e9cran-2019-10-12-\u00e0-23.38.33-1024x403.png 1024w, https:\/\/sites.lesia.obspm.fr\/thomas-widemann\/files\/2019\/10\/Capture-d\u2019\u00e9cran-2019-10-12-\u00e0-23.38.33-300x118.png 300w, https:\/\/sites.lesia.obspm.fr\/thomas-widemann\/files\/2019\/10\/Capture-d\u2019\u00e9cran-2019-10-12-\u00e0-23.38.33-768x303.png 768w, https:\/\/sites.lesia.obspm.fr\/thomas-widemann\/files\/2019\/10\/Capture-d\u2019\u00e9cran-2019-10-12-\u00e0-23.38.33-150x59.png 150w, https:\/\/sites.lesia.obspm.fr\/thomas-widemann\/files\/2019\/10\/Capture-d\u2019\u00e9cran-2019-10-12-\u00e0-23.38.33-250x99.png 250w, https:\/\/sites.lesia.obspm.fr\/thomas-widemann\/files\/2019\/10\/Capture-d\u2019\u00e9cran-2019-10-12-\u00e0-23.38.33.png 1203w\" sizes=\"auto, (max-width: 1024px) 100vw, 1024px\" \/><\/a><\/figure><\/li><\/ul>\n\n\n\n<p>La composition du conseil est la suivante : <\/p>\n\n\n\n<ul class=\"wp-block-list\"><li>un pr\u00e9sident d\u00e9sign\u00e9 par le conseil d\u2019administration&nbsp;;<\/li><li>deux membres du conseil d\u2019administration, d\u00e9sign\u00e9s par celui-ci ;<\/li><li>un membre du conseil scientifique, d\u00e9sign\u00e9 par celui-ci ;<\/li><li>le pr\u00e9sident de l\u2019Observatoire, ou&nbsp;son repr\u00e9sentant ;<\/li><li>le pr\u00e9sident du conseil de la documentation ;<\/li><li>le directeur de la biblioth\u00e8que ;<\/li><li>le directeur de la Direction Immobili\u00e8re et logistique ;<\/li><li>trois repr\u00e9sentants des d\u00e9partements, d\u00e9sign\u00e9s par le pr\u00e9sident de l\u2019Observatoire&nbsp;;<\/li><li>un repr\u00e9sentant de la Comue PSL ;<\/li><li>deux repr\u00e9sentants des \u00e9tablissements membres de la Comue PSL ;<\/li><li>quatre \u00e0 huit personnalit\u00e9s ext\u00e9rieures d\u00e9sign\u00e9es par le pr\u00e9sident de l\u2019Observatoire, choisies en raisonde leur expertise du domaine.<\/li><\/ul>\n\n\n\n<p>A <a href=\"https:\/\/scop.obspm.fr\/gouvernance\/conseils-et-commissions\/conseil-du-patrimoine\/\">ce lien SCOP<\/a> (identifiants Obs. Paris requis) sont disponibles les rapports d&rsquo;activit\u00e9s et CR des r\u00e9unions du conseil.<\/p>\n\n\n\n<figure class=\"wp-block-embed-youtube wp-block-embed is-type-video is-provider-youtube wp-embed-aspect-16-9 wp-has-aspect-ratio\"><div class=\"wp-block-embed__wrapper\">\n<iframe loading=\"lazy\" width=\"800\" height=\"450\" src=\"https:\/\/www.youtube.com\/embed\/T3iDClCueRE?feature=oembed\" frameborder=\"0\" allow=\"accelerometer; autoplay; encrypted-media; gyroscope; picture-in-picture\" allowfullscreen><\/iframe>\n<\/div><\/figure>\n\n\n\n<p><br><\/p>\n","protected":false},"excerpt":{"rendered":"<p>De Janvier 2017 \u00e0 Mars 2020, Thomas Widemann est pr\u00e9sident du conseil du patrimoine de l&rsquo;Observatoire de Paris \/\u00a0From January 2017 &#8211; March 2020, Thomas Widemann is appointed President, Paris Observatory Heritage Council.\u00a0 Le conseil du patrimoine de l&rsquo;Observatoire de Paris est charg\u00e9 de la d\u00e9finition et de l\u2019inventaire du&#8230; <a class=\"continue-reading-link\" href=\"https:\/\/sites.lesia.obspm.fr\/thomas-widemann\/heritage\/\"> Continue reading <span class=\"meta-nav\">&rarr; <\/span><\/a><\/p>\n","protected":false},"author":59,"featured_media":0,"parent":0,"menu_order":0,"comment_status":"closed","ping_status":"closed","template":"","meta":{"footnotes":""},"class_list":["post-110","page","type-page","status-publish","hentry"],"_links":{"self":[{"href":"https:\/\/sites.lesia.obspm.fr\/thomas-widemann\/wp-json\/wp\/v2\/pages\/110","targetHints":{"allow":["GET"]}}],"collection":[{"href":"https:\/\/sites.lesia.obspm.fr\/thomas-widemann\/wp-json\/wp\/v2\/pages"}],"about":[{"href":"https:\/\/sites.lesia.obspm.fr\/thomas-widemann\/wp-json\/wp\/v2\/types\/page"}],"author":[{"embeddable":true,"href":"https:\/\/sites.lesia.obspm.fr\/thomas-widemann\/wp-json\/wp\/v2\/users\/59"}],"replies":[{"embeddable":true,"href":"https:\/\/sites.lesia.obspm.fr\/thomas-widemann\/wp-json\/wp\/v2\/comments?post=110"}],"version-history":[{"count":16,"href":"https:\/\/sites.lesia.obspm.fr\/thomas-widemann\/wp-json\/wp\/v2\/pages\/110\/revisions"}],"predecessor-version":[{"id":1019,"href":"https:\/\/sites.lesia.obspm.fr\/thomas-widemann\/wp-json\/wp\/v2\/pages\/110\/revisions\/1019"}],"wp:attachment":[{"href":"https:\/\/sites.lesia.obspm.fr\/thomas-widemann\/wp-json\/wp\/v2\/media?parent=110"}],"curies":[{"name":"wp","href":"https:\/\/api.w.org\/{rel}","templated":true}]}}