{"id":106,"date":"2019-10-07T12:48:49","date_gmt":"2019-10-07T10:48:49","guid":{"rendered":"https:\/\/sites.lesia.obspm.fr\/thomas-widemann\/?page_id=106"},"modified":"2022-08-26T14:57:42","modified_gmt":"2022-08-26T12:57:42","slug":"history-of-astronomy","status":"publish","type":"page","link":"https:\/\/sites.lesia.obspm.fr\/thomas-widemann\/history-of-astronomy\/","title":{"rendered":"1667-2017"},"content":{"rendered":"\n<figure class=\"wp-block-image\"><a href=\"https:\/\/sites.lesia.obspm.fr\/thomas-widemann\/files\/2019\/10\/carton-CRCV040517_light.jpg\"><img loading=\"lazy\" decoding=\"async\" width=\"1024\" height=\"728\" src=\"https:\/\/sites.lesia.obspm.fr\/thomas-widemann\/files\/2019\/10\/carton-CRCV040517_light-1024x728.jpg\" alt=\"\" class=\"wp-image-788\" srcset=\"https:\/\/sites.lesia.obspm.fr\/thomas-widemann\/files\/2019\/10\/carton-CRCV040517_light-1024x728.jpg 1024w, https:\/\/sites.lesia.obspm.fr\/thomas-widemann\/files\/2019\/10\/carton-CRCV040517_light-300x213.jpg 300w, https:\/\/sites.lesia.obspm.fr\/thomas-widemann\/files\/2019\/10\/carton-CRCV040517_light-768x546.jpg 768w, https:\/\/sites.lesia.obspm.fr\/thomas-widemann\/files\/2019\/10\/carton-CRCV040517_light-150x107.jpg 150w, https:\/\/sites.lesia.obspm.fr\/thomas-widemann\/files\/2019\/10\/carton-CRCV040517_light-211x150.jpg 211w, https:\/\/sites.lesia.obspm.fr\/thomas-widemann\/files\/2019\/10\/carton-CRCV040517_light.jpg 1991w\" sizes=\"auto, (max-width: 1024px) 100vw, 1024px\" \/><\/a><\/figure>\n\n\n\n<p class=\"has-small-font-size\"><strong><a href=\"http:\/\/chateauversailles-recherche.fr\/francais\/colloques-et-journees-d-etudes\/archives-1996-2018\/colloques-et-journees-d-etudes-2017\/le-prince-l-arpenteur-et-la-mesure-350-ans-d-astronomie-sans-frontieres\">Le Prince, l&rsquo;Arpenteur &amp; la Mesure : 350 ans d&rsquo;astronomie sans fronti\u00e8res &#8211; 21-22 June 2017&nbsp;<\/a><\/strong><a href=\"http:\/\/chateauversailles-recherche.fr\/francais\/colloques-et-journees-d-etudes\/archives-1996-2018\/colloques-et-journees-d-etudes-2017\/le-prince-l-arpenteur-et-la-mesure-350-ans-d-astronomie-sans-frontieres\">:<\/a> an International conference on the 350th Anniversary of Paris Observatory&rsquo;s Meridian Line drawn on solstice day, June 21, 1667. <\/p>\n\n\n\n<p class=\"has-small-font-size\"><strong>Science International Committee:<\/strong><br><strong>Thomas Widemann<\/strong>, Observatoire de Paris &#8211; LESIA  (President)<br><strong>Eberhard Knobloch<\/strong>, Berlin -Brandenburgische Akademie derWissenschaften<br><strong>Mordechai Feingold<\/strong>, Division of the Humanities and Social Sciences, Caltech<br><strong>Fran\u00e7oise Combes<\/strong>, Observatoire de Paris &#8211; LERMA, Acad\u00e9mie des Sciences<br><strong>Mathieu da Vinha<\/strong>, Centre de recherche du ch\u00e2teau de Versailles.<\/p>\n\n\n\n<p>An international colloquium was convened on 21-22 June 2017 in the Observatoire de Paris and in the <a href=\"http:\/\/chateauversailles-recherche.fr\/francais\/colloques-et-journees-d-etudes\/archives-1996-2018\/colloques-et-journees-d-etudes-2017\/le-prince-l-arpenteur-et-la-mesure-350-ans-d-astronomie-sans-frontieres\">Centre de Recherche du ch\u00e2teau de Versailles<\/a>, to commemorate the 350th anniversary of the founding of the Observatoire\u2014as well as of the drawing of its Meridian Line on solstice day, 21 June 1667. The event furnished an opportunity to visit the political and courtly context of the foundation, and the dissemination of a Parisian model of academies and observatories throughout Europe in the following two centuries.<\/p>\n\n\n\n<p>At the crossword of the history of European courts, the history of science, and the history of architecture, Claude Perrault\u2019s design of the Observatory building intended to stage royal power while attracting many scholars and famous visitors. In addition to drawing the Meridian line for determining the longitudes, the Observatory was intended to serve as a storehouse of scientific artifacts and a monument to Louis XIV\u2019s glory\u2014 commissioned by Colbert along with a <em>Triumphal Arch for the conquest of the earth [never built], [an] Observatory for the heavens<\/em>. The Observatory as an institution contributed greatly to the advancement of mathematical astronomy in the eighteenth and nineteenth centuries. <\/p>\n\n\n\n<figure class=\"wp-block-image\"><a href=\"https:\/\/sites.lesia.obspm.fr\/thomas-widemann\/files\/2019\/10\/350ansObs21juin2017-020.jpg\"><img loading=\"lazy\" decoding=\"async\" width=\"1024\" height=\"683\" src=\"https:\/\/sites.lesia.obspm.fr\/thomas-widemann\/files\/2019\/10\/350ansObs21juin2017-020-1024x683.jpg\" alt=\"\" class=\"wp-image-723\" srcset=\"https:\/\/sites.lesia.obspm.fr\/thomas-widemann\/files\/2019\/10\/350ansObs21juin2017-020-1024x683.jpg 1024w, https:\/\/sites.lesia.obspm.fr\/thomas-widemann\/files\/2019\/10\/350ansObs21juin2017-020-300x200.jpg 300w, https:\/\/sites.lesia.obspm.fr\/thomas-widemann\/files\/2019\/10\/350ansObs21juin2017-020-768x512.jpg 768w, https:\/\/sites.lesia.obspm.fr\/thomas-widemann\/files\/2019\/10\/350ansObs21juin2017-020-150x100.jpg 150w, https:\/\/sites.lesia.obspm.fr\/thomas-widemann\/files\/2019\/10\/350ansObs21juin2017-020-225x150.jpg 225w\" sizes=\"auto, (max-width: 1024px) 100vw, 1024px\" \/><\/a><figcaption>Thomas Widemann, Mordechai Feingold, Michela Malpangotto, 21 juin 2017.<\/figcaption><\/figure>\n\n\n\n<p>In addition to drawing the Meridian line for determining the longitudes, the Observatory was intended to serve as a storehouse of scientific artifacts and a monument to Louis XIV\u2019s glory\u2014 celebrated by Colbert as the \u00ab\u00a0Triumphal Arch for the conquest of the earth. Observatory for the heavens.\u00a0\u00bb Claude Perrault\u2019s design of the building intended to stage royal power while attracting many scholars and famous visitors.<\/p>\n\n\n\n<p>As a contemporary counterpoint, the colloquium highlighted several linternational projects involving the Observatory&rsquo;s community today, including the design of future telescopes, revolution in metrology with atomic clocks, space missions exploring the solar system, and exploration of dark matter and the large-scale structure of the universe. Contributions and discussions will appear in a special volume of International Archives of History of Sciences in 2020.<\/p>\n\n\n\n<figure class=\"wp-block-image\"><a href=\"https:\/\/sites.lesia.obspm.fr\/thomas-widemann\/files\/2019\/10\/DSCN1334.jpg\"><img loading=\"lazy\" decoding=\"async\" width=\"1024\" height=\"564\" src=\"https:\/\/sites.lesia.obspm.fr\/thomas-widemann\/files\/2019\/10\/DSCN1334-1024x564.jpg\" alt=\"\" class=\"wp-image-726\" srcset=\"https:\/\/sites.lesia.obspm.fr\/thomas-widemann\/files\/2019\/10\/DSCN1334-1024x564.jpg 1024w, https:\/\/sites.lesia.obspm.fr\/thomas-widemann\/files\/2019\/10\/DSCN1334-300x165.jpg 300w, https:\/\/sites.lesia.obspm.fr\/thomas-widemann\/files\/2019\/10\/DSCN1334-768x423.jpg 768w, https:\/\/sites.lesia.obspm.fr\/thomas-widemann\/files\/2019\/10\/DSCN1334-150x83.jpg 150w, https:\/\/sites.lesia.obspm.fr\/thomas-widemann\/files\/2019\/10\/DSCN1334-250x138.jpg 250w\" sizes=\"auto, (max-width: 1024px) 100vw, 1024px\" \/><\/a><figcaption>Conference participants and conveners, Grand Trianon, Versailles, 22 June 2017.<\/figcaption><\/figure>\n\n\n\n<p>Proceedings of the conference, edited by Thomas Widemann, are soon to appear in a Volume of International Archives of the History of Science.<\/p>\n\n\n\n<hr class=\"wp-block-separator\" \/>\n\n\n\n<div class=\"wp-block-image\"><figure class=\"alignleft is-resized\"><a href=\"https:\/\/sites.lesia.obspm.fr\/thomas-widemann\/files\/2019\/10\/aihs_couverture.jpg\"><img loading=\"lazy\" decoding=\"async\" src=\"https:\/\/sites.lesia.obspm.fr\/thomas-widemann\/files\/2019\/10\/aihs_couverture.jpg\" alt=\"\" class=\"wp-image-783\" width=\"180\" height=\"271\" srcset=\"https:\/\/sites.lesia.obspm.fr\/thomas-widemann\/files\/2019\/10\/aihs_couverture.jpg 147w, https:\/\/sites.lesia.obspm.fr\/thomas-widemann\/files\/2019\/10\/aihs_couverture-100x150.jpg 100w\" sizes=\"auto, (max-width: 180px) 100vw, 180px\" \/><\/a><figcaption><br><\/figcaption><\/figure><\/div>\n\n\n\n<p class=\"has-small-font-size\">Les <strong>Archives Internationales d&rsquo;Histoire des Sciences<\/strong> sont l&rsquo;organe de l&rsquo;Acad\u00e9mie internationale d&rsquo;Histoire des Sciences qui compte 385 membres r\u00e9partis dans le monde entier. Cette revue existe sous ce titre depuis 1947, mais elle est la continuation d\u2019Archeion. Archivo di storia della scienza, fond\u00e9 en 1919 \u00e0 Rome par l\u2019illustre Aldo Mieli.&nbsp;<br> Cette revue repr\u00e9sente le plus haut niveau en histoire des sciences et des techniques. Elle est la seule revue g\u00e9n\u00e9raliste puisqu&rsquo;elle traite toutes les p\u00e9riodes, toutes les aires culturelles et tous les domaines de l&rsquo;histoire des sciences et des techniques. Elle publie deux fois par an, en juin et en d\u00e9cembre, des articles s\u00e9lectionn\u00e9s au terme d&rsquo;un quadruple refereeing aveugle par le comit\u00e9 de r\u00e9daction.<\/p>\n\n\n\n<hr class=\"wp-block-separator\" \/>\n\n\n\n<p class=\"has-background has-very-light-gray-background-color\">Le Prince, l&rsquo;Arpenteur &amp; la Mesure : 350 ans d&rsquo;astronomie sans fronti\u00e8res &#8211; 21-22 June 2017 <\/p>\n\n\n\n<ul class=\"wp-block-list\"><li><a href=\"http:\/\/chateauversailles-recherche.fr\/IMG\/pdf\/livret_light.pdf\">21-21 June 2017 conference presentation abstracts booklet<\/a><\/li><li><a href=\"http:\/\/www.lescarnetsdeversailles.fr\/2017\/06\/350-annees-de-lumieres\/\">Les Carnets de Versailles : 350 ans de Lumi\u00e8res<\/a> &#8211; par Thomas Widemann &#8211; 8 Juin 2017 <\/li><li><a href=\"https:\/\/www.youtube.com\/watch?v=GqU5D_X5SMw\">Video capture of the full day of presentations on June 22, 2017<\/a><br><\/li><li><a href=\"http:\/\/www.planetastronomy.com\/special\/2017-special\/21-22jun\/350ans.htm\">Web report by J.-P. Martin<\/a><\/li><\/ul>\n\n\n\n<p> <\/p>\n","protected":false},"excerpt":{"rendered":"<p>Le Prince, l&rsquo;Arpenteur &amp; la Mesure : 350 ans d&rsquo;astronomie sans fronti\u00e8res &#8211; 21-22 June 2017&nbsp;: an International conference on the 350th Anniversary of Paris Observatory&rsquo;s Meridian Line drawn on solstice day, June 21, 1667. Science International Committee:Thomas Widemann, Observatoire de Paris &#8211; LESIA (President)Eberhard Knobloch, Berlin -Brandenburgische Akademie derWissenschaftenMordechai&#8230; <a class=\"continue-reading-link\" href=\"https:\/\/sites.lesia.obspm.fr\/thomas-widemann\/history-of-astronomy\/\"> Continue reading <span class=\"meta-nav\">&rarr; <\/span><\/a><\/p>\n","protected":false},"author":59,"featured_media":0,"parent":0,"menu_order":0,"comment_status":"closed","ping_status":"closed","template":"","meta":{"footnotes":""},"class_list":["post-106","page","type-page","status-publish","hentry"],"_links":{"self":[{"href":"https:\/\/sites.lesia.obspm.fr\/thomas-widemann\/wp-json\/wp\/v2\/pages\/106","targetHints":{"allow":["GET"]}}],"collection":[{"href":"https:\/\/sites.lesia.obspm.fr\/thomas-widemann\/wp-json\/wp\/v2\/pages"}],"about":[{"href":"https:\/\/sites.lesia.obspm.fr\/thomas-widemann\/wp-json\/wp\/v2\/types\/page"}],"author":[{"embeddable":true,"href":"https:\/\/sites.lesia.obspm.fr\/thomas-widemann\/wp-json\/wp\/v2\/users\/59"}],"replies":[{"embeddable":true,"href":"https:\/\/sites.lesia.obspm.fr\/thomas-widemann\/wp-json\/wp\/v2\/comments?post=106"}],"version-history":[{"count":35,"href":"https:\/\/sites.lesia.obspm.fr\/thomas-widemann\/wp-json\/wp\/v2\/pages\/106\/revisions"}],"predecessor-version":[{"id":1338,"href":"https:\/\/sites.lesia.obspm.fr\/thomas-widemann\/wp-json\/wp\/v2\/pages\/106\/revisions\/1338"}],"wp:attachment":[{"href":"https:\/\/sites.lesia.obspm.fr\/thomas-widemann\/wp-json\/wp\/v2\/media?parent=106"}],"curies":[{"name":"wp","href":"https:\/\/api.w.org\/{rel}","templated":true}]}}