{"id":458,"date":"2018-02-24T18:51:58","date_gmt":"2018-02-24T17:51:58","guid":{"rendered":"https:\/\/sites.lesia.obspm.fr\/thibault-cavalie\/?page_id=458"},"modified":"2018-09-28T10:56:24","modified_gmt":"2018-09-28T08:56:24","slug":"accueil","status":"publish","type":"page","link":"https:\/\/sites.lesia.obspm.fr\/thibault-cavalie\/accueil\/","title":{"rendered":"Accueil"},"content":{"rendered":"<p style=\"text-align: center\"><strong>Bienvenue sur ma page web !<\/strong><\/p>\n<p>Je travaille actuellement en tant que Charg\u00e9 de Recherche pour le CNRS au Laboratoire d&#8217;Astrophysique de Bordeaux (LAB) de l&#8217;Observatoire Aquitain des Sciences de l&#8217;Univers. Je suis \u00e9galement affili\u00e9 au Laboratoire d&#8217;Etudes Spatiales et d&#8217;Instrumentation en Astrophysique (LESIA) de l&#8217;Observatoire de Paris.<\/p>\n<p>Je travaille \u00e0 la pr\u00e9paration de la mission Jupiter Icy Moons Explorer (JUICE) de l&#8217;Agence Spatiale Europ\u00e9enne (ESA) en tant que co-responsable du groupe de travail &#8220;Jupiter&#8221; de l&#8217;ESA. Je suis \u00e9galement co-investigateur du Submillimetre Wave Instrument de cette mission.<\/p>\n<p>Je focalise mes recherches sur l&#8217;\u00e9tude des atmosph\u00e8res plan\u00e9taires, et plus particuli\u00e8rement les plan\u00e8tes g\u00e9antes du Syst\u00e8me Solaire, \u00e0 partir d&#8217;observations (sub)millim\u00e9triques. J&#8217;analyse des observations Herschel et ALMA (Atacama Large Millimeter\/submillimeter Array) et j&#8217;utilise des mod\u00e8les photochimiques et thermochimiques pour les interpr\u00e9ter.<\/p>\n<p>Vous trouverez, dans ces pages, des informations sur mes recherches, ma formation, mes enseignements, et mes activit\u00e9s de vulgarisation.<\/p>\n<p><img loading=\"lazy\" decoding=\"async\" class=\"alignleft wp-image-80 size-thumbnail\" src=\"https:\/\/sites.lesia.obspm.fr\/thibault-cavalie\/files\/2018\/02\/CNRSfr-grand-150x150.jpg\" alt=\"\" width=\"150\" height=\"150\" srcset=\"https:\/\/sites.lesia.obspm.fr\/thibault-cavalie\/files\/2018\/02\/CNRSfr-grand-150x150.jpg 150w, https:\/\/sites.lesia.obspm.fr\/thibault-cavalie\/files\/2018\/02\/CNRSfr-grand-300x300.jpg 300w, https:\/\/sites.lesia.obspm.fr\/thibault-cavalie\/files\/2018\/02\/CNRSfr-grand-100x100.jpg 100w, https:\/\/sites.lesia.obspm.fr\/thibault-cavalie\/files\/2018\/02\/CNRSfr-grand.jpg 709w\" sizes=\"auto, (max-width: 150px) 100vw, 150px\" \/> <img loading=\"lazy\" decoding=\"async\" class=\"alignright wp-image-79 size-medium\" src=\"https:\/\/sites.lesia.obspm.fr\/thibault-cavalie\/files\/2018\/02\/Logo-LESIA-grand-300x92.jpg\" alt=\"\" width=\"300\" height=\"92\" srcset=\"https:\/\/sites.lesia.obspm.fr\/thibault-cavalie\/files\/2018\/02\/Logo-LESIA-grand-300x92.jpg 300w, https:\/\/sites.lesia.obspm.fr\/thibault-cavalie\/files\/2018\/02\/Logo-LESIA-grand-768x236.jpg 768w, https:\/\/sites.lesia.obspm.fr\/thibault-cavalie\/files\/2018\/02\/Logo-LESIA-grand-1024x315.jpg 1024w, https:\/\/sites.lesia.obspm.fr\/thibault-cavalie\/files\/2018\/02\/Logo-LESIA-grand.jpg 1697w\" sizes=\"auto, (max-width: 300px) 100vw, 300px\" \/><\/p>\n","protected":false},"excerpt":{"rendered":"<p>Bienvenue sur ma page web ! Je travaille actuellement en tant que Charg\u00e9 de Recherche pour le CNRS au Laboratoire d&#8217;Astrophysique de Bordeaux (LAB) de l&#8217;Observatoire Aquitain des Sciences de l&#8217;Univers. Je suis \u00e9galement affili\u00e9 au Laboratoire d&#8217;Etudes Spatiales et d&#8217;Instrumentation en Astrophysique (LESIA) de l&#8217;Observatoire de Paris. Je travaille \u00e0 la pr\u00e9paration de la &hellip; <\/p>\n<p class=\"link-more\"><a href=\"https:\/\/sites.lesia.obspm.fr\/thibault-cavalie\/accueil\/\" class=\"more-link\">Continue reading<span class=\"screen-reader-text\"> &#8220;Accueil&#8221;<\/span><\/a><\/p>\n","protected":false},"author":45,"featured_media":0,"parent":0,"menu_order":0,"comment_status":"closed","ping_status":"closed","template":"","meta":{"footnotes":""},"class_list":["post-458","page","type-page","status-publish","hentry"],"_links":{"self":[{"href":"https:\/\/sites.lesia.obspm.fr\/thibault-cavalie\/wp-json\/wp\/v2\/pages\/458","targetHints":{"allow":["GET"]}}],"collection":[{"href":"https:\/\/sites.lesia.obspm.fr\/thibault-cavalie\/wp-json\/wp\/v2\/pages"}],"about":[{"href":"https:\/\/sites.lesia.obspm.fr\/thibault-cavalie\/wp-json\/wp\/v2\/types\/page"}],"author":[{"embeddable":true,"href":"https:\/\/sites.lesia.obspm.fr\/thibault-cavalie\/wp-json\/wp\/v2\/users\/45"}],"replies":[{"embeddable":true,"href":"https:\/\/sites.lesia.obspm.fr\/thibault-cavalie\/wp-json\/wp\/v2\/comments?post=458"}],"version-history":[{"count":4,"href":"https:\/\/sites.lesia.obspm.fr\/thibault-cavalie\/wp-json\/wp\/v2\/pages\/458\/revisions"}],"predecessor-version":[{"id":587,"href":"https:\/\/sites.lesia.obspm.fr\/thibault-cavalie\/wp-json\/wp\/v2\/pages\/458\/revisions\/587"}],"wp:attachment":[{"href":"https:\/\/sites.lesia.obspm.fr\/thibault-cavalie\/wp-json\/wp\/v2\/media?parent=458"}],"curies":[{"name":"wp","href":"https:\/\/api.w.org\/{rel}","templated":true}]}}