{"id":455,"date":"2018-02-24T18:32:51","date_gmt":"2018-02-24T17:32:51","guid":{"rendered":"https:\/\/sites.lesia.obspm.fr\/thibault-cavalie\/?page_id=455"},"modified":"2018-02-24T18:32:51","modified_gmt":"2018-02-24T17:32:51","slug":"recherche","status":"publish","type":"page","link":"https:\/\/sites.lesia.obspm.fr\/thibault-cavalie\/recherche\/","title":{"rendered":"Recherche"},"content":{"rendered":"<p><img loading=\"lazy\" decoding=\"async\" class=\"alignleft wp-image-205 size-large\" src=\"https:\/\/sites.lesia.obspm.fr\/thibault-cavalie\/files\/2018\/02\/ALMA_Herschel-1024x592.png\" alt=\"\" width=\"525\" height=\"304\" srcset=\"https:\/\/sites.lesia.obspm.fr\/thibault-cavalie\/files\/2018\/02\/ALMA_Herschel-1024x592.png 1024w, https:\/\/sites.lesia.obspm.fr\/thibault-cavalie\/files\/2018\/02\/ALMA_Herschel-300x173.png 300w, https:\/\/sites.lesia.obspm.fr\/thibault-cavalie\/files\/2018\/02\/ALMA_Herschel-768x444.png 768w, https:\/\/sites.lesia.obspm.fr\/thibault-cavalie\/files\/2018\/02\/ALMA_Herschel.png 1052w\" sizes=\"auto, (max-width: 525px) 100vw, 525px\" \/><\/p>\n<p>Mes recherches actuelles sont li\u00e9es \u00e0 l&#8217;\u00e9tude de la composition, de la chimie et de la dynamique des atmosph\u00e8res des plan\u00e8tes g\u00e9antes. J&#8217;utilise des observatoires (sub)millim\u00e9triques (Herschel, ALMA) ainsi que des mod\u00e8les photochimiques et thermochimiques pour contraindre la formation et l&#8217;\u00e9volution des plan\u00e8tes g\u00e9antes. Je participe \u00e9galement au d\u00e9veloppement de la mission JUICE (Jupiter Icy Moons Explorer) de l&#8217;Agence Spatiale Europ\u00e9enne, et plus particuli\u00e8rement son instrument SWI (Submillimetre Wave Instrument).<\/p>\n<p><img loading=\"lazy\" decoding=\"async\" class=\"alignleft wp-image-206 size-large\" src=\"https:\/\/sites.lesia.obspm.fr\/thibault-cavalie\/files\/2018\/02\/JUICE_SWI-1024x617.png\" alt=\"\" width=\"525\" height=\"316\" srcset=\"https:\/\/sites.lesia.obspm.fr\/thibault-cavalie\/files\/2018\/02\/JUICE_SWI-1024x617.png 1024w, https:\/\/sites.lesia.obspm.fr\/thibault-cavalie\/files\/2018\/02\/JUICE_SWI-300x181.png 300w, https:\/\/sites.lesia.obspm.fr\/thibault-cavalie\/files\/2018\/02\/JUICE_SWI-768x463.png 768w, https:\/\/sites.lesia.obspm.fr\/thibault-cavalie\/files\/2018\/02\/JUICE_SWI.png 1291w\" sizes=\"auto, (max-width: 525px) 100vw, 525px\" \/><\/p>\n<p>Mes th\u00e9matiques scientifiques principales sont :<\/p>\n<ul>\n<li>Origine et formation des plan\u00e8tes g\u00e9antes :\n<ul>\n<li>Quelles sont les conditions physico-chimiques de formation des plan\u00e9t\u00e9simaux ?<\/li>\n<li>Sous quelle forme les glaces primordiales ont-elles condens\u00e9 ? Amorphe ou cristalline ?<\/li>\n<\/ul>\n<\/li>\n<li>Evolution spatio-temporelle des atmosph\u00e8res des plan\u00e8tes g\u00e9antes :\n<ul>\n<li>Quelles sont les interactions entre les plan\u00e8tes g\u00e9antes et leur environnement ?<\/li>\n<li>Comment les saisons et la dynamique modifient-elles\u00a0 la composition chimique des g\u00e9antes ?<\/li>\n<\/ul>\n<\/li>\n<li>Dynamique des atmosph\u00e8res des plan\u00e8tes g\u00e9antes\n<ul>\n<li>Est-ce que les vents zonaux troposph\u00e9riques s&#8217;\u00e9tendent jusqu&#8217;\u00e0 la stratosph\u00e8re ?<\/li>\n<li>Quelle est l&#8217;origine des oscillations stratosph\u00e9riques de Jupiter et Saturne ?<\/li>\n<\/ul>\n<\/li>\n<\/ul>\n<p>Ces pages contiennent mes r\u00e9sultats principaux, une description de mon travail pour la mission JUICE, et ma liste de publications.<\/p>\n","protected":false},"excerpt":{"rendered":"<p>Mes recherches actuelles sont li\u00e9es \u00e0 l&#8217;\u00e9tude de la composition, de la chimie et de la dynamique des atmosph\u00e8res des plan\u00e8tes g\u00e9antes. J&#8217;utilise des observatoires (sub)millim\u00e9triques (Herschel, ALMA) ainsi que des mod\u00e8les photochimiques et thermochimiques pour contraindre la formation et l&#8217;\u00e9volution des plan\u00e8tes g\u00e9antes. Je participe \u00e9galement au d\u00e9veloppement de la mission JUICE (Jupiter Icy &hellip; <\/p>\n<p class=\"link-more\"><a href=\"https:\/\/sites.lesia.obspm.fr\/thibault-cavalie\/recherche\/\" class=\"more-link\">Continue reading<span class=\"screen-reader-text\"> &#8220;Recherche&#8221;<\/span><\/a><\/p>\n","protected":false},"author":45,"featured_media":0,"parent":0,"menu_order":0,"comment_status":"closed","ping_status":"closed","template":"","meta":{"footnotes":""},"class_list":["post-455","page","type-page","status-publish","hentry"],"_links":{"self":[{"href":"https:\/\/sites.lesia.obspm.fr\/thibault-cavalie\/wp-json\/wp\/v2\/pages\/455","targetHints":{"allow":["GET"]}}],"collection":[{"href":"https:\/\/sites.lesia.obspm.fr\/thibault-cavalie\/wp-json\/wp\/v2\/pages"}],"about":[{"href":"https:\/\/sites.lesia.obspm.fr\/thibault-cavalie\/wp-json\/wp\/v2\/types\/page"}],"author":[{"embeddable":true,"href":"https:\/\/sites.lesia.obspm.fr\/thibault-cavalie\/wp-json\/wp\/v2\/users\/45"}],"replies":[{"embeddable":true,"href":"https:\/\/sites.lesia.obspm.fr\/thibault-cavalie\/wp-json\/wp\/v2\/comments?post=455"}],"version-history":[{"count":2,"href":"https:\/\/sites.lesia.obspm.fr\/thibault-cavalie\/wp-json\/wp\/v2\/pages\/455\/revisions"}],"predecessor-version":[{"id":457,"href":"https:\/\/sites.lesia.obspm.fr\/thibault-cavalie\/wp-json\/wp\/v2\/pages\/455\/revisions\/457"}],"wp:attachment":[{"href":"https:\/\/sites.lesia.obspm.fr\/thibault-cavalie\/wp-json\/wp\/v2\/media?parent=455"}],"curies":[{"name":"wp","href":"https:\/\/api.w.org\/{rel}","templated":true}]}}