{"id":451,"date":"2018-02-24T11:56:12","date_gmt":"2018-02-24T10:56:12","guid":{"rendered":"https:\/\/sites.lesia.obspm.fr\/thibault-cavalie\/?page_id=451"},"modified":"2018-02-24T11:56:12","modified_gmt":"2018-02-24T10:56:12","slug":"vulgarisation","status":"publish","type":"page","link":"https:\/\/sites.lesia.obspm.fr\/thibault-cavalie\/vulgarisation\/","title":{"rendered":"Vulgarisation"},"content":{"rendered":"<p>Ces pages contiennent l&#8217;ensemble de mes activit\u00e9s de vulgarisation \u00e0 ce jour : conf\u00e9rences grand public, journ\u00e9es portes ouvertes, caf\u00e9 science, etc.<\/p>\n","protected":false},"excerpt":{"rendered":"<p>Ces pages contiennent l&#8217;ensemble de mes activit\u00e9s de vulgarisation \u00e0 ce jour : conf\u00e9rences grand public, journ\u00e9es portes ouvertes, caf\u00e9 science, etc.<\/p>\n","protected":false},"author":45,"featured_media":0,"parent":0,"menu_order":0,"comment_status":"closed","ping_status":"closed","template":"","meta":{"footnotes":""},"class_list":["post-451","page","type-page","status-publish","hentry"],"_links":{"self":[{"href":"https:\/\/sites.lesia.obspm.fr\/thibault-cavalie\/wp-json\/wp\/v2\/pages\/451","targetHints":{"allow":["GET"]}}],"collection":[{"href":"https:\/\/sites.lesia.obspm.fr\/thibault-cavalie\/wp-json\/wp\/v2\/pages"}],"about":[{"href":"https:\/\/sites.lesia.obspm.fr\/thibault-cavalie\/wp-json\/wp\/v2\/types\/page"}],"author":[{"embeddable":true,"href":"https:\/\/sites.lesia.obspm.fr\/thibault-cavalie\/wp-json\/wp\/v2\/users\/45"}],"replies":[{"embeddable":true,"href":"https:\/\/sites.lesia.obspm.fr\/thibault-cavalie\/wp-json\/wp\/v2\/comments?post=451"}],"version-history":[{"count":1,"href":"https:\/\/sites.lesia.obspm.fr\/thibault-cavalie\/wp-json\/wp\/v2\/pages\/451\/revisions"}],"predecessor-version":[{"id":452,"href":"https:\/\/sites.lesia.obspm.fr\/thibault-cavalie\/wp-json\/wp\/v2\/pages\/451\/revisions\/452"}],"wp:attachment":[{"href":"https:\/\/sites.lesia.obspm.fr\/thibault-cavalie\/wp-json\/wp\/v2\/media?parent=451"}],"curies":[{"name":"wp","href":"https:\/\/api.w.org\/{rel}","templated":true}]}}