{"id":52,"date":"2023-08-11T18:10:04","date_gmt":"2023-08-11T16:10:04","guid":{"rendered":"https:\/\/sites.lesia.obspm.fr\/soleils-eclipses\/?page_id=52"},"modified":"2023-12-05T15:19:10","modified_gmt":"2023-12-05T14:19:10","slug":"images-du-livre-soleils-eclipses","status":"publish","type":"page","link":"https:\/\/sites.lesia.obspm.fr\/soleils-eclipses\/images-du-livre-soleils-eclipses\/","title":{"rendered":"Images du livre &lsquo;Soleils \u00e9clips\u00e9s&rsquo;"},"content":{"rendered":"\n<p>Ces images sont librement t\u00e9l\u00e9chargeables en haute r\u00e9solution. <strong>Elles ne doivent pas \u00eatre utilis\u00e9es pour un usage commercial,<\/strong> conform\u00e9ment aux r\u00e8gles du cr\u00e9dit d&rsquo;auteur, lequel est indiqu\u00e9 pour chacune. <\/p>\n\n\n\n<div class=\"wp-block-media-text alignwide is-stacked-on-mobile\" style=\"grid-template-columns:15% auto\"><figure class=\"wp-block-media-text__media\"><img loading=\"lazy\" decoding=\"async\" width=\"437\" height=\"656\" src=\"https:\/\/sites.lesia.obspm.fr\/soleils-eclipses\/files\/2023\/08\/cover_4.png\" alt=\"\" class=\"wp-image-62 size-full\" srcset=\"https:\/\/sites.lesia.obspm.fr\/soleils-eclipses\/files\/2023\/08\/cover_4.png 437w, https:\/\/sites.lesia.obspm.fr\/soleils-eclipses\/files\/2023\/08\/cover_4-200x300.png 200w\" sizes=\"auto, (max-width: 437px) 100vw, 437px\" \/><\/figure><div class=\"wp-block-media-text__content\">\n<p>Couverture de l&rsquo;ouvrage, <em>EDP Science<\/em> \u00e9diteur, 2023.  <\/p>\n<\/div><\/div>\n\n\n\n<h6 class=\"wp-block-heading\"><em>Les images ou figures de taille inf\u00e9rieure \u00e0 6.4 Mo sont t\u00e9l\u00e9chargeables directement. Les tailles sup\u00e9rieures sont propos\u00e9es en .zip, donc compress\u00e9es.<\/em><\/h6>\n\n\n\n<h3 class=\"wp-block-heading\"><em>Chapitre 1 <\/em><\/h3>\n\n\n\n<ul class=\"wp-block-list\">\n<li><a href=\"https:\/\/sites.lesia.obspm.fr\/soleils-eclipses\/files\/2023\/12\/0-1__couronne_iap_oriente.tif\">0.1. <\/a>Couronne solaire. Eclipse du 30 Juin 1973. Cr\u00e9dit Serge Koutchmy<\/li>\n\n\n\n<li><a href=\"https:\/\/sites.lesia.obspm.fr\/soleils-eclipses\/files\/2023\/12\/0-2__ombre_mir-copie.tif\">0.2.<\/a> Ombre de la Lune sur la Terre. Cr\u00e9dit J.P. Haigner\u00e9\/CNES<\/li>\n\n\n\n<li>1.1. La tombe de Matteo Ricci \u00e0 Beijing. Cr\u00e9dit P. L\u00e9na<\/li>\n\n\n\n<li><a href=\"https:\/\/sites.lesia.obspm.fr\/soleils-eclipses\/files\/2023\/12\/1-2__matin-copie.tif\">1.2.<\/a> Le premier vol de l&rsquo;histoire. Cr\u00e9dit Journal Le Matin. <\/li>\n\n\n\n<li>1<a href=\"https:\/\/sites.lesia.obspm.fr\/soleils-eclipses\/files\/2023\/12\/1-4__Ecl-1970-IR-photo_HAO_traite\u2560ue-SK.tif\">.4.<\/a> La couronne F lointaine. Cr\u00e9dit High Altitude Observatory.<\/li>\n\n\n\n<li><a href=\"https:\/\/sites.lesia.obspm.fr\/soleils-eclipses\/files\/2023\/12\/1-5__zodiacal_lasilla.tif\">1.5.<\/a> Lumi\u00e8re zodiacale au Chili. Cr\u00e9dit ESO\/B. Tafreshi twanight.org.<br> <\/li>\n<\/ul>\n\n\n\n<h3 class=\"wp-block-heading\"><em>Chapitre<\/em> 3 <\/h3>\n\n\n\n<ul class=\"wp-block-list\">\n<li><a href=\"https:\/\/sites.lesia.obspm.fr\/soleils-eclipses\/files\/2023\/12\/3-5__coronascope-copie.tif\">3.5.<\/a> Coronographe en ballon d&rsquo;Audouin Dollfus. Cr\u00e9dit A. Dollfus.<\/li>\n\n\n\n<li><a href=\"https:\/\/sites.lesia.obspm.fr\/soleils-eclipses\/files\/2023\/12\/3-7__caravelle-copie.tif.zip\">3.7.<\/a> Observatoire astronomique sur avion Caravelle. Cr\u00e9dit Centre d&rsquo;essais en vol. <\/li>\n\n\n\n<li><a href=\"https:\/\/sites.lesia.obspm.fr\/soleils-eclipses\/files\/2023\/12\/3-8__caravelle_artiste-copie.tif.zip\">3.8.<\/a>T\u00e9lescope \u00e0 bord d&rsquo;une Caravelle. Cr\u00e9dit J. Mir\/CNRS. <\/li>\n<\/ul>\n\n\n\n<h3 class=\"wp-block-heading\"><em>Chapitre<\/em> 4<\/h3>\n\n\n\n<ul class=\"wp-block-list\">\n<li><a href=\"https:\/\/sites.lesia.obspm.fr\/soleils-eclipses\/files\/2023\/12\/4-2__hublots_corr-copie.tif\">4.2.<\/a> Modification du prototype Concorde 001. Source A\u00e9rospatiale. <\/li>\n\n\n\n<li><a href=\"https:\/\/sites.lesia.obspm.fr\/soleils-eclipses\/files\/2023\/12\/4-3__hublottrefle-copie.tif\">4.3.<\/a> Hublot pour \u00e9clipse de 1973. Source A\u00e9rospatiale. <\/li>\n<\/ul>\n\n\n\n<h3 class=\"wp-block-heading\">Chapitre 5<\/h3>\n\n\n\n<ul class=\"wp-block-list\">\n<li><a href=\"https:\/\/sites.lesia.obspm.fr\/soleils-eclipses\/files\/2023\/12\/5-1_21_groupe-copie.tif\">5.1.<\/a> \u00c9quipage et scientifiques, vol du 28 juin 1973. Source F. Claudel.<\/li>\n\n\n\n<li><a href=\"https:\/\/sites.lesia.obspm.fr\/soleils-eclipses\/files\/2023\/12\/5-2__22_equipage-copie.tif\">5.2.<\/a> Cabine du Concorde 001 pendant l&rsquo;\u00e9clipse. Source P. L\u00e9na. <\/li>\n\n\n\n<li><a href=\"https:\/\/sites.lesia.obspm.fr\/soleils-eclipses\/files\/2023\/12\/5-3__begot_concorde_1973.tif.zip\">5.3<\/a>. Instrument de l&rsquo;Institut d&rsquo;astrophysique CNRS. Source J.P. Aubertin.<\/li>\n\n\n\n<li><a href=\"https:\/\/sites.lesia.obspm.fr\/soleils-eclipses\/files\/2023\/12\/5-4__23_horizon-copie.tif\">5.4. <\/a>Vue de l&rsquo;ombre de la Lune sur l&rsquo;Afrique, depuis Concorde. Source P. L\u00e9na.<\/li>\n\n\n\n<li><a href=\"https:\/\/sites.lesia.obspm.fr\/soleils-eclipses\/files\/2023\/12\/5-12__Mexique1970b_SK-Mour-Mich-Laff-Pasa_manip-4-refr.tif\">5.12<\/a>. Ambiance d&rsquo;\u00e9clipse au sol. Source Mme Mouradian. <\/li>\n<\/ul>\n\n\n\n<h3 class=\"wp-block-heading\"><em>Chapitre 6<\/em><\/h3>\n\n\n\n<ul class=\"wp-block-list\">\n<li><a href=\"https:\/\/sites.lesia.obspm.fr\/soleils-eclipses\/files\/2023\/12\/6-2__Sequence-F1500-Renf.tif\">6.2.<\/a> S\u00e9quence d&rsquo;images par l&rsquo;instrument de J. B\u00e9got. Source S. Koutchmy.<\/li>\n\n\n\n<li><a href=\"https:\/\/sites.lesia.obspm.fr\/soleils-eclipses\/files\/2023\/12\/6-3__hr_F3000-polar-region-labels.tif\">6.3.<\/a> La couronne proche de la surface du Soleil. Source S. Koutchmy.<\/li>\n\n\n\n<li><a href=\"https:\/\/sites.lesia.obspm.fr\/soleils-eclipses\/files\/2023\/12\/6-4__Couronne-1973-Juin-30_coro-SkyLab-HAO-renf-positif-color.tif\">6.4.<\/a> La couronne photographi\u00e9e depuis Skylab, \u00e9clipse de 1973. Source NASA.<\/li>\n\n\n\n<li><a href=\"https:\/\/sites.lesia.obspm.fr\/soleils-eclipses\/files\/2023\/12\/6-7__33_ovni1-copie.tif\">6.7.<\/a> M\u00e9t\u00e9orite Beta Taurides, pendant l&rsquo;\u00e9clipse. Source J. B\u00e9got. <\/li>\n\n\n\n<li><a href=\"https:\/\/sites.lesia.obspm.fr\/soleils-eclipses\/files\/2023\/12\/6-8__34_ovni2-copie.tif\">6.8.<\/a> Agrandissement du clich\u00e9 pr\u00e9c\u00e9dent. Source J. B\u00e9got et S. Koutchmy\/CNRS.<\/li>\n\n\n\n<li><a href=\"https:\/\/sites.lesia.obspm.fr\/soleils-eclipses\/files\/2023\/12\/6-10__41_annibourget-copie.tif\">6.10<\/a>. Quaranti\u00e8me anniversaire du vol d&rsquo;\u00e9clipse de Concorde. Source P. L\u00e9na. <\/li>\n<\/ul>\n\n\n\n<h3 class=\"wp-block-heading\"><em>Chapitre 7<\/em><\/h3>\n\n\n\n<ul class=\"wp-block-list\">\n<li><a href=\"https:\/\/sites.lesia.obspm.fr\/soleils-eclipses\/files\/2023\/11\/7-1__Yuferev-Khondyrev_etal_LargeScaleOrientedContrastedColors.tif\">7.1.<\/a> Couronne solaire, lors de l&rsquo;\u00e9clipse de 2006 au Caucase. Source A.O. Youferev &amp; S. Koutchmy. <\/li>\n\n\n\n<li><a href=\"https:\/\/sites.lesia.obspm.fr\/soleils-eclipses\/files\/2023\/11\/7-2__Lefaudeux_largefov_tse2019_lighter.tif.zip\">7.2.<\/a> Couronne solaire, lors de l&rsquo;\u00e9clipse de 2019 au Chili. Source N. Lefaudeux<\/li>\n\n\n\n<li><a href=\"https:\/\/sites.lesia.obspm.fr\/soleils-eclipses\/files\/2023\/11\/7-3__K-F-Z-new-labels-clean-1.tif\">7.3.<\/a> \u00c9clat des composantes K et F de la couronne. Source S. Koutchmy &amp; P. Lamy<\/li>\n\n\n\n<li><a href=\"https:\/\/sites.lesia.obspm.fr\/soleils-eclipses\/files\/2023\/11\/7-4-__Sun_KFComete-grain-CME_schema.tif\">7.4<\/a>. Repr\u00e9sentation sch\u00e9matique de la couronne solaire. Source S. Koutchmy, d&rsquo;apr\u00e8s ESA.<\/li>\n\n\n\n<li><a href=\"https:\/\/sites.lesia.obspm.fr\/soleils-eclipses\/files\/2023\/11\/7-5__Soleil-vent_DiagrCleanRenf.tif\">7.5<\/a>. Sch\u00e9ma d\u00e9taill\u00e9 de la surface du disque solaire. Source S. Koutchmy.<\/li>\n\n\n\n<li><a href=\"https:\/\/sites.lesia.obspm.fr\/soleils-eclipses\/files\/2023\/11\/7-6__spicules-HCaII-SOT-Hinode-Renf.tif\">7.6.<\/a> La for\u00eat de spicules. Source Mission HINODE, NASA et Agence spatiale du Japon &amp; S. Koutchmy..<\/li>\n\n\n\n<li><a href=\"https:\/\/sites.lesia.obspm.fr\/soleils-eclipses\/files\/2023\/11\/7-7__PhotoChromosphereCouronne_Labels.tif\">7.7.<\/a> Coupe sch\u00e9matique de la r\u00e9gion de transition entre photosph\u00e8re et couronne. Source S. Koutchmy.<\/li>\n\n\n\n<li><a href=\"https:\/\/sites.lesia.obspm.fr\/soleils-eclipses\/files\/2023\/11\/7-8__Schema3D_FastWindSlowWind_HWFrench.tif\">7.8<\/a>. Sch\u00e9ma de la basse couronne, proche de la surface solaire. Source S. Koutchmy, d&rsquo;apr\u00e8s Sh. Habbal &amp; R. Woo.<\/li>\n\n\n\n<li> <a href=\"https:\/\/sites.lesia.obspm.fr\/soleils-eclipses\/files\/2023\/11\/7-9__ComposC2_EclAngola2001.tif.zip\">7.9.<\/a> Image composite de la couronne K, \u00e9clipse de 2001. Source S. Koutchmy. <\/li>\n\n\n\n<li><a href=\"https:\/\/sites.lesia.obspm.fr\/soleils-eclipses\/files\/2023\/11\/7-10__W-L-linear-Ray_jets_Ecl1999.tif\">7.10<\/a>. Extension de la couronne K, par combinaison d&rsquo;images. Eclipse de 1999 et coronographe de la mission SoHO. Source S. Koutchmy &amp; Agence spatiale europ\u00e9enne. <\/li>\n\n\n\n<li><a href=\"https:\/\/sites.lesia.obspm.fr\/soleils-eclipses\/files\/2023\/11\/7-11__Trace-boucles.tif.zip\">7.11.<\/a> D\u00e9tail de boucles coronales. Source Mission TRACE, NASA.<\/li>\n\n\n\n<li><a href=\"https:\/\/sites.lesia.obspm.fr\/soleils-eclipses\/files\/2023\/11\/7-12__loopsWLHR_cfht91.tif\">7.12.<\/a> D\u00e9tail de boucles coronales, \u00e9clipse de 1991 au t\u00e9lescope Canada-France-Hawaii. Source L. November &amp; S. Koutchmy. <\/li>\n\n\n\n<li><a href=\"https:\/\/sites.lesia.obspm.fr\/soleils-eclipses\/files\/2023\/11\/7-13__2019_Compo-Best-Inner-Corona_NicoL_171-averag.tif.zip\">7.13.<\/a> Continuit\u00e9 des structures de la couronne K sur image composite. Source Instrument AIA, mission SDO, NASA &amp; \u00e9clipse 2019, N. Lefaudeux, S. Koutchmy. <\/li>\n\n\n\n<li> <a href=\"https:\/\/sites.lesia.obspm.fr\/soleils-eclipses\/files\/2023\/11\/7-14__NicoL-2017-et-171-orient.tif\">7.14.<\/a> Image de la couronne, \u00e9clipse de 2017. Source N. Lefaudeux &amp; traitement d&rsquo;image S. Koutchmy. <\/li>\n\n\n\n<li><a href=\"https:\/\/sites.lesia.obspm.fr\/soleils-eclipses\/files\/2023\/11\/7-15__ringcurrent_singular.tif\">7.15.<\/a> Mod\u00e8le num\u00e9rique des lignes de champ magn\u00e9tique dans la couronne. Source O. et S. Koutchmy, L. Soloviev et al. <\/li>\n\n\n\n<li><a href=\"https:\/\/sites.lesia.obspm.fr\/soleils-eclipses\/files\/2023\/11\/7-16__Stereo-2005_PFSS-model_AR-9731.tif\">7.16.<\/a> Mod\u00e8le tridimensionnel des lignes de force du champ magn\u00e9tique du Soleil. Source S. Koutchmy &amp; NASA\/Goddard Space Flight Center Scientific Visualization Studio.<\/li>\n\n\n\n<li><a href=\"https:\/\/sites.lesia.obspm.fr\/soleils-eclipses\/files\/2023\/11\/7-17__Flare-22-Mars-2007_couple-Stereo.tif\">7.17.<\/a> Couple d&rsquo;images st\u00e9r\u00e9oscopiques d&rsquo;une r\u00e9gion active. Source Mission STEREO, NASA.<\/li>\n\n\n\n<li><a href=\"https:\/\/sites.lesia.obspm.fr\/soleils-eclipses\/files\/2023\/11\/7-18__Yohkoh91-95_the_changing_sun.tif\">7.18.<\/a> S\u00e9quence d&rsquo;images en rayons X de la couronne K. Source Mission Yohkoh, Agence spatiale du Japon &amp; NASA. <\/li>\n\n\n\n<li><a href=\"https:\/\/sites.lesia.obspm.fr\/soleils-eclipses\/files\/2023\/11\/7-19__Spectre-Flash-Ecl.tif\">7.19<\/a>. Spectre \u00e9clair de la chromosph\u00e8re. Source Observation d&rsquo;un astronome amateur. <\/li>\n\n\n\n<li><a href=\"https:\/\/sites.lesia.obspm.fr\/soleils-eclipses\/files\/2023\/11\/7-20__AIA-304-200-sum_2011-11-14_13-a-15h-Log.tif.zip\">7.20<\/a>. Image du Soleil dans la raie de r\u00e9sonance de l&rsquo;h\u00e9lium ionis\u00e9 dans l&rsquo;extr\u00eame ultraviolet. Source Mission SDO, NASA, S. Koutchmy &amp; E. Tavabi. <\/li>\n\n\n\n<li><a href=\"https:\/\/sites.lesia.obspm.fr\/soleils-eclipses\/files\/2023\/11\/7-21__aia193-SPolRegion-La-_2010-07-11_summ12im.tif\">7.21.<\/a> Trou coronal au p\u00f4le Sud du Soleil. Source Mission SDO, NASA, S. Koutchmy &amp; E. Tavabi. <\/li>\n\n\n\n<li><a href=\"https:\/\/sites.lesia.obspm.fr\/soleils-eclipses\/files\/2023\/11\/7-22__AIA-sdo_views_may_5_2015_x-flare.tif\">7.22<\/a>. Flares du Soleil \u00e0 diff\u00e9rentes longueurs d&rsquo;onde, visible et EUV. Source Mission SDO, NASA. <\/li>\n\n\n\n<li><a href=\"https:\/\/sites.lesia.obspm.fr\/soleils-eclipses\/files\/2023\/11\/7-23__SPIRIT-KoronasF-2001_-SpHelio-EUV.tif\">7.23.<\/a> Spectroh\u00e9liogramme du Soleil dans l&rsquo;extr\u00eame ultraviolet. Source Instrument Spirit, mission Coronas-F, URSS, Russie &amp; Ukraine. <\/li>\n\n\n\n<li><a href=\"https:\/\/sites.lesia.obspm.fr\/soleils-eclipses\/files\/2023\/11\/7-24__Denis-Fiel-1999_spectre-flash.tif\">7.24.<\/a> Spectre de la couronne interne, \u00e9clipse 1999. Source D.  Fiel. <\/li>\n\n\n\n<li><a href=\"https:\/\/sites.lesia.obspm.fr\/soleils-eclipses\/files\/2023\/11\/7-25__Comet-West-1975_labels-12-mars.tif\">7.25<\/a>. La com\u00e8te West  en 1975. Source S. Koutchmy. <\/li>\n\n\n\n<li><a href=\"https:\/\/sites.lesia.obspm.fr\/soleils-eclipses\/files\/2023\/11\/7-26__Comet-linear2002_200504_17h59mnUT_CVilad.tif\">7.26.<\/a> La com\u00e8te Linear en 2002. Source C. Valdrich. <\/li>\n\n\n\n<li><a href=\"https:\/\/sites.lesia.obspm.fr\/soleils-eclipses\/files\/2023\/11\/7-27__Diagramme-Ulysses.tif\">7.27<\/a>. Vent solaire, composantes rapides et lentes. Source Mission Ulysse ESA-NASA. D.J. McComas et al.\/JGR<\/li>\n\n\n\n<li><a href=\"https:\/\/sites.lesia.obspm.fr\/soleils-eclipses\/files\/2023\/11\/7-28__CFHT-plasmoide-50-to-140-s-labels.tif\">7.28<\/a>. Plasmo\u00efde coronal, \u00e9clipse de 1991 au t\u00e9lescope Canada-France-Hawaii. Source  S. Koutchmy. <\/li>\n\n\n\n<li><a href=\"https:\/\/sites.lesia.obspm.fr\/soleils-eclipses\/files\/2023\/11\/7-29_Yoko-Shibata-1997_2D-reconnect-colors.tif\">7.29<\/a>. Simulation num\u00e9rique de la couronne. Source T. Yokoyama &amp; K. Shibata, 1998. <\/li>\n\n\n\n<li><a href=\"https:\/\/sites.lesia.obspm.fr\/soleils-eclipses\/files\/2023\/11\/7-30__CME-Lasco-21-Aug-1996-304-FeXIV-W-L.tif\">7.30<\/a>. \u00c9ruption corononale. Source Mission SoHO, ESA &amp; S. Koutchmy.<\/li>\n\n\n\n<li><a href=\"https:\/\/sites.lesia.obspm.fr\/soleils-eclipses\/files\/2023\/11\/7-33__cme-model.tif\">7.31<\/a>. \u00c9ruption solaire, 31 ao\u00fbt 2012. Source SDO, NASA.<\/li>\n\n\n\n<li><a href=\"https:\/\/sites.lesia.obspm.fr\/soleils-eclipses\/files\/2023\/11\/7-32__CME-C2-C3-27-Fevr-2000.tif\">7.32<\/a>. \u00c9jection de masse coronale. Source Mission SoHO, ESA &amp; NASA.<\/li>\n\n\n\n<li><a href=\"https:\/\/sites.lesia.obspm.fr\/soleils-eclipses\/files\/2023\/11\/7-33__cme-model.tif\">7.33<\/a>. Sch\u00e9ma du m\u00e9canisme d&rsquo;une \u00e9jection coronale. Source D&rsquo;apr\u00e8s un document chinois. <\/li>\n\n\n\n<li><a href=\"https:\/\/sites.lesia.obspm.fr\/soleils-eclipses\/files\/2023\/11\/7-34__Flare-CME-Sun-Earth-Interact_NASA.tif\">7.34<\/a>. Relation entre un \u00e9v\u00e9nement coronal et la Terre. Source ESA\/NASA.<\/li>\n<\/ul>\n\n\n\n<h3 class=\"wp-block-heading\"><em>Chapitre 8<\/em><\/h3>\n\n\n\n<ul class=\"wp-block-list\">\n<li><a href=\"https:\/\/sites.lesia.obspm.fr\/soleils-eclipses\/files\/2023\/11\/8-1__Sp73-K-E-F.tif\">8.1.<\/a> Basse couronne en lumi\u00e8re visible, \u00e9clipse de 1973 au Tchad. Source S. Koutchmy &amp; G. Stellmacher. <\/li>\n\n\n\n<li><a href=\"https:\/\/sites.lesia.obspm.fr\/soleils-eclipses\/files\/2023\/11\/8-2__Couronne-F-2017-NikoLef.tif\">8.2<\/a>. Couronne, composantes K et F, \u00e9clipse de 2017. Source N. Lefaudeux. <\/li>\n\n\n\n<li><a href=\"https:\/\/sites.lesia.obspm.fr\/soleils-eclipses\/files\/2023\/11\/8-3__14-July-2000-C3_before-flare.tif\">8.3<\/a>. Couronne F depuis l&rsquo;espace, en lumi\u00e8re visible. Source Coronographe de la mission SoHO, ESA\/NASA. <\/li>\n\n\n\n<li><a href=\"https:\/\/sites.lesia.obspm.fr\/soleils-eclipses\/files\/2023\/11\/8-4__model-F-2D.tif\">8.4.<\/a> Mod\u00e8le de l&rsquo;intensit\u00e9 de la couronne F en lumi\u00e8re blanche. Source F. S\u00e8vre. <\/li>\n\n\n\n<li><a href=\"https:\/\/sites.lesia.obspm.fr\/soleils-eclipses\/files\/2023\/11\/8-5__Z-cloud-PCN-30-juin-1982_color.tif.zip\">8.5<\/a>. Image du nuage zodiacal en lumi\u00e8re visible. Source Mission spatiale de J.A. Djanibekov. <\/li>\n\n\n\n<li><a href=\"https:\/\/sites.lesia.obspm.fr\/soleils-eclipses\/files\/2023\/11\/8-6__STEREO-HI-2_Z-cloud.tif.zip\">8.6.<\/a> Image du nuage zodiacal, lumi\u00e8re visible. Source Mission STEREO, NASA.<\/li>\n\n\n\n<li><a href=\"https:\/\/sites.lesia.obspm.fr\/soleils-eclipses\/files\/2023\/11\/8-7__McNaught_HI-STEREO_11-Janv-2007.tif\">8.7.<\/a> Com\u00e8te McNaught, 2007. Source Mission STEREO, NASA. <\/li>\n\n\n\n<li><a href=\"https:\/\/sites.lesia.obspm.fr\/soleils-eclipses\/files\/2023\/11\/8-8__McNaught-Jan-2007-ESO.tif\">8.8.<\/a> Com\u00e8te McNaught, 2007, depuis le sol. Source ESO.<\/li>\n\n\n\n<li><a href=\"https:\/\/sites.lesia.obspm.fr\/soleils-eclipses\/files\/2023\/11\/8-9__comet-bradfield-C3-compo_2004.tif\">8.9.<\/a> Com\u00e8te Bradfield, 2004. Source Mission SoHO, ESA\/NASA.<\/li>\n\n\n\n<li><a href=\"https:\/\/sites.lesia.obspm.fr\/soleils-eclipses\/files\/2023\/11\/8-10__Comet-Michels-et-al_P-78_30-Aug-1979.tif\">8.10.<\/a> D\u00e9sint\u00e9gration d&rsquo;une com\u00e8te de la famille Kreutz. Source Satellite SOLWIND, US Navy. <\/li>\n\n\n\n<li><a href=\"https:\/\/sites.lesia.obspm.fr\/soleils-eclipses\/files\/2023\/11\/8-11__Lovejoy_STE-A_15-16-dec-2011.tif\">8.11.<\/a> Com\u00e8te Lovejoy, 2011. Source Mission STEREO, ESA\/NASA.<\/li>\n\n\n\n<li><a href=\"https:\/\/sites.lesia.obspm.fr\/soleils-eclipses\/files\/2023\/11\/8-12__Comet-Lovejoy-2011_15-dec_171.tif\">8.12<\/a>. D\u00e9bris de la com\u00e8te Lovejoy, 2011. Source Mission SDO, NASA et traitement d&rsquo;image M. Druckm\u00fcller.<\/li>\n\n\n\n<li><a href=\"https:\/\/sites.lesia.obspm.fr\/soleils-eclipses\/files\/2023\/11\/8-13__SOHO-2875-positions.tif\">8.13. <\/a>Com\u00e8te SoHO 2875, 2015. Source Mission SoHO, ESA\/NASA.<\/li>\n\n\n\n<li><a href=\"https:\/\/sites.lesia.obspm.fr\/soleils-eclipses\/files\/2023\/11\/8-14__SoHO-2875_cloud-comet_Michael-Ja\u2560eger_28-Febr-2015.tif\">8.14<\/a>. Tra\u00een\u00e9e de poussi\u00e8res de la com\u00e8te SoHO 2875. Source Mission SoHO, ESA\/NASA.<\/li>\n\n\n\n<li><a href=\"https:\/\/sites.lesia.obspm.fr\/soleils-eclipses\/files\/2023\/11\/8-15__WISPR-PSP-8-Aout-2021.tif\">8.15.<\/a> Tra\u00een\u00e9es de m\u00e9t\u00e9orites en 2021. Source Sonde Parker, NASA.<\/li>\n\n\n\n<li><a href=\"https:\/\/sites.lesia.obspm.fr\/soleils-eclipses\/files\/2023\/11\/8-16__wispr-essaim-Phaetron-2018.tif\">8.16<\/a>. Orbite d&rsquo;un essaim de petits grains. Source Sonde Parker, NASA. D&rsquo;apr\u00e8s K. Battams. <\/li>\n\n\n\n<li><a href=\"https:\/\/sites.lesia.obspm.fr\/soleils-eclipses\/files\/2023\/11\/8-17__wispr_inner_neowise_20200705.tif\">8.17.<\/a> Com\u00e8te Neowise, 2020. Source Sonde PSP, NASA. <\/li>\n<\/ul>\n\n\n\n<h3 class=\"wp-block-heading\"><em>Chapitre 9<\/em><\/h3>\n\n\n\n<ul class=\"wp-block-list\">\n<li><a href=\"https:\/\/sites.lesia.obspm.fr\/soleils-eclipses\/files\/2023\/11\/9-3__HLTau_ESOPR.tif\">9.3.<\/a> Disque protoplan\u00e9taire, HL Tauri. Source ALMA ESO\/NOAO\/NRAO<\/li>\n\n\n\n<li><a href=\"https:\/\/sites.lesia.obspm.fr\/soleils-eclipses\/files\/2023\/11\/9-5__Vega_Spitzer_low.tif\">9.5.<\/a> Disque de d\u00e9bris autour de l&rsquo;\u00e9toile Vega. Source NASA\/Su et al. <\/li>\n\n\n\n<li><a href=\"https:\/\/sites.lesia.obspm.fr\/soleils-eclipses\/files\/2023\/11\/9-6a__fomalhaut_holland03.tif\">9.6a.<\/a> Disque de d\u00e9bris autour de l&rsquo;\u00e9toile Fomalhaut. Source EAO\/JCMT. <\/li>\n\n\n\n<li><a href=\"https:\/\/sites.lesia.obspm.fr\/soleils-eclipses\/files\/2023\/11\/9-6b__fomalhaut_spitzer.tif\">9.6b.<\/a> Disque de d\u00e9bris autour de l&rsquo;\u00e9toile Fomalhaut. Source NASA\/JPL\/CalTech &amp; Stapelfeldt<\/li>\n\n\n\n<li><a href=\"https:\/\/sites.lesia.obspm.fr\/soleils-eclipses\/files\/2023\/11\/9-6c__fomalhaut_STIS_2013_PAS2014.tif.zip\">9.6c. <\/a>Disque de d\u00e9bris autour de l&rsquo;\u00e9toile Fomalhaut.  Source HST\/NASA<\/li>\n\n\n\n<li><a href=\"https:\/\/sites.lesia.obspm.fr\/soleils-eclipses\/files\/2023\/11\/9-7a__betapic_HST_NASA.tif\">9.7.a.<\/a> Disque de d\u00e9bris autour de l&rsquo;\u00e9toile Beta Pictoris. Source HST\/NASA. <\/li>\n\n\n\n<li><a href=\"https:\/\/sites.lesia.obspm.fr\/soleils-eclipses\/files\/2023\/11\/9-7b__beta-pic_ESO.tif\">9.7.b.<\/a> Disque de d\u00e9bris autour de l&rsquo;\u00e9toile Beta Pictoris. Source ESO.<\/li>\n\n\n\n<li><a href=\"https:\/\/sites.lesia.obspm.fr\/soleils-eclipses\/files\/2023\/11\/9-7c__betaPic_Herschel_2010.tif\">9.7.c.<\/a> Disque de d\u00e9bris autour de l&rsquo;\u00e9toile Beta Pictoris. Source Herschel\/ESA.<\/li>\n\n\n\n<li><a href=\"https:\/\/sites.lesia.obspm.fr\/soleils-eclipses\/files\/2023\/11\/9-7d__eso_betapic-copie.tif.zip\">9.7.d.<\/a> Disque de d\u00e9bris autour de l&rsquo;\u00e9toile Beta Pictoris. Source ESO\/A.M. Lagrange.<\/li>\n\n\n\n<li><a href=\"https:\/\/sites.lesia.obspm.fr\/soleils-eclipses\/files\/2023\/11\/9-8a__PDS70_ESO_Muller.tif.zip\">9.8.a.<\/a> Disque autour de l&rsquo;\u00e9toile PDS70. Source Keppler et al. &amp; ESO\/A. M\u00fcller et al. b\/ Haffert et al\/ESO. c\/ <\/li>\n\n\n\n<li><a href=\"https:\/\/sites.lesia.obspm.fr\/soleils-eclipses\/files\/2023\/11\/9-8b__PDS70_MUSE_lagrange_low.tif\">9.8.b.<\/a> Disque autour de l&rsquo;\u00e9toile PDS70. Source Haffert et al\/ESO<\/li>\n\n\n\n<li><a href=\"https:\/\/sites.lesia.obspm.fr\/soleils-eclipses\/files\/2023\/11\/9-8c__PDS70_benisty_ALMA_wikip.tif\">9.8.c.<\/a> Disque autour de l&rsquo;\u00e9toile PDS70. Source Benisty et al\/ALMA<\/li>\n\n\n\n<li><a href=\"https:\/\/sites.lesia.obspm.fr\/soleils-eclipses\/files\/2023\/11\/9-9__3840px-PIA21424_-_The_TRAPPIST-1_Habitable_Zone.tif.zip\">9.9. <\/a>Syst\u00e8me plan\u00e9taire Trappist-1. Source ESO<\/li>\n\n\n\n<li><a href=\"https:\/\/sites.lesia.obspm.fr\/soleils-eclipses\/files\/2023\/11\/9-10__ELT_eso1716c.tif.zip\">9.10.<\/a> Extremely Large Telescope europ\u00e9en. Source Dessin d&rsquo;artiste. ESO<\/li>\n\n\n\n<li><a href=\"https:\/\/sites.lesia.obspm.fr\/soleils-eclipses\/files\/2023\/11\/9-11__mennesson_CGI_fig2_2020.tif\">9.11.<\/a> Simulation de l&rsquo;exozodi autour d&rsquo;une \u00e9toile. Source B. Mennesson\/JPL. <\/li>\n\n\n\n<li><a href=\"https:\/\/sites.lesia.obspm.fr\/soleils-eclipses\/files\/2023\/11\/9-12__exoplanets-finder-starshade-s.tif\">9.12. <\/a>Mission HABEX. Dessin d&rsquo;artiste. Source NASA.<\/li>\n\n\n\n<li><a href=\"https:\/\/sites.lesia.obspm.fr\/soleils-eclipses\/files\/2023\/11\/9-13gauche__shade_habex.tif\">9.13.<\/a> gauche. \u00c9cran spatialis\u00e9. Source Mission HABEX. NASA.<\/li>\n\n\n\n<li><a href=\"https:\/\/sites.lesia.obspm.fr\/soleils-eclipses\/files\/2023\/11\/9-13droite__starshade_arago_partie.tif\">9.13<\/a>. droite. Tache de diffraction. Source Mission HABEX. NASA.<\/li>\n\n\n\n<li><a href=\"https:\/\/sites.lesia.obspm.fr\/soleils-eclipses\/files\/2023\/11\/9-14__champ_SHADE_recadre.tif\">9.14.<\/a> Simulation d&rsquo;exoplan\u00e8tes autour de l&rsquo;\u00e9toile Beta CVn. Source Mission HABEX\/NASA<\/li>\n<\/ul>\n","protected":false},"excerpt":{"rendered":"<p>Ces images sont librement t\u00e9l\u00e9chargeables en haute r\u00e9solution. Elles ne doivent pas \u00eatre utilis\u00e9es pour un usage commercial, conform\u00e9ment aux r\u00e8gles du cr\u00e9dit d&rsquo;auteur, lequel est indiqu\u00e9 pour chacune. Couverture de l&rsquo;ouvrage, EDP Science \u00e9diteur, 2023. Les images ou figures &hellip; <a href=\"https:\/\/sites.lesia.obspm.fr\/soleils-eclipses\/images-du-livre-soleils-eclipses\/\">Continue reading <span class=\"meta-nav\">&rarr;<\/span><\/a><\/p>\n","protected":false},"author":25,"featured_media":0,"parent":0,"menu_order":0,"comment_status":"closed","ping_status":"closed","template":"","meta":{"footnotes":""},"class_list":["post-52","page","type-page","status-publish","hentry"],"_links":{"self":[{"href":"https:\/\/sites.lesia.obspm.fr\/soleils-eclipses\/wp-json\/wp\/v2\/pages\/52","targetHints":{"allow":["GET"]}}],"collection":[{"href":"https:\/\/sites.lesia.obspm.fr\/soleils-eclipses\/wp-json\/wp\/v2\/pages"}],"about":[{"href":"https:\/\/sites.lesia.obspm.fr\/soleils-eclipses\/wp-json\/wp\/v2\/types\/page"}],"author":[{"embeddable":true,"href":"https:\/\/sites.lesia.obspm.fr\/soleils-eclipses\/wp-json\/wp\/v2\/users\/25"}],"replies":[{"embeddable":true,"href":"https:\/\/sites.lesia.obspm.fr\/soleils-eclipses\/wp-json\/wp\/v2\/comments?post=52"}],"version-history":[{"count":26,"href":"https:\/\/sites.lesia.obspm.fr\/soleils-eclipses\/wp-json\/wp\/v2\/pages\/52\/revisions"}],"predecessor-version":[{"id":246,"href":"https:\/\/sites.lesia.obspm.fr\/soleils-eclipses\/wp-json\/wp\/v2\/pages\/52\/revisions\/246"}],"wp:attachment":[{"href":"https:\/\/sites.lesia.obspm.fr\/soleils-eclipses\/wp-json\/wp\/v2\/media?parent=52"}],"curies":[{"name":"wp","href":"https:\/\/api.w.org\/{rel}","templated":true}]}}