{"id":55,"date":"2015-07-14T10:01:26","date_gmt":"2015-07-14T09:01:26","guid":{"rendered":"https:\/\/sites.lesia.obspm.fr\/pierre-lena\/?page_id=55"},"modified":"2026-05-09T20:58:07","modified_gmt":"2026-05-09T19:58:07","slug":"liens-et-contacts","status":"publish","type":"page","link":"https:\/\/sites.lesia.obspm.fr\/pierre-lena\/liens-et-contacts\/","title":{"rendered":"Engagements \u00e9ducatifs"},"content":{"rendered":"\n<p class=\"has-blue-color has-text-color has-link-color has-medium-font-size wp-elements-5cf812deabfa004ce753b6aab9b16341\">Page en cours de mise \u00e0 jour <\/p>\n\n\n<p>Conf\u00e9rence de r\u00e9ception de la<strong> M\u00e9daille Erasmus 2005,<\/strong> Academia Europeae: Pierre L\u00e9na, <em><a href=\"https:\/\/www.academie-sciences.fr\/pdf\/membre\/LenaP_lecture2005.pdf\">From science to education: the need for a revolution<\/a>.<\/em><\/p>\n<p>S\u00e9ance solennelle de l&rsquo;Institut de France sous la <strong>Coupole,<\/strong>\u00a028 Octobre 2008. Pierre L\u00e9na<em>, <a href=\"https:\/\/www.academie-sciences.fr\/pdf\/membre\/sidf281008_lena.pdf\">La science pour tous : illusion ou n\u00e9cessit\u00e9.<\/a><\/em><\/p>\n\n\n<h2 class=\"wp-block-heading\"><strong>Les enfants et la science<\/strong>, en France (1995-2026)<\/h2>\n\n\n\n<figure class=\"wp-block-image size-full is-resized\"><a href=\"https:\/\/sites.lesia.obspm.fr\/pierre-lena\/files\/2026\/04\/Holbein-Ecole.jpg\"><img loading=\"lazy\" decoding=\"async\" width=\"375\" height=\"139\" src=\"https:\/\/sites.lesia.obspm.fr\/pierre-lena\/files\/2026\/04\/Holbein-Ecole.jpg\" alt=\"\" class=\"wp-image-566\" style=\"width:670px;height:auto\" srcset=\"https:\/\/sites.lesia.obspm.fr\/pierre-lena\/files\/2026\/04\/Holbein-Ecole.jpg 375w, https:\/\/sites.lesia.obspm.fr\/pierre-lena\/files\/2026\/04\/Holbein-Ecole-300x111.jpg 300w\" sizes=\"auto, (max-width: 375px) 100vw, 375px\" \/><\/a><\/figure>\n\n\n\n<div class=\"wp-block-media-text is-stacked-on-mobile is-vertically-aligned-top\" style=\"grid-template-columns:17% auto\"><figure class=\"wp-block-media-text__media\"><img loading=\"lazy\" decoding=\"async\" width=\"290\" height=\"385\" src=\"https:\/\/sites.lesia.obspm.fr\/pierre-lena\/files\/2026\/04\/LOGO_MAP.jpeg\" alt=\"\" class=\"wp-image-567 size-full\" srcset=\"https:\/\/sites.lesia.obspm.fr\/pierre-lena\/files\/2026\/04\/LOGO_MAP.jpeg 290w, https:\/\/sites.lesia.obspm.fr\/pierre-lena\/files\/2026\/04\/LOGO_MAP-226x300.jpeg 226w\" sizes=\"auto, (max-width: 290px) 100vw, 290px\" \/><\/figure><div class=\"wp-block-media-text__content\">\n<p>Sous l&rsquo;impulsion de Georges Charpak, laur\u00e9at du prix Nobel de physique (1992), avec Yves Qu\u00e9r\u00e9 , moi-m\u00eame et le soutien de l&rsquo;Acad\u00e9mie des sciences, <em>La main \u00e0 la p\u00e2te<\/em> na\u00eet en 1995, pour que revivent dans toutes les \u00e9coles de France, transform\u00e9es, les antiques l<em>e\u00e7ons de chose<\/em>s de l&rsquo;\u00e9cole primaire. R\u00e9pondre et stimuler la curiosit\u00e9 des enfants devant les ph\u00e9nom\u00e8nes de la nature, leur faire parcourir les premiers pas de tout chercheur fut notre but : observer, questionner, exp\u00e9rimenter, r\u00e9fl\u00e9chir, partager, exprimer avec pr\u00e9cision. Exp\u00e9riment\u00e9 dans 344 classes, le mouvement s&rsquo;\u00e9tend, rassemble des instituteurs (professeurs d&rsquo;\u00e9cole) qui souvent d\u00e9couvrent que la science n&rsquo;est inaccessible ni pour eux, ni pour leurs \u00e9l\u00e8ves, d\u00e9couvrent le plaisir d&rsquo;y cheminer en s&rsquo;interrogeant. En 2026, port\u00e9es par une <a href=\"http:\/\/fondation-lamap.org\">Fondation de coop\u00e9ration scientifique <\/a>cr\u00e9\u00e9e en 2011 gr\u00e2ce aux Investissements d&rsquo;avenir avec le soutien de <a href=\"https:\/\/op.europa.eu\/en\/publication-detail\/-\/publication\/5e745fa8-d837-4d9d-bdb0-dd13701c1d81\">Michel Rocard<\/a>, les sciences de la nature, en lien avec les math\u00e9matiques et la pratique de la langue fran\u00e7aise, sont pr\u00e9sentes, au moins dans une partie des classes, de la maternelle au CM2. <\/p>\n<\/div><\/div>\n\n\n\n<h2 class=\"wp-block-heading\"><strong>Les enfants et la science<\/strong>, de par le vaste monde (2000-2026)<\/h2>\n\n\n\n<div class=\"wp-block-media-text is-stacked-on-mobile\" style=\"grid-template-columns:46% auto\"><figure class=\"wp-block-media-text__media\"><img loading=\"lazy\" decoding=\"async\" width=\"604\" height=\"504\" src=\"https:\/\/sites.lesia.obspm.fr\/pierre-lena\/files\/2026\/05\/lamap_langues.png\" alt=\"\" class=\"wp-image-611 size-full\" srcset=\"https:\/\/sites.lesia.obspm.fr\/pierre-lena\/files\/2026\/05\/lamap_langues.png 604w, https:\/\/sites.lesia.obspm.fr\/pierre-lena\/files\/2026\/05\/lamap_langues-300x250.png 300w\" sizes=\"auto, (max-width: 604px) 100vw, 604px\" \/><\/figure><div class=\"wp-block-media-text__content\">\n<p>D\u00e8s les ann\u00e9es 1990, divers pays se pr\u00e9occupent de renouveler leur enseignement des sciences de la nature. Un apprentissage trop souvent r\u00e9duit \u00e0 des notions \u00e0 m\u00e9moriser, vid\u00e9es de tout contact avec l&rsquo;observation et l&rsquo;exp\u00e9rience, nourrit mal la curiosit\u00e9 des jeunes enfants et les pr\u00e9pare mal \u00e0 l&rsquo;avenir. <em>La main \u00e0 la p\u00e2te<\/em> \u00e9change et <a href=\"https:\/\/fondation-lamap.org\/a-l-international\/historique-de-l-action-internationale\">partage ses ressources<\/a>, trouve des interlocuteurs aux \u00c9tats-Unis, au Br\u00e9sil, en Chine; ce sont souvent d&rsquo;\u00e9minents chercheurs qui parviennent \u00e0 se faire entendre des autorit\u00e9s \u00e9ducatives, aident les enseignants \u00e0 renouveler leur pratique, \u00e0 mieux saisir la nature de la d\u00e9marche scientifique, \u00e0 stimuler la curiosit\u00e9 de leurs \u00e9l\u00e8ves. A partir de 2000, des r\u00e9seaux s&rsquo;organisent en Europe, en Am\u00e9rique latine, en Asie du Sud-Est. Port\u00e9e par <a href=\"https:\/\/www.interacademies.org\/education\/overview\">InterAcademyPartnership<\/a> et des Acad\u00e9mies, cette ambition \u00e9ducative demeure vivante en 2026, alors que la science ne cesse d&rsquo;\u00e9voluer, mais rencontre aussi des obstacles inattendus, faits de contestations et de doutes.<\/p>\n<\/div><\/div>\n\n\n\n<h2 class=\"wp-block-heading\"><strong>L&rsquo;Institut national de recherche p\u00e9dagogique<\/strong> (ann\u00e9es 1990) <\/h2>\n\n\n<p>L&rsquo;INRP a une longue histoire&#8230;\u00a0<\/p>","protected":false},"excerpt":{"rendered":"<p>Page en cours de mise \u00e0 jour Conf\u00e9rence de r\u00e9ception de la M\u00e9daille Erasmus 2005, Academia Europeae: Pierre L\u00e9na, From science to education: the need for a revolution. S\u00e9ance solennelle de l&rsquo;Institut de France sous la Coupole,\u00a028 Octobre 2008. Pierre &hellip; <a href=\"https:\/\/sites.lesia.obspm.fr\/pierre-lena\/liens-et-contacts\/\">Continuer la lecture <span class=\"meta-nav\">&rarr;<\/span><\/a><\/p>\n","protected":false},"author":25,"featured_media":0,"parent":0,"menu_order":0,"comment_status":"closed","ping_status":"closed","template":"","meta":{"footnotes":""},"class_list":["post-55","page","type-page","status-publish","hentry"],"_links":{"self":[{"href":"https:\/\/sites.lesia.obspm.fr\/pierre-lena\/wp-json\/wp\/v2\/pages\/55","targetHints":{"allow":["GET"]}}],"collection":[{"href":"https:\/\/sites.lesia.obspm.fr\/pierre-lena\/wp-json\/wp\/v2\/pages"}],"about":[{"href":"https:\/\/sites.lesia.obspm.fr\/pierre-lena\/wp-json\/wp\/v2\/types\/page"}],"author":[{"embeddable":true,"href":"https:\/\/sites.lesia.obspm.fr\/pierre-lena\/wp-json\/wp\/v2\/users\/25"}],"replies":[{"embeddable":true,"href":"https:\/\/sites.lesia.obspm.fr\/pierre-lena\/wp-json\/wp\/v2\/comments?post=55"}],"version-history":[{"count":20,"href":"https:\/\/sites.lesia.obspm.fr\/pierre-lena\/wp-json\/wp\/v2\/pages\/55\/revisions"}],"predecessor-version":[{"id":615,"href":"https:\/\/sites.lesia.obspm.fr\/pierre-lena\/wp-json\/wp\/v2\/pages\/55\/revisions\/615"}],"wp:attachment":[{"href":"https:\/\/sites.lesia.obspm.fr\/pierre-lena\/wp-json\/wp\/v2\/media?parent=55"}],"curies":[{"name":"wp","href":"https:\/\/api.w.org\/{rel}","templated":true}]}}