{"id":297,"date":"2026-02-03T17:09:40","date_gmt":"2026-02-03T16:09:40","guid":{"rendered":"https:\/\/sites.lesia.obspm.fr\/pierre-lena\/?page_id=297"},"modified":"2026-05-09T20:57:47","modified_gmt":"2026-05-09T19:57:47","slug":"publications-english","status":"publish","type":"page","link":"https:\/\/sites.lesia.obspm.fr\/pierre-lena\/en\/publications-english\/","title":{"rendered":"Education matters"},"content":{"rendered":"\n<p class=\"has-blue-color has-text-color has-link-color has-medium-font-size wp-elements-02abd8ebeee5e38799242611e65ea613\">Work in progress for this page<\/p>\n\n\n<p>Lecture for <strong>Erasmus Medal 2005,<\/strong> Academia Europeae: Pierre L\u00e9na, <em><a href=\"https:\/\/www.academie-sciences.fr\/pdf\/membre\/LenaP_lecture2005.pdf\">From science to education: the need for a revolution<\/a>.<\/em><\/p>\n<p>Institut de France, formal Session on <strong>Education under the Coupole,<\/strong>\u00a028 Octobre <strong>2008<\/strong>. Pierre L\u00e9na<em>, <a href=\"https:\/\/www.academie-sciences.fr\/pdf\/membre\/sidf281008_lena.pdf\">La science pour tous : illusion ou n\u00e9cessit\u00e9.<\/a><\/em><\/p>\n\n\n<h2 class=\"wp-block-heading\"><strong>School children and science<\/strong>, in France (1995-2026)<\/h2>\n\n\n\n<figure class=\"wp-block-image size-full is-resized\"><a href=\"https:\/\/sites.lesia.obspm.fr\/pierre-lena\/files\/2026\/04\/Holbein-Ecole.jpg\"><img loading=\"lazy\" decoding=\"async\" width=\"375\" height=\"139\" src=\"https:\/\/sites.lesia.obspm.fr\/pierre-lena\/files\/2026\/04\/Holbein-Ecole.jpg\" alt=\"\" class=\"wp-image-566\" style=\"width:670px;height:auto\" srcset=\"https:\/\/sites.lesia.obspm.fr\/pierre-lena\/files\/2026\/04\/Holbein-Ecole.jpg 375w, https:\/\/sites.lesia.obspm.fr\/pierre-lena\/files\/2026\/04\/Holbein-Ecole-300x111.jpg 300w\" sizes=\"auto, (max-width: 375px) 100vw, 375px\" \/><\/a><\/figure>\n\n\n\n<div class=\"wp-block-media-text is-stacked-on-mobile is-vertically-aligned-top\" style=\"grid-template-columns:17% auto\"><figure class=\"wp-block-media-text__media\"><img loading=\"lazy\" decoding=\"async\" width=\"290\" height=\"385\" src=\"https:\/\/sites.lesia.obspm.fr\/pierre-lena\/files\/2026\/04\/LOGO_MAP.jpeg\" alt=\"\" class=\"wp-image-567 size-full\" srcset=\"https:\/\/sites.lesia.obspm.fr\/pierre-lena\/files\/2026\/04\/LOGO_MAP.jpeg 290w, https:\/\/sites.lesia.obspm.fr\/pierre-lena\/files\/2026\/04\/LOGO_MAP-226x300.jpeg 226w\" sizes=\"auto, (max-width: 290px) 100vw, 290px\" \/><\/figure><div class=\"wp-block-media-text__content\">\n<p>Under the impetus of Georges Charpak, Nobel Prize laureate in Physics (1992), together with Yves Qu\u00e9r\u00e9, myself, and with the support of the French Academy of Sciences, <em>La main \u00e0 la p\u00e2te<\/em> was created in 1995 to revive\u2014albeit in a transformed way\u2014the traditional \u201clesson of things\u201d in all primary schools across France. <\/p>\n\n\n\n<p>Our goal was to respond to and stimulate children\u2019s curiosity about natural phenomena, guiding them through the first steps taken by any researcher in science: observing, questioning, experimenting, reflecting, sharing, and expressing themselves with precision. Tested in 344 classrooms, the initiative grew, bringing together primary school teachers who often discovered that science is not inaccessible\u2014neither for them nor for their students\u2014and who found enjoyment in exploring it through inquiry. <\/p>\n\n\n\n<p>In 2011, the <a href=\"https:\/\/fondation-lamap.org\/en\">Foundation <em>La main \u00e0 la p\u00e2te <\/em><\/a>was established through the \u201cInvestments for the Future\u201d public program with the backing of Michel Rocard, former Prime Minister of France. With such continuous effort until 2026, natural sciences\u2014closely linked with mathematics and the practice of the French language\u2014are present, at least in some classrooms, from kindergarten through to the final year of primary school (CM2, i.e. Grade 5).<\/p>\n<\/div><\/div>\n","protected":false},"excerpt":{"rendered":"<p>Work in progress for this page Lecture for Erasmus Medal 2005, Academia Europeae: Pierre L\u00e9na, From science to education: the need for a revolution. Institut de France, formal Session on Education under the Coupole,\u00a028 Octobre 2008. Pierre L\u00e9na, La science &hellip; <a href=\"https:\/\/sites.lesia.obspm.fr\/pierre-lena\/en\/publications-english\/\">Continuer la lecture <span class=\"meta-nav\">&rarr;<\/span><\/a><\/p>\n","protected":false},"author":25,"featured_media":0,"parent":0,"menu_order":0,"comment_status":"closed","ping_status":"open","template":"","meta":{"footnotes":""},"class_list":["post-297","page","type-page","status-publish","hentry"],"_links":{"self":[{"href":"https:\/\/sites.lesia.obspm.fr\/pierre-lena\/wp-json\/wp\/v2\/pages\/297","targetHints":{"allow":["GET"]}}],"collection":[{"href":"https:\/\/sites.lesia.obspm.fr\/pierre-lena\/wp-json\/wp\/v2\/pages"}],"about":[{"href":"https:\/\/sites.lesia.obspm.fr\/pierre-lena\/wp-json\/wp\/v2\/types\/page"}],"author":[{"embeddable":true,"href":"https:\/\/sites.lesia.obspm.fr\/pierre-lena\/wp-json\/wp\/v2\/users\/25"}],"replies":[{"embeddable":true,"href":"https:\/\/sites.lesia.obspm.fr\/pierre-lena\/wp-json\/wp\/v2\/comments?post=297"}],"version-history":[{"count":7,"href":"https:\/\/sites.lesia.obspm.fr\/pierre-lena\/wp-json\/wp\/v2\/pages\/297\/revisions"}],"predecessor-version":[{"id":648,"href":"https:\/\/sites.lesia.obspm.fr\/pierre-lena\/wp-json\/wp\/v2\/pages\/297\/revisions\/648"}],"wp:attachment":[{"href":"https:\/\/sites.lesia.obspm.fr\/pierre-lena\/wp-json\/wp\/v2\/media?parent=297"}],"curies":[{"name":"wp","href":"https:\/\/api.w.org\/{rel}","templated":true}]}}