{"id":295,"date":"2026-02-03T17:08:26","date_gmt":"2026-02-03T16:08:26","guid":{"rendered":"https:\/\/sites.lesia.obspm.fr\/pierre-lena\/?page_id=295"},"modified":"2026-04-22T15:39:41","modified_gmt":"2026-04-22T14:39:41","slug":"presse-et-media-english","status":"publish","type":"page","link":"https:\/\/sites.lesia.obspm.fr\/pierre-lena\/en\/presse-et-media-english\/","title":{"rendered":"Press &amp; Media"},"content":{"rendered":"<p><strong>Astronomy &amp; Education<\/strong><\/p>\n<p><a href=\"https:\/\/sites.lesia.obspm.fr\/pierre-lena\/files\/2026\/04\/BIBLIO-astro-education-media-2026.pdf\">Interviews of Pierre L\u00e9na (Radio &amp; TV), Podcasts, Multimedia<\/a>\u00a0 [mostly in French]<\/p>\n\n\n<h2 class=\"wp-block-heading has-medium-font-size\"><strong>Celebration<\/strong> of the 30th anniversary of <em>La main \u00e0 la p\u00e2te<\/em> (May 13, 2025)<\/h2>\n\n\n\n<figure class=\"wp-block-image size-large\"><a href=\"https:\/\/sites.lesia.obspm.fr\/pierre-lena\/files\/2026\/03\/30-ans-2-1.png\"><img loading=\"lazy\" decoding=\"async\" width=\"1024\" height=\"679\" src=\"https:\/\/sites.lesia.obspm.fr\/pierre-lena\/files\/2026\/03\/30-ans-2-1-1024x679.png\" alt=\"\" class=\"wp-image-414\" srcset=\"https:\/\/sites.lesia.obspm.fr\/pierre-lena\/files\/2026\/03\/30-ans-2-1-1024x679.png 1024w, https:\/\/sites.lesia.obspm.fr\/pierre-lena\/files\/2026\/03\/30-ans-2-1-300x199.png 300w, https:\/\/sites.lesia.obspm.fr\/pierre-lena\/files\/2026\/03\/30-ans-2-1-768x509.png 768w, https:\/\/sites.lesia.obspm.fr\/pierre-lena\/files\/2026\/03\/30-ans-2-1.png 1047w\" sizes=\"auto, (max-width: 1024px) 100vw, 1024px\" \/><\/a><figcaption class=\"wp-element-caption\">Celebrating at the Institut de France,<strong> May 13 2025<\/strong>,<br \/><strong>the 30th anniversary of  <em>La main \u00e0 la p\u00e2te<\/em><\/strong><br \/>&#8211; Center, Fran\u00e7ois Bayrou, Prime Minister<br \/>&#8211; At his right, Elisabeth Borne, Minister of national education,<br \/>&#8211; At his left, Fran\u00e7oise Combes, President of  the Acad\u00e9mie des sciences, then Xavier Darcos, Chancellor<br \/>of the  Institut de France<\/figcaption><\/figure>\n\n\n\n<figure class=\"wp-block-image size-large\"><a href=\"https:\/\/sites.lesia.obspm.fr\/pierre-lena\/files\/2026\/03\/30-ans-1.png\"><img loading=\"lazy\" decoding=\"async\" width=\"1024\" height=\"682\" src=\"https:\/\/sites.lesia.obspm.fr\/pierre-lena\/files\/2026\/03\/30-ans-1-1024x682.png\" alt=\"\" class=\"wp-image-416\" srcset=\"https:\/\/sites.lesia.obspm.fr\/pierre-lena\/files\/2026\/03\/30-ans-1-1024x682.png 1024w, https:\/\/sites.lesia.obspm.fr\/pierre-lena\/files\/2026\/03\/30-ans-1-300x200.png 300w, https:\/\/sites.lesia.obspm.fr\/pierre-lena\/files\/2026\/03\/30-ans-1-768x512.png 768w, https:\/\/sites.lesia.obspm.fr\/pierre-lena\/files\/2026\/03\/30-ans-1.png 1048w\" sizes=\"auto, (max-width: 1024px) 100vw, 1024px\" \/><\/a><figcaption class=\"wp-element-caption\"><strong>Class CM2 (Grade 5) of Mme Solgun, \u00c9cole Sainte-Th\u00e9r\u00e8se, Guillers<\/strong><br \/>Second row : Etienne Ghys, Perp\u00e9tual Secretary, Laure Saint-Raymond (), Alain Aspect &amp; Claudie Haigner\u00e9 (sponsors of the event), Xavier Darcos, Yves Qu\u00e9r\u00e9, cofounder of <em>La main \u00e0 la p\u00e2te<\/em>, Fran\u00e7oise Combes, Daniel Rouan, second president of <em>La  main \u00e0 la p\u00e2te<\/em>, <br \/>Third row : Claude Jaupart, Delegate for education and training, Didier Roux, president of <em>La main \u00e0 la p\u00e2te<\/em>, Etienne Klein (sponsor), Antoine Triller, Perp\u00e9tual Secretary, Pascale Cossart, Pierre L\u00e9na, cofounder and <br \/>first  president of the Fondation <em>La main \u00e0 la p\u00e2te<\/em><\/figcaption><\/figure>\n\n\n\n<p><\/p>\n","protected":false},"excerpt":{"rendered":"<p>Astronomy &amp; Education Interviews of Pierre L\u00e9na (Radio &amp; TV), Podcasts, Multimedia\u00a0 [mostly in French] Celebration of the 30th anniversary of La main \u00e0 la p\u00e2te (May 13, 2025)<\/p>\n","protected":false},"author":25,"featured_media":0,"parent":0,"menu_order":0,"comment_status":"closed","ping_status":"closed","template":"","meta":{"footnotes":""},"class_list":["post-295","page","type-page","status-publish","hentry"],"_links":{"self":[{"href":"https:\/\/sites.lesia.obspm.fr\/pierre-lena\/wp-json\/wp\/v2\/pages\/295","targetHints":{"allow":["GET"]}}],"collection":[{"href":"https:\/\/sites.lesia.obspm.fr\/pierre-lena\/wp-json\/wp\/v2\/pages"}],"about":[{"href":"https:\/\/sites.lesia.obspm.fr\/pierre-lena\/wp-json\/wp\/v2\/types\/page"}],"author":[{"embeddable":true,"href":"https:\/\/sites.lesia.obspm.fr\/pierre-lena\/wp-json\/wp\/v2\/users\/25"}],"replies":[{"embeddable":true,"href":"https:\/\/sites.lesia.obspm.fr\/pierre-lena\/wp-json\/wp\/v2\/comments?post=295"}],"version-history":[{"count":8,"href":"https:\/\/sites.lesia.obspm.fr\/pierre-lena\/wp-json\/wp\/v2\/pages\/295\/revisions"}],"predecessor-version":[{"id":547,"href":"https:\/\/sites.lesia.obspm.fr\/pierre-lena\/wp-json\/wp\/v2\/pages\/295\/revisions\/547"}],"wp:attachment":[{"href":"https:\/\/sites.lesia.obspm.fr\/pierre-lena\/wp-json\/wp\/v2\/media?parent=295"}],"curies":[{"name":"wp","href":"https:\/\/api.w.org\/{rel}","templated":true}]}}