{"id":293,"date":"2026-02-03T17:07:35","date_gmt":"2026-02-03T16:07:35","guid":{"rendered":"https:\/\/sites.lesia.obspm.fr\/pierre-lena\/?page_id=293"},"modified":"2026-05-11T18:10:42","modified_gmt":"2026-05-11T17:10:42","slug":"liens-et-contacts-english","status":"publish","type":"page","link":"https:\/\/sites.lesia.obspm.fr\/pierre-lena\/en\/liens-et-contacts-english\/","title":{"rendered":"Articles &#8211; Books &#8211; Talks"},"content":{"rendered":"<p>Discover and download (if so wished)<strong> the publications&rsquo; lists<\/strong> of Pierre L\u00e9na, organized by themes. Just clic on the relevant theme : \u00a0<\/p>\n<p><a href=\"https:\/\/sites.lesia.obspm.fr\/pierre-lena\/files\/2026\/04\/BIBLIO_2026_astro-ref.pdf\">Astrophysics<em>&#8211;\u00a0 <strong>Reviewed articles<\/strong><\/em><\/a><\/p>\n<p><a href=\"https:\/\/sites.lesia.obspm.fr\/pierre-lena\/files\/2026\/04\/export-bibtex-ads-gravity-collab-2017-2026.pdf\">Astrophysics &#8211;<strong> GRAVITY<\/strong><\/a> <strong>Collaboration (2017-2026)<\/strong> on the Very Large Telescope VLT &#8211; <em><strong>Reviewed article<\/strong>s<\/em>.\u00a0 \u00a0 \u00a0 \u00a0 \u00a0 \u00a0 \u00a0 \u00a0 \u00a0 \u00a0 \u00a0 \u00a0 \u00a0 \u00a0 \u00a0 \u00a0 \u00a0 \u00a0 \u00a0 \u00a0 \u00a0 \u00a0 \u00a0 \u00a0 \u00a0 \u00a0 \u00a0 \u00a0 \u00a0 \u00a0 \u00a0 \u00a0 \u00a0 \u00a0 \u00a0 \u00a0 \u00a0 \u00a0 \u00a0 \u00a0 \u00a0 \u00a0 \u00a0 \u00a0 \u00a0 \u00a0 \u00a0 \u00a0 \u00a0 \u00a0 \u00a0 \u00a0 \u00a0 \u00a0 \u00a0 \u00a0 Given the size of this large collaboration, where Pierre L\u00e9na&rsquo;s role was limited to its early steps, the scientific production of Gravity is separetely presented here.\u00a0 \u00a0 <em>\u00a0 \u00a0 \u00a0 \u00a0<\/em><\/p>\n<p><a href=\"https:\/\/sites.lesia.obspm.fr\/pierre-lena\/files\/2026\/04\/BIBLIO-astro-LIVRES-2026.pdf\">Astrophysics &#8211;<strong><em>Books<\/em> <\/strong><\/a><\/p>\n<p><a href=\"https:\/\/sites.lesia.obspm.fr\/pierre-lena\/files\/2026\/04\/BIBLIO-astro-conf-invit-2026.pdf\">Astrophysics &#8211; <\/a><em><strong>Invited talks<\/strong> <\/em>(limited to years 2000-2025)<\/p>\n<p><a href=\"https:\/\/sites.lesia.obspm.fr\/pierre-lena\/files\/2026\/04\/BIBLIO-2026-science-societe-education-LIVRES-2026.pdf\">Science, Society, Education <\/a>&#8211; <em><strong>Books<\/strong><\/em><\/p>\n<p><a href=\"https:\/\/sites.lesia.obspm.fr\/pierre-lena\/files\/2026\/04\/BIBLIO-2026-education-articlescontrib.pdf\">Education &#8211;<strong><em> Articles &amp; Contributions<\/em><\/strong><\/a> (limited to years 2000-2025)<\/p>\n<p><a href=\"https:\/\/sites.lesia.obspm.fr\/pierre-lena\/files\/2026\/04\/BIBLIO-2026-sciencesociete.pdf\">Science &amp; society<\/a> &#8211; <em><strong>Articles<\/strong> <\/em>(limited to years 1990-2026)<\/p>\n<p><a href=\"https:\/\/sites.lesia.obspm.fr\/pierre-lena\/files\/2026\/04\/PREFACES19602025_maj2026.pdf\"><strong><em>Forewords of books<\/em><\/strong><\/a><\/p>\n<p>&nbsp;<\/p>\n<p><b>RECENT BOOKS<\/b>\u00a0:<\/p>\n<p>2024. L\u00e9na, P. &amp; Grataloup, C.<em><strong> Atlas historique du ciel <\/strong><\/em>(with Hespel L., Pajot P. &amp; L\u00e9gendes Cartographie). Les Ar\u00e8nes, Paris. [2025. Translated in Dutch : <em>Historische atlas van het heelal<\/em>, Nieuw Amsterdam. In italian : <em>Atlante storico del cielo<\/em>. L&rsquo;ippocampo]. <strong>In press<\/strong>, translations in German (Beck), English (Thames &amp; Hudson, London), Chinese (SSTE, Shanghai), Japanese (Nikkei National Geographic), Polish (Sonia Draga), Russian (AST)].\u00a0\u00a0<\/p>\n<p>2023. L\u00e9na, P. &amp; Koutchmy, S. <em><strong>Soleils \u00e9clips\u00e9s. Supersonique Concorde 001, couronne solaire et exoplan\u00e8tes<\/strong><\/em>. EDPsciences. [2025. <em><strong>Eclipsed Suns, the solar Corona and Exoplanets. From Concorde 001 to Telescopes in Space<\/strong> , <\/em>Springer]<\/p>\n<p>2019. L\u00e9na, P. <em><strong>Une<\/strong><strong> Histoire de flou. Miroirs, trous noirs et autres mondes<\/strong><\/em>. Le Pommier, Paris. [2020. <strong><em>Astronomy&rsquo;s Quest for Sharp Images. From Blurred Pictures to the Very Large Telescope<\/em><\/strong>. Springer].<\/p>\n<p>2015. Harlen, W.<strong><em> Id\u00e9es de science, Id\u00e9es sur la science. Pour enseigner les sciences de la maternelle \u00e0 la 3e <\/em><\/strong><strong><em>.<\/em><\/strong> Foreword &amp; contribution from P.L\u00e9na<strong> : <\/strong>. Pour la mise en \u0153uvre du Socle commun . Le Pommier, Paris.<em> (Translated from <strong>Big Ideas in Science Education<\/strong> )<\/em><\/p>\n<p>2008. L\u00e9na, P., Rouan D. (avec Lebrun F., Mignard, F., Pelat D.). <em><strong>L&rsquo;observation en astrophysique<\/strong><\/em>. [2012. <strong><em>Observational Astrophysics<\/em>,<\/strong> Springer, Heidelberg &amp; New-York. 2015. Translated in Chinese by\u00a0 Chauvet L., Sun Weixin, Hu Jingyao : \u00a0<strong>\u89c2\u6d4b\u5929\u4f53\u7269\u7406\u5b66<\/strong>\uff0cScientific &amp; Technological Publications, Beijing]<\/p>\n<p>2012.<strong> <em>Enseigner, c&rsquo;est esp\u00e9rer<\/em>.<\/strong> Le Pommier, Paris.<\/p>\n<p><a href=\"https:\/\/sites.lesia.obspm.fr\/pierre-lena\/files\/2026\/05\/cover_blur.png\"><img loading=\"lazy\" decoding=\"async\" class=\"alignnone  wp-image-689\" src=\"https:\/\/sites.lesia.obspm.fr\/pierre-lena\/files\/2026\/05\/cover_blur-224x300.png\" alt=\"\" width=\"157\" height=\"210\" srcset=\"https:\/\/sites.lesia.obspm.fr\/pierre-lena\/files\/2026\/05\/cover_blur-224x300.png 224w, https:\/\/sites.lesia.obspm.fr\/pierre-lena\/files\/2026\/05\/cover_blur.png 564w\" sizes=\"auto, (max-width: 157px) 100vw, 157px\" \/><\/a><a href=\"https:\/\/sites.lesia.obspm.fr\/pierre-lena\/files\/2025\/11\/cover_atlas-scaled.jpg\"><img loading=\"lazy\" decoding=\"async\" class=\"alignnone  wp-image-172\" src=\"https:\/\/sites.lesia.obspm.fr\/pierre-lena\/files\/2025\/11\/cover_atlas-225x300.jpg\" alt=\"\" width=\"147\" height=\"196\" srcset=\"https:\/\/sites.lesia.obspm.fr\/pierre-lena\/files\/2025\/11\/cover_atlas-225x300.jpg 225w, https:\/\/sites.lesia.obspm.fr\/pierre-lena\/files\/2025\/11\/cover_atlas-768x1024.jpg 768w, https:\/\/sites.lesia.obspm.fr\/pierre-lena\/files\/2025\/11\/cover_atlas-1152x1536.jpg 1152w, https:\/\/sites.lesia.obspm.fr\/pierre-lena\/files\/2025\/11\/cover_atlas-1536x2048.jpg 1536w, https:\/\/sites.lesia.obspm.fr\/pierre-lena\/files\/2025\/11\/cover_atlas-scaled.jpg 1920w\" sizes=\"auto, (max-width: 147px) 100vw, 147px\" \/><\/a><a href=\"https:\/\/sites.lesia.obspm.fr\/pierre-lena\/files\/2026\/02\/COVER_eclipse_ENG.png\"><img loading=\"lazy\" decoding=\"async\" class=\"alignnone  wp-image-381\" src=\"https:\/\/sites.lesia.obspm.fr\/pierre-lena\/files\/2026\/02\/COVER_eclipse_ENG-201x300.png\" alt=\"\" width=\"132\" height=\"197\" srcset=\"https:\/\/sites.lesia.obspm.fr\/pierre-lena\/files\/2026\/02\/COVER_eclipse_ENG-201x300.png 201w, https:\/\/sites.lesia.obspm.fr\/pierre-lena\/files\/2026\/02\/COVER_eclipse_ENG.png 375w\" sizes=\"auto, (max-width: 132px) 100vw, 132px\" \/><\/a><a href=\"https:\/\/sites.lesia.obspm.fr\/pierre-lena\/files\/2025\/11\/cover_astro12_springer.jpeg\"><img loading=\"lazy\" decoding=\"async\" class=\"wp-image-174 alignright\" src=\"https:\/\/sites.lesia.obspm.fr\/pierre-lena\/files\/2025\/11\/cover_astro12_springer-183x300.jpeg\" alt=\"\" width=\"140\" height=\"230\" srcset=\"https:\/\/sites.lesia.obspm.fr\/pierre-lena\/files\/2025\/11\/cover_astro12_springer-183x300.jpeg 183w, https:\/\/sites.lesia.obspm.fr\/pierre-lena\/files\/2025\/11\/cover_astro12_springer-625x1024.jpeg 625w, https:\/\/sites.lesia.obspm.fr\/pierre-lena\/files\/2025\/11\/cover_astro12_springer-768x1258.jpeg 768w, https:\/\/sites.lesia.obspm.fr\/pierre-lena\/files\/2025\/11\/cover_astro12_springer-938x1536.jpeg 938w, https:\/\/sites.lesia.obspm.fr\/pierre-lena\/files\/2025\/11\/cover_astro12_springer.jpeg 1135w\" sizes=\"auto, (max-width: 140px) 100vw, 140px\" \/><\/a><\/p>\n<p>&nbsp;<\/p>\n\n\n<h2 class=\"wp-block-heading has-medium-font-size\">Invited talks <\/h2>\n\n\n\n<p><\/p>\n","protected":false},"excerpt":{"rendered":"<p>Discover and download (if so wished) the publications&rsquo; lists of Pierre L\u00e9na, organized by themes. Just clic on the relevant theme : \u00a0 Astrophysics&#8211;\u00a0 Reviewed articles Astrophysics &#8211; GRAVITY Collaboration (2017-2026) on the Very Large Telescope VLT &#8211; Reviewed articles.\u00a0 &hellip; <a href=\"https:\/\/sites.lesia.obspm.fr\/pierre-lena\/en\/liens-et-contacts-english\/\">Continuer la lecture <span class=\"meta-nav\">&rarr;<\/span><\/a><\/p>\n","protected":false},"author":25,"featured_media":0,"parent":0,"menu_order":0,"comment_status":"closed","ping_status":"closed","template":"","meta":{"footnotes":""},"class_list":["post-293","page","type-page","status-publish","hentry"],"_links":{"self":[{"href":"https:\/\/sites.lesia.obspm.fr\/pierre-lena\/wp-json\/wp\/v2\/pages\/293","targetHints":{"allow":["GET"]}}],"collection":[{"href":"https:\/\/sites.lesia.obspm.fr\/pierre-lena\/wp-json\/wp\/v2\/pages"}],"about":[{"href":"https:\/\/sites.lesia.obspm.fr\/pierre-lena\/wp-json\/wp\/v2\/types\/page"}],"author":[{"embeddable":true,"href":"https:\/\/sites.lesia.obspm.fr\/pierre-lena\/wp-json\/wp\/v2\/users\/25"}],"replies":[{"embeddable":true,"href":"https:\/\/sites.lesia.obspm.fr\/pierre-lena\/wp-json\/wp\/v2\/comments?post=293"}],"version-history":[{"count":7,"href":"https:\/\/sites.lesia.obspm.fr\/pierre-lena\/wp-json\/wp\/v2\/pages\/293\/revisions"}],"predecessor-version":[{"id":690,"href":"https:\/\/sites.lesia.obspm.fr\/pierre-lena\/wp-json\/wp\/v2\/pages\/293\/revisions\/690"}],"wp:attachment":[{"href":"https:\/\/sites.lesia.obspm.fr\/pierre-lena\/wp-json\/wp\/v2\/media?parent=293"}],"curies":[{"name":"wp","href":"https:\/\/api.w.org\/{rel}","templated":true}]}}