{"id":269,"date":"2026-02-03T16:06:47","date_gmt":"2026-02-03T15:06:47","guid":{"rendered":"https:\/\/sites.lesia.obspm.fr\/pierre-lena\/?page_id=269"},"modified":"2026-03-31T20:05:07","modified_gmt":"2026-03-31T19:05:07","slug":"carriere-et-cv","status":"publish","type":"page","link":"https:\/\/sites.lesia.obspm.fr\/pierre-lena\/en\/carriere-et-cv\/","title":{"rendered":"Professional career &amp; CV"},"content":{"rendered":"<p style=\"text-align: center\"><strong>FULL CV<\/strong><\/p>\n<p>Read or download the full CV : <a href=\"https:\/\/sites.lesia.obspm.fr\/pierre-lena\/files\/2026\/03\/CV_Pierre_Lena_2026.pdf\">https:\/\/sites.lesia.obspm.fr\/pierre-lena\/files\/2026\/03\/CV_Pierre_Lena_2026.pdf<\/a><\/p>\n<p style=\"text-align: center\"><strong>EDUCATION \u00a0<\/strong><\/p>\n<p>Lyc\u00e9e Janson-de-Sailly, Paris (1948-1956)<\/p>\n<p>\u00c9cole normale sup\u00e9rieure, Paris (1956-1960)<\/p>\n<p>Agr\u00e9gation de sciences physiques (1960)<\/p>\n<p>Doctorat d\u2019\u00c9tat en physique, Sorbonne, Paris (1969)<\/p>\n<p>\u00ab\u00a0<em>Research on the <\/em><em>continuous<\/em><em> radiation of the Sun between 1.5 and 500 <\/em><em>micrometers<\/em>\u00ab\u00a0, directed by Jean-Claude Pecker<\/p>\n<p style=\"text-align: center\"><strong>POSITIONS\u00a0<\/strong><\/p>\n<p>2004-present: Emeritus Professor, Observatoire de Paris &amp; Universit\u00e9 Paris-Cit\u00e9<\/p>\n<p>1973-2004: \u00a0\u00a0\u00a0\u00a0 Full Professor, Universit\u00e9 Paris-Diderot (Paris 7, today Paris-Cit\u00e9)<\/p>\n<p>1975-1976: \u00a0\u00a0\u00a0\u00a0 Visiting Scientist, Kitt Peak National Observatory (Tucson, Arizona, USA<\/p>\n<p>1972-1973: \u00a0\u00a0\u00a0\u00a0 Assistant Professor, Universit\u00e9 Paris 7<\/p>\n<p>1970-1971: \u00a0\u00a0\u00a0\u00a0 Assistant Professor, Sorbonne (Orsay Center)<\/p>\n<p>1969-1970: \u00a0\u00a0\u00a0\u00a0 Lecturer (Astrophysics), Sorbonne, Paris<\/p>\n<p>1968-1969: \u00a0\u00a0\u00a0\u00a0 Ma\u00eetre-Assistant, Sorbonne (Orsay Center)<\/p>\n<p>1966-1968: \u00a0\u00a0\u00a0\u00a0 Research Associate, Kitt Peak National Observatory (Arizona, USA), then Visiting Scientist, High Altitude Observatory (Boulder, Colorado, USA)<\/p>\n<p>1960-1965: \u00a0\u00a0\u00a0\u00a0 Ma\u00eetre-Assistant, Sorbonne (Orsay Center)<\/p>\n<p style=\"text-align: center\"><strong>ACADEMIES<\/strong><\/p>\n<p><strong>2005: <\/strong>Member, Academia Europaea<\/p>\n<p><strong>2001: <\/strong>Member, Pontifical Academy of Sciences, The Vatican<\/p>\n<p><strong>1991: <\/strong>Member, Acad\u00e9mie des sciences, France<\/p>\n<p style=\"text-align: center\">Foreign Member of:<\/p>\n<p>the <em>Royal Society of Sciences<\/em> (Li\u00e8ge, Belgium), the <em>Academia de Educacion<\/em> (Argentina), the <em>National Academy of Exact, Physical, and Natural Sciences<\/em> (Argentina), the <em>Academy of Physical, Mathematical, and Natural Sciences<\/em> (Venezuela), the <em>Academia Chilena de Ciencias<\/em> (Chile), the <em>National Academy of educational sciences of Ukraine <\/em>(Kyiv)<em>,<\/em> the<em> Serbian academy of sciences and arts <\/em>(Serbia)<\/p>\n<p style=\"text-align: center\"><strong>PROFESSIONAL RESPONSIBILITIES<\/strong><\/p>\n<p><em>TEACHING &amp; SUPPORT TO EDUCATION<\/em><\/p>\n<p>2018-2022: \u00a0\u00a0\u00a0\u00a0 Founder &amp; President, <em>Office for Climate Education<\/em> (OCE), Paris,<\/p>\n<p>\u00a0\u00a0\u00a0\u00a0\u00a0\u00a0\u00a0\u00a0\u00a0\u00a0\u00a0\u00a0\u00a0\u00a0\u00a0\u00a0\u00a0\u00a0\u00a0\u00a0\u00a0\u00a0\u00a0 then 2022-present: Honorary President<\/p>\n<p>2010-2014: \u00a0\u00a0\u00a0\u00a0 Co-Founder &amp; President, Fondation <em>La main \u00e0 la p\u00e2te, <\/em>Paris, then 2022-present: Honorary President<\/p>\n<p>2005-2011: \u00a0\u00a0\u00a0\u00a0 Delegate for Education and Training, Acad\u00e9mie des sciences, Paris<\/p>\n<p>1991-1997: \u00a0\u00a0\u00a0\u00a0 President, INRP (National Institute of Educational Research), Paris<\/p>\n<p>1996-2004: \u00a0\u00a0\u00a0\u00a0 Head (with some breaks), Graduate School \u201c<em>Astronomie &amp; Astrophysique d\u2019Ile-de-France<\/em>\u201d (Universit\u00e9 Paris VII, then Observatoire de Paris)<\/p>\n<p>1976-1996:\u00a0\u00a0\u00a0\u00a0\u00a0 Head,\u00a0DEA \u00ab\u00a0<em>Astrophysique &amp; Techniques spatiales<\/em>\u00a0\u00bb (Graduate studies), Univ. Paris 7<\/p>\n<p>1986-1994\u00a0:\u00a0\u00a0\u00a0\u00a0 Professor, Magist\u00e8re interuniversitaire, \u00c9cole Normale Sup\u00e9rieure, Paris<\/p>\n<p style=\"text-align: center\"><strong>OTHER PROFESSIONAL RESPONSIBILITIES<\/strong><\/p>\n<p><em>POLICIES in EDUCATION, ASTRONOMY &amp; PHYSICS<\/em><\/p>\n<p>2004-2010: Member, <em>Fachbeirat<\/em>, Max Planck Institute for Astronomy (Heidelberg) &amp;\u00a0 Max Planck\u00a0\u00a0\u00a0\u00a0\u00a0\u00a0\u00a0\u00a0\u00a0\u00a0 Institute for Extraterrestrial Physics, Garching (Germany)<\/p>\n<p>2003-2007: President, <em>Ethics Committee for Science<\/em>, CNRS, Paris<\/p>\n<p>2005-2010: Chair, <em>Global Education Council<\/em>, InterAcademy Partnership (IAP), Trieste (Italy)<\/p>\n<p>2002-2007: Vice-President, Association Bernard-Gregory, Paris<\/p>\n<p>1994-1998: Head, National Research Program <em>Haute r\u00e9solution angulaire en astrophysique<\/em>,<\/p>\n<p>CNRS\/INSU<\/p>\n<p>1991-1993: Member, Scientific Council, Observatoire de Paris<\/p>\n<p>1989-1993: Chair, Committee for PhDs\u2019 support (Natural Environments), Research Ministry, Paris<\/p>\n<p>1986-1993: Member, Committee of Major Research Facilities, Research Ministry, Paris<\/p>\n<p>1989-1992: Member, Editorial Board, <em>Astronomy &amp; Astrophysics Review<\/em><\/p>\n<p>1989-1990: Member, <em>French UNESCO National Commission<\/em>, Paris<\/p>\n<p>1989-1990: President, <em>French Physical Society<\/em> (Vice-President in 1988 and 1990)<\/p>\n<p>1988-1992: Member, Scientific Council, CNRS, Paris<\/p>\n<p>1987-1990: Member, \u201c<em>World Development in Astronomy<\/em>\u201d Working group, International<\/p>\n<p>Astronomical Union<\/p>\n<p>1987-1991: Member, Council, <em>French Society of Astronomy Specialists<\/em> (SF2A), Paris<\/p>\n<p>1986-1993: Scientific representative of France, <em>Council <\/em>of the European Southern<\/p>\n<p>\u00a0\u00a0\u00a0\u00a0\u00a0\u00a0\u00a0\u00a0 \u00a0 Observatory, Garching (Germany)<\/p>\n<p>1986-1990: President, <em>French European Southern Observatory Committee<\/em>, Ministry of Foreign<\/p>\n<p>Affairs, Paris<\/p>\n<p>1986-1989: President, <em>Committee for the Selection of Cooperants<\/em> (VSNA), Institut national<\/p>\n<p>d\u2019astronomie et de g\u00e9ophysique (INAG\/CNRS), Paris<\/p>\n<p>1986-1988 and 1992-1994: <em>Inter-University Degree in Physics,<\/em> \u00c9cole Normale Sup\u00e9rieure<\/p>\n<p>1984-1988: Member, <em>Fachbeirat<\/em>, Max Planck Institute for Radio Astronomy (Bonn, Germany)<\/p>\n<p>1984-1987: Chairman, <em>Interferometry Working Group<\/em>, European Southern Observatory, Garching<\/p>\n<p>(Germany)<\/p>\n<p>1983-1986: Member, <em>VLT Advisory Committee<\/em>, European Southern Observatory, Garching<\/p>\n<p>(Germany)<\/p>\n<p>1981-1986: Advisor, <em>Mission de la recherche<\/em>, Minist\u00e8re de l\u2019\u00e9ducation nationale, Paris<\/p>\n<p>1981-1986: Member, <em>Scientific Programs Committee<\/em>, Centre national d\u2019\u00e9tudes spatiales (CNES),<\/p>\n<p>Paris<\/p>\n<p>1980-1986: Member, <em>National Committee for Universe Sciences<\/em>, Section (7,18), CNRS, Paris<\/p>\n<p>1978-1984: Member, <em>Council<\/em>, Institut national d\u2019astronomie et de g\u00e9ophysique (INAG\/CNRS), Paris<\/p>\n<p>1978-1983: Member, <em>Council of Observatories and Institutes of Earth Physics,<\/em> Minist\u00e8re de<\/p>\n<p>l\u2019\u00e9ducation nationale, Paris<\/p>\n<p>1977-1982: President, then Member, <em>Scientific &amp; Technical Committee<\/em>, European<\/p>\n<p>\u00a0\u00a0\u00a0\u00a0\u00a0\u00a0\u00a0\u00a0 \u00a0 Southern Observatory, Garching, (Germany)<\/p>\n<p>1976-1980: Member, <em><u>Astronomy Working Group,<\/u><\/em> European Space Agency, Paris<\/p>\n<p>1975-1977: Member, <em>University Advisory Committee<\/em> &amp; 1992-1996: <em>National Council of<\/em><\/p>\n<p><em>\u00a0\u00a0\u00a0\u00a0\u00a0\u00a0\u00a0\u00a0 \u00a0 Universities<\/em> (CNU), Paris<\/p>\n<p>1973-1975: Member, <em>Space Shuttle Management Working Group<\/em>, European Space<\/p>\n<p>\u00a0\u00a0\u00a0\u00a0\u00a0\u00a0\u00a0\u00a0 \u00a0 Agency &amp; NASA, Paris &amp; Washington D.C.<\/p>\n<p>&nbsp;<\/p>\n<p style=\"text-align: center\"><em>PUBLIC OUTREACH OF SCIENCE<\/em><\/p>\n<p>2000-2005: Scientific Committee, <em>Fondation des Treilles<\/em>, Tourtour (Var, France)<\/p>\n<p>1996-2015: Member, Editorial Committee of \u201c<em>Science au Present<\/em>\u201d yearly encyclopedia, Encyclopedia<\/p>\n<p>\u00a0\u00a0\u00a0\u00a0\u00a0\u00a0\u00a0\u00a0 Universalis, Paris<\/p>\n<p>1992-1995: Member, Advisory Program Committee, ARTE France-Germany Television channel,<\/p>\n<p>\u00a0\u00a0\u00a0\u00a0\u00a0\u00a0\u00a0\u00a0 Strasbourg<\/p>\n<p>1989-1993: Member, Scientific Committee, Science magazine <em>La Recherche, <\/em>Paris<\/p>\n<p>1978-1984:\u00a0 Member, <em>Scientific Committee<\/em> design of the Cit\u00e9 des sciences, then Scientific advisor, Public Establishment La Villette\/Cit\u00e9 des sciences et de l\u2019industrie, Paris<\/p>\n<p>&nbsp;<\/p>\n<p>&nbsp;<\/p>\n<p>&nbsp;<\/p>\n\n\n<p class=\"has-blue-color has-text-color has-link-color wp-elements-173987c3113f5607f84f3071a761f5bd\"><\/p>\n\n\n\n<p class=\"has-blue-color has-text-color has-link-color wp-elements-173987c3113f5607f84f3071a761f5bd\"><\/p>\n\n\n\n<p><\/p>\n\n\n\n<p><\/p>\n\n\n\n<p><\/p>\n\n\n\n<p><\/p>\n\n\n\n<p><\/p>\n\n\n\n<p><\/p>\n\n\n\n<p><\/p>\n","protected":false},"excerpt":{"rendered":"<p>FULL CV Read or download the full CV : https:\/\/sites.lesia.obspm.fr\/pierre-lena\/files\/2026\/03\/CV_Pierre_Lena_2026.pdf EDUCATION \u00a0 Lyc\u00e9e Janson-de-Sailly, Paris (1948-1956) \u00c9cole normale sup\u00e9rieure, Paris (1956-1960) Agr\u00e9gation de sciences physiques (1960) Doctorat d\u2019\u00c9tat en physique, Sorbonne, Paris (1969) \u00ab\u00a0Research on the continuous radiation of the &hellip; <a href=\"https:\/\/sites.lesia.obspm.fr\/pierre-lena\/en\/carriere-et-cv\/\">Continuer la lecture <span class=\"meta-nav\">&rarr;<\/span><\/a><\/p>\n","protected":false},"author":25,"featured_media":0,"parent":0,"menu_order":0,"comment_status":"closed","ping_status":"closed","template":"","meta":{"footnotes":""},"class_list":["post-269","page","type-page","status-publish","hentry"],"_links":{"self":[{"href":"https:\/\/sites.lesia.obspm.fr\/pierre-lena\/wp-json\/wp\/v2\/pages\/269","targetHints":{"allow":["GET"]}}],"collection":[{"href":"https:\/\/sites.lesia.obspm.fr\/pierre-lena\/wp-json\/wp\/v2\/pages"}],"about":[{"href":"https:\/\/sites.lesia.obspm.fr\/pierre-lena\/wp-json\/wp\/v2\/types\/page"}],"author":[{"embeddable":true,"href":"https:\/\/sites.lesia.obspm.fr\/pierre-lena\/wp-json\/wp\/v2\/users\/25"}],"replies":[{"embeddable":true,"href":"https:\/\/sites.lesia.obspm.fr\/pierre-lena\/wp-json\/wp\/v2\/comments?post=269"}],"version-history":[{"count":12,"href":"https:\/\/sites.lesia.obspm.fr\/pierre-lena\/wp-json\/wp\/v2\/pages\/269\/revisions"}],"predecessor-version":[{"id":486,"href":"https:\/\/sites.lesia.obspm.fr\/pierre-lena\/wp-json\/wp\/v2\/pages\/269\/revisions\/486"}],"wp:attachment":[{"href":"https:\/\/sites.lesia.obspm.fr\/pierre-lena\/wp-json\/wp\/v2\/media?parent=269"}],"curies":[{"name":"wp","href":"https:\/\/api.w.org\/{rel}","templated":true}]}}