{"id":2,"date":"2015-07-03T10:25:55","date_gmt":"2015-07-03T09:25:55","guid":{"rendered":"http:\/\/sites.lesia.obspm.fr\/pierre-lena\/?page_id=2"},"modified":"2026-04-21T16:57:29","modified_gmt":"2026-04-21T15:57:29","slug":"page-d-exemple","status":"publish","type":"page","link":"https:\/\/sites.lesia.obspm.fr\/pierre-lena\/page-d-exemple\/","title":{"rendered":"Publications"},"content":{"rendered":"<p>D\u00e9couvrez et t\u00e9l\u00e9chargez <strong>les listes de publications<\/strong> de Pierre L\u00e9na, organis\u00e9es par th\u00e8me,\u00a0en cliquant sur les liens ci-dessous.<\/p>\n<p><a href=\"https:\/\/sites.lesia.obspm.fr\/pierre-lena\/files\/2026\/04\/BIBLIO_2026_astro-ref.pdf\">Astrophysique &#8211;<strong> Articles rang A<\/strong>\/<em>Astrophysics-Reviewed articles<\/em><\/a><\/p>\n<p><a href=\"https:\/\/sites.lesia.obspm.fr\/pierre-lena\/files\/2026\/04\/export-bibtex-ads-gravity-collab-2017-2026.pdf\">Astrophysique &#8211;<strong> Collaboration GRAVITY<\/strong><\/a> sur le VLT-Articles rang A 2017-2026\u00a0 \u00a0 <em>\u00a0 \u00a0 \u00a0 \u00a0 \u00a0<\/em>Vu la taille de cette large collaboration, o\u00f9 le r\u00f4le de Pierre L\u00e9na s&rsquo;est limit\u00e9 \u00e0 ses premiers pas, la production scientifique Gravity est ici pr\u00e9sent\u00e9e s\u00e9par\u00e9ment.<\/p>\n<p><a href=\"https:\/\/sites.lesia.obspm.fr\/pierre-lena\/files\/2026\/04\/BIBLIO-astro-LIVRES-2026.pdf\">Astrophysique &#8211; <strong>Livres<\/strong><\/a><\/p>\n<p><a href=\"https:\/\/sites.lesia.obspm.fr\/pierre-lena\/files\/2026\/04\/BIBLIO-astro-conf-invit-2026.pdf\">Astrophysique-<strong> Conf\u00e9rences invit\u00e9es<\/strong><\/a><strong>\/<\/strong>Invited talks (limit\u00e9 aux ann\u00e9es 2000-2025)<\/p>\n<p><a href=\"https:\/\/sites.lesia.obspm.fr\/pierre-lena\/files\/2026\/04\/BIBLIO-2026-science-societe-education-LIVRES-2026.pdf\">Science, Soci\u00e9t\u00e9, \u00c9ducation <\/a>&#8211; <strong>Livres<\/strong><\/p>\n<p><a href=\"https:\/\/sites.lesia.obspm.fr\/pierre-lena\/files\/2026\/04\/BIBLIO-2026-education-articlescontrib.pdf\">Education &#8211;<strong> Articles &amp; Contributions<\/strong><\/a> (limit\u00e9 aux ann\u00e9es 2000-2025)<\/p>\n<p><a href=\"https:\/\/sites.lesia.obspm.fr\/pierre-lena\/files\/2026\/04\/BIBLIO-2026-sciencesociete.pdf\">Science et soci\u00e9t\u00e9<\/a> &#8211; <strong>Articles<\/strong> (limit\u00e9 aux ann\u00e9es 1990-2026)<\/p>\n<p><a href=\"https:\/\/sites.lesia.obspm.fr\/pierre-lena\/files\/2026\/04\/PREFACES19602025_maj2026.pdf\">Pr\u00e9faces de livres<\/a>\/<em>Forewords of book<\/em><\/p>\n<p>&nbsp;<\/p>\n<p><b>LIVRES R\u00c9CENTS<\/b>\u00a0:<\/p>\n<p>2024. L\u00e9na, P. &amp; Grataloup, C.<em><strong> Atlas historique du ciel <\/strong><\/em>(avec Hespel L., Pajot P. &amp; L\u00e9gendes Cartographie).\u00a0Les Ar\u00e8nes, Paris. [2025. Traduit en n\u00e9erlandais : <em>Historische atlas van het heelal<\/em>, Nieuw Amsterdam. En italien : <em>Atlante storico del cielo<\/em>. L&rsquo;ippocampo]. En cours, traductions en allemand, anglais, chinois (Shanghai), japonais, russe.<\/p>\n<p>2023. L\u00e9na, P. &amp; Koutchmy, S. <em><strong>Soleils \u00e9clips\u00e9s. Supersonique Concorde 001, couronne solaire et exoplan\u00e8tes<\/strong><\/em>. EDPsciences. [2025. Traduit en anglais : <em>Chasing the Moon&rsquo;s shadow with Concorde 001, <\/em>Springer]<\/p>\n<p>2019. L\u00e9na, P. <em><strong>Une<\/strong><strong><em> H<\/em>istoire de flou. Miroirs, trous noirs et autres mondes<\/strong><\/em>. Le Pommier, Paris. [2020. Traduit en anglais : <em>Astronomy&rsquo;s Quest for Sharp Images. From Blurred Pictures to the Very large Telescope<\/em>. Springer].<\/p>\n<p>2015. Harlen, W.<strong><em> Id\u00e9es de science, Id\u00e9es sur la science. Pour enseigner les sciences de la maternelle \u00e0 la 3e <\/em><\/strong>(traduit de l&rsquo;anglais)<strong><em>.<\/em><\/strong> Avec une pr\u00e9face et contribution de P.L\u00e9na<strong> : <\/strong>. Pour la mise en \u0153uvre du Socle commun . Le Pommier, Paris.<em>\u00a0<\/em><\/p>\n<p><span style=\"color: #339966\"><span style=\"color: #000000\">2008. L\u00e9na, P., Rouan D. (avec Lebrun F., Mignard, F., Pelat D.). <em><strong>L&rsquo;observation en astrophysique<\/strong><\/em>. [2012. Traduit en anglais : <\/span><span style=\"color: #008000\"><em>Observational Astrophysics<\/em>,<\/span><\/span> Springer, Heidelberg &amp; New-York. 2015. Traduit en chinois par Chauvet L., Sun Weixin, Hu Jingyao : \u00a0\u89c2\u6d4b\u5929\u4f53\u7269\u7406\u5b66\uff0c \u00c9ditions Scientifiques &amp; Technologiques de Chine, Beijing]<\/p>\n<p>2012.<strong> <span style=\"color: #008000\"><em>Enseigner, c&rsquo;est esp\u00e9rer<\/em>.<\/span><\/strong> Le Pommier, Paris.<\/p>\n<p>&nbsp;<\/p>\n<p><a href=\"https:\/\/sites.lesia.obspm.fr\/pierre-lena\/files\/2025\/11\/cover_astro12_springer.jpeg\"><img loading=\"lazy\" decoding=\"async\" class=\"wp-image-174 alignright\" src=\"https:\/\/sites.lesia.obspm.fr\/pierre-lena\/files\/2025\/11\/cover_astro12_springer-183x300.jpeg\" alt=\"\" width=\"153\" height=\"251\" srcset=\"https:\/\/sites.lesia.obspm.fr\/pierre-lena\/files\/2025\/11\/cover_astro12_springer-183x300.jpeg 183w, https:\/\/sites.lesia.obspm.fr\/pierre-lena\/files\/2025\/11\/cover_astro12_springer-625x1024.jpeg 625w, https:\/\/sites.lesia.obspm.fr\/pierre-lena\/files\/2025\/11\/cover_astro12_springer-768x1258.jpeg 768w, https:\/\/sites.lesia.obspm.fr\/pierre-lena\/files\/2025\/11\/cover_astro12_springer-938x1536.jpeg 938w, https:\/\/sites.lesia.obspm.fr\/pierre-lena\/files\/2025\/11\/cover_astro12_springer.jpeg 1135w\" sizes=\"auto, (max-width: 153px) 100vw, 153px\" \/><\/a><a href=\"https:\/\/sites.lesia.obspm.fr\/pierre-lena\/files\/2025\/11\/cover_atlas-scaled.jpg\"><img loading=\"lazy\" decoding=\"async\" class=\"alignnone  wp-image-172\" src=\"https:\/\/sites.lesia.obspm.fr\/pierre-lena\/files\/2025\/11\/cover_atlas-225x300.jpg\" alt=\"\" width=\"185\" height=\"247\" srcset=\"https:\/\/sites.lesia.obspm.fr\/pierre-lena\/files\/2025\/11\/cover_atlas-225x300.jpg 225w, https:\/\/sites.lesia.obspm.fr\/pierre-lena\/files\/2025\/11\/cover_atlas-768x1024.jpg 768w, https:\/\/sites.lesia.obspm.fr\/pierre-lena\/files\/2025\/11\/cover_atlas-1152x1536.jpg 1152w, https:\/\/sites.lesia.obspm.fr\/pierre-lena\/files\/2025\/11\/cover_atlas-1536x2048.jpg 1536w, https:\/\/sites.lesia.obspm.fr\/pierre-lena\/files\/2025\/11\/cover_atlas-scaled.jpg 1920w\" sizes=\"auto, (max-width: 185px) 100vw, 185px\" \/><\/a><a href=\"https:\/\/sites.lesia.obspm.fr\/pierre-lena\/files\/2025\/11\/COVER-Concorde-FR-2023-scaled.jpg\"><img loading=\"lazy\" decoding=\"async\" class=\" wp-image-176 alignright\" src=\"https:\/\/sites.lesia.obspm.fr\/pierre-lena\/files\/2025\/11\/COVER-Concorde-FR-2023-195x300.jpg\" alt=\"\" width=\"147\" height=\"226\" srcset=\"https:\/\/sites.lesia.obspm.fr\/pierre-lena\/files\/2025\/11\/COVER-Concorde-FR-2023-195x300.jpg 195w, https:\/\/sites.lesia.obspm.fr\/pierre-lena\/files\/2025\/11\/COVER-Concorde-FR-2023-665x1024.jpg 665w, https:\/\/sites.lesia.obspm.fr\/pierre-lena\/files\/2025\/11\/COVER-Concorde-FR-2023-768x1183.jpg 768w, https:\/\/sites.lesia.obspm.fr\/pierre-lena\/files\/2025\/11\/COVER-Concorde-FR-2023-997x1536.jpg 997w, https:\/\/sites.lesia.obspm.fr\/pierre-lena\/files\/2025\/11\/COVER-Concorde-FR-2023-1329x2048.jpg 1329w, https:\/\/sites.lesia.obspm.fr\/pierre-lena\/files\/2025\/11\/COVER-Concorde-FR-2023-scaled.jpg 1662w\" sizes=\"auto, (max-width: 147px) 100vw, 147px\" \/><\/a><a href=\"https:\/\/sites.lesia.obspm.fr\/pierre-lena\/files\/2025\/11\/flou_cover.png\"><img loading=\"lazy\" decoding=\"async\" class=\"wp-image-173 alignright\" src=\"https:\/\/sites.lesia.obspm.fr\/pierre-lena\/files\/2025\/11\/flou_cover-203x300.png\" alt=\"\" width=\"169\" height=\"250\" srcset=\"https:\/\/sites.lesia.obspm.fr\/pierre-lena\/files\/2025\/11\/flou_cover-203x300.png 203w, https:\/\/sites.lesia.obspm.fr\/pierre-lena\/files\/2025\/11\/flou_cover-691x1024.png 691w, https:\/\/sites.lesia.obspm.fr\/pierre-lena\/files\/2025\/11\/flou_cover-768x1138.png 768w, https:\/\/sites.lesia.obspm.fr\/pierre-lena\/files\/2025\/11\/flou_cover-1037x1536.png 1037w, https:\/\/sites.lesia.obspm.fr\/pierre-lena\/files\/2025\/11\/flou_cover.png 1072w\" sizes=\"auto, (max-width: 169px) 100vw, 169px\" \/><\/a><\/p>\n<p><a href=\"https:\/\/sites.lesia.obspm.fr\/pierre-lena\/files\/2015\/07\/idees_science_2015_cover.jpeg\"><img loading=\"lazy\" decoding=\"async\" class=\"wp-image-113 alignnone\" src=\"https:\/\/sites.lesia.obspm.fr\/pierre-lena\/files\/2015\/07\/enseigner_cover-192x300.gif\" alt=\"enseigner_cover\" width=\"141\" height=\"214\" \/><\/a><a href=\"https:\/\/sites.lesia.obspm.fr\/pierre-lena\/files\/2015\/07\/idees_science_2015_cover.jpeg\"><img loading=\"lazy\" decoding=\"async\" class=\"wp-image-127 alignright\" src=\"https:\/\/sites.lesia.obspm.fr\/pierre-lena\/files\/2015\/07\/idees_science_2015_cover-205x300.jpeg\" alt=\"idees_science_2015_cover\" width=\"97\" height=\"142\" srcset=\"https:\/\/sites.lesia.obspm.fr\/pierre-lena\/files\/2015\/07\/idees_science_2015_cover-205x300.jpeg 205w, https:\/\/sites.lesia.obspm.fr\/pierre-lena\/files\/2015\/07\/idees_science_2015_cover-700x1024.jpeg 700w, https:\/\/sites.lesia.obspm.fr\/pierre-lena\/files\/2015\/07\/idees_science_2015_cover.jpeg 799w\" sizes=\"auto, (max-width: 97px) 100vw, 97px\" \/><\/a><\/p>\n","protected":false},"excerpt":{"rendered":"<p>D\u00e9couvrez et t\u00e9l\u00e9chargez les listes de publications de Pierre L\u00e9na, organis\u00e9es par th\u00e8me,\u00a0en cliquant sur les liens ci-dessous. Astrophysique &#8211; Articles rang A\/Astrophysics-Reviewed articles Astrophysique &#8211; Collaboration GRAVITY sur le VLT-Articles rang A 2017-2026\u00a0 \u00a0 \u00a0 \u00a0 \u00a0 \u00a0 \u00a0Vu &hellip; <a href=\"https:\/\/sites.lesia.obspm.fr\/pierre-lena\/page-d-exemple\/\">Continuer la lecture <span class=\"meta-nav\">&rarr;<\/span><\/a><\/p>\n","protected":false},"author":25,"featured_media":0,"parent":0,"menu_order":0,"comment_status":"closed","ping_status":"open","template":"","meta":{"footnotes":""},"class_list":["post-2","page","type-page","status-publish","hentry"],"_links":{"self":[{"href":"https:\/\/sites.lesia.obspm.fr\/pierre-lena\/wp-json\/wp\/v2\/pages\/2","targetHints":{"allow":["GET"]}}],"collection":[{"href":"https:\/\/sites.lesia.obspm.fr\/pierre-lena\/wp-json\/wp\/v2\/pages"}],"about":[{"href":"https:\/\/sites.lesia.obspm.fr\/pierre-lena\/wp-json\/wp\/v2\/types\/page"}],"author":[{"embeddable":true,"href":"https:\/\/sites.lesia.obspm.fr\/pierre-lena\/wp-json\/wp\/v2\/users\/25"}],"replies":[{"embeddable":true,"href":"https:\/\/sites.lesia.obspm.fr\/pierre-lena\/wp-json\/wp\/v2\/comments?post=2"}],"version-history":[{"count":44,"href":"https:\/\/sites.lesia.obspm.fr\/pierre-lena\/wp-json\/wp\/v2\/pages\/2\/revisions"}],"predecessor-version":[{"id":533,"href":"https:\/\/sites.lesia.obspm.fr\/pierre-lena\/wp-json\/wp\/v2\/pages\/2\/revisions\/533"}],"wp:attachment":[{"href":"https:\/\/sites.lesia.obspm.fr\/pierre-lena\/wp-json\/wp\/v2\/media?parent=2"}],"curies":[{"name":"wp","href":"https:\/\/api.w.org\/{rel}","templated":true}]}}