{"id":153,"date":"2014-09-20T23:20:24","date_gmt":"2014-09-20T23:20:24","guid":{"rendered":"https:\/\/sites.lesia.obspm.fr\/philippe-zarka\/index\/"},"modified":"2022-01-28T16:40:38","modified_gmt":"2022-01-28T15:40:38","slug":"index","status":"publish","type":"page","link":"https:\/\/sites.lesia.obspm.fr\/philippe-zarka\/","title":{"rendered":"Zarka"},"content":{"rendered":"<p><b><i><u><span style=\"font-size: small;\"><a href=\"PZ_lui_meme.html\"><img loading=\"lazy\" decoding=\"async\" src=\"https:\/\/sites.lesia.obspm.fr\/philippe-zarka\/files\/2014\/09\/ZARKA_Philippe-1.jpg\" alt=\"\" width=\"170\" height=\"255\" align=\"right\" border=\"0\" \/><\/a><\/span><\/u><\/i><\/b><\/p>\n<p><b><i><u><span style=\"font-size: small;\"><a href=\"https:\/\/sites.lesia.obspm.fr\/philippe-zarka\/pz_lui_meme\/\">Philippe ZARKA<\/a><\/span><\/u><\/i><\/b><\/p>\n<p><span style=\"font-size: xx-small;\"><i>Directeur de Recherche au CNRS<\/i><br \/>\n<\/span><\/p>\n<p><i>Laboratoire d&rsquo;\u00c9tudes Spatiales et d&rsquo;Instrumentation en Astrophysique (LESIA, UMR CNRS 8109)<\/i><br \/>\n<i>Observatoire de Paris (B\u00e2t. 16, bureau 213)<\/i><br \/>\n<i>5, Place Jules Janssen<\/i><br \/>\n<i>92195 Meudon<\/i><br \/>\n<i>FRANCE<\/i><\/p>\n<p><i><u>T\u00e9l :<\/u> (33) 01 45 07 76 63<\/i><br \/>\n<i><u>Fax :<\/u> (33) 01 45 07 28 06<\/i><br \/>\n<i><u>Email :<\/u> philippe.zarka at obspm.fr<\/i><\/p>\n<hr width=\"100%\" \/>\n<h2><a href=\"https:\/\/sites.lesia.obspm.fr\/philippe-zarka\/publicationspz\/\"><u>Publications<\/u><\/a><\/h2>\n<h2><a href=\"CoursPZ.html\"><u>Cours<\/u><\/a><\/h2>\n<h2><a href=\"ConfsPZ.html\"><u>Conf\u00e9rences, S\u00e9minaires<\/u><\/a><\/h2>\n<h2><a href=\"Chants.html\">Les chants du Cosmos<\/a><\/h2>\n<h2><a href=\"GlobsPZpro.html\"><u>Glob pro: Q\/R chercheur, Astrologie &#8230;<\/u><\/a><\/h2>\n<h2><a href=\"GlobsPZ.html\"><u>Glob de fond, Glob de surface, liens divers &#8230;<\/u><\/a><\/h2>\n<h2><a href=\"http:\/\/pleinlatete-plt.fr\">Plein La T\u00eate &#8230;<\/a><\/h2>\n<hr width=\"100%\" \/>\n<p><b>Pour m&rsquo;\u00e9crire : <\/b><i><a href=\"mailto:Philippe.Zarka%20AT%20obspm.fr\">ici (pas de spam, merci)<\/a><\/i><\/p>\n<hr size=\"2\" width=\"100%\" \/>\n<div align=\"right\">Derni\u00e8re mise \u00e0 jour : Septembre 2014<\/div>\n<hr size=\"2\" width=\"100%\" \/>\n","protected":false},"excerpt":{"rendered":"<p>Philippe ZARKA Directeur de Recherche au CNRS Laboratoire d&rsquo;\u00c9tudes Spatiales et d&rsquo;Instrumentation en Astrophysique (LESIA, UMR CNRS 8109) Observatoire de Paris (B\u00e2t. 16, bureau 213) 5, Place Jules Janssen 92195 Meudon FRANCE T\u00e9l : (33) 01 45 07 76 63 Fax : (33) 01 45 07 28 06 Email : philippe.zarka at obspm.fr Publications Cours &hellip; <\/p>\n<p class=\"link-more\"><a href=\"https:\/\/sites.lesia.obspm.fr\/philippe-zarka\/\" class=\"more-link\">Continuer la lecture <span class=\"screen-reader-text\"> \u00ab\u00a0Zarka\u00a0\u00bb<\/span><\/a><\/p>\n","protected":false},"author":84,"featured_media":0,"parent":0,"menu_order":0,"comment_status":"closed","ping_status":"closed","template":"","meta":{"footnotes":""},"class_list":["post-153","page","type-page","status-publish","hentry","entry"],"_links":{"self":[{"href":"https:\/\/sites.lesia.obspm.fr\/philippe-zarka\/wp-json\/wp\/v2\/pages\/153","targetHints":{"allow":["GET"]}}],"collection":[{"href":"https:\/\/sites.lesia.obspm.fr\/philippe-zarka\/wp-json\/wp\/v2\/pages"}],"about":[{"href":"https:\/\/sites.lesia.obspm.fr\/philippe-zarka\/wp-json\/wp\/v2\/types\/page"}],"author":[{"embeddable":true,"href":"https:\/\/sites.lesia.obspm.fr\/philippe-zarka\/wp-json\/wp\/v2\/users\/84"}],"replies":[{"embeddable":true,"href":"https:\/\/sites.lesia.obspm.fr\/philippe-zarka\/wp-json\/wp\/v2\/comments?post=153"}],"version-history":[{"count":7,"href":"https:\/\/sites.lesia.obspm.fr\/philippe-zarka\/wp-json\/wp\/v2\/pages\/153\/revisions"}],"predecessor-version":[{"id":240,"href":"https:\/\/sites.lesia.obspm.fr\/philippe-zarka\/wp-json\/wp\/v2\/pages\/153\/revisions\/240"}],"wp:attachment":[{"href":"https:\/\/sites.lesia.obspm.fr\/philippe-zarka\/wp-json\/wp\/v2\/media?parent=153"}],"curies":[{"name":"wp","href":"https:\/\/api.w.org\/{rel}","templated":true}]}}