{"id":252,"date":"2023-08-23T14:32:04","date_gmt":"2023-08-23T12:32:04","guid":{"rendered":"https:\/\/sites.lesia.obspm.fr\/lea-griton\/?page_id=252"},"modified":"2023-08-23T14:32:05","modified_gmt":"2023-08-23T12:32:05","slug":"en-quete-de-planetes","status":"publish","type":"page","link":"https:\/\/sites.lesia.obspm.fr\/lea-griton\/en-quete-de-planetes\/","title":{"rendered":"En qu\u00eate de plan\u00e8tes"},"content":{"rendered":"\n<figure class=\"wp-block-image size-large\"><img loading=\"lazy\" decoding=\"async\" width=\"1024\" height=\"366\" src=\"https:\/\/sites.lesia.obspm.fr\/lea-griton\/files\/2023\/08\/18125_Slide-1024x366.png\" alt=\"\" class=\"wp-image-253\" srcset=\"https:\/\/sites.lesia.obspm.fr\/lea-griton\/files\/2023\/08\/18125_Slide-1024x366.png 1024w, https:\/\/sites.lesia.obspm.fr\/lea-griton\/files\/2023\/08\/18125_Slide-300x107.png 300w, https:\/\/sites.lesia.obspm.fr\/lea-griton\/files\/2023\/08\/18125_Slide-768x274.png 768w, https:\/\/sites.lesia.obspm.fr\/lea-griton\/files\/2023\/08\/18125_Slide-1536x549.png 1536w, https:\/\/sites.lesia.obspm.fr\/lea-griton\/files\/2023\/08\/18125_Slide-2048x731.png 2048w, https:\/\/sites.lesia.obspm.fr\/lea-griton\/files\/2023\/08\/18125_Slide-500x179.png 500w\" sizes=\"auto, (max-width: 1024px) 100vw, 1024px\" \/><\/figure>\n\n\n\n<p>Mercure, V\u00e9nus, Terre, Mars, Jupiter, Saturne, Uranus et Neptune.<\/p>\n\n\n\n<p>Nous avons appris d\u00e8s l\u2019enfance le nom des plan\u00e8tes, de la plus proche \u00e0 la plus \u00e9loign\u00e9e du Soleil. On nous a montr\u00e9 \u00e0 quoi elles ressemblent et donn\u00e9 tellement d\u2019informations \u00e0 leur sujet \u2013 taille, distance, nature rocheuse ou gazeuse, dur\u00e9e d\u2019un jour et d\u2019une ann\u00e9e sur chacune d\u2019elles \u2013 qu\u2019elles nous paraissent \u00e0 la fois famili\u00e8res et accessibles.<\/p>\n\n\n\n<p>L\u2019exploration spatiale a r\u00e9volutionn\u00e9 notre vision du Syst\u00e8me solaire en quelques d\u00e9cennies. Mais de nombreux myst\u00e8res restent \u00e0 expliquer.\u00a0<\/p>\n\n\n\n<p>Je m\u00e8ne dans ce tout premier livre ma petite enqu\u00eate sur l\u2019\u00e9tat des connaissances, les questions en suspens et les perspectives de l\u2019exploration spatiale dans le Syst\u00e8me solaire. <\/p>\n\n\n\n<p>Sortie le 7 septembre 2023 : <a href=\"https:\/\/www.epflpress.org\/produit\/1461\/9782889155538\/en-quete-de-planetes\" target=\"_blank\" rel=\"noreferrer noopener\">toutes les infos chez mon \u00e9diteur, Quanto | EPFL Press <\/a><\/p>\n","protected":false},"excerpt":{"rendered":"<p>Mercure, V\u00e9nus, Terre, Mars, Jupiter, Saturne, Uranus et Neptune. Nous avons appris d\u00e8s l\u2019enfance le nom des plan\u00e8tes, de la plus proche \u00e0 la plus \u00e9loign\u00e9e du Soleil. On nous a montr\u00e9 \u00e0 quoi elles ressemblent et donn\u00e9 tellement d\u2019informations &hellip; <a href=\"https:\/\/sites.lesia.obspm.fr\/lea-griton\/en-quete-de-planetes\/\">Continuer la lecture <span class=\"meta-nav\">&rarr;<\/span><\/a><\/p>\n","protected":false},"author":52,"featured_media":0,"parent":0,"menu_order":0,"comment_status":"closed","ping_status":"closed","template":"","meta":{"footnotes":""},"class_list":["post-252","page","type-page","status-publish","hentry"],"_links":{"self":[{"href":"https:\/\/sites.lesia.obspm.fr\/lea-griton\/wp-json\/wp\/v2\/pages\/252","targetHints":{"allow":["GET"]}}],"collection":[{"href":"https:\/\/sites.lesia.obspm.fr\/lea-griton\/wp-json\/wp\/v2\/pages"}],"about":[{"href":"https:\/\/sites.lesia.obspm.fr\/lea-griton\/wp-json\/wp\/v2\/types\/page"}],"author":[{"embeddable":true,"href":"https:\/\/sites.lesia.obspm.fr\/lea-griton\/wp-json\/wp\/v2\/users\/52"}],"replies":[{"embeddable":true,"href":"https:\/\/sites.lesia.obspm.fr\/lea-griton\/wp-json\/wp\/v2\/comments?post=252"}],"version-history":[{"count":1,"href":"https:\/\/sites.lesia.obspm.fr\/lea-griton\/wp-json\/wp\/v2\/pages\/252\/revisions"}],"predecessor-version":[{"id":254,"href":"https:\/\/sites.lesia.obspm.fr\/lea-griton\/wp-json\/wp\/v2\/pages\/252\/revisions\/254"}],"wp:attachment":[{"href":"https:\/\/sites.lesia.obspm.fr\/lea-griton\/wp-json\/wp\/v2\/media?parent=252"}],"curies":[{"name":"wp","href":"https:\/\/api.w.org\/{rel}","templated":true}]}}