{"id":112,"date":"2019-04-04T10:56:04","date_gmt":"2019-04-04T08:56:04","guid":{"rendered":"https:\/\/sites.lesia.obspm.fr\/lea-griton\/?page_id=112"},"modified":"2023-08-23T14:37:47","modified_gmt":"2023-08-23T12:37:47","slug":"qui-suis-je","status":"publish","type":"page","link":"https:\/\/sites.lesia.obspm.fr\/lea-griton\/","title":{"rendered":"Qui suis-je ?"},"content":{"rendered":"\n<p>Je suis docteure en astrophysique, ma\u00eetresse de conf\u00e9rences \u00e0 <a href=\"https:\/\/www.sorbonne-universite.fr\/\">Sorbonne Universit\u00e9<\/a> et chercheuse sp\u00e9cialis\u00e9e en physique des plasmas dans le Syst\u00e8me solaire <br>au <a href=\"https:\/\/lesia.obspm.fr\/\">LESIA,&nbsp;un&nbsp;laboratoire&nbsp;de&nbsp;l&rsquo;Observatoire&nbsp;de&nbsp;Paris<\/a>. <br>Scientifique associ\u00e9e \u00e0 la mission BepiColombo et Co-I des instruments <a href=\"https:\/\/lesia.obspm.fr\/SORBET-sur-MMO-BepiColombo.html\">SORBET\/PWI<\/a> et MEA\/MPPE de la sonde MIO, je travaille sur la magn\u00e9tosph\u00e8re de Mercure. <br>Mes autres domaines de recherche concernent la magn\u00e9tosph\u00e8re d&rsquo;Uranus <br>et la pr\u00e9paration d&rsquo;une mission spatiale vers cette plan\u00e8te, <br>et les magn\u00e9tosph\u00e8res d&rsquo;exoplan\u00e8tes qu&rsquo;on n&rsquo;a pas encore \u00e9t\u00e9 d\u00e9couvertes !<\/p>\n\n\n\n<figure class=\"wp-block-image\"><img loading=\"lazy\" decoding=\"async\" width=\"819\" height=\"1024\" src=\"https:\/\/sites.lesia.obspm.fr\/lea-griton\/files\/2023\/01\/Lea_Griton37320HD-819x1024.jpg\" alt=\"\" class=\"wp-image-235\" srcset=\"https:\/\/sites.lesia.obspm.fr\/lea-griton\/files\/2023\/01\/Lea_Griton37320HD-819x1024.jpg 819w, https:\/\/sites.lesia.obspm.fr\/lea-griton\/files\/2023\/01\/Lea_Griton37320HD-240x300.jpg 240w, https:\/\/sites.lesia.obspm.fr\/lea-griton\/files\/2023\/01\/Lea_Griton37320HD-768x960.jpg 768w\" sizes=\"auto, (max-width: 819px) 100vw, 819px\" \/><figcaption class=\"wp-element-caption\">Cr\u00e9dits photos (celle-ci et celle d&rsquo;en-t\u00eate) : Marco Castro, 2022, pour le journal Le Monde<\/figcaption><\/figure>\n\n\n\n<p>Pendant mon post-doc \u00e0 l&rsquo;<a href=\"https:\/\/www.irap.omp.eu\/\">IRAP<\/a>, \u00e0 Toulouse, j&rsquo;ai \u00e9tudi\u00e9 les origines de la variabilit\u00e9 du vent solaire dans l&rsquo;\u00e9quipe d&rsquo;Alexis Rouillard, au sein du projet <a href=\"http:\/\/storms-service.irap.omp.eu\/projects\/slow_source\">SLOW SOURCE<\/a> de l&rsquo;<a href=\"https:\/\/erc.europa.eu\/\">ERC<\/a>. <\/p>\n\n\n\n<p>Pendant ma th\u00e8se, dirig\u00e9e par Filippo Pantellini et Michel Moncuquet au LESIA, \u00e0 Meudon, j&rsquo;ai travaill\u00e9 sur des simulations num\u00e9riques des magn\u00e9tosph\u00e8res de Mercure, Saturne et Uranus, pour comprendre le r\u00f4le respectif du vent solaire et de la g\u00e9om\u00e9trie du champ magn\u00e9tique plan\u00e9taire dans la dynamique globale de chacune de ces trois cat\u00e9gories de magn\u00e9tosph\u00e8res bien distinctes.<\/p>\n\n\n\n<p class=\"has-blue-color has-text-color\">I am an Associate Professor at Sorbonne University in Paris &amp; astrophysicist at LESIA, a lab from the Observatoire de Paris. My research deals with plasma physics in the Solar System. I am a scientist associated with the BepiColombo mission and Co-I of the SORBET\/PWI and MEA\/MPPE instruments of the MIO probe, working on the magnetosphere of Mercury. My other research interests include the magnetosphere of Uranus, and the magnetospheres of exoplanets that have not yet been discovered! During my post-doc at <a href=\"https:\/\/www.irap.omp.eu\/en\/homepage-en\/\">IRAP<\/a>, Toulouse, I study the origins of solar wind variability in Alexis Rouillard&rsquo;s team, within the <a href=\"http:\/\/storms-service.irap.omp.eu\/projects\/slow_source\">SLOW SOURCE<\/a> project of the ERC. During my thesis at LESIA, in Meudon, I worked on numerical simulations of the magnetospheres of Mercury, Saturn and Uranus, to understand the respective roles of the solar wind and the geometry of the planetary magnetic field in the global dynamics of each of these three distinct categories of magnetospheres.<\/p>\n\n\n\n<p><\/p>\n\n\n\n<figure class=\"wp-block-image\"><img loading=\"lazy\" decoding=\"async\" width=\"1024\" height=\"464\" src=\"https:\/\/sites.lesia.obspm.fr\/lea-griton\/files\/2020\/12\/Capture-d\u2019e\u0301cran-2020-12-28-a\u0300-13.10.33-1024x464.png\" alt=\"\" class=\"wp-image-178\" srcset=\"https:\/\/sites.lesia.obspm.fr\/lea-griton\/files\/2020\/12\/Capture-d\u2019e\u0301cran-2020-12-28-a\u0300-13.10.33-1024x464.png 1024w, https:\/\/sites.lesia.obspm.fr\/lea-griton\/files\/2020\/12\/Capture-d\u2019e\u0301cran-2020-12-28-a\u0300-13.10.33-300x136.png 300w, https:\/\/sites.lesia.obspm.fr\/lea-griton\/files\/2020\/12\/Capture-d\u2019e\u0301cran-2020-12-28-a\u0300-13.10.33-768x348.png 768w\" sizes=\"auto, (max-width: 1024px) 100vw, 1024px\" \/><\/figure>\n\n\n\n<p>Depuis ao\u00fbt 2019 et jusqu&rsquo;\u00e0 juin 2023, j&rsquo;ai \u00e9t\u00e9 membre du comit\u00e9 de r\u00e9daction du magazine <a href=\"https:\/\/lastronomie.fr\/\"><em>l&rsquo;Astronomie<\/em><\/a>, de la <a href=\"https:\/\/saf-astronomie.fr\/\">Soci\u00e9t\u00e9 astronomique de France<\/a>. J&rsquo;ai re\u00e7u la m\u00e9daille Camille et Gabrielle Flammarion de la soci\u00e9t\u00e9 astronomique de France pour mes contributions au magazine en mai 2022.<\/p>\n\n\n\n<p class=\"has-blue-color has-text-color\">From August 2019 to June 2023, I was a member of the editorial board of the magazine <em>l&rsquo;Astronomie<\/em>, of the Astronomical Society of France. I obtained the Camille and Gabrielle Flammarion medal for this work in June 2022.<\/p>\n\n\n\n<figure class=\"wp-block-image\"><img loading=\"lazy\" decoding=\"async\" width=\"1024\" height=\"684\" src=\"https:\/\/sites.lesia.obspm.fr\/lea-griton\/files\/2019\/04\/DSC_8957-1024x684.jpg\" alt=\"\" class=\"wp-image-121\" srcset=\"https:\/\/sites.lesia.obspm.fr\/lea-griton\/files\/2019\/04\/DSC_8957-1024x684.jpg 1024w, https:\/\/sites.lesia.obspm.fr\/lea-griton\/files\/2019\/04\/DSC_8957-300x200.jpg 300w, https:\/\/sites.lesia.obspm.fr\/lea-griton\/files\/2019\/04\/DSC_8957-768x513.jpg 768w\" sizes=\"auto, (max-width: 1024px) 100vw, 1024px\" \/><figcaption class=\"wp-element-caption\">Intervention \u00e0 C\u00e9ret, le 19 mars 2019, avec l&rsquo;association Femmes &amp; Sciences. Cr\u00e9dits photos: Th. Anies, Mairie de C\u00e9ret<\/figcaption><\/figure>\n\n\n\n<p>En 2018, j&rsquo;ai co-port\u00e9 un projet de partage de la culture scientifique en Guyane,&nbsp;<a rel=\"noreferrer noopener\" href=\"https:\/\/www.planete-mercure.fr\/newpage1\" target=\"_blank\">Plan\u00e8tes en Guyane<\/a>&nbsp;et j&rsquo;ai cr\u00e9\u00e9 un jeu de plateau destin\u00e9 \u00e0 pr\u00e9senter la mission BepiColombo au grand public :&nbsp;<a rel=\"noreferrer noopener\" href=\"https:\/\/www.planete-mercure.fr\/le-jeu-bepicolombo\" target=\"_blank\">Le Jeu BepiColombo<\/a>.<\/p>\n\n\n\n<p class=\"has-blue-color has-text-color\">In 2018, I co-led a project to share scientific culture in French Guiana, <strong>Plan\u00e8tes en Guyane<\/strong>, and created a board game designed to present the BepiColombo mission to the general public: <a href=\"http:\/\/planete-mercure.fr\/le-jeu-bepicolombo\">The BepiColombo Game<\/a>.<\/p>\n\n\n\n<p><strong>Sur internet\/online info :&nbsp;<\/strong><\/p>\n\n\n\n<p><a href=\"https:\/\/www.linkedin.com\/in\/lea-griton\/\">https:\/\/www.linkedin.com\/in\/lea-griton\/<\/a><\/p>\n\n\n\n<p><a href=\"https:\/\/expertesfrancophones.org\/expertes\/70513-l%C3%A9a-griton\">https:\/\/expertesfrancophones.org\/expertes\/70513-l%C3%A9a-griton<\/a><\/p>\n","protected":false},"excerpt":{"rendered":"<p>Je suis docteure en astrophysique, ma\u00eetresse de conf\u00e9rences \u00e0 Sorbonne Universit\u00e9 et chercheuse sp\u00e9cialis\u00e9e en physique des plasmas dans le Syst\u00e8me solaire au LESIA,&nbsp;un&nbsp;laboratoire&nbsp;de&nbsp;l&rsquo;Observatoire&nbsp;de&nbsp;Paris. Scientifique associ\u00e9e \u00e0 la mission BepiColombo et Co-I des instruments SORBET\/PWI et MEA\/MPPE de la sonde &hellip; <a href=\"https:\/\/sites.lesia.obspm.fr\/lea-griton\/\">Continuer la lecture <span class=\"meta-nav\">&rarr;<\/span><\/a><\/p>\n","protected":false},"author":52,"featured_media":0,"parent":0,"menu_order":0,"comment_status":"closed","ping_status":"closed","template":"","meta":{"footnotes":""},"class_list":["post-112","page","type-page","status-publish","hentry"],"_links":{"self":[{"href":"https:\/\/sites.lesia.obspm.fr\/lea-griton\/wp-json\/wp\/v2\/pages\/112","targetHints":{"allow":["GET"]}}],"collection":[{"href":"https:\/\/sites.lesia.obspm.fr\/lea-griton\/wp-json\/wp\/v2\/pages"}],"about":[{"href":"https:\/\/sites.lesia.obspm.fr\/lea-griton\/wp-json\/wp\/v2\/types\/page"}],"author":[{"embeddable":true,"href":"https:\/\/sites.lesia.obspm.fr\/lea-griton\/wp-json\/wp\/v2\/users\/52"}],"replies":[{"embeddable":true,"href":"https:\/\/sites.lesia.obspm.fr\/lea-griton\/wp-json\/wp\/v2\/comments?post=112"}],"version-history":[{"count":11,"href":"https:\/\/sites.lesia.obspm.fr\/lea-griton\/wp-json\/wp\/v2\/pages\/112\/revisions"}],"predecessor-version":[{"id":255,"href":"https:\/\/sites.lesia.obspm.fr\/lea-griton\/wp-json\/wp\/v2\/pages\/112\/revisions\/255"}],"wp:attachment":[{"href":"https:\/\/sites.lesia.obspm.fr\/lea-griton\/wp-json\/wp\/v2\/media?parent=112"}],"curies":[{"name":"wp","href":"https:\/\/api.w.org\/{rel}","templated":true}]}}