{"id":20,"date":"2026-02-28T18:31:18","date_gmt":"2026-02-28T17:31:18","guid":{"rendered":"https:\/\/sites.lesia.obspm.fr\/julien-girard\/?page_id=20"},"modified":"2026-03-06T12:19:25","modified_gmt":"2026-03-06T11:19:25","slug":"enseignements","status":"publish","type":"page","link":"https:\/\/sites.lesia.obspm.fr\/julien-girard\/enseignements\/","title":{"rendered":"Enseignement \/ Teaching"},"content":{"rendered":"\n<p>J&rsquo;effectue mes enseignements \u00e0 l&rsquo;<a href=\"https:\/\/physique.u-paris.fr\/\">UFR de Physique<\/a> de l&rsquo;Universit\u00e9 Paris Cit\u00e9, l&rsquo;<a href=\"https:\/\/u-paris.fr\/eidd\/\">\u00c9cole d&rsquo;Ing\u00e9nieur Denis Diderot (EIDD)<\/a> et \u00e0 l&rsquo;Observatoire de Paris.<\/p>\n\n\n\n<p>Je suis responsable de la 2eme ann\u00e9e (M1) de la sp\u00e9cialit\u00e9 <strong>G\u00e9nie Physique<\/strong> du dipl\u00f4me d&rsquo;ing\u00e9nieur de l&rsquo;EIDD. R\u00e9f\u00e9rent handicap \u00e0 l&rsquo;EIDD.<\/p>\n\n\n\n<p>Mes enseignements principaux:<\/p>\n\n\n\n<ul class=\"wp-block-list\">\n<li><strong>Radioastronomie<\/strong> (M2 AADC) &#8211; Master Astronomie et Astrophysique<\/li>\n\n\n\n<li><strong>M\u00e9thodes num\u00e9riques avanc\u00e9es<\/strong> (M2 OSAE) &#8211; Master Outils et Syst\u00e8mes de l&rsquo;Astronomie et de l&rsquo;Espace.<\/li>\n\n\n\n<li><strong>Radioastronomie <\/strong>(M2 IRT) &#8211; Master International Research Track (English)<\/li>\n\n\n\n<li><strong>Signaux et syst\u00e8mes 1 <\/strong>(L3 EIDD) &#8211; 1ere ann\u00e9e d&rsquo;\u00c9cole d&rsquo;Ing\u00e9nieur Denis Diderot<\/li>\n\n\n\n<li><strong>Syst\u00e8mes de t\u00e9l\u00e9communication 1<\/strong> (M1 &#8211; EIDD 2A GP) &#8211; 2\u00e8me ann\u00e9e d&rsquo;\u00c9cole d&rsquo;Ing\u00e9nieur Denis Diderot Sp\u00e9cialit\u00e9 \u00ab\u00a0G\u00e9nie Physique\u00a0\u00bb<\/li>\n\n\n\n<li><strong>Syst\u00e8mes de t\u00e9l\u00e9communication 2<\/strong> (M2 &#8211; EIDD 3A GP) &#8211; 3\u00e8me ann\u00e9e d&rsquo;\u00c9cole d&rsquo;Ing\u00e9nieur Denis Diderot Sp\u00e9cialit\u00e9 \u00ab\u00a0G\u00e9nie Physique\u00a0\u00bb<\/li>\n\n\n\n<li><strong>Stage d&rsquo;observation<\/strong> \u00e0 l&rsquo;Observatoire Astronomique de Nan\u00e7ay (M2 AADC).<\/li>\n\n\n\n<li>Intervenant dans l&rsquo;<a href=\"https:\/\/odf.u-paris.fr\/fr\/ue-libres-communes-1\/ue-corps-et-esprit-esprit-de-corps-MHJ0ENTK.html\">UE interdisciplinaire et exp\u00e9rimentale \u00e0 UPC<\/a> \u00ab\u00a0<strong>Corps et Esprit: Esprit de Corps<\/strong><\/li>\n\n\n\n<li>Responsables des projets ing\u00e9nieurs en 2\u00e8me ann\u00e9e GP<\/li>\n<\/ul>\n\n\n\n<p><\/p>\n","protected":false},"excerpt":{"rendered":"<p>J&rsquo;effectue mes enseignements \u00e0 l&rsquo;UFR de Physique de l&rsquo;Universit\u00e9 Paris Cit\u00e9, l&rsquo;\u00c9cole d&rsquo;Ing\u00e9nieur Denis Diderot (EIDD) et \u00e0 l&rsquo;Observatoire de Paris. Je suis responsable de la 2eme ann\u00e9e (M1) de la sp\u00e9cialit\u00e9 G\u00e9nie Physique du dipl\u00f4me d&rsquo;ing\u00e9nieur de l&rsquo;EIDD. R\u00e9f\u00e9rent handicap \u00e0 l&rsquo;EIDD. Mes enseignements principaux:<\/p>\n","protected":false},"author":77,"featured_media":0,"parent":0,"menu_order":0,"comment_status":"closed","ping_status":"closed","template":"","meta":{"footnotes":""},"class_list":["post-20","page","type-page","status-publish","hentry"],"_links":{"self":[{"href":"https:\/\/sites.lesia.obspm.fr\/julien-girard\/wp-json\/wp\/v2\/pages\/20","targetHints":{"allow":["GET"]}}],"collection":[{"href":"https:\/\/sites.lesia.obspm.fr\/julien-girard\/wp-json\/wp\/v2\/pages"}],"about":[{"href":"https:\/\/sites.lesia.obspm.fr\/julien-girard\/wp-json\/wp\/v2\/types\/page"}],"author":[{"embeddable":true,"href":"https:\/\/sites.lesia.obspm.fr\/julien-girard\/wp-json\/wp\/v2\/users\/77"}],"replies":[{"embeddable":true,"href":"https:\/\/sites.lesia.obspm.fr\/julien-girard\/wp-json\/wp\/v2\/comments?post=20"}],"version-history":[{"count":9,"href":"https:\/\/sites.lesia.obspm.fr\/julien-girard\/wp-json\/wp\/v2\/pages\/20\/revisions"}],"predecessor-version":[{"id":122,"href":"https:\/\/sites.lesia.obspm.fr\/julien-girard\/wp-json\/wp\/v2\/pages\/20\/revisions\/122"}],"wp:attachment":[{"href":"https:\/\/sites.lesia.obspm.fr\/julien-girard\/wp-json\/wp\/v2\/media?parent=20"}],"curies":[{"name":"wp","href":"https:\/\/api.w.org\/{rel}","templated":true}]}}