{"id":2,"date":"2023-09-08T13:41:20","date_gmt":"2023-09-08T11:41:20","guid":{"rendered":"https:\/\/sites.lesia.obspm.fr\/julien-girard\/?page_id=2"},"modified":"2026-03-06T13:39:21","modified_gmt":"2026-03-06T12:39:21","slug":"page-d-exemple","status":"publish","type":"page","link":"https:\/\/sites.lesia.obspm.fr\/julien-girard\/","title":{"rendered":""},"content":{"rendered":"\n<p><strong><em>Ma\u00eetre de Conf\u00e9rences en Astronomie et Astrophysique  <strong><em>\/ Associate professor in Astronomy &amp; Astrophysics<\/em><\/strong><\/em><\/strong><\/p>\n\n\n\n<p>Je suis Julien Girard, enseignant chercheur au <a href=\"https:\/\/lira.observatoiredeparis.psl.eu\/\"><strong>LIRA<\/strong><\/a> \u00e0 l&rsquo;<strong><a href=\"http:\/\/www.obspm.fr\">Observatoire de Paris<\/a><\/strong> et \u00e0 l&rsquo;<em><a href=\"https:\/\/u-paris.fr\/\"><strong>Universit\u00e9 Paris Cit\u00e9<\/strong><\/a><\/em>. <a href=\"https:\/\/orcid.org\/0000-0003-0432-403X\" target=\"_blank\" rel=\"noopener\"><img decoding=\"async\" style=\"vertical-align: middle\" src=\"https:\/\/orcid.org\/sites\/default\/files\/images\/orcid_16x16.png\" alt=\"ORCID iD\"><\/a><\/p>\n\n\n\n<p>Je travaille dans le domaine radio basses fr\u00e9quences (entre 10 MHz et 100 MHz) pour \u00e9tudier les \u00e9missions radio dans les syst\u00e8mes plan\u00e9taires et exoplan\u00e9taires, signatures de l\u2019activit\u00e9 plasma et des populations d\u2019\u00e9lectrons dans l\u2019environnement de ces plan\u00e8tes.<\/p>\n\n\n\n<p>Je suis \u00e9galement radio-interf\u00e9rom\u00e9triste, sp\u00e9cialis\u00e9 dans l\u2019imagerie par synth\u00e8se d\u2019ouverture appliqu\u00e9e aux grands radiot\u00e9lescopes basses fr\u00e9quences (<strong>LOFAR<\/strong>, <strong>NenuFAR<\/strong>).<\/p>\n\n\n\n<p>J\u2019ai particip\u00e9 \u00e0 la d\u00e9finition et \u00e0 l\u2019optimisation de l\u2019architecture de l\u2019instrument <a href=\"https:\/\/nenufar.obs-nancay.fr\/\"><strong>NenuFAR<\/strong><\/a> (Infrastructure de Recherche), aujourd\u2019hui en op\u00e9ration \u00e0 l\u2019<a href=\"https:\/\/www.obs-nancay.fr\/presentation\/\"><strong>Observatoire Radioastronomique de Nan\u00e7ay<\/strong><\/a>.<\/p>\n\n\n\n<p>Mes activit\u00e9s de recherche portent \u00e9galement sur le traitement num\u00e9rique du signal, la r\u00e9solution de probl\u00e8mes inverses, la mod\u00e9lisation \u00e9lectromagn\u00e9tique num\u00e9rique, et l\u2019application de m\u00e9thodes d\u2019apprentissage profond \u00e0 l&rsquo;imagerie et au traitement de donn\u00e9es massives.<\/p>\n\n\n\n<p>Je contribue par ailleurs au projet europ\u00e9en <a href=\"https:\/\/extract-project.eu\/\"><strong>EXTRACT<\/strong><\/a> et, dans le cadre du laboratoire commun <a href=\"https:\/\/eclat-lab.fr\/\"><strong>ECLAT<\/strong><\/a>, \u00e0 la d\u00e9finition des solutions pour le futur <strong>SKA Regional Centre<\/strong> fran\u00e7ais.<\/p>\n\n\n\n<p>Mon curriculum vitae <a href=\"https:\/\/share.obspm.fr\/s\/QQF5dZDfMRmAysG\">ici<\/a>.<\/p>\n\n\n\n<p class=\"has-small-font-size\"><a href=\"https:\/\/sites.lesia.obspm.fr\/julien-girard\/pas-le-bon-julien-girard-not-the-julien-girard-you-are-looking-for\/\">Pas le bon Julien Girard? Pas de panique !<\/a><\/p>\n","protected":false},"excerpt":{"rendered":"<p>Ma\u00eetre de Conf\u00e9rences en Astronomie et Astrophysique \/ Associate professor in Astronomy &amp; Astrophysics Je suis Julien Girard, enseignant chercheur au LIRA \u00e0 l&rsquo;Observatoire de Paris et \u00e0 l&rsquo;Universit\u00e9 Paris Cit\u00e9. Je travaille dans le domaine radio basses fr\u00e9quences (entre 10 MHz et 100 MHz) pour \u00e9tudier les \u00e9missions radio dans les syst\u00e8mes plan\u00e9taires et &hellip; <\/p>\n<p class=\"link-more\"><a href=\"https:\/\/sites.lesia.obspm.fr\/julien-girard\/\" class=\"more-link\">Continuer la lecture<span class=\"screen-reader-text\"> de &laquo;&nbsp;&nbsp;&raquo;<\/span><\/a><\/p>\n","protected":false},"author":77,"featured_media":0,"parent":0,"menu_order":0,"comment_status":"closed","ping_status":"open","template":"","meta":{"footnotes":""},"class_list":["post-2","page","type-page","status-publish","hentry"],"_links":{"self":[{"href":"https:\/\/sites.lesia.obspm.fr\/julien-girard\/wp-json\/wp\/v2\/pages\/2","targetHints":{"allow":["GET"]}}],"collection":[{"href":"https:\/\/sites.lesia.obspm.fr\/julien-girard\/wp-json\/wp\/v2\/pages"}],"about":[{"href":"https:\/\/sites.lesia.obspm.fr\/julien-girard\/wp-json\/wp\/v2\/types\/page"}],"author":[{"embeddable":true,"href":"https:\/\/sites.lesia.obspm.fr\/julien-girard\/wp-json\/wp\/v2\/users\/77"}],"replies":[{"embeddable":true,"href":"https:\/\/sites.lesia.obspm.fr\/julien-girard\/wp-json\/wp\/v2\/comments?post=2"}],"version-history":[{"count":22,"href":"https:\/\/sites.lesia.obspm.fr\/julien-girard\/wp-json\/wp\/v2\/pages\/2\/revisions"}],"predecessor-version":[{"id":176,"href":"https:\/\/sites.lesia.obspm.fr\/julien-girard\/wp-json\/wp\/v2\/pages\/2\/revisions\/176"}],"wp:attachment":[{"href":"https:\/\/sites.lesia.obspm.fr\/julien-girard\/wp-json\/wp\/v2\/media?parent=2"}],"curies":[{"name":"wp","href":"https:\/\/api.w.org\/{rel}","templated":true}]}}