{"id":107,"date":"2026-03-06T12:06:22","date_gmt":"2026-03-06T11:06:22","guid":{"rendered":"https:\/\/sites.lesia.obspm.fr\/julien-girard\/?page_id=107"},"modified":"2026-03-06T13:29:13","modified_gmt":"2026-03-06T12:29:13","slug":"pas-le-bon-julien-girard-not-the-julien-girard-you-are-looking-for","status":"publish","type":"page","link":"https:\/\/sites.lesia.obspm.fr\/julien-girard\/pas-le-bon-julien-girard-not-the-julien-girard-you-are-looking-for\/","title":{"rendered":"Pas le bon Julien Girard? Not the Julien Girard you are looking for?"},"content":{"rendered":"\n<p>Pas de panique ! Don&rsquo;t Panic !<\/p>\n\n\n\n<p>Je suis Julien N. Girard et mon principal homonyme en astronomie est <a href=\"https:\/\/www.juliengirard.space\/\">Julien H. Girard <\/a><\/p>\n\n\n\n<p>Julien Girard &#8211; <a href=\"https:\/\/www.juliengirard.org\/\">T\u00e9nor, organiste, artiste visuel<\/a><br>Julien Girard &#8211; <a href=\"https:\/\/soundcloud.com\/juliengirardchanteur\">Artiste chanteur<\/a><br>Julien Girard &#8211; <a href=\"https:\/\/www.atmos-avocats.com\/equipe\/julien-girard.htm\">Avocat<\/a><br>Julien Girard &#8211; <a href=\"https:\/\/www.cotedor.fr\/je-decouvre-la-cote-dor\/savoir-faire-100-cote-dor\/nos-ambassadeurs-restaurateurs\/julien-girard\">Restaurateur<\/a><br>Julien Girard &#8211; <a href=\"https:\/\/www.capcar.fr\/agents\/julien-girard\">Agent automobile<\/a> <br>Julien Girard &#8211; <a href=\"https:\/\/www.geometre-expert.fr\/geometre\/julien-girard\/\">G\u00e9om\u00e8tre<\/a> <\/p>\n\n\n\n<p>(liste loin d&rsquo;\u00eatre exhaustive)<\/p>\n\n\n\n<p><\/p>\n","protected":false},"excerpt":{"rendered":"<p>Pas de panique ! Don&rsquo;t Panic ! Je suis Julien N. Girard et mon principal homonyme en astronomie est Julien H. Girard Julien Girard &#8211; T\u00e9nor, organiste, artiste visuelJulien Girard &#8211; Artiste chanteurJulien Girard &#8211; AvocatJulien Girard &#8211; RestaurateurJulien Girard &#8211; Agent automobile Julien Girard &#8211; G\u00e9om\u00e8tre (liste loin d&rsquo;\u00eatre exhaustive)<\/p>\n","protected":false},"author":77,"featured_media":0,"parent":0,"menu_order":0,"comment_status":"closed","ping_status":"closed","template":"","meta":{"footnotes":""},"class_list":["post-107","page","type-page","status-publish","hentry"],"_links":{"self":[{"href":"https:\/\/sites.lesia.obspm.fr\/julien-girard\/wp-json\/wp\/v2\/pages\/107","targetHints":{"allow":["GET"]}}],"collection":[{"href":"https:\/\/sites.lesia.obspm.fr\/julien-girard\/wp-json\/wp\/v2\/pages"}],"about":[{"href":"https:\/\/sites.lesia.obspm.fr\/julien-girard\/wp-json\/wp\/v2\/types\/page"}],"author":[{"embeddable":true,"href":"https:\/\/sites.lesia.obspm.fr\/julien-girard\/wp-json\/wp\/v2\/users\/77"}],"replies":[{"embeddable":true,"href":"https:\/\/sites.lesia.obspm.fr\/julien-girard\/wp-json\/wp\/v2\/comments?post=107"}],"version-history":[{"count":4,"href":"https:\/\/sites.lesia.obspm.fr\/julien-girard\/wp-json\/wp\/v2\/pages\/107\/revisions"}],"predecessor-version":[{"id":168,"href":"https:\/\/sites.lesia.obspm.fr\/julien-girard\/wp-json\/wp\/v2\/pages\/107\/revisions\/168"}],"wp:attachment":[{"href":"https:\/\/sites.lesia.obspm.fr\/julien-girard\/wp-json\/wp\/v2\/media?parent=107"}],"curies":[{"name":"wp","href":"https:\/\/api.w.org\/{rel}","templated":true}]}}