{"id":13,"date":"2019-01-12T19:03:45","date_gmt":"2019-01-12T18:03:45","guid":{"rendered":"https:\/\/sites.lesia.obspm.fr\/journeeshraa\/?page_id=13"},"modified":"2021-11-09T10:50:48","modified_gmt":"2021-11-09T09:50:48","slug":"accueil","status":"publish","type":"page","link":"https:\/\/sites.lesia.obspm.fr\/journeeshraa\/","title":{"rendered":"Accueil"},"content":{"rendered":"\n<p>Acc\u00e9dez aux programmes des journ\u00e9es HRA pass\u00e9es et future via le menu.<\/p>\n","protected":false},"excerpt":{"rendered":"<p>Acc\u00e9dez aux programmes des journ\u00e9es HRA pass\u00e9es et future via le menu.<\/p>\n","protected":false},"author":56,"featured_media":0,"parent":0,"menu_order":0,"comment_status":"closed","ping_status":"closed","template":"","meta":{"footnotes":""},"class_list":["post-13","page","type-page","status-publish","hentry"],"_links":{"self":[{"href":"https:\/\/sites.lesia.obspm.fr\/journeeshraa\/wp-json\/wp\/v2\/pages\/13","targetHints":{"allow":["GET"]}}],"collection":[{"href":"https:\/\/sites.lesia.obspm.fr\/journeeshraa\/wp-json\/wp\/v2\/pages"}],"about":[{"href":"https:\/\/sites.lesia.obspm.fr\/journeeshraa\/wp-json\/wp\/v2\/types\/page"}],"author":[{"embeddable":true,"href":"https:\/\/sites.lesia.obspm.fr\/journeeshraa\/wp-json\/wp\/v2\/users\/56"}],"replies":[{"embeddable":true,"href":"https:\/\/sites.lesia.obspm.fr\/journeeshraa\/wp-json\/wp\/v2\/comments?post=13"}],"version-history":[{"count":3,"href":"https:\/\/sites.lesia.obspm.fr\/journeeshraa\/wp-json\/wp\/v2\/pages\/13\/revisions"}],"predecessor-version":[{"id":183,"href":"https:\/\/sites.lesia.obspm.fr\/journeeshraa\/wp-json\/wp\/v2\/pages\/13\/revisions\/183"}],"wp:attachment":[{"href":"https:\/\/sites.lesia.obspm.fr\/journeeshraa\/wp-json\/wp\/v2\/media?parent=13"}],"curies":[{"name":"wp","href":"https:\/\/api.w.org\/{rel}","templated":true}]}}