{"id":216,"date":"2010-11-18T11:00:01","date_gmt":"2010-11-18T10:00:01","guid":{"rendered":"http:\/\/luciole.local\/~flo\/wordpress\/?page_id=216"},"modified":"2010-11-18T11:00:01","modified_gmt":"2010-11-18T10:00:01","slug":"bibliographie","status":"publish","type":"page","link":"https:\/\/sites.lesia.obspm.fr\/florence-henry\/cours-latex-2\/bibliographie\/","title":{"rendered":"Bibliographie"},"content":{"rendered":"<ul>\n<li>faq fran\u00e7aise : <a name=\"tex2html4\" href=\"http:\/\/www.grappa.univ-lille3.fr\/FAQ-LaTeX\/\">http:\/\/www.grappa.univ-lille3.fr\/FAQ-LaTeX\/<\/a><\/li>\n<li>faq anglaise : <a name=\"tex2html5\" href=\"http:\/\/www.tex.ac.uk\/cgi-bin\/texfaq2html?introduction=yes%7C\">http:\/\/www.tex.ac.uk\/cgi-bin\/texfaq2html?introduction=yes|<\/a><\/li>\n<li>Help on LaTeX commands : <a name=\"tex2html6\" href=\"http:\/\/www.astro.ku.dk\/help\/LaTeX\/ltx-2.html\">http:\/\/www.astro.ku.dk\/help\/LaTeX\/ltx-2.html<\/a><\/li>\n<li>Help on TeX commands : <a name=\"tex2html7\" href=\"http:\/\/www.tug.org\/utilities\/plain\/cseq.html\">http:\/\/www.tug.org\/utilities\/plain\/cseq.html<\/a><\/li>\n<li>Zoonek : <a name=\"tex2html8\" href=\"http:\/\/zoonek.free.fr\/LaTeX\/\">http:\/\/zoonek.free.fr\/LaTeX\/<\/a><\/li>\n<li>Loria : <a name=\"tex2html9\" href=\"http:\/\/tex.loria.fr\/english\/general.html\">http:\/\/tex.loria.fr\/english\/general.html<\/a><\/li>\n<li>Liste des symboles : <code>symbols-a4.pdf<\/code> (sur  Google)<\/li>\n<li>O\u00f9 t\u00e9l\u00e9charger les packages manquants : <a name=\"tex2html10\" href=\"http:\/\/www.ctan.org\/\">http:\/\/www.ctan.org<\/a><\/li>\n<\/ul>\n","protected":false},"excerpt":{"rendered":"<p>faq fran\u00e7aise : http:\/\/www.grappa.univ-lille3.fr\/FAQ-LaTeX\/ faq anglaise : http:\/\/www.tex.ac.uk\/cgi-bin\/texfaq2html?introduction=yes| Help on LaTeX commands : http:\/\/www.astro.ku.dk\/help\/LaTeX\/ltx-2.html Help on TeX commands : http:\/\/www.tug.org\/utilities\/plain\/cseq.html Zoonek : http:\/\/zoonek.free.fr\/LaTeX\/ Loria : http:\/\/tex.loria.fr\/english\/general.html Liste des symboles : symbols-a4.pdf (sur Google) O\u00f9 t\u00e9l\u00e9charger les packages manquants : http:\/\/www.ctan.org<\/p>\n","protected":false},"author":3,"featured_media":0,"parent":168,"menu_order":6,"comment_status":"open","ping_status":"open","template":"","meta":{"footnotes":""},"class_list":["post-216","page","type-page","status-publish","hentry"],"_links":{"self":[{"href":"https:\/\/sites.lesia.obspm.fr\/florence-henry\/wp-json\/wp\/v2\/pages\/216","targetHints":{"allow":["GET"]}}],"collection":[{"href":"https:\/\/sites.lesia.obspm.fr\/florence-henry\/wp-json\/wp\/v2\/pages"}],"about":[{"href":"https:\/\/sites.lesia.obspm.fr\/florence-henry\/wp-json\/wp\/v2\/types\/page"}],"author":[{"embeddable":true,"href":"https:\/\/sites.lesia.obspm.fr\/florence-henry\/wp-json\/wp\/v2\/users\/3"}],"replies":[{"embeddable":true,"href":"https:\/\/sites.lesia.obspm.fr\/florence-henry\/wp-json\/wp\/v2\/comments?post=216"}],"version-history":[{"count":0,"href":"https:\/\/sites.lesia.obspm.fr\/florence-henry\/wp-json\/wp\/v2\/pages\/216\/revisions"}],"up":[{"embeddable":true,"href":"https:\/\/sites.lesia.obspm.fr\/florence-henry\/wp-json\/wp\/v2\/pages\/168"}],"wp:attachment":[{"href":"https:\/\/sites.lesia.obspm.fr\/florence-henry\/wp-json\/wp\/v2\/media?parent=216"}],"curies":[{"name":"wp","href":"https:\/\/api.w.org\/{rel}","templated":true}]}}