{"id":192,"date":"2010-11-18T10:10:46","date_gmt":"2010-11-18T09:10:46","guid":{"rendered":"http:\/\/luciole.local\/~flo\/wordpress\/?page_id=192"},"modified":"2010-11-18T10:10:46","modified_gmt":"2010-11-18T09:10:46","slug":"comment-placer-ce-que-je-veux-ou-je-veux","status":"publish","type":"page","link":"https:\/\/sites.lesia.obspm.fr\/florence-henry\/cours-latex-2\/comment-placer-ce-que-je-veux-ou-je-veux\/","title":{"rendered":"Comment placer ce que je veux, o\u00f9 je veux?"},"content":{"rendered":"<p><\/p>\n<h2>Les \u00ab minipages\u00bb<\/h2>\n<pre>\\begin{minipage}[<em>alignement<\/em>][<em>hauteur<\/em>][<em>position<\/em>]{<em>largeur<\/em>}\ndu texte\n\\end{minipage}\n<\/pre>\n<dl>\n<dt><em>alignement<\/em><\/dt>\n<dd>alignement de la minipage sur la ligne courante: <tt>c<\/tt>, <tt>t<\/tt> ou <tt>b<\/tt> <\/dd>\n<dt><em>position<\/em><\/dt>\n<dd>position verticale du texte \u00e0 l&rsquo;int\u00e9rieur de la minipage: <tt>c<\/tt>, <tt>t<\/tt> ou <tt>b<\/tt>; n&rsquo;a de sens que si la hauteur de  la minipage est aussi donn\u00e9e en option, sinon la page est aussi haute que  n\u00e9cessaire. <\/dd>\n<\/dl>\n<p>On y met tout ce qui rentre habituellement dans une page, sauf des  flottants  (<em>figure<\/em> ou  <em>table<\/em>).<\/p>\n<p>Ne se casse pas entre 2 pages, donc permet d&rsquo;obliger certaines choses \u00e0  appara\u00eetre sur la m\u00eame page.<\/p>\n<h2>Exemples d&rsquo;utilisation<\/h2>\n<ol>\n<li>Un petit texte centr\u00e9 au milieu de la page<br \/>\n<table border=\"0\" width=\"100%\">\n<tbody>\n<tr>\n<td width=\"40%\">\n<pre>\\centering\\vspace*{\\fill}\n\\begin{minipage}{4cm}\nLes hommes naissent et demeurent libres\net \u00e9gaux en droits.\nLes distinctions sociales ne peuvent\n\u00eatre fond\u00e9es que sur l'utilit\u00e9 commune.\n\\end{minipage}\n\\vspace*{\\fill}\n<\/pre>\n<\/td>\n<td align=\"center\" valign=\"middle\">\n<table border=\"0\" width=\"50%\">\n<tbody>\n<tr>\n<td align=\"justify\" valign=\"middle\">Les hommes naissent et demeurent libres \tet \u00e9gaux en droits.  \tLes distinctions sociales ne peuvent \t\u00eatre fond\u00e9es que sur \tl&rsquo;utilit\u00e9 commune.<\/td>\n<\/tr>\n<\/tbody>\n<\/table>\n<\/td>\n<\/tr>\n<\/tbody>\n<\/table>\n<\/li>\n<li>Alignements<br \/>\n<table border=\"0\" width=\"100%\">\n<tbody>\n<tr>\n<td width=\"40%\">\n<pre>ligne courante du texte\n\\begin{minipage}[t]{4cm}\nLes hommes naissent et demeurent libres et\n\u00e9gaux en droits.\n\\end{minipage}\n<\/pre>\n<\/td>\n<td align=\"center\">\n<table border=\"0\" width=\"75%\">\n<tbody>\n<tr valign=\"top\">\n<td width=\"50%\">ligne courante du texte<\/td>\n<td>Les hommes naissent et demeurent libres et  \u00e9gaux en droits.<\/td>\n<\/tr>\n<\/tbody>\n<\/table>\n<\/td>\n<\/tr>\n<tr>\n<td>\n<pre>ligne courante du texte\n\\begin{minipage}[b]{4cm}\nLes hommes naissent et demeurent libres et\n\u00e9gaux en droits.\n\\end{minipage}\n<\/pre>\n<\/td>\n<td align=\"center\">\n<table width=\"75%\">\n<tbody>\n<tr valign=\"bottom\">\n<td width=\"50%\">ligne courante du texte<\/td>\n<td>Les hommes naissent et demeurent libres et  \u00e9gaux en droits.<\/td>\n<\/tr>\n<\/tbody>\n<\/table>\n<\/td>\n<\/tr>\n<tr>\n<td>\n<pre>ligne courante du texte\n\\begin{minipage}[c]{4cm}\nLes hommes naissent et demeurent libres et\n\u00e9gaux en droits.\n\\end{minipage}\n<\/pre>\n<\/td>\n<td align=\"center\">\n<table width=\"75%\">\n<tbody>\n<tr valign=\"middle\">\n<td width=\"50%\">ligne courante du texte<\/td>\n<td>Les hommes naissent et demeurent libres et  \u00e9gaux en droits.<\/td>\n<\/tr>\n<\/tbody>\n<\/table>\n<\/td>\n<\/tr>\n<\/tbody>\n<\/table>\n<\/li>\n<li>Mettre un tableau et une figure face-\u00e0-face  Il ne faut pas utiliser les environnements  <em>figure<\/em> et  <em>table<\/em> car ils d\u00e9finissent des flottants. Pour conserver la num\u00e9rotation de ces  \u00e9l\u00e9ments, il faut d\u00e9finir une nouvelle commande <code>\\captionof<\/code>.<br \/>\n<table border=\"0\" width=\"100%\">\n<tbody>\n<tr valign=\"bottom\">\n<td width=\"50%\">\n<pre>%%%%  macro dans le pr\u00e9ambule %%%%\n\\makeatletter\n\\def\\captionof#1#2{{\\def\\@captype{#1}#2}}\n\\makeatother\n%%%% fin macro %%%%\n\\begin{minipage}[b]{0.45\\linewidth}\n\\begin{tabular}{|c|c|c|}\n\\hline\nA &amp; B &amp; C \\\\ \\hline\nD &amp; E &amp; F \\\\ \\hline\n\\end{tabular}\n\\captionof{table}{\\caption{titre tableau}}\n\\end{minipage}\\hfill\n\\begin{minipage}[b]{0.45\\linewidth}\n\\includegraphics{image.eps}\n\\captionof{figure}{\\caption{titre figure}}\n\\end{minipage}\n<\/pre>\n<\/td>\n<td width=\"25%\" align=\"center\">\n<table border=\"1\" cellpadding=\"3\">\n<tbody>\n<tr>\n<td align=\"CENTER\">A<\/td>\n<td align=\"CENTER\">B<\/td>\n<td align=\"CENTER\">C<\/td>\n<\/tr>\n<tr>\n<td align=\"CENTER\">D<\/td>\n<td align=\"CENTER\">E<\/td>\n<td align=\"CENTER\">F<\/td>\n<\/tr>\n<\/tbody>\n<\/table>\n<\/td>\n<td width=\"25%\"><img decoding=\"async\" src=\"wp-content\/uploads\/2010\/11\/img1.png\" alt=\"\\includegraphics[width=\\linewidth]{image.eps}\" width=\"100%\" \/><\/td>\n<\/tr>\n<tr valign=\"bottom\">\n<td><\/td>\n<td align=\"center\">titre tableau<\/td>\n<td align=\"center\">titre figure<\/td>\n<\/tr>\n<\/tbody>\n<\/table>\n<\/li>\n<\/ol>\n","protected":false},"excerpt":{"rendered":"<p>Les \u00ab minipages\u00bb \\begin{minipage}[alignement][hauteur][position]{largeur} du texte \\end{minipage} alignement alignement de la minipage sur la ligne courante: c, t ou b position position verticale du texte \u00e0 l&rsquo;int\u00e9rieur de la minipage: c, t ou b; n&rsquo;a de sens que si la hauteur de la minipage est aussi donn\u00e9e en option, sinon la page est aussi haute [&hellip;]<\/p>\n","protected":false},"author":3,"featured_media":0,"parent":168,"menu_order":2,"comment_status":"open","ping_status":"closed","template":"","meta":{"footnotes":""},"class_list":["post-192","page","type-page","status-publish","hentry"],"_links":{"self":[{"href":"https:\/\/sites.lesia.obspm.fr\/florence-henry\/wp-json\/wp\/v2\/pages\/192","targetHints":{"allow":["GET"]}}],"collection":[{"href":"https:\/\/sites.lesia.obspm.fr\/florence-henry\/wp-json\/wp\/v2\/pages"}],"about":[{"href":"https:\/\/sites.lesia.obspm.fr\/florence-henry\/wp-json\/wp\/v2\/types\/page"}],"author":[{"embeddable":true,"href":"https:\/\/sites.lesia.obspm.fr\/florence-henry\/wp-json\/wp\/v2\/users\/3"}],"replies":[{"embeddable":true,"href":"https:\/\/sites.lesia.obspm.fr\/florence-henry\/wp-json\/wp\/v2\/comments?post=192"}],"version-history":[{"count":0,"href":"https:\/\/sites.lesia.obspm.fr\/florence-henry\/wp-json\/wp\/v2\/pages\/192\/revisions"}],"up":[{"embeddable":true,"href":"https:\/\/sites.lesia.obspm.fr\/florence-henry\/wp-json\/wp\/v2\/pages\/168"}],"wp:attachment":[{"href":"https:\/\/sites.lesia.obspm.fr\/florence-henry\/wp-json\/wp\/v2\/media?parent=192"}],"curies":[{"name":"wp","href":"https:\/\/api.w.org\/{rel}","templated":true}]}}