{"id":168,"date":"2010-11-18T09:42:26","date_gmt":"2010-11-18T08:42:26","guid":{"rendered":"http:\/\/luciole.local\/~flo\/wordpress\/?page_id=168"},"modified":"2012-05-24T09:02:21","modified_gmt":"2012-05-24T09:02:21","slug":"cours-latex-2","status":"publish","type":"page","link":"https:\/\/sites.lesia.obspm.fr\/florence-henry\/cours-latex-2\/","title":{"rendered":"Cours LaTeX"},"content":{"rendered":"<p>Ce cours a \u00e9t\u00e9 donn\u00e9 en juin 2004, dans le cadre de la formation permanente de l&rsquo;Observatoire de Paris.<\/p>\n<h2>Sommaire<\/h2>\n<ol>\n<li><a rel=\"bookmark\" href=\"http:\/\/luciole.local\/~flo\/wordpress\/?page_id=106\">G\u00e9n\u00e9ralit\u00e9s  (bonnes habitudes et petits trucs)<\/a><\/li>\n<li><a href=\"http:\/\/luciole.local\/~flo\/wordpress\/?page_id=192\">Comment placer ce que je veux, o\u00f9 je veux?<\/a><\/li>\n<li><a href=\"http:\/\/luciole.local\/~flo\/wordpress\/?page_id=194\">Comment faire des tableaux compliqu\u00e9s?<\/a><\/li>\n<li><a href=\"http:\/\/luciole.local\/~flo\/wordpress\/?page_id=150\">Comment fonctionne le syst\u00e8me de fontes ?<\/a><\/li>\n<li><a href=\"http:\/\/luciole.local\/~flo\/wordpress\/?page_id=209\">Packages et classes utiles<\/a><\/li>\n<li><a href=\"http:\/\/luciole.local\/~flo\/wordpress\/?page_id=216\">Bibliographie<\/a><\/li>\n<\/ol>\n<h2>Documents<\/h2>\n<ul>\n<li><strong>Cours:<\/strong>\n<ul>\n<li><a href=\"http:\/\/dev-lesia.obspm.fr\/blogs\/florence-henry\/files\/2010\/11\/cours1.pdf\">cours.pdf<\/a><\/li>\n<li><a href=\"http:\/\/luciole.local\/~flo\/wordpress\/wp-content\/uploads\/2010\/11\/cours.tex\">cours.tex<\/a><\/li>\n<li><a href=\"http:\/\/luciole.local\/~flo\/wordpress\/wp-content\/uploads\/2010\/11\/symbols-a4.pdf\">symbols-a4.pdf<\/a><\/li>\n<\/ul>\n<\/li>\n<li><strong>Travaux Pratiques:<\/strong>\n<ul>\n<li><a href=\"http:\/\/luciole.local\/~flo\/wordpress\/wp-content\/uploads\/2010\/11\/td.pdf\">td.pdf<\/a><\/li>\n<li><a href=\"http:\/\/luciole.local\/~flo\/wordpress\/wp-content\/uploads\/2010\/11\/td.tex\">td.tex<\/a><\/li>\n<li><a href=\"http:\/\/luciole.local\/~flo\/wordpress\/wp-content\/uploads\/2010\/11\/texte.tex\">texte.tex<\/a><\/li>\n<li><a href=\"http:\/\/luciole.local\/~flo\/wordpress\/wp-content\/uploads\/2010\/11\/original.tex\">original.tex<\/a><\/li>\n<\/ul>\n<\/li>\n<li><strong>Corrig\u00e9:<\/strong>\n<ul>\n<li><a href=\"http:\/\/luciole.local\/~flo\/wordpress\/wp-content\/uploads\/2010\/11\/corr-td.pdf\">corr-td.pdf<\/a><\/li>\n<li><a href=\"http:\/\/luciole.local\/~flo\/wordpress\/wp-content\/uploads\/2010\/11\/corr-td.tex\">corr-td.tex<\/a><\/li>\n<li><a href=\"http:\/\/luciole.local\/~flo\/wordpress\/wp-content\/uploads\/2010\/11\/modifybook.pdf\">modifybook.pdf<\/a><\/li>\n<li><a href=\"http:\/\/luciole.local\/~flo\/wordpress\/wp-content\/uploads\/2010\/11\/modifybook.tex\">modifybook.tex<\/a><\/li>\n<\/ul>\n<\/li>\n<\/ul>\n","protected":false},"excerpt":{"rendered":"<p>Ce cours a \u00e9t\u00e9 donn\u00e9 en juin 2004, dans le cadre de la formation permanente de l&rsquo;Observatoire de Paris. Sommaire G\u00e9n\u00e9ralit\u00e9s (bonnes habitudes et petits trucs) Comment placer ce que je veux, o\u00f9 je veux? Comment faire des tableaux compliqu\u00e9s? Comment fonctionne le syst\u00e8me de fontes ? Packages et classes utiles Bibliographie Documents Cours: cours.pdf [&hellip;]<\/p>\n","protected":false},"author":3,"featured_media":0,"parent":0,"menu_order":0,"comment_status":"open","ping_status":"open","template":"","meta":{"footnotes":""},"class_list":["post-168","page","type-page","status-publish","hentry"],"_links":{"self":[{"href":"https:\/\/sites.lesia.obspm.fr\/florence-henry\/wp-json\/wp\/v2\/pages\/168","targetHints":{"allow":["GET"]}}],"collection":[{"href":"https:\/\/sites.lesia.obspm.fr\/florence-henry\/wp-json\/wp\/v2\/pages"}],"about":[{"href":"https:\/\/sites.lesia.obspm.fr\/florence-henry\/wp-json\/wp\/v2\/types\/page"}],"author":[{"embeddable":true,"href":"https:\/\/sites.lesia.obspm.fr\/florence-henry\/wp-json\/wp\/v2\/users\/3"}],"replies":[{"embeddable":true,"href":"https:\/\/sites.lesia.obspm.fr\/florence-henry\/wp-json\/wp\/v2\/comments?post=168"}],"version-history":[{"count":1,"href":"https:\/\/sites.lesia.obspm.fr\/florence-henry\/wp-json\/wp\/v2\/pages\/168\/revisions"}],"predecessor-version":[{"id":309,"href":"https:\/\/sites.lesia.obspm.fr\/florence-henry\/wp-json\/wp\/v2\/pages\/168\/revisions\/309"}],"wp:attachment":[{"href":"https:\/\/sites.lesia.obspm.fr\/florence-henry\/wp-json\/wp\/v2\/media?parent=168"}],"curies":[{"name":"wp","href":"https:\/\/api.w.org\/{rel}","templated":true}]}}