{"id":8,"date":"2019-12-18T15:07:09","date_gmt":"2019-12-18T14:07:09","guid":{"rendered":"https:\/\/sites.lesia.obspm.fr\/flavien-kiefer\/?page_id=8"},"modified":"2019-12-19T11:47:09","modified_gmt":"2019-12-19T10:47:09","slug":"centres-dinterets","status":"publish","type":"page","link":"https:\/\/sites.lesia.obspm.fr\/flavien-kiefer\/centres-dinterets\/","title":{"rendered":"Centres d&rsquo;int\u00e9r\u00eats"},"content":{"rendered":"\n<p>De belles images parleront plus que des mots&#8230;<\/p>\n\n\n\n<figure class=\"wp-block-image\"><img loading=\"lazy\" decoding=\"async\" width=\"1024\" height=\"683\" src=\"https:\/\/sites.lesia.obspm.fr\/flavien-kiefer\/files\/2019\/12\/DSCF3502-1024x683.jpg\" alt=\"\" class=\"wp-image-59\" srcset=\"https:\/\/sites.lesia.obspm.fr\/flavien-kiefer\/files\/2019\/12\/DSCF3502-1024x683.jpg 1024w, https:\/\/sites.lesia.obspm.fr\/flavien-kiefer\/files\/2019\/12\/DSCF3502-300x200.jpg 300w, https:\/\/sites.lesia.obspm.fr\/flavien-kiefer\/files\/2019\/12\/DSCF3502-768x512.jpg 768w, https:\/\/sites.lesia.obspm.fr\/flavien-kiefer\/files\/2019\/12\/DSCF3502-450x300.jpg 450w\" sizes=\"auto, (max-width: 1024px) 100vw, 1024px\" \/><\/figure>\n\n\n\n<figure class=\"wp-block-image\"><img loading=\"lazy\" decoding=\"async\" width=\"835\" height=\"557\" src=\"https:\/\/sites.lesia.obspm.fr\/flavien-kiefer\/files\/2019\/12\/0-557-DSCF6719.jpg\" alt=\"\" class=\"wp-image-55\" srcset=\"https:\/\/sites.lesia.obspm.fr\/flavien-kiefer\/files\/2019\/12\/0-557-DSCF6719.jpg 835w, https:\/\/sites.lesia.obspm.fr\/flavien-kiefer\/files\/2019\/12\/0-557-DSCF6719-300x200.jpg 300w, https:\/\/sites.lesia.obspm.fr\/flavien-kiefer\/files\/2019\/12\/0-557-DSCF6719-768x512.jpg 768w, https:\/\/sites.lesia.obspm.fr\/flavien-kiefer\/files\/2019\/12\/0-557-DSCF6719-450x300.jpg 450w\" sizes=\"auto, (max-width: 835px) 100vw, 835px\" \/><\/figure>\n\n\n\n<figure class=\"wp-block-image\"><img loading=\"lazy\" decoding=\"async\" width=\"1024\" height=\"683\" src=\"https:\/\/sites.lesia.obspm.fr\/flavien-kiefer\/files\/2019\/12\/DSCF5486-1024x683.jpg\" alt=\"\" class=\"wp-image-61\" srcset=\"https:\/\/sites.lesia.obspm.fr\/flavien-kiefer\/files\/2019\/12\/DSCF5486-1024x683.jpg 1024w, https:\/\/sites.lesia.obspm.fr\/flavien-kiefer\/files\/2019\/12\/DSCF5486-300x200.jpg 300w, https:\/\/sites.lesia.obspm.fr\/flavien-kiefer\/files\/2019\/12\/DSCF5486-768x512.jpg 768w, https:\/\/sites.lesia.obspm.fr\/flavien-kiefer\/files\/2019\/12\/DSCF5486-450x300.jpg 450w\" sizes=\"auto, (max-width: 1024px) 100vw, 1024px\" \/><\/figure>\n\n\n\n<figure class=\"wp-block-image\"><img loading=\"lazy\" decoding=\"async\" width=\"1024\" height=\"577\" src=\"https:\/\/sites.lesia.obspm.fr\/flavien-kiefer\/files\/2019\/12\/P1013425-1-1024x577.jpg\" alt=\"\" class=\"wp-image-65\" srcset=\"https:\/\/sites.lesia.obspm.fr\/flavien-kiefer\/files\/2019\/12\/P1013425-1-1024x577.jpg 1024w, https:\/\/sites.lesia.obspm.fr\/flavien-kiefer\/files\/2019\/12\/P1013425-1-300x169.jpg 300w, https:\/\/sites.lesia.obspm.fr\/flavien-kiefer\/files\/2019\/12\/P1013425-1-768x433.jpg 768w, https:\/\/sites.lesia.obspm.fr\/flavien-kiefer\/files\/2019\/12\/P1013425-1-500x282.jpg 500w\" sizes=\"auto, (max-width: 1024px) 100vw, 1024px\" \/><figcaption>OLYMPUS DIGITAL CAMERA<\/figcaption><\/figure>\n\n\n\n<figure class=\"wp-block-image\"><img loading=\"lazy\" decoding=\"async\" width=\"1024\" height=\"683\" src=\"https:\/\/sites.lesia.obspm.fr\/flavien-kiefer\/files\/2019\/12\/DSCF2260-1024x683.jpg\" alt=\"\" class=\"wp-image-63\" srcset=\"https:\/\/sites.lesia.obspm.fr\/flavien-kiefer\/files\/2019\/12\/DSCF2260-1024x683.jpg 1024w, https:\/\/sites.lesia.obspm.fr\/flavien-kiefer\/files\/2019\/12\/DSCF2260-300x200.jpg 300w, https:\/\/sites.lesia.obspm.fr\/flavien-kiefer\/files\/2019\/12\/DSCF2260-768x512.jpg 768w, https:\/\/sites.lesia.obspm.fr\/flavien-kiefer\/files\/2019\/12\/DSCF2260-450x300.jpg 450w\" sizes=\"auto, (max-width: 1024px) 100vw, 1024px\" \/><\/figure>\n\n\n\n<figure class=\"wp-block-image\"><img loading=\"lazy\" decoding=\"async\" width=\"860\" height=\"740\" src=\"https:\/\/sites.lesia.obspm.fr\/flavien-kiefer\/files\/2019\/12\/Jupiter.png\" alt=\"\" class=\"wp-image-64\" srcset=\"https:\/\/sites.lesia.obspm.fr\/flavien-kiefer\/files\/2019\/12\/Jupiter.png 860w, https:\/\/sites.lesia.obspm.fr\/flavien-kiefer\/files\/2019\/12\/Jupiter-300x258.png 300w, https:\/\/sites.lesia.obspm.fr\/flavien-kiefer\/files\/2019\/12\/Jupiter-768x661.png 768w, https:\/\/sites.lesia.obspm.fr\/flavien-kiefer\/files\/2019\/12\/Jupiter-349x300.png 349w\" sizes=\"auto, (max-width: 860px) 100vw, 860px\" \/><\/figure>\n\n\n\n<figure class=\"wp-block-image\"><img loading=\"lazy\" decoding=\"async\" width=\"768\" height=\"1024\" src=\"https:\/\/sites.lesia.obspm.fr\/flavien-kiefer\/files\/2019\/12\/IMG_20181027_152941-768x1024.jpg\" alt=\"\" class=\"wp-image-66\" srcset=\"https:\/\/sites.lesia.obspm.fr\/flavien-kiefer\/files\/2019\/12\/IMG_20181027_152941-768x1024.jpg 768w, https:\/\/sites.lesia.obspm.fr\/flavien-kiefer\/files\/2019\/12\/IMG_20181027_152941-225x300.jpg 225w\" sizes=\"auto, (max-width: 768px) 100vw, 768px\" \/><\/figure>\n\n\n\n<p>L&rsquo;escalade, l&rsquo;alpinisme, la randonn\u00e9e, le ski de rando et la cascade de glace, mais aussi le snowboard, tout ce qui permet de profiter de la montagne et de s&rsquo;immerger dans de beaux paysages sont mes passions. Mais je passe aussi un peu de mon temps libre \u00e0 faire de la photographie, et pourquoi pas du ciel \u00e9toil\u00e9 quand les conditions s&rsquo;y pr\u00eatent, en montagne ou \u00e0 l&rsquo;observatoire, et que j&rsquo;ai eu la bonne id\u00e9e d&rsquo;amener mon tr\u00e9pied&#8230;<\/p>\n\n\n\n<p>Mordu depuis 2010, l&rsquo;escalade est pour moi une affaire s\u00e9rieuse. Je suis initiateur et moniteur dipl\u00f4m\u00e9 dans mon club dont je g\u00e8re en grande partie l&rsquo;organisation, et r\u00e9guli\u00e8rement quelques sorties de terrain ! &nbsp; &nbsp;<\/p>\n","protected":false},"excerpt":{"rendered":"<p>De belles images parleront plus que des mots&#8230; L&rsquo;escalade, l&rsquo;alpinisme, la randonn\u00e9e, le ski de rando et la cascade de glace, mais aussi le snowboard, tout ce qui permet de profiter de la montagne et de s&rsquo;immerger dans de beaux &hellip; <a href=\"https:\/\/sites.lesia.obspm.fr\/flavien-kiefer\/centres-dinterets\/\">Continuer la lecture <span class=\"meta-nav\">&rarr;<\/span><\/a><\/p>\n","protected":false},"author":68,"featured_media":0,"parent":0,"menu_order":0,"comment_status":"closed","ping_status":"closed","template":"","meta":{"footnotes":""},"class_list":["post-8","page","type-page","status-publish","hentry"],"_links":{"self":[{"href":"https:\/\/sites.lesia.obspm.fr\/flavien-kiefer\/wp-json\/wp\/v2\/pages\/8","targetHints":{"allow":["GET"]}}],"collection":[{"href":"https:\/\/sites.lesia.obspm.fr\/flavien-kiefer\/wp-json\/wp\/v2\/pages"}],"about":[{"href":"https:\/\/sites.lesia.obspm.fr\/flavien-kiefer\/wp-json\/wp\/v2\/types\/page"}],"author":[{"embeddable":true,"href":"https:\/\/sites.lesia.obspm.fr\/flavien-kiefer\/wp-json\/wp\/v2\/users\/68"}],"replies":[{"embeddable":true,"href":"https:\/\/sites.lesia.obspm.fr\/flavien-kiefer\/wp-json\/wp\/v2\/comments?post=8"}],"version-history":[{"count":2,"href":"https:\/\/sites.lesia.obspm.fr\/flavien-kiefer\/wp-json\/wp\/v2\/pages\/8\/revisions"}],"predecessor-version":[{"id":67,"href":"https:\/\/sites.lesia.obspm.fr\/flavien-kiefer\/wp-json\/wp\/v2\/pages\/8\/revisions\/67"}],"wp:attachment":[{"href":"https:\/\/sites.lesia.obspm.fr\/flavien-kiefer\/wp-json\/wp\/v2\/media?parent=8"}],"curies":[{"name":"wp","href":"https:\/\/api.w.org\/{rel}","templated":true}]}}