{"id":661,"date":"2024-08-07T13:39:50","date_gmt":"2024-08-07T11:39:50","guid":{"rendered":"https:\/\/sites.lesia.obspm.fr\/federation-nanosats\/?page_id=661"},"modified":"2025-10-23T15:57:42","modified_gmt":"2025-10-23T13:57:42","slug":"projects","status":"publish","type":"page","link":"https:\/\/sites.lesia.obspm.fr\/federation-nanosats\/en\/projects\/","title":{"rendered":"Projects"},"content":{"rendered":"\n<div class=\"wp-block-cover alignfull\"><img loading=\"lazy\" decoding=\"async\" width=\"1920\" height=\"350\" class=\"wp-block-cover__image-background wp-image-340\" alt=\"\" src=\"https:\/\/sites.lesia.obspm.fr\/federation-nanosats\/files\/2024\/08\/banniere-generique2-02.jpg\" style=\"object-position:0% 0%\" data-object-fit=\"cover\" data-object-position=\"0% 0%\" srcset=\"https:\/\/sites.lesia.obspm.fr\/federation-nanosats\/files\/2024\/08\/banniere-generique2-02.jpg 1920w, https:\/\/sites.lesia.obspm.fr\/federation-nanosats\/files\/2024\/08\/banniere-generique2-02-300x55.jpg 300w, https:\/\/sites.lesia.obspm.fr\/federation-nanosats\/files\/2024\/08\/banniere-generique2-02-1024x187.jpg 1024w, https:\/\/sites.lesia.obspm.fr\/federation-nanosats\/files\/2024\/08\/banniere-generique2-02-768x140.jpg 768w, https:\/\/sites.lesia.obspm.fr\/federation-nanosats\/files\/2024\/08\/banniere-generique2-02-1536x280.jpg 1536w\" sizes=\"auto, (max-width: 1920px) 100vw, 1920px\" \/><span aria-hidden=\"true\" class=\"wp-block-cover__background has-background-dim-0 has-background-dim\" style=\"background-color:#354c72\"><\/span><div class=\"wp-block-cover__inner-container is-layout-constrained wp-block-cover-is-layout-constrained\">\n<div class=\"wp-block-group\"><div class=\"wp-block-group__inner-container is-layout-constrained wp-block-group-is-layout-constrained\">\n<div class=\"wp-block-columns is-layout-flex wp-container-core-columns-is-layout-9d6595d7 wp-block-columns-is-layout-flex\">\n<div class=\"wp-block-column is-layout-flow wp-block-column-is-layout-flow\" style=\"flex-basis:66.66%\">\n<h1 class=\"wp-block-heading has-neve-link-hover-color-color has-text-color has-link-color wp-elements-26219672fcc4d5d1d5662b1fddadb51e\">Projects<\/h1>\n<\/div>\n\n\n\n<div class=\"wp-block-column is-layout-flow wp-block-column-is-layout-flow\" style=\"flex-basis:33.33%\"><\/div>\n<\/div>\n<\/div><\/div>\n<\/div><\/div>\n\n\n\n<div style=\"height:30px\" aria-hidden=\"true\" class=\"wp-block-spacer\"><\/div>\n\n\n\n<h2 class=\"wp-block-heading has-nv-c-1-color has-text-color has-link-color wp-elements-c5b3ac4d623aacc2f8c2dd794ab3ae1b\">In a nutshell<\/h2>\n\n\n\n<p>Members of the F\u00e9d\u00e9ration Nanosats are involved in ambitious scientific projects. The variety of satellites, themes and scientific objectives addressed bear witness to the extraordinary capabilities of nanosatellites as a new vector for space exploration, and to the interest that communities have in them. From the study of the Earth\u2019s atmosphere to the calibration of the cosmological background, nanosatellites have their place in all the disciplines of the sciences of the Earth and the Universe. The characteristics of nanosatellites also represent opportunities to develop and test innovative technologies that could potentially be used on larger satellites, which is a serious advantage.<\/p>\n\n\n\n<div style=\"height:30px\" aria-hidden=\"true\" class=\"wp-block-spacer\"><\/div>\n\n\n\n<div class=\"wp-block-columns is-layout-flex wp-container-core-columns-is-layout-9d6595d7 wp-block-columns-is-layout-flex\">\n<div class=\"wp-block-column is-layout-flow wp-block-column-is-layout-flow\">\n<figure class=\"wp-block-image size-large is-resized\"><img decoding=\"async\" src=\"https:\/\/sites.lesia.obspm.fr\/federation-nanosats\/files\/2024\/08\/minia-birdy.jpg\" alt=\"\" style=\"width:200px\" \/><\/figure>\n\n\n\n<div style=\"height:15px\" aria-hidden=\"true\" class=\"wp-block-spacer\"><\/div>\n\n\n\n<h3 class=\"wp-block-heading\">BIRDY<\/h3>\n\n\n\n<p>BIRDY is an interplanetary satellite concept designed to explore the internal structure of small bodies in the solar system (comets, asteroids, etc.) using inter-satellite links.<\/p>\n\n\n\n<p>#SmallSolarObjecs, #SpaceAwareness<\/p>\n<\/div>\n\n\n\n<div class=\"wp-block-column is-layout-flow wp-block-column-is-layout-flow\">\n<figure class=\"wp-block-image size-large is-resized\"><img decoding=\"async\" src=\"https:\/\/sites.lesia.obspm.fr\/federation-nanosats\/files\/2024\/08\/minia-casstor.jpg\" alt=\"\" style=\"width:200px\" \/><\/figure>\n\n\n\n<div style=\"height:15px\" aria-hidden=\"true\" class=\"wp-block-spacer\"><\/div>\n\n\n\n<h3 class=\"wp-block-heading\">CASSTOR<\/h3>\n\n\n\n<p>A technological and scientific demonstrator for UV spectropolarimetry, CASSTOR aims to pave the way for a whole new field of observation for future space missions.<br><br>#Stars<\/p>\n<\/div>\n\n\n\n<div class=\"wp-block-column is-layout-flow wp-block-column-is-layout-flow\">\n<figure class=\"wp-block-image size-large is-resized\"><img decoding=\"async\" src=\"https:\/\/sites.lesia.obspm.fr\/federation-nanosats\/files\/2024\/08\/minia-exolight.jpg\" alt=\"\" style=\"width:200px\" \/><\/figure>\n\n\n\n<div style=\"height:15px\" aria-hidden=\"true\" class=\"wp-block-spacer\"><\/div>\n\n\n\n<h3 class=\"wp-block-heading\">ExoLight<\/h3>\n\n\n\n<p>ExoLight is a technological demonstrator for future projects involving larger-scale interferometers designed to study the light from the dust around stars.<\/p>\n\n\n\n<p>#InterstellarDust<\/p>\n<\/div>\n<\/div>\n\n\n\n<div class=\"wp-block-columns is-layout-flex wp-container-core-columns-is-layout-9d6595d7 wp-block-columns-is-layout-flex\">\n<div class=\"wp-block-column is-layout-flow wp-block-column-is-layout-flow\">\n<figure class=\"wp-block-image size-large is-resized\"><img decoding=\"async\" src=\"https:\/\/sites.lesia.obspm.fr\/federation-nanosats\/files\/2024\/08\/minia-igosat.jpg\" alt=\"\" style=\"width:200px\" \/><\/figure>\n\n\n\n<div style=\"height:15px\" aria-hidden=\"true\" class=\"wp-block-spacer\"><\/div>\n\n\n\n<h3 class=\"wp-block-heading\">IGOSat<\/h3>\n\n\n\n<p>IGOSat aims to study the gamma-ray environment and the content of high-energy electrons at the level of the SAA anomaly and the polar cones.<\/p>\n\n\n\n<p>#Ionosphere<\/p>\n<\/div>\n\n\n\n<div class=\"wp-block-column is-layout-flow wp-block-column-is-layout-flow\">\n<figure class=\"wp-block-image size-large is-resized\"><img decoding=\"async\" src=\"https:\/\/sites.lesia.obspm.fr\/federation-nanosats\/files\/2024\/08\/minia-meteorix.jpg\" alt=\"\" style=\"width:200px\" \/><\/figure>\n\n\n\n<div style=\"height:15px\" aria-hidden=\"true\" class=\"wp-block-spacer\"><\/div>\n\n\n\n<h3 class=\"wp-block-heading\">Meteorix<\/h3>\n\n\n\n<p>Meteorix is a nanosatellite dedicated to detecting and characterising meteors and space debris, in particular by measuring their entry fluxes into the Earth\u2019s atmosphere.<\/p>\n\n\n\n<p>#Meteoroids #SpaceAwareness<\/p>\n<\/div>\n\n\n\n<div class=\"wp-block-column is-layout-flow wp-block-column-is-layout-flow\">\n<figure class=\"wp-block-image size-large is-resized\"><img decoding=\"async\" src=\"https:\/\/sites.lesia.obspm.fr\/federation-nanosats\/files\/2024\/08\/minia-noire.jpg\" alt=\"\" style=\"width:200px\" \/><\/figure>\n\n\n\n<div style=\"height:15px\" aria-hidden=\"true\" class=\"wp-block-spacer\"><\/div>\n\n\n\n<h3 class=\"wp-block-heading\">Noire<\/h3>\n\n\n\n<p>NOIRE is a technological concept for a radio interferometric observatory comprising a swarm of around 50 nanosatellites orbiting the Moon.<\/p>\n\n\n\n<p>#Interferometry<\/p>\n<\/div>\n<\/div>\n\n\n\n<div class=\"wp-block-columns is-layout-flex wp-container-core-columns-is-layout-9d6595d7 wp-block-columns-is-layout-flex\">\n<div class=\"wp-block-column is-layout-flow wp-block-column-is-layout-flow\">\n<figure class=\"wp-block-image size-large is-resized\"><img decoding=\"async\" src=\"https:\/\/sites.lesia.obspm.fr\/federation-nanosats\/files\/2024\/08\/minia-ogmssa.jpg\" alt=\"\" style=\"width:200px\" \/><\/figure>\n\n\n\n<div style=\"height:15px\" aria-hidden=\"true\" class=\"wp-block-spacer\"><\/div>\n\n\n\n<h3 class=\"wp-block-heading\">OGSM-SA<\/h3>\n\n\n\n<p>OGSM-SA is a technological demonstrator of the additive printing structure and the behaviour of the platform at launch and during a space stay.<\/p>\n\n\n\n<p>#TechnologyDemonstrator<\/p>\n<\/div>\n\n\n\n<div class=\"wp-block-column is-layout-flow wp-block-column-is-layout-flow\">\n<figure class=\"wp-block-image size-large is-resized\"><img decoding=\"async\" src=\"https:\/\/sites.lesia.obspm.fr\/federation-nanosats\/files\/2024\/08\/minia-teracube.jpg\" alt=\"\" style=\"width:200px\" \/><\/figure>\n\n\n\n<div style=\"height:15px\" aria-hidden=\"true\" class=\"wp-block-spacer\"><\/div>\n\n\n\n<h3 class=\"wp-block-heading\">Teracube<\/h3>\n\n\n\n<p>Teracube is a nanosatellite concept designed to study planetary atmospheres using a new generation of ultra-compact receivers.<\/p>\n\n\n\n<p>#PlanetaryAtmosphere<\/p>\n<\/div>\n\n\n\n<div class=\"wp-block-column is-layout-flow wp-block-column-is-layout-flow\"><\/div>\n<\/div>\n\n\n\n<div style=\"height:120px\" aria-hidden=\"true\" class=\"wp-block-spacer\"><\/div>\n\n\n\n<hr class=\"wp-block-separator has-alpha-channel-opacity is-style-dots\" \/>\n\n\n\n<h2 class=\"wp-block-heading has-nv-c-1-color has-text-color has-link-color wp-elements-84cbac9c45143f149283c4b115f5bf00\">Other projects led by our members<\/h2>\n\n\n\n<div class=\"wp-block-columns is-layout-flex wp-container-core-columns-is-layout-9d6595d7 wp-block-columns-is-layout-flex\">\n<div class=\"wp-block-column is-layout-flow wp-block-column-is-layout-flow\">\n<figure class=\"wp-block-image size-large is-resized wp-duotone-midnight\"><img decoding=\"async\" src=\"https:\/\/sites.lesia.obspm.fr\/federation-nanosats\/files\/2024\/08\/minia-inspiresat.jpg\" alt=\"\" style=\"width:200px\" \/><\/figure>\n\n\n\n<div style=\"height:15px\" aria-hidden=\"true\" class=\"wp-block-spacer\"><\/div>\n\n\n\n<h3 class=\"wp-block-heading\">InspireSat<\/h3>\n\n\n\n<p>INSPIRE-SAT is complementary to UVSQ-SAT, dedicated to the study of the Earth\u2019s radiation budget and designed to validate the constellation approach.<\/p>\n\n\n\n<p>#Climate<\/p>\n<\/div>\n\n\n\n<div class=\"wp-block-column is-layout-flow wp-block-column-is-layout-flow\">\n<figure class=\"wp-block-image size-large is-resized wp-duotone-midnight\"><img decoding=\"async\" src=\"https:\/\/sites.lesia.obspm.fr\/federation-nanosats\/files\/2024\/08\/minia-picsat.jpg\" alt=\"\" style=\"width:200px\" \/><\/figure>\n\n\n\n<div style=\"height:15px\" aria-hidden=\"true\" class=\"wp-block-spacer\"><\/div>\n\n\n\n<h3 class=\"wp-block-heading\">PicSat<\/h3>\n\n\n\n<p>PicSat est un nanosatellite d\u00e9di\u00e9 \u00e0 l\u2019observation du passage de la jeune exoplan\u00e8te Beta Picotais b devant son \u00e9toile Beta Pictoris.<\/p>\n\n\n\n<p>#exoplanete<\/p>\n<\/div>\n\n\n\n<div class=\"wp-block-column is-layout-flow wp-block-column-is-layout-flow\">\n<figure class=\"wp-block-image size-large is-resized wp-duotone-midnight\"><img decoding=\"async\" src=\"https:\/\/sites.lesia.obspm.fr\/federation-nanosats\/files\/2024\/09\/earth-2113656_960_720.jpg\" alt=\"\" style=\"width:200px\" \/><\/figure>\n\n\n\n<div style=\"height:15px\" aria-hidden=\"true\" class=\"wp-block-spacer\"><\/div>\n\n\n\n<h3 class=\"wp-block-heading\">UVSQ-Sat<\/h3>\n\n\n\n<p>UVQS-SAT is a project dedicated to the study of climate and sun-Earth interactions, in order to establish a radiation budget for the Earth and solar spectral irradiance.<\/p>\n\n\n\n<p>#Climate<\/p>\n<\/div>\n<\/div>\n\n\n\n<div class=\"wp-block-columns is-layout-flex wp-container-core-columns-is-layout-9d6595d7 wp-block-columns-is-layout-flex\">\n<div class=\"wp-block-column is-layout-flow wp-block-column-is-layout-flow\">\n<figure class=\"wp-block-image size-large is-resized wp-duotone-midnight\"><img decoding=\"async\" src=\"https:\/\/sites.lesia.obspm.fr\/federation-nanosats\/files\/2024\/08\/minia-cosmocal.jpg\" alt=\"\" style=\"width:200px\" \/><\/figure>\n\n\n\n<div style=\"height:15px\" aria-hidden=\"true\" class=\"wp-block-spacer\"><\/div>\n\n\n\n<h3 class=\"wp-block-heading\">CosmoCal<\/h3>\n\n\n\n<p>CosmoCal is a project aimed at surveying objects at millimetre wavelengths in order to calibrate experiments on the CMB.<\/p>\n\n\n\n<p>#Cosmology<\/p>\n<\/div>\n\n\n\n<div class=\"wp-block-column is-layout-flow wp-block-column-is-layout-flow\">\n<figure class=\"wp-block-image size-large is-resized wp-duotone-midnight\"><img decoding=\"async\" src=\"https:\/\/sites.lesia.obspm.fr\/federation-nanosats\/files\/2024\/08\/minia-nanomagsat.jpg\" alt=\"\" style=\"width:200px\" \/><\/figure>\n\n\n\n<div style=\"height:15px\" aria-hidden=\"true\" class=\"wp-block-spacer\"><\/div>\n\n\n\n<h3 class=\"wp-block-heading\">NanoMagSat<\/h3>\n\n\n\n<p>NanoMagSat is a project for a constellation of 3 nanosatellites to observe the Earth\u2019s magnetic field and ionospheric environment.<\/p>\n\n\n\n<p>#Magnetisme<\/p>\n<\/div>\n\n\n\n<div class=\"wp-block-column is-layout-flow wp-block-column-is-layout-flow\">\n<figure class=\"wp-block-image size-large is-resized wp-duotone-midnight\"><img decoding=\"async\" src=\"https:\/\/sites.lesia.obspm.fr\/federation-nanosats\/files\/2024\/08\/minia-IR-coaster.jpg\" alt=\"\" style=\"width:200px\" \/><\/figure>\n\n\n\n<div style=\"height:15px\" aria-hidden=\"true\" class=\"wp-block-spacer\"><\/div>\n\n\n\n<h3 class=\"wp-block-heading\">IR-Coaster<\/h3>\n\n\n\n<p>IRCoaster is a project to study the interaction of the space environment with organic matter, in particular by analysing the effects of solar radiation on the latter.<\/p>\n\n\n\n<p>#SolarRadiation, #OrganicMatter<\/p>\n<\/div>\n<\/div>\n\n\n\n<div style=\"height:120px\" aria-hidden=\"true\" class=\"wp-block-spacer\"><\/div>\n","protected":false},"excerpt":{"rendered":"<p>In a nutshell Members of the F\u00e9d\u00e9ration Nanosats are involved in ambitious scientific projects. The variety of satellites, themes and scientific objectives addressed bear witness to the extraordinary capabilities of&hellip;&nbsp;<a href=\"https:\/\/sites.lesia.obspm.fr\/federation-nanosats\/en\/projects\/\" rel=\"bookmark\">Lire la suite &raquo;<span class=\"screen-reader-text\">Projects<\/span><\/a><\/p>\n","protected":false},"author":97,"featured_media":0,"parent":0,"menu_order":0,"comment_status":"closed","ping_status":"closed","template":"","meta":{"neve_meta_sidebar":"","neve_meta_container":"","neve_meta_enable_content_width":"on","neve_meta_content_width":100,"neve_meta_title_alignment":"","neve_meta_author_avatar":"","neve_post_elements_order":"","neve_meta_disable_header":"","neve_meta_disable_footer":"","neve_meta_disable_title":"on","footnotes":""},"class_list":["post-661","page","type-page","status-publish","hentry"],"_links":{"self":[{"href":"https:\/\/sites.lesia.obspm.fr\/federation-nanosats\/wp-json\/wp\/v2\/pages\/661","targetHints":{"allow":["GET"]}}],"collection":[{"href":"https:\/\/sites.lesia.obspm.fr\/federation-nanosats\/wp-json\/wp\/v2\/pages"}],"about":[{"href":"https:\/\/sites.lesia.obspm.fr\/federation-nanosats\/wp-json\/wp\/v2\/types\/page"}],"author":[{"embeddable":true,"href":"https:\/\/sites.lesia.obspm.fr\/federation-nanosats\/wp-json\/wp\/v2\/users\/97"}],"replies":[{"embeddable":true,"href":"https:\/\/sites.lesia.obspm.fr\/federation-nanosats\/wp-json\/wp\/v2\/comments?post=661"}],"version-history":[{"count":30,"href":"https:\/\/sites.lesia.obspm.fr\/federation-nanosats\/wp-json\/wp\/v2\/pages\/661\/revisions"}],"predecessor-version":[{"id":1350,"href":"https:\/\/sites.lesia.obspm.fr\/federation-nanosats\/wp-json\/wp\/v2\/pages\/661\/revisions\/1350"}],"wp:attachment":[{"href":"https:\/\/sites.lesia.obspm.fr\/federation-nanosats\/wp-json\/wp\/v2\/media?parent=661"}],"curies":[{"name":"wp","href":"https:\/\/api.w.org\/{rel}","templated":true}]}}