{"id":644,"date":"2024-08-07T13:10:15","date_gmt":"2024-08-07T11:10:15","guid":{"rendered":"https:\/\/sites.lesia.obspm.fr\/federation-nanosats\/?page_id=644"},"modified":"2024-08-07T13:10:16","modified_gmt":"2024-08-07T11:10:16","slug":"legal-notice","status":"publish","type":"page","link":"https:\/\/sites.lesia.obspm.fr\/federation-nanosats\/en\/legal-notice\/","title":{"rendered":"Legal notice"},"content":{"rendered":"\n<div style=\"height:30px\" aria-hidden=\"true\" class=\"wp-block-spacer\"><\/div>\n\n\n\n<h2 class=\"wp-block-heading has-nv-c-1-color has-text-color has-link-color wp-elements-a8fac6b10156d8ec384bba748d95822d\">General information<\/h2>\n\n\n\n<p>This website presents information, images and news about the F\u00e9d\u00e9ration Nanosats and its members. The Federation\u2019s head office is located at 5 place Jules Janssen \u2013 92190 Meudon.<\/p>\n\n\n\n<ul class=\"wp-block-list\">\n<li>Publishing director: Coralie Neiner, F\u00e9d\u00e9ration Nanosats Director<\/li>\n\n\n\n<li>Editorial manager\u00a0: Audrey Le Reun, F\u00e9d\u00e9ration Nanosats communication officer<\/li>\n\n\n\n<li>Content Management System : WordPress<\/li>\n\n\n\n<li>Graphic design and web development\u00a0: Audrey Le Reun, Federation Nanosats communication officer, from the NEVE theme<\/li>\n\n\n\n<li>Hosting : The site is hosted on a server administered by\u00a0<a href=\"https:\/\/lesia.obspm.fr\/spip.php?page=rubrique&amp;id_rubrique=49\">GIL<\/a>\u00a0(LESIA IT Group)<\/li>\n<\/ul>\n\n\n\n<h2 class=\"wp-block-heading has-nv-c-1-color has-text-color has-link-color wp-elements-060e8c5a92a55f0c77dd2029fcf69080\">Terms &amp; Conditions<\/h2>\n\n\n\n<h3 class=\"wp-block-heading\">Disclaimer<\/h3>\n\n\n\n<p>F\u00e9d\u00e9ration Nanosats cannot under any circumstances be held responsible for the information presented on this site or for any consequences resulting from its use or interpretation.<\/p>\n\n\n\n<h3 class=\"wp-block-heading\">Copyright<\/h3>\n\n\n\n<p>The content presented on this website, whether textual or iconographic, is the property of the F\u00e9d\u00e9ration Nanosats, or of a third party for whom it has been granted the right to use it. Under no circumstances may any content be used or reproduced without the express authorisation of the F\u00e9d\u00e9ration Nanosats or the authors indicated. The use of nominative information for the purposes of other nominative processing (for example for commercial or advertising purposes) is strictly prohibited.<\/p>\n\n\n\n<h3 class=\"wp-block-heading\">Links<\/h3>\n\n\n\n<p>The setting up of hypertext links by third parties to pages or documents distributed on the F\u00e9d\u00e9ration Nanosats site is authorised provided that the links do not contravene the interests of F\u00e9d\u00e9ration Nanosats, and that they guarantee the possibility for the user to identify the origin and author of the document.<\/p>\n\n\n\n<div style=\"height:120px\" aria-hidden=\"true\" class=\"wp-block-spacer\"><\/div>\n","protected":false},"excerpt":{"rendered":"<p>General information This website presents information, images and news about the F\u00e9d\u00e9ration Nanosats and its members. The Federation\u2019s head office is located at 5 place Jules Janssen \u2013 92190 Meudon.&hellip;&nbsp;<a href=\"https:\/\/sites.lesia.obspm.fr\/federation-nanosats\/en\/legal-notice\/\" rel=\"bookmark\">Lire la suite &raquo;<span class=\"screen-reader-text\">Legal notice<\/span><\/a><\/p>\n","protected":false},"author":97,"featured_media":0,"parent":0,"menu_order":0,"comment_status":"closed","ping_status":"closed","template":"","meta":{"neve_meta_sidebar":"","neve_meta_container":"","neve_meta_enable_content_width":"","neve_meta_content_width":0,"neve_meta_title_alignment":"","neve_meta_author_avatar":"","neve_post_elements_order":"","neve_meta_disable_header":"","neve_meta_disable_footer":"","neve_meta_disable_title":"","footnotes":""},"class_list":["post-644","page","type-page","status-publish","hentry"],"_links":{"self":[{"href":"https:\/\/sites.lesia.obspm.fr\/federation-nanosats\/wp-json\/wp\/v2\/pages\/644","targetHints":{"allow":["GET"]}}],"collection":[{"href":"https:\/\/sites.lesia.obspm.fr\/federation-nanosats\/wp-json\/wp\/v2\/pages"}],"about":[{"href":"https:\/\/sites.lesia.obspm.fr\/federation-nanosats\/wp-json\/wp\/v2\/types\/page"}],"author":[{"embeddable":true,"href":"https:\/\/sites.lesia.obspm.fr\/federation-nanosats\/wp-json\/wp\/v2\/users\/97"}],"replies":[{"embeddable":true,"href":"https:\/\/sites.lesia.obspm.fr\/federation-nanosats\/wp-json\/wp\/v2\/comments?post=644"}],"version-history":[{"count":2,"href":"https:\/\/sites.lesia.obspm.fr\/federation-nanosats\/wp-json\/wp\/v2\/pages\/644\/revisions"}],"predecessor-version":[{"id":646,"href":"https:\/\/sites.lesia.obspm.fr\/federation-nanosats\/wp-json\/wp\/v2\/pages\/644\/revisions\/646"}],"wp:attachment":[{"href":"https:\/\/sites.lesia.obspm.fr\/federation-nanosats\/wp-json\/wp\/v2\/media?parent=644"}],"curies":[{"name":"wp","href":"https:\/\/api.w.org\/{rel}","templated":true}]}}