{"id":608,"date":"2024-08-07T12:13:49","date_gmt":"2024-08-07T10:13:49","guid":{"rendered":"https:\/\/sites.lesia.obspm.fr\/federation-nanosats\/?page_id=608"},"modified":"2026-02-02T17:18:06","modified_gmt":"2026-02-02T16:18:06","slug":"the-federation","status":"publish","type":"page","link":"https:\/\/sites.lesia.obspm.fr\/federation-nanosats\/en\/the-federation\/","title":{"rendered":"The Federation"},"content":{"rendered":"\n<div class=\"wp-block-cover alignfull\"><img loading=\"lazy\" decoding=\"async\" width=\"1920\" height=\"350\" class=\"wp-block-cover__image-background wp-image-340\" alt=\"\" src=\"https:\/\/sites.lesia.obspm.fr\/federation-nanosats\/files\/2024\/08\/banniere-generique2-02.jpg\" style=\"object-position:0% 0%\" data-object-fit=\"cover\" data-object-position=\"0% 0%\" srcset=\"https:\/\/sites.lesia.obspm.fr\/federation-nanosats\/files\/2024\/08\/banniere-generique2-02.jpg 1920w, https:\/\/sites.lesia.obspm.fr\/federation-nanosats\/files\/2024\/08\/banniere-generique2-02-300x55.jpg 300w, https:\/\/sites.lesia.obspm.fr\/federation-nanosats\/files\/2024\/08\/banniere-generique2-02-1024x187.jpg 1024w, https:\/\/sites.lesia.obspm.fr\/federation-nanosats\/files\/2024\/08\/banniere-generique2-02-768x140.jpg 768w, https:\/\/sites.lesia.obspm.fr\/federation-nanosats\/files\/2024\/08\/banniere-generique2-02-1536x280.jpg 1536w\" sizes=\"auto, (max-width: 1920px) 100vw, 1920px\" \/><span aria-hidden=\"true\" class=\"wp-block-cover__background has-background-dim-0 has-background-dim\" style=\"background-color:#354c72\"><\/span><div class=\"wp-block-cover__inner-container is-layout-constrained wp-block-cover-is-layout-constrained\">\n<div class=\"wp-block-columns is-layout-flex wp-container-core-columns-is-layout-9d6595d7 wp-block-columns-is-layout-flex\">\n<div class=\"wp-block-column is-layout-flow wp-block-column-is-layout-flow\" style=\"flex-basis:66.66%\">\n<h1 class=\"wp-block-heading has-neve-link-hover-color-color has-text-color\">The Federation<\/h1>\n<\/div>\n\n\n\n<div class=\"wp-block-column is-layout-flow wp-block-column-is-layout-flow\" style=\"flex-basis:33.33%\"><\/div>\n<\/div>\n<\/div><\/div>\n\n\n\n<div style=\"height:30px\" aria-hidden=\"true\" class=\"wp-block-spacer\"><\/div>\n\n\n\n<h2 class=\"wp-block-heading has-nv-c-1-color has-text-color has-link-color wp-elements-1d871ad6d8d07f47a83c93316f406798\">Presentation<\/h2>\n\n\n\n<h3 class=\"wp-block-heading\"><strong>The emergence of nanosatellites<\/strong><\/h3>\n\n\n\n<p>By focusing on cost reduction, shorter lead times and technological innovation, facilitating access to space and diversifying the players involved, the NewSpace movement arguably revolutionized the space industry at the end of the 20th century. Hitherto reserved for government agencies such as NASA in the USA or CNES in France, space is now accessible to a multitude of private and public organizations whose aim is to exploit space for scientific or commercial purposes. The specific characteristics of this new environment have inevitably favored the emergence of nanosatellites.<\/p>\n\n\n\n<p>Initially conceived as educational tools and technological demonstrators, nanosatellites have more than demonstrated &#8211; with over&nbsp;<strong>2600 launches<\/strong>&nbsp;in recent years &#8211; their ability to fly while carrying out scientific operations. What&rsquo;s more, thanks to major technological advances, they are proving to be highly promising new vectors for cutting-edge science. Their size and cost, both much more modest than for traditional larger space missions, make more exotic projects feasible, such as sending swarms or constellations of satellites. Seizing the opportunity presented by nanosatellites, many research laboratories and institutions around the world begun to develop projects, or even dedicated branches. And this, in a wide variety of fields, from climatology to cosmology, via a range of disciplines in physics, Earth sciences and the Universe. As evidenced by the particularly impressive proliferation of players in the Paris region, the space world is truly witnessing the emergence of a new paradigm: nanosatellites.<\/p>\n\n\n\n<h3 class=\"wp-block-heading\"><strong>The essence of the F\u00e9d\u00e9ration Nanosats<\/strong>&nbsp;<\/h3>\n\n\n\n<p>Created in 2023, the F\u00e9d\u00e9ration Nanosats is a CNRS research federation dedicated to the development of scientific nanosatellite projects in Earth and Universe sciences. Spearheaded by Observatoire de Paris and supported by 5 other supervisory bodies (CNRS, ENS, Universit\u00e9 Paris Cit\u00e9, Sorbonne Universit\u00e9, Universit\u00e9 Paris-Est Cr\u00e9teil), it aims to provide an effective response to the issues raised by the scientific community during the respective forecasts of the Institut national des sciences de l&rsquo;Univers (CNRS INSU) and the Centre national d&rsquo;\u00e9tudes spatiales (CNES), namely the need for&nbsp;<strong>simplification<\/strong>,&nbsp;<strong>communication<\/strong>,&nbsp;<strong>mutualisation<\/strong>&nbsp;and&nbsp;<strong>representation<\/strong>&nbsp;vis-\u00e0-vis supervisory bodies, private players and space agencies including CNES.<\/p>\n\n\n\n<h3 class=\"wp-block-heading\">Objectives<\/h3>\n\n\n\n<p>The Nanosats Federation aims to foster the development of major scientific advances in Earth and Universe Sciences through the use of nanosatellites. By capitalising on the wealth of experience of each partner and their human and technical resources, the Federation aims to boost the dynamism of the scientific community in this field by developing scientific and technical objectives, meeting the challenges of NewSpace and federating and developing the nanosatellite community in the Paris region.<\/p>\n\n\n\n<h3 class=\"wp-block-heading\">Evolution<\/h3>\n\n\n\n<p>The scientific community&rsquo;s enthusiasm for nanosatellites extends far beyond the borders of the Paris region. For example, the university space centre in Montpellier, which was responsible for the first nanosatellite in France, as well as those of the universities of Grenoble and Toulouse, have a significant scientific space research activity. More educational in nature, the space centres at the universities of Aix-Marseille, Bordeaux and the C\u00f4te d&rsquo;Azur, as well as the \u00c9cole Polytechnique, are in the process of being developed. This is why, although the Nanosats Federation is currently focusing its activities on the Ile-de-France region, its development will naturally tend to bring together all the players in France over the next few years.<\/p>\n\n\n\n<p>The F\u00e9d\u00e9ration Nanosats is managed by an Executive Committee, supported by a Steering Committee and a Council.<\/p>\n\n\n\n<div style=\"height:120px\" aria-hidden=\"true\" class=\"wp-block-spacer\"><\/div>\n\n\n\n<hr class=\"wp-block-separator has-alpha-channel-opacity is-style-dots\" \/>\n\n\n\n<h2 class=\"wp-block-heading has-nv-c-1-color has-text-color has-link-color wp-elements-a61bf0d148c48b81c0b3b839f0b4f753\">Governance<\/h2>\n\n\n\n<h3 class=\"wp-block-heading\">Executive committee<\/h3>\n\n\n\n<p>The Executive Committee is made up of a unit director, Coralie Neiner, appointed by the CNRS President and CEO after approval by the 6 main supervisory bodies, the competent bodies of the CoNRS and the partner units, and a deputy director, Gauthier Hulot, appointed from among the members of the Federation on the proposal of the unit director and after approval by the Federation Council.<\/p>\n\n\n\n<p>In addition, to ensure thematic balance, the duo forming the Executive Committee is systematically made up of one representative of the Earth sciences community and one representative of the Universe sciences community. Current committee members are based respectively at the Laboratoire d&rsquo;\u00e9tudes spatiales et d&rsquo;instrumentation en astrophysique (LESIA &#8211; Observatoire de Paris-PSL) and the Institut de physique du globe de Paris (IPGP).<\/p>\n\n\n\n<h3 class=\"wp-block-heading\">Steering Committee<\/h3>\n\n\n\n<p>The Steering Committee advises the federation on scientific orientations. It is made up of the Executive Committee, representatives of the federation&rsquo;s supervisory bodies and CNES, as well as external members from the academic, economic and social sectors, and any observers.<\/p>\n\n\n\n<div class=\"wp-block-columns is-layout-flex wp-container-core-columns-is-layout-9d6595d7 wp-block-columns-is-layout-flex\">\n<div class=\"wp-block-column is-layout-flow wp-block-column-is-layout-flow\">\n<p><strong>Representative of supervisory bodies<\/strong><\/p>\n\n\n\n<ul class=\"wp-block-list\">\n<li>C\u00e9line Reyle, CNRS<\/li>\n\n\n\n<li>Fran\u00e7ois Boulanger, ENS<\/li>\n\n\n\n<li>Patrice Coll, Universit\u00e9 Paris Cit\u00e9<\/li>\n\n\n\n<li>Herv\u00e9 Cottin, universit\u00e9 Paris-Est Cr\u00e9teil<\/li>\n\n\n\n<li>Elen Guy, Sorbonne Universit\u00e9<\/li>\n\n\n\n<li>Carlos Garrido, Observatoire de Paris<\/li>\n<\/ul>\n<\/div>\n\n\n\n<div class=\"wp-block-column is-layout-flow wp-block-column-is-layout-flow\">\n<p><strong>Representative of academia and economics sector<\/strong><\/p>\n\n\n\n<ul class=\"wp-block-list\">\n<li>Mathieu Barthelemy, IPAG &amp; CSUG<\/li>\n\n\n\n<li>Nicolas Nolhier, LAAS &amp; CSUT<\/li>\n\n\n\n<li>Florian Deconinck, OpenCosmos<\/li>\n\n\n\n<li>Arnaud Barthere, Eutelsat<\/li>\n<\/ul>\n<\/div>\n\n\n\n<div class=\"wp-block-column is-layout-flow wp-block-column-is-layout-flow\">\n<p><strong>Observator<\/strong><\/p>\n\n\n\n<ul class=\"wp-block-list\">\n<li>Jean-Marc Charbonnier, Onera<\/li>\n\n\n\n<li>Mira Mandea, CNES<\/li>\n<\/ul>\n<\/div>\n<\/div>\n\n\n\n<h3 class=\"wp-block-heading\">The Council<\/h3>\n\n\n\n<p>The federation Council has an advisory role on the coordination, development and evaluation of technical, budgetary and human resources activities, as well as on the appointment of the director and on contract, technology transfer and training policies. It is made up of the Executive Committee and elected and appointed members.<\/p>\n\n\n\n<div class=\"wp-block-columns is-layout-flex wp-container-core-columns-is-layout-9d6595d7 wp-block-columns-is-layout-flex\">\n<div class=\"wp-block-column is-layout-flow wp-block-column-is-layout-flow\">\n<p><strong>Executive committee<\/strong><\/p>\n\n\n\n<ul class=\"wp-block-list\">\n<li>Coralie Neiner, LIRA<\/li>\n\n\n\n<li>Gauthier Hulot, IPGP<\/li>\n<\/ul>\n<\/div>\n\n\n\n<div class=\"wp-block-column is-layout-flow wp-block-column-is-layout-flow\">\n<p><strong>Elected members<\/strong><\/p>\n\n\n\n<ul class=\"wp-block-list\">\n<li>No\u00ebl Grand, LISA &amp; UPEC<\/li>\n\n\n\n<li>S\u00e9bastien Payan, LATMOS &amp; CNRS<\/li>\n\n\n\n<li>Nicolas Rividi, Camparis &amp; SU<\/li>\n\n\n\n<li>Boris Segret, CNES &#8211; Obs. de Paris<\/li>\n\n\n\n<li>Jeanne Treuttel, LIRA &#8211; Obs. de Paris<\/li>\n<\/ul>\n<\/div>\n\n\n\n<div class=\"wp-block-column is-layout-flow wp-block-column-is-layout-flow\">\n<p><strong>Nominated members<\/strong><\/p>\n\n\n\n<ul class=\"wp-block-list\">\n<li>Claude Catala, LIRA &amp; Obs. de Paris<\/li>\n\n\n\n<li>Hubert Halloin, APC &amp; UPC<\/li>\n\n\n\n<li>Daniel Hestroffer, LTE<\/li>\n\n\n\n<li>Nicolas Rambaux, CurieSat &amp; SU<\/li>\n<\/ul>\n<\/div>\n<\/div>\n\n\n\n<div style=\"height:120px\" aria-hidden=\"true\" class=\"wp-block-spacer\"><\/div>\n\n\n\n<hr class=\"wp-block-separator has-alpha-channel-opacity is-style-dots\" \/>\n\n\n\n<h2 class=\"wp-block-heading has-nv-c-1-color has-text-color has-link-color wp-elements-848511cc5e9e47c87e6d56c85e3c03e0\">Supervisory bodies<\/h2>\n\n\n\n<div class=\"wp-block-columns are-vertically-aligned-center has-nv-c-1-background-color has-background is-layout-flex wp-container-core-columns-is-layout-a1383269 wp-block-columns-is-layout-flex\" style=\"padding-top:var(--wp--preset--spacing--50);padding-bottom:var(--wp--preset--spacing--50)\">\n<div class=\"wp-block-column is-vertically-aligned-center is-layout-flow wp-block-column-is-layout-flow\">\n<div class=\"wp-block-columns is-layout-flex wp-container-core-columns-is-layout-9d6595d7 wp-block-columns-is-layout-flex\">\n<div class=\"wp-block-column is-vertically-aligned-center is-layout-flow wp-block-column-is-layout-flow\"><div class=\"wp-block-image\">\n<figure class=\"aligncenter size-large is-resized\"><img loading=\"lazy\" decoding=\"async\" width=\"1024\" height=\"1024\" src=\"https:\/\/sites.lesia.obspm.fr\/federation-nanosats\/files\/2024\/08\/LOGO_CNRS_BLANC-1024x1024.png\" alt=\"\" class=\"wp-image-368\" style=\"width:67px;height:auto\" srcset=\"https:\/\/sites.lesia.obspm.fr\/federation-nanosats\/files\/2024\/08\/LOGO_CNRS_BLANC-1024x1024.png 1024w, https:\/\/sites.lesia.obspm.fr\/federation-nanosats\/files\/2024\/08\/LOGO_CNRS_BLANC-300x300.png 300w, https:\/\/sites.lesia.obspm.fr\/federation-nanosats\/files\/2024\/08\/LOGO_CNRS_BLANC-150x150.png 150w, https:\/\/sites.lesia.obspm.fr\/federation-nanosats\/files\/2024\/08\/LOGO_CNRS_BLANC-768x768.png 768w, https:\/\/sites.lesia.obspm.fr\/federation-nanosats\/files\/2024\/08\/LOGO_CNRS_BLANC-1536x1536.png 1536w, https:\/\/sites.lesia.obspm.fr\/federation-nanosats\/files\/2024\/08\/LOGO_CNRS_BLANC-600x600.png 600w, https:\/\/sites.lesia.obspm.fr\/federation-nanosats\/files\/2024\/08\/LOGO_CNRS_BLANC-45x45.png 45w, https:\/\/sites.lesia.obspm.fr\/federation-nanosats\/files\/2024\/08\/LOGO_CNRS_BLANC.png 2000w\" sizes=\"auto, (max-width: 1024px) 100vw, 1024px\" \/><\/figure><\/div><\/div>\n\n\n\n<div class=\"wp-block-column is-vertically-aligned-center is-layout-flow wp-block-column-is-layout-flow\"><div class=\"wp-block-image\">\n<figure class=\"aligncenter size-large\"><img loading=\"lazy\" decoding=\"async\" width=\"1024\" height=\"212\" src=\"https:\/\/sites.lesia.obspm.fr\/federation-nanosats\/files\/2024\/08\/Observatoire_de_Paris-Logotype-BLANC-2048x423-1-1024x212.png\" alt=\"\" class=\"wp-image-423\" srcset=\"https:\/\/sites.lesia.obspm.fr\/federation-nanosats\/files\/2024\/08\/Observatoire_de_Paris-Logotype-BLANC-2048x423-1-1024x212.png 1024w, https:\/\/sites.lesia.obspm.fr\/federation-nanosats\/files\/2024\/08\/Observatoire_de_Paris-Logotype-BLANC-2048x423-1-300x62.png 300w, https:\/\/sites.lesia.obspm.fr\/federation-nanosats\/files\/2024\/08\/Observatoire_de_Paris-Logotype-BLANC-2048x423-1-768x159.png 768w, https:\/\/sites.lesia.obspm.fr\/federation-nanosats\/files\/2024\/08\/Observatoire_de_Paris-Logotype-BLANC-2048x423-1-1536x317.png 1536w, https:\/\/sites.lesia.obspm.fr\/federation-nanosats\/files\/2024\/08\/Observatoire_de_Paris-Logotype-BLANC-2048x423-1.png 2048w\" sizes=\"auto, (max-width: 1024px) 100vw, 1024px\" \/><\/figure><\/div><\/div>\n\n\n\n<div class=\"wp-block-column is-vertically-aligned-center is-layout-flow wp-block-column-is-layout-flow\"><div class=\"wp-block-image\">\n<figure class=\"aligncenter size-full is-resized\"><img loading=\"lazy\" decoding=\"async\" width=\"500\" height=\"190\" src=\"https:\/\/sites.lesia.obspm.fr\/federation-nanosats\/files\/2024\/08\/logo_ens_psl_blanc_500px.png\" alt=\"\" class=\"wp-image-424\" style=\"width:126px;height:auto\" srcset=\"https:\/\/sites.lesia.obspm.fr\/federation-nanosats\/files\/2024\/08\/logo_ens_psl_blanc_500px.png 500w, https:\/\/sites.lesia.obspm.fr\/federation-nanosats\/files\/2024\/08\/logo_ens_psl_blanc_500px-300x114.png 300w\" sizes=\"auto, (max-width: 500px) 100vw, 500px\" \/><\/figure><\/div><\/div>\n<\/div>\n<\/div>\n\n\n\n<div class=\"wp-block-column is-vertically-aligned-center is-layout-flow wp-block-column-is-layout-flow\">\n<div class=\"wp-block-columns is-layout-flex wp-container-core-columns-is-layout-9d6595d7 wp-block-columns-is-layout-flex\">\n<div class=\"wp-block-column is-vertically-aligned-center is-layout-flow wp-block-column-is-layout-flow\"><div class=\"wp-block-image wp-duotone-rgb255255255-ffffff-1\">\n<figure class=\"aligncenter size-full is-resized\"><img loading=\"lazy\" decoding=\"async\" width=\"1238\" height=\"499\" src=\"https:\/\/sites.lesia.obspm.fr\/federation-nanosats\/files\/2024\/08\/logo-SU-blanc.png\" alt=\"\" class=\"wp-image-553\" style=\"width:130px\" srcset=\"https:\/\/sites.lesia.obspm.fr\/federation-nanosats\/files\/2024\/08\/logo-SU-blanc.png 1238w, https:\/\/sites.lesia.obspm.fr\/federation-nanosats\/files\/2024\/08\/logo-SU-blanc-300x121.png 300w, https:\/\/sites.lesia.obspm.fr\/federation-nanosats\/files\/2024\/08\/logo-SU-blanc-1024x413.png 1024w, https:\/\/sites.lesia.obspm.fr\/federation-nanosats\/files\/2024\/08\/logo-SU-blanc-768x310.png 768w\" sizes=\"auto, (max-width: 1238px) 100vw, 1238px\" \/><\/figure><\/div><\/div>\n\n\n\n<div class=\"wp-block-column is-vertically-aligned-center is-layout-flow wp-block-column-is-layout-flow\"><div class=\"wp-block-image wp-duotone-rgb255255255-ffffff-2\">\n<figure class=\"aligncenter size-full is-resized\"><img loading=\"lazy\" decoding=\"async\" width=\"1582\" height=\"462\" src=\"https:\/\/sites.lesia.obspm.fr\/federation-nanosats\/files\/2024\/08\/logo-UPC-blanc.png\" alt=\"\" class=\"wp-image-551\" style=\"width:140px\" srcset=\"https:\/\/sites.lesia.obspm.fr\/federation-nanosats\/files\/2024\/08\/logo-UPC-blanc.png 1582w, https:\/\/sites.lesia.obspm.fr\/federation-nanosats\/files\/2024\/08\/logo-UPC-blanc-300x88.png 300w, https:\/\/sites.lesia.obspm.fr\/federation-nanosats\/files\/2024\/08\/logo-UPC-blanc-1024x299.png 1024w, https:\/\/sites.lesia.obspm.fr\/federation-nanosats\/files\/2024\/08\/logo-UPC-blanc-768x224.png 768w, https:\/\/sites.lesia.obspm.fr\/federation-nanosats\/files\/2024\/08\/logo-UPC-blanc-1536x449.png 1536w\" sizes=\"auto, (max-width: 1582px) 100vw, 1582px\" \/><\/figure><\/div><\/div>\n\n\n\n<div class=\"wp-block-column is-vertically-aligned-center is-layout-flow wp-block-column-is-layout-flow\"><div class=\"wp-block-image\">\n<figure class=\"aligncenter size-large is-resized\"><img loading=\"lazy\" decoding=\"async\" width=\"1024\" height=\"501\" src=\"https:\/\/sites.lesia.obspm.fr\/federation-nanosats\/files\/2024\/08\/upec-blanc-1024x501.png\" alt=\"\" class=\"wp-image-370\" style=\"width:130px\" srcset=\"https:\/\/sites.lesia.obspm.fr\/federation-nanosats\/files\/2024\/08\/upec-blanc-1024x501.png 1024w, https:\/\/sites.lesia.obspm.fr\/federation-nanosats\/files\/2024\/08\/upec-blanc-300x147.png 300w, https:\/\/sites.lesia.obspm.fr\/federation-nanosats\/files\/2024\/08\/upec-blanc-768x375.png 768w, https:\/\/sites.lesia.obspm.fr\/federation-nanosats\/files\/2024\/08\/upec-blanc.png 1031w\" sizes=\"auto, (max-width: 1024px) 100vw, 1024px\" \/><\/figure><\/div><\/div>\n<\/div>\n<\/div>\n<\/div>\n\n\n\n<div style=\"height:120px\" aria-hidden=\"true\" class=\"wp-block-spacer\"><\/div>\n","protected":false},"excerpt":{"rendered":"<p>Presentation The emergence of nanosatellites By focusing on cost reduction, shorter lead times and technological innovation, facilitating access to space and diversifying the players involved, the NewSpace movement arguably revolutionized&hellip;&nbsp;<a href=\"https:\/\/sites.lesia.obspm.fr\/federation-nanosats\/en\/the-federation\/\" rel=\"bookmark\">Lire la suite &raquo;<span class=\"screen-reader-text\">The Federation<\/span><\/a><\/p>\n","protected":false},"author":97,"featured_media":0,"parent":0,"menu_order":0,"comment_status":"closed","ping_status":"closed","template":"","meta":{"neve_meta_sidebar":"","neve_meta_container":"default","neve_meta_enable_content_width":"on","neve_meta_content_width":100,"neve_meta_title_alignment":"","neve_meta_author_avatar":"","neve_post_elements_order":"","neve_meta_disable_header":"","neve_meta_disable_footer":"","neve_meta_disable_title":"on","footnotes":""},"class_list":["post-608","page","type-page","status-publish","hentry"],"_links":{"self":[{"href":"https:\/\/sites.lesia.obspm.fr\/federation-nanosats\/wp-json\/wp\/v2\/pages\/608","targetHints":{"allow":["GET"]}}],"collection":[{"href":"https:\/\/sites.lesia.obspm.fr\/federation-nanosats\/wp-json\/wp\/v2\/pages"}],"about":[{"href":"https:\/\/sites.lesia.obspm.fr\/federation-nanosats\/wp-json\/wp\/v2\/types\/page"}],"author":[{"embeddable":true,"href":"https:\/\/sites.lesia.obspm.fr\/federation-nanosats\/wp-json\/wp\/v2\/users\/97"}],"replies":[{"embeddable":true,"href":"https:\/\/sites.lesia.obspm.fr\/federation-nanosats\/wp-json\/wp\/v2\/comments?post=608"}],"version-history":[{"count":8,"href":"https:\/\/sites.lesia.obspm.fr\/federation-nanosats\/wp-json\/wp\/v2\/pages\/608\/revisions"}],"predecessor-version":[{"id":1484,"href":"https:\/\/sites.lesia.obspm.fr\/federation-nanosats\/wp-json\/wp\/v2\/pages\/608\/revisions\/1484"}],"wp:attachment":[{"href":"https:\/\/sites.lesia.obspm.fr\/federation-nanosats\/wp-json\/wp\/v2\/media?parent=608"}],"curies":[{"name":"wp","href":"https:\/\/api.w.org\/{rel}","templated":true}]}}