{"id":558,"date":"2024-08-07T10:09:43","date_gmt":"2024-08-07T08:09:43","guid":{"rendered":"https:\/\/sites.lesia.obspm.fr\/federation-nanosats\/?page_id=558"},"modified":"2024-08-07T10:09:43","modified_gmt":"2024-08-07T08:09:43","slug":"mentions-legales","status":"publish","type":"page","link":"https:\/\/sites.lesia.obspm.fr\/federation-nanosats\/mentions-legales\/","title":{"rendered":"Mentions l\u00e9gales"},"content":{"rendered":"\n<div style=\"height:30px\" aria-hidden=\"true\" class=\"wp-block-spacer\"><\/div>\n\n\n\n<h2 class=\"wp-block-heading has-nv-c-1-color has-text-color has-link-color wp-elements-37dde0a811932b976b5e72f0013cd69e\">Informations g\u00e9n\u00e9rales<\/h2>\n\n\n\n<p>Ce site internet pr\u00e9sente des informations, des images et des actualit\u00e9s de la F\u00e9d\u00e9ration Nanosats et de ses membres. Le si\u00e8ge de la F\u00e9d\u00e9ration se situe au 5 place Jules Janssen &#8211; 92190 Meudon.<\/p>\n\n\n\n<ul class=\"wp-block-list\">\n<li>Directeur de publication\u00a0: Coralie Neiner, Directrice de la F\u00e9d\u00e9ration Nanosats<\/li>\n\n\n\n<li>Responsable \u00e9ditorial\u00a0: Audrey Le Reun, responsable communication de la F\u00e9d\u00e9ration Nanosats<\/li>\n\n\n\n<li>Content Management System : WordPress<\/li>\n\n\n\n<li>Cr\u00e9ation graphique et d\u00e9veloppement web\u00a0: Service communication F\u00e9d\u00e9ration Nanosats \u00e0 partir du th\u00e8me NEVE<\/li>\n\n\n\n<li>H\u00e9bergement : Le site est h\u00e9berg\u00e9 sur un serveur administr\u00e9 par le\u00a0<a href=\"https:\/\/lesia.obspm.fr\/spip.php?page=rubrique&amp;id_rubrique=49\">GIL<\/a>\u00a0(Groupe Informatique du LESIA)<\/li>\n<\/ul>\n\n\n\n<h2 class=\"wp-block-heading has-nv-c-1-color has-text-color has-link-color wp-elements-a6e0da24e87edd76c7d1051170075b87\">Condition d&rsquo;utilisation<\/h2>\n\n\n\n<h3 class=\"wp-block-heading\">Clause de non-responsabilit\u00e9<\/h3>\n\n\n\n<p>La F\u00e9d\u00e9ration Nanosats ne peut en aucun cas \u00eatre tenu pour responsable des informations pr\u00e9sent\u00e9es sur ce site ou de ses cons\u00e9quences r\u00e9sultant de leurs utilisations ou de leurs interpr\u00e9tations.<\/p>\n\n\n\n<h3 class=\"wp-block-heading\">Propri\u00e9t\u00e9 intellectuelle<\/h3>\n\n\n\n<p>Le contenu pr\u00e9sent\u00e9 sur ce site internet, qu&rsquo;il soit textuel ou iconographiques, est la propri\u00e9t\u00e9 de la F\u00e9d\u00e9ration Nanosats, ou d&rsquo;un tiers pour lequel elle a eu le droit d&rsquo;en disposer. Tout contenu ne peut, en aucun cas, \u00eatre utilis\u00e9 ni reproduit sans l\u2019autorisation explicite de la F\u00e9d\u00e9rations Nanosats ou des auteurs indiqu\u00e9s. L\u2019utilisation des informations nominatives \u00e0 des fins d\u2019autres traitements nominatifs (par exemple dans un but commercial ou publicitaire) est strictement interdite.<\/p>\n\n\n\n<h3 class=\"wp-block-heading\">Liens<\/h3>\n\n\n\n<p>La mise en place de liens hypertextes par des tiers vers des pages ou des documents diffus\u00e9s sur le site de la F\u00e9d\u00e9ration Nanosats est autoris\u00e9e sous r\u00e9serve que les liens ne contreviennent pas aux int\u00e9r\u00eats de la F\u00e9d\u00e9ration Nanosats, et qu&rsquo;ils garantissent la possibilit\u00e9 pour l&rsquo;utilisateur d&rsquo;identifier l&rsquo;origine et l&rsquo;auteur du document.<\/p>\n\n\n\n<div style=\"height:120px\" aria-hidden=\"true\" class=\"wp-block-spacer\"><\/div>\n","protected":false},"excerpt":{"rendered":"<p>Informations g\u00e9n\u00e9rales Ce site internet pr\u00e9sente des informations, des images et des actualit\u00e9s de la F\u00e9d\u00e9ration Nanosats et de ses membres. Le si\u00e8ge de la F\u00e9d\u00e9ration se situe au 5&hellip;&nbsp;<a href=\"https:\/\/sites.lesia.obspm.fr\/federation-nanosats\/mentions-legales\/\" rel=\"bookmark\">Lire la suite &raquo;<span class=\"screen-reader-text\">Mentions l\u00e9gales<\/span><\/a><\/p>\n","protected":false},"author":97,"featured_media":0,"parent":0,"menu_order":0,"comment_status":"closed","ping_status":"closed","template":"","meta":{"neve_meta_sidebar":"","neve_meta_container":"","neve_meta_enable_content_width":"","neve_meta_content_width":0,"neve_meta_title_alignment":"","neve_meta_author_avatar":"","neve_post_elements_order":"","neve_meta_disable_header":"","neve_meta_disable_footer":"","neve_meta_disable_title":"","footnotes":""},"class_list":["post-558","page","type-page","status-publish","hentry"],"_links":{"self":[{"href":"https:\/\/sites.lesia.obspm.fr\/federation-nanosats\/wp-json\/wp\/v2\/pages\/558","targetHints":{"allow":["GET"]}}],"collection":[{"href":"https:\/\/sites.lesia.obspm.fr\/federation-nanosats\/wp-json\/wp\/v2\/pages"}],"about":[{"href":"https:\/\/sites.lesia.obspm.fr\/federation-nanosats\/wp-json\/wp\/v2\/types\/page"}],"author":[{"embeddable":true,"href":"https:\/\/sites.lesia.obspm.fr\/federation-nanosats\/wp-json\/wp\/v2\/users\/97"}],"replies":[{"embeddable":true,"href":"https:\/\/sites.lesia.obspm.fr\/federation-nanosats\/wp-json\/wp\/v2\/comments?post=558"}],"version-history":[{"count":1,"href":"https:\/\/sites.lesia.obspm.fr\/federation-nanosats\/wp-json\/wp\/v2\/pages\/558\/revisions"}],"predecessor-version":[{"id":559,"href":"https:\/\/sites.lesia.obspm.fr\/federation-nanosats\/wp-json\/wp\/v2\/pages\/558\/revisions\/559"}],"wp:attachment":[{"href":"https:\/\/sites.lesia.obspm.fr\/federation-nanosats\/wp-json\/wp\/v2\/media?parent=558"}],"curies":[{"name":"wp","href":"https:\/\/api.w.org\/{rel}","templated":true}]}}