{"id":544,"date":"2024-08-05T18:45:00","date_gmt":"2024-08-05T16:45:00","guid":{"rendered":"https:\/\/sites.lesia.obspm.fr\/federation-nanosats\/accueil-english\/"},"modified":"2025-04-08T10:24:28","modified_gmt":"2025-04-08T08:24:28","slug":"home","status":"publish","type":"page","link":"https:\/\/sites.lesia.obspm.fr\/federation-nanosats\/en\/home\/","title":{"rendered":"Home"},"content":{"rendered":"\n<div class=\"wp-block-cover alignfull\" style=\"min-height:700px;aspect-ratio:unset;\"><span aria-hidden=\"true\" class=\"wp-block-cover__background has-background-dim-0 has-background-dim\" style=\"background-color:#3d557d\"><\/span><img loading=\"lazy\" decoding=\"async\" width=\"1920\" height=\"1072\" class=\"wp-block-cover__image-background wp-image-352\" alt=\"\" src=\"https:\/\/sites.lesia.obspm.fr\/federation-nanosats\/files\/2024\/08\/accueil-image-principale.png\" style=\"object-position:9% 1%\" data-object-fit=\"cover\" data-object-position=\"9% 1%\" srcset=\"https:\/\/sites.lesia.obspm.fr\/federation-nanosats\/files\/2024\/08\/accueil-image-principale.png 1920w, https:\/\/sites.lesia.obspm.fr\/federation-nanosats\/files\/2024\/08\/accueil-image-principale-300x168.png 300w, https:\/\/sites.lesia.obspm.fr\/federation-nanosats\/files\/2024\/08\/accueil-image-principale-1024x572.png 1024w, https:\/\/sites.lesia.obspm.fr\/federation-nanosats\/files\/2024\/08\/accueil-image-principale-768x429.png 768w, https:\/\/sites.lesia.obspm.fr\/federation-nanosats\/files\/2024\/08\/accueil-image-principale-1536x858.png 1536w\" sizes=\"auto, (max-width: 1920px) 100vw, 1920px\" \/><div class=\"wp-block-cover__inner-container is-layout-constrained wp-block-cover-is-layout-constrained\">\n<div style=\"height:80px\" aria-hidden=\"true\" class=\"wp-block-spacer\"><\/div>\n\n\n\n<div class=\"wp-block-group\"><div class=\"wp-block-group__inner-container is-layout-constrained wp-block-group-is-layout-constrained\">\n<h1 class=\"wp-block-heading has-text-align-center has-nv-light-bg-color has-text-color has-link-color wp-elements-16156150439d302f660542faeaaa7b7e\">F\u00e9d\u00e9ration Nanosats<\/h1>\n\n\n\n<h2 class=\"wp-block-heading has-text-align-center has-nv-light-bg-color has-text-color has-link-color wp-elements-5d6b5b066ccec7da4246f557d44eb89a\">for Earth and Universe Science<\/h2>\n<\/div><\/div>\n\n\n\n<div class=\"wp-block-buttons is-content-justification-center is-layout-flex wp-container-core-buttons-is-layout-16018d1d wp-block-buttons-is-layout-flex\">\n<div class=\"wp-block-button\"><a class=\"wp-block-button__link has-nv-dark-bg-color has-nv-light-bg-background-color has-text-color has-background has-link-color has-text-align-center wp-element-button\" href=\"https:\/\/sites.lesia.obspm.fr\/federation-nanosats\/en\/the-federation\/\">Read more<\/a><\/div>\n<\/div>\n\n\n\n<div style=\"height:80px\" aria-hidden=\"true\" class=\"wp-block-spacer\"><\/div>\n\n\n\n<div style=\"height:80px\" aria-hidden=\"true\" class=\"wp-block-spacer\"><\/div>\n<\/div><\/div>\n\n\n\n<div style=\"height:120px\" aria-hidden=\"true\" class=\"wp-block-spacer\"><\/div>\n\n\n\n<div class=\"wp-block-columns is-layout-flex wp-container-core-columns-is-layout-9d6595d7 wp-block-columns-is-layout-flex\">\n<div class=\"wp-block-column is-layout-flow wp-block-column-is-layout-flow\">\n<h3 class=\"wp-block-heading has-text-align-center\">Promote<\/h3>\n\n\n\n<p class=\"has-text-align-center\">the development of major scientific advances in Earth and Universe Sciences<\/p>\n<\/div>\n\n\n\n<div class=\"wp-block-column is-layout-flow wp-block-column-is-layout-flow\">\n<h3 class=\"wp-block-heading has-text-align-center\">Capitalise<\/h3>\n\n\n\n<p class=\"has-text-align-center\">on the wealth of experience of the partners and their human and technical resources<\/p>\n<\/div>\n\n\n\n<div class=\"wp-block-column is-layout-flow wp-block-column-is-layout-flow\">\n<h3 class=\"wp-block-heading has-text-align-center\">Amplify<\/h3>\n\n\n\n<p class=\"has-text-align-center\">the dynamism of the Earth and Universe Sciences nanosats communities<\/p>\n<\/div>\n<\/div>\n\n\n\n<div style=\"height:120px\" aria-hidden=\"true\" class=\"wp-block-spacer\"><\/div>\n\n\n\n<div class=\"wp-block-cover alignfull\" style=\"min-height:429px;aspect-ratio:unset;\"><span aria-hidden=\"true\" class=\"wp-block-cover__background has-nv-c-1-background-color has-background-dim-100 has-background-dim\"><\/span><div class=\"wp-block-cover__inner-container is-layout-constrained wp-block-cover-is-layout-constrained\">\n<div style=\"height:120px\" aria-hidden=\"true\" class=\"wp-block-spacer\"><\/div>\n\n\n\n<div class=\"wp-block-columns is-layout-flex wp-container-core-columns-is-layout-9d6595d7 wp-block-columns-is-layout-flex\">\n<div class=\"wp-block-column is-vertically-aligned-top is-layout-flow wp-block-column-is-layout-flow\" style=\"flex-basis:100%\">\n<figure class=\"wp-block-image size-large is-resized\"><img decoding=\"async\" src=\"https:\/\/sites.lesia.obspm.fr\/federation-nanosats\/files\/2024\/08\/icon-enjeu.png\" alt=\"\" style=\"object-fit:cover;width:550px;height:300px\" \/><\/figure>\n<\/div>\n\n\n\n<div class=\"wp-block-column is-vertically-aligned-center is-layout-flow wp-block-column-is-layout-flow\" style=\"flex-basis:100%\">\n<h2 class=\"wp-block-heading has-nv-site-bg-color has-text-color has-link-color wp-elements-766281a4b61c42560717ea1a10f5c973\">Challenges<\/h2>\n\n\n\n<p class=\"has-nv-site-bg-color has-text-color has-link-color has-medium-font-size wp-elements-689201aec687053b43a536119e31125e\">In a rapidly evolving context, scientific projects of nanosatellites represent a real paradigm shift for new concepts in space observation and exploration. What strategy should France adopt?<\/p>\n\n\n\n<div class=\"wp-block-buttons is-layout-flex wp-block-buttons-is-layout-flex\">\n<div class=\"wp-block-button is-style-default\"><a class=\"wp-block-button__link has-nv-dark-bg-background-color has-background wp-element-button\" href=\"https:\/\/sites.lesia.obspm.fr\/federation-nanosats\/en\/challenges\/\">Read more<\/a><\/div>\n<\/div>\n<\/div>\n<\/div>\n\n\n\n<div style=\"height:120px\" aria-hidden=\"true\" class=\"wp-block-spacer\"><\/div>\n<\/div><\/div>\n\n\n\n<div class=\"wp-block-cover alignfull\"><span aria-hidden=\"true\" class=\"wp-block-cover__background has-neve-link-hover-color-background-color has-background-dim-100 has-background-dim\"><\/span><div class=\"wp-block-cover__inner-container is-layout-constrained wp-block-cover-is-layout-constrained\">\n<div style=\"height:120px\" aria-hidden=\"true\" class=\"wp-block-spacer\"><\/div>\n\n\n\n<div class=\"wp-block-group has-neve-text-color-color has-text-color has-link-color wp-elements-17032ea0d439da8af77266fa874732be\"><div class=\"wp-block-group__inner-container is-layout-constrained wp-block-group-is-layout-constrained\">\n<h2 class=\"wp-block-heading\"><a href=\"https:\/\/sites.lesia.obspm.fr\/federation-nanosats\/en\/news\/\">News<\/a><\/h2>\n<\/div><\/div>\n\n\n<ul class=\"wp-block-latest-posts__list is-grid columns-3 has-dates has-link-color wp-elements-18002b8bd8908355ae7a51c36b57330f wp-block-latest-posts has-text-color has-neve-text-color-color\"><li><div class=\"wp-block-latest-posts__featured-image\"><a href=\"https:\/\/sites.lesia.obspm.fr\/federation-nanosats\/en\/inside-the-science-newspace-movement-a-look-back-at-the-nanosats-federation-workshop\/\" aria-label=\"Inside the science NewSpace movement: a look back at the Nanosats Federation workshop\"><img loading=\"lazy\" decoding=\"async\" width=\"1010\" height=\"200\" src=\"https:\/\/sites.lesia.obspm.fr\/federation-nanosats\/files\/2026\/03\/front_Wk2026-e1774526222468.jpg\" class=\"attachment-large size-large wp-post-image\" alt=\"\" style=\"\" srcset=\"https:\/\/sites.lesia.obspm.fr\/federation-nanosats\/files\/2026\/03\/front_Wk2026-e1774526222468.jpg 1010w, https:\/\/sites.lesia.obspm.fr\/federation-nanosats\/files\/2026\/03\/front_Wk2026-e1774526222468-300x59.jpg 300w, https:\/\/sites.lesia.obspm.fr\/federation-nanosats\/files\/2026\/03\/front_Wk2026-e1774526222468-768x152.jpg 768w\" sizes=\"auto, (max-width: 1010px) 100vw, 1010px\" \/><\/a><\/div><a class=\"wp-block-latest-posts__post-title\" href=\"https:\/\/sites.lesia.obspm.fr\/federation-nanosats\/en\/inside-the-science-newspace-movement-a-look-back-at-the-nanosats-federation-workshop\/\">Inside the science NewSpace movement: a look back at the Nanosats Federation workshop<\/a><time datetime=\"2026-03-26T12:55:11+01:00\" class=\"wp-block-latest-posts__post-date\">26 mars 2026<\/time><div class=\"wp-block-latest-posts__post-excerpt\">At the 3rd workshop organised by the Nanosats Federation, held from 4 to 6 March 2026 at Sorbonne University, researchers, engineers, space agencies, industry representatives and students came together with a shared objective: to discuss recent developments in NewSpace, its challenges and its prospects for scientific research. A unique opportunity for the scientific nanosatellite ecosystem&hellip;&nbsp;<a href=\"https:\/\/sites.lesia.obspm.fr\/federation-nanosats\/en\/inside-the-science-newspace-movement-a-look-back-at-the-nanosats-federation-workshop\/\" rel=\"bookmark\">Lire la suite &raquo;<span class=\"screen-reader-text\">Inside the science NewSpace movement: a look back at the Nanosats Federation workshop<\/span><\/a><\/div><\/li>\n<li><div class=\"wp-block-latest-posts__featured-image\"><a href=\"https:\/\/sites.lesia.obspm.fr\/federation-nanosats\/au-coeur-du-newspace-scientifique-retour-sur-le-workshop-de-la-federation-nanosats\/\" aria-label=\"Au c\u0153ur du NewSpace scientifique : retour sur le workshop de la F\u00e9d\u00e9ration Nanosats\"><img loading=\"lazy\" decoding=\"async\" width=\"1010\" height=\"197\" src=\"https:\/\/sites.lesia.obspm.fr\/federation-nanosats\/files\/2026\/03\/front_Wk2026-1-e1774526311981.jpg\" class=\"attachment-large size-large wp-post-image\" alt=\"\" style=\"\" srcset=\"https:\/\/sites.lesia.obspm.fr\/federation-nanosats\/files\/2026\/03\/front_Wk2026-1-e1774526311981.jpg 1010w, https:\/\/sites.lesia.obspm.fr\/federation-nanosats\/files\/2026\/03\/front_Wk2026-1-e1774526311981-300x59.jpg 300w, https:\/\/sites.lesia.obspm.fr\/federation-nanosats\/files\/2026\/03\/front_Wk2026-1-e1774526311981-768x150.jpg 768w\" sizes=\"auto, (max-width: 1010px) 100vw, 1010px\" \/><\/a><\/div><a class=\"wp-block-latest-posts__post-title\" href=\"https:\/\/sites.lesia.obspm.fr\/federation-nanosats\/au-coeur-du-newspace-scientifique-retour-sur-le-workshop-de-la-federation-nanosats\/\">Au c\u0153ur du NewSpace scientifique : retour sur le workshop de la F\u00e9d\u00e9ration Nanosats<\/a><time datetime=\"2026-03-26T12:37:29+01:00\" class=\"wp-block-latest-posts__post-date\">26 mars 2026<\/time><div class=\"wp-block-latest-posts__post-excerpt\">\u00c0 l\u2019occasion du 3\u00e8me&nbsp;workshop de la F\u00e9d\u00e9ration Nanosats organis\u00e9 du 4 au 6 mars 2026 \u00e0 Sorbonne Universit\u00e9, chercheurs, ing\u00e9nieurs, agences spatiales, industriels et \u00e9tudiants se sont r\u00e9unis autour d\u2019un objectif commun : discuter des \u00e9volutions r\u00e9centes du NewSpace, de ses enjeux et de ses perspectives pour la recherche scientifique.&nbsp;Un moment unique pour l\u2019\u00e9cosyst\u00e8me des&hellip;&nbsp;<a href=\"https:\/\/sites.lesia.obspm.fr\/federation-nanosats\/au-coeur-du-newspace-scientifique-retour-sur-le-workshop-de-la-federation-nanosats\/\" rel=\"bookmark\">Lire la suite &raquo;<span class=\"screen-reader-text\">Au c\u0153ur du NewSpace scientifique : retour sur le workshop de la F\u00e9d\u00e9ration Nanosats<\/span><\/a><\/div><\/li>\n<li><div class=\"wp-block-latest-posts__featured-image\"><a href=\"https:\/\/sites.lesia.obspm.fr\/federation-nanosats\/en\/the-brite-constellation-a-scientific-newspace-success-story\/\" aria-label=\"The BRITE constellation: a scientific NewSpace success story\"><img loading=\"lazy\" decoding=\"async\" width=\"1024\" height=\"187\" src=\"https:\/\/sites.lesia.obspm.fr\/federation-nanosats\/files\/2025\/11\/BRITE_actu-1024x187.jpg\" class=\"attachment-large size-large wp-post-image\" alt=\"\" style=\"\" srcset=\"https:\/\/sites.lesia.obspm.fr\/federation-nanosats\/files\/2025\/11\/BRITE_actu-1024x187.jpg 1024w, https:\/\/sites.lesia.obspm.fr\/federation-nanosats\/files\/2025\/11\/BRITE_actu-300x55.jpg 300w, https:\/\/sites.lesia.obspm.fr\/federation-nanosats\/files\/2025\/11\/BRITE_actu-768x140.jpg 768w, https:\/\/sites.lesia.obspm.fr\/federation-nanosats\/files\/2025\/11\/BRITE_actu-1536x280.jpg 1536w, https:\/\/sites.lesia.obspm.fr\/federation-nanosats\/files\/2025\/11\/BRITE_actu-1320x241.jpg 1320w, https:\/\/sites.lesia.obspm.fr\/federation-nanosats\/files\/2025\/11\/BRITE_actu.jpg 1920w\" sizes=\"auto, (max-width: 1024px) 100vw, 1024px\" \/><\/a><\/div><a class=\"wp-block-latest-posts__post-title\" href=\"https:\/\/sites.lesia.obspm.fr\/federation-nanosats\/en\/the-brite-constellation-a-scientific-newspace-success-story\/\">The BRITE constellation: a scientific NewSpace success story<\/a><time datetime=\"2025-11-29T15:22:56+01:00\" class=\"wp-block-latest-posts__post-date\">29 novembre 2025<\/time><div class=\"wp-block-latest-posts__post-excerpt\">As part of the first SLOT (Off-The-Shelf Online Seminar) organised by the F\u00e9d\u00e9ration Nanosats on 13 November 2025, Konstanze Zwintz (Innsbruck University) looked back on 14 years of science generated by observations from the BRITE constellation. With its five nanosatellites \u2013 the sixth was unable to detach from the launcher due to a lack of&hellip;&nbsp;<a href=\"https:\/\/sites.lesia.obspm.fr\/federation-nanosats\/en\/the-brite-constellation-a-scientific-newspace-success-story\/\" rel=\"bookmark\">Lire la suite &raquo;<span class=\"screen-reader-text\">The BRITE constellation: a scientific NewSpace success story<\/span><\/a><\/div><\/li>\n<\/ul>\n\n\n<div style=\"height:120px\" aria-hidden=\"true\" class=\"wp-block-spacer\"><\/div>\n<\/div><\/div>\n","protected":false},"excerpt":{"rendered":"<p>Promote the development of major scientific advances in Earth and Universe Sciences Capitalise on the wealth of experience of the partners and their human and technical resources Amplify the dynamism&hellip;&nbsp;<a href=\"https:\/\/sites.lesia.obspm.fr\/federation-nanosats\/en\/home\/\" rel=\"bookmark\">Lire la suite &raquo;<span class=\"screen-reader-text\">Home<\/span><\/a><\/p>\n","protected":false},"author":97,"featured_media":0,"parent":0,"menu_order":0,"comment_status":"closed","ping_status":"closed","template":"","meta":{"neve_meta_sidebar":"","neve_meta_container":"","neve_meta_enable_content_width":"on","neve_meta_content_width":100,"neve_meta_title_alignment":"","neve_meta_author_avatar":"","neve_post_elements_order":"","neve_meta_disable_header":"","neve_meta_disable_footer":"","neve_meta_disable_title":"on","footnotes":""},"class_list":["post-544","page","type-page","status-publish","hentry"],"_links":{"self":[{"href":"https:\/\/sites.lesia.obspm.fr\/federation-nanosats\/wp-json\/wp\/v2\/pages\/544","targetHints":{"allow":["GET"]}}],"collection":[{"href":"https:\/\/sites.lesia.obspm.fr\/federation-nanosats\/wp-json\/wp\/v2\/pages"}],"about":[{"href":"https:\/\/sites.lesia.obspm.fr\/federation-nanosats\/wp-json\/wp\/v2\/types\/page"}],"author":[{"embeddable":true,"href":"https:\/\/sites.lesia.obspm.fr\/federation-nanosats\/wp-json\/wp\/v2\/users\/97"}],"replies":[{"embeddable":true,"href":"https:\/\/sites.lesia.obspm.fr\/federation-nanosats\/wp-json\/wp\/v2\/comments?post=544"}],"version-history":[{"count":13,"href":"https:\/\/sites.lesia.obspm.fr\/federation-nanosats\/wp-json\/wp\/v2\/pages\/544\/revisions"}],"predecessor-version":[{"id":1063,"href":"https:\/\/sites.lesia.obspm.fr\/federation-nanosats\/wp-json\/wp\/v2\/pages\/544\/revisions\/1063"}],"wp:attachment":[{"href":"https:\/\/sites.lesia.obspm.fr\/federation-nanosats\/wp-json\/wp\/v2\/media?parent=544"}],"curies":[{"name":"wp","href":"https:\/\/api.w.org\/{rel}","templated":true}]}}