{"id":476,"date":"2024-08-05T16:46:01","date_gmt":"2024-08-05T14:46:01","guid":{"rendered":"https:\/\/sites.lesia.obspm.fr\/federation-nanosats\/?page_id=476"},"modified":"2025-04-28T11:47:32","modified_gmt":"2025-04-28T09:47:32","slug":"offres","status":"publish","type":"page","link":"https:\/\/sites.lesia.obspm.fr\/federation-nanosats\/offres\/","title":{"rendered":"Offres"},"content":{"rendered":"\n<div class=\"wp-block-cover alignfull\"><span aria-hidden=\"true\" class=\"wp-block-cover__background has-background-dim-0 has-background-dim\" style=\"background-color:#354c72\"><\/span><img loading=\"lazy\" decoding=\"async\" width=\"1920\" height=\"350\" class=\"wp-block-cover__image-background wp-image-340\" alt=\"\" src=\"https:\/\/sites.lesia.obspm.fr\/federation-nanosats\/files\/2024\/08\/banniere-generique2-02.jpg\" style=\"object-position:0% 9%\" data-object-fit=\"cover\" data-object-position=\"0% 9%\" srcset=\"https:\/\/sites.lesia.obspm.fr\/federation-nanosats\/files\/2024\/08\/banniere-generique2-02.jpg 1920w, https:\/\/sites.lesia.obspm.fr\/federation-nanosats\/files\/2024\/08\/banniere-generique2-02-300x55.jpg 300w, https:\/\/sites.lesia.obspm.fr\/federation-nanosats\/files\/2024\/08\/banniere-generique2-02-1024x187.jpg 1024w, https:\/\/sites.lesia.obspm.fr\/federation-nanosats\/files\/2024\/08\/banniere-generique2-02-768x140.jpg 768w, https:\/\/sites.lesia.obspm.fr\/federation-nanosats\/files\/2024\/08\/banniere-generique2-02-1536x280.jpg 1536w\" sizes=\"auto, (max-width: 1920px) 100vw, 1920px\" \/><div class=\"wp-block-cover__inner-container is-layout-constrained wp-block-cover-is-layout-constrained\">\n<div class=\"wp-block-group\"><div class=\"wp-block-group__inner-container is-layout-constrained wp-block-group-is-layout-constrained\">\n<div class=\"wp-block-columns is-layout-flex wp-container-core-columns-is-layout-9d6595d7 wp-block-columns-is-layout-flex\">\n<div class=\"wp-block-column is-layout-flow wp-block-column-is-layout-flow\" style=\"flex-basis:66.66%\">\n<h1 class=\"wp-block-heading has-nv-light-bg-color has-text-color has-link-color wp-elements-b9524135cf4d4d911c73b7409b2b66b5\">Offres<\/h1>\n<\/div>\n\n\n\n<div class=\"wp-block-column is-layout-flow wp-block-column-is-layout-flow\" style=\"flex-basis:33.33%\"><\/div>\n<\/div>\n<\/div><\/div>\n<\/div><\/div>\n\n\n\n<div style=\"height:30px\" aria-hidden=\"true\" class=\"wp-block-spacer\"><\/div>\n\n\n\n<h2 class=\"wp-block-heading has-nv-c-1-color has-text-color has-link-color wp-elements-d70a09b0ef4f0efb0bd84721700b8673\">Offres d&#8217;emploi<\/h2>\n\n\n\n<h3 class=\"wp-block-heading\">Post-doc junior\/senior Chaire Science et New Space de PSL \u00e0 CENSUS, Meudon<\/h3>\n\n\n\n<p>Lanc\u00e9e en 2025, h\u00e9berg\u00e9e par&nbsp;l\u2019Acad\u00e9mie Spatiale d\u2019\u00cele-de-France&nbsp;au p\u00f4le spatial CENSUS, la chaire Science et New Space de PSL vise \u00e0 d\u00e9velopper les activit\u00e9s du p\u00f4le spatial, en support des projets de recherche spatiale men\u00e9s dans un des laboratoires de PSL. Dans le cadre de cette chaire, l\u2019Observatoire de Paris \u2013 PSL propose un post-doc.<\/p>\n\n\n\n<p>La ou le candidat s\u00e9lectionn\u00e9 renforcera l\u2019\u00e9quipe projet de CENSUS dirig\u00e9e par Boris Segret, directeur technique du p\u00f4le spatial. Elle\/Il participera au d\u00e9veloppement du p\u00f4le spatial, \u00e0 ses actions et projets, plus particuli\u00e8rement pour l\u2019avanc\u00e9e en maturation des projets de PSL support\u00e9s par CENSUS et leur phase de r\u00e9alisation, d\u00e9veloppera des outils sp\u00e9cifiques du p\u00f4le, telle la suite logicielle DOCKS ou les moyens de tests, encadrera des stagiaires et participera \u00e0 des activit\u00e9s de formation de l\u2019Acad\u00e9mie Spatiale, interagira avec le r\u00e9seau Fablab de PSL, avec le p\u00f4le de comp\u00e9titivit\u00e9 du secteur, interagira avec les acteurs du New Space et les partenaires industriels de l\u2019Acad\u00e9mie Spatiale, participera au d\u00e9veloppement du mod\u00e8le \u00e9conomique des activit\u00e9s scientifiques spatiales dans le cadre du NewSpace.<\/p>\n\n\n\n<p><strong>Date limite de candidature :<\/strong> 15 mai 2025<\/p>\n\n\n\n<p><strong>En savoir plus :<\/strong>&nbsp;<\/p>\n\n\n\n<div class=\"wp-block-file\"><a id=\"wp-block-file--media-a0d6ad73-bcbc-4501-a06c-93238f46a8cb\" href=\"https:\/\/sites.lesia.obspm.fr\/federation-nanosats\/files\/2025\/04\/postdoc-chaire-science-newspace.pdf\">postdoc-chaire-science-newspace<\/a><\/div>\n\n\n\n<div style=\"height:120px\" aria-hidden=\"true\" class=\"wp-block-spacer\"><\/div>\n\n\n\n<hr class=\"wp-block-separator has-alpha-channel-opacity is-style-dots\" \/>\n\n\n\n<h2 class=\"wp-block-heading has-nv-c-1-color has-text-color has-link-color wp-elements-e9e39f9e29ec37e3e8f838cbce600709\">Offres de stage<\/h2>\n\n\n\n<p>Nous n&rsquo;avons pas d&rsquo;offres de stage \u00e0 proposer pour l&rsquo;instant. Vous pouvez n\u00e9anmoins offrir votre candidature spontan\u00e9e en envoyant votre CV et lettre de motivation \u00e0 directrice[.]frnanosats[@]obspm.fr.<\/p>\n\n\n\n<div style=\"height:120px\" aria-hidden=\"true\" class=\"wp-block-spacer\"><\/div>\n\n\n\n<hr class=\"wp-block-separator has-alpha-channel-opacity is-style-dots\" \/>\n\n\n\n<h2 class=\"wp-block-heading has-nv-c-1-color has-text-color has-link-color wp-elements-fbdc2996479983ed5c2b2fe0908abe15\">Candidatures spontan\u00e9es<\/h2>\n\n\n\n<p>&nbsp;Veuillez envoyer votre CV et lettre de motivation \u00e0 directrice[.]frnanosats[@]obspm.fr.<\/p>\n\n\n\n<div style=\"height:120px\" aria-hidden=\"true\" class=\"wp-block-spacer\"><\/div>\n","protected":false},"excerpt":{"rendered":"<p>Offres d&#8217;emploi Post-doc junior\/senior Chaire Science et New Space de PSL \u00e0 CENSUS, Meudon Lanc\u00e9e en 2025, h\u00e9berg\u00e9e par&nbsp;l\u2019Acad\u00e9mie Spatiale d\u2019\u00cele-de-France&nbsp;au p\u00f4le spatial CENSUS, la chaire Science et New Space&hellip;&nbsp;<a href=\"https:\/\/sites.lesia.obspm.fr\/federation-nanosats\/offres\/\" rel=\"bookmark\">Lire la suite &raquo;<span class=\"screen-reader-text\">Offres<\/span><\/a><\/p>\n","protected":false},"author":97,"featured_media":0,"parent":0,"menu_order":0,"comment_status":"closed","ping_status":"closed","template":"","meta":{"neve_meta_sidebar":"","neve_meta_container":"","neve_meta_enable_content_width":"on","neve_meta_content_width":100,"neve_meta_title_alignment":"","neve_meta_author_avatar":"","neve_post_elements_order":"","neve_meta_disable_header":"","neve_meta_disable_footer":"","neve_meta_disable_title":"on","footnotes":""},"class_list":["post-476","page","type-page","status-publish","hentry"],"_links":{"self":[{"href":"https:\/\/sites.lesia.obspm.fr\/federation-nanosats\/wp-json\/wp\/v2\/pages\/476","targetHints":{"allow":["GET"]}}],"collection":[{"href":"https:\/\/sites.lesia.obspm.fr\/federation-nanosats\/wp-json\/wp\/v2\/pages"}],"about":[{"href":"https:\/\/sites.lesia.obspm.fr\/federation-nanosats\/wp-json\/wp\/v2\/types\/page"}],"author":[{"embeddable":true,"href":"https:\/\/sites.lesia.obspm.fr\/federation-nanosats\/wp-json\/wp\/v2\/users\/97"}],"replies":[{"embeddable":true,"href":"https:\/\/sites.lesia.obspm.fr\/federation-nanosats\/wp-json\/wp\/v2\/comments?post=476"}],"version-history":[{"count":16,"href":"https:\/\/sites.lesia.obspm.fr\/federation-nanosats\/wp-json\/wp\/v2\/pages\/476\/revisions"}],"predecessor-version":[{"id":1173,"href":"https:\/\/sites.lesia.obspm.fr\/federation-nanosats\/wp-json\/wp\/v2\/pages\/476\/revisions\/1173"}],"wp:attachment":[{"href":"https:\/\/sites.lesia.obspm.fr\/federation-nanosats\/wp-json\/wp\/v2\/media?parent=476"}],"curies":[{"name":"wp","href":"https:\/\/api.w.org\/{rel}","templated":true}]}}