{"id":469,"date":"2024-08-05T15:41:59","date_gmt":"2024-08-05T13:41:59","guid":{"rendered":"https:\/\/sites.lesia.obspm.fr\/federation-nanosats\/?page_id=469"},"modified":"2024-12-10T14:03:24","modified_gmt":"2024-12-10T13:03:24","slug":"travaillons-ensemble","status":"publish","type":"page","link":"https:\/\/sites.lesia.obspm.fr\/federation-nanosats\/travaillons-ensemble\/","title":{"rendered":"Travaillons ensemble"},"content":{"rendered":"\n<div class=\"wp-block-cover alignfull\" style=\"min-height:320px;aspect-ratio:unset;\"><span aria-hidden=\"true\" class=\"wp-block-cover__background has-background-dim-0 has-background-dim\" style=\"background-color:#354c72\"><\/span><img loading=\"lazy\" decoding=\"async\" width=\"1920\" height=\"350\" class=\"wp-block-cover__image-background wp-image-340\" alt=\"\" src=\"https:\/\/sites.lesia.obspm.fr\/federation-nanosats\/files\/2024\/08\/banniere-generique2-02.jpg\" style=\"object-position:15% 50%\" data-object-fit=\"cover\" data-object-position=\"15% 50%\" srcset=\"https:\/\/sites.lesia.obspm.fr\/federation-nanosats\/files\/2024\/08\/banniere-generique2-02.jpg 1920w, https:\/\/sites.lesia.obspm.fr\/federation-nanosats\/files\/2024\/08\/banniere-generique2-02-300x55.jpg 300w, https:\/\/sites.lesia.obspm.fr\/federation-nanosats\/files\/2024\/08\/banniere-generique2-02-1024x187.jpg 1024w, https:\/\/sites.lesia.obspm.fr\/federation-nanosats\/files\/2024\/08\/banniere-generique2-02-768x140.jpg 768w, https:\/\/sites.lesia.obspm.fr\/federation-nanosats\/files\/2024\/08\/banniere-generique2-02-1536x280.jpg 1536w\" sizes=\"auto, (max-width: 1920px) 100vw, 1920px\" \/><div class=\"wp-block-cover__inner-container is-layout-constrained wp-block-cover-is-layout-constrained\">\n<div class=\"wp-block-group\"><div class=\"wp-block-group__inner-container is-layout-constrained wp-block-group-is-layout-constrained\">\n<div class=\"wp-block-columns is-layout-flex wp-container-core-columns-is-layout-9d6595d7 wp-block-columns-is-layout-flex\">\n<div class=\"wp-block-column is-layout-flow wp-block-column-is-layout-flow\" style=\"flex-basis:66.66%\">\n<h1 class=\"wp-block-heading has-neve-link-hover-color-color has-text-color has-link-color wp-elements-69e00fa62d556722f05267a581df4c65\">Travaillons ensemble<\/h1>\n<\/div>\n\n\n\n<div class=\"wp-block-column is-layout-flow wp-block-column-is-layout-flow\" style=\"flex-basis:33.33%\"><\/div>\n<\/div>\n<\/div><\/div>\n<\/div><\/div>\n\n\n\n<div style=\"height:30px\" aria-hidden=\"true\" class=\"wp-block-spacer\"><\/div>\n\n\n\n<h2 class=\"wp-block-heading has-nv-c-1-color has-text-color has-link-color wp-elements-2de365a5741c820ee6151ef5733d5099\"><strong>Identifier, accompagner, expertiser<\/strong><\/h2>\n\n\n\n<p>Avec l\u2019av\u00e8nement du NewSpace, \u00e9merge une diversit\u00e9 de nouveaux acteurs du secteur spatial, dont tous sont confront\u00e9s aux m\u00eames avantages et inconv\u00e9nients de cette \u00e9volution, \u00e0 savoir une prise de risque plus cons\u00e9quente, une capacit\u00e9 d\u2019innovation marqu\u00e9e et une n\u00e9cessaire agilit\u00e9. Ainsi, d\u00e9velopper des partenariats aux diff\u00e9rents maillons de la cha\u00eene, de la conception de satellite au segment sol en passant par les charge utiles et les lanceurs, il semble y avoir un avantage certain \u00e0 d\u00e9velopper des partenariats. Tout d\u2019abord, parce que le partage du risque diminue l\u2019impact que cela peut entra\u00eener sur chacun des partenaires, mais surtout, parce que la compl\u00e9mentarit\u00e9 d\u2019expertise favorise le d\u00e9veloppement de solutions, et donc de dynamiser certains projets, voire d\u2019en d\u00e9bloquer d\u2019autres \u00e9ventuellement coinc\u00e9s dans une impasse technologique ou financi\u00e8re.<\/p>\n\n\n\n<p>Positionn\u00e9e comme f\u00e9d\u00e9rateur du d\u00e9veloppement de nanosatellite \u00e0 vis\u00e9e scientifique pour les sciences de la Terre et de l\u2019Univers en Ile-de-France, la F\u00e9d\u00e9ration Nanosats est amen\u00e9e \u00e0 travailler avec de multiples acteurs des mondes acad\u00e9miques, \u00e9conomiques et industriels. Outre les projets scientifiques qu\u2019ils portent, les membres de la F\u00e9d\u00e9ration Nanosats b\u00e9n\u00e9ficient d\u2019une expertise vari\u00e9e pouvant aider \u00e0 la concr\u00e9tisation d\u2019id\u00e9es nouvelles. Par son r\u00e9seau et son exp\u00e9rience, la F\u00e9d\u00e9ration est un point de contact privil\u00e9gi\u00e9 pour faciliter l&rsquo;identification de possibles partenaires ou solutions et pour mettre en relation des acteurs issus des universit\u00e9s, du secteur priv\u00e9 et des agences nationales, et ce, \u00e0 tous les stades des projets.&nbsp;<\/p>\n\n\n\n<div style=\"height:120px\" aria-hidden=\"true\" class=\"wp-block-spacer\"><\/div>\n\n\n\n<hr class=\"wp-block-separator has-alpha-channel-opacity is-style-dots\" \/>\n\n\n\n<h2 class=\"wp-block-heading has-nv-c-1-color has-text-color has-link-color wp-elements-4e66ec7d694cba893757ee75bf1b1b0a\"><strong>Quelques exemples de collaboration<\/strong><\/h2>\n\n\n\n<div style=\"height:30px\" aria-hidden=\"true\" class=\"wp-block-spacer\"><\/div>\n\n\n\n<div class=\"wp-block-columns is-layout-flex wp-container-core-columns-is-layout-9d6595d7 wp-block-columns-is-layout-flex\">\n<div class=\"wp-block-column is-vertically-aligned-bottom is-layout-flow wp-block-column-is-layout-flow\">\n<figure class=\"wp-block-image is-resized\"><img decoding=\"async\" src=\"http:\/\/federationnanosats.local\/wp-content\/uploads\/2024\/07\/logo-eutelsat.png\" alt=\"\" class=\"wp-image-1641\" style=\"width:236px;height:auto\" \/><\/figure>\n<\/div>\n\n\n\n<div class=\"wp-block-column is-vertically-aligned-bottom is-layout-flow wp-block-column-is-layout-flow\">\n<figure class=\"wp-block-image is-resized\"><img decoding=\"async\" src=\"http:\/\/federationnanosats.local\/wp-content\/uploads\/2024\/07\/Fichier-1.png\" alt=\"\" class=\"wp-image-1642\" style=\"width:157px;height:auto\" \/><\/figure>\n<\/div>\n\n\n\n<div class=\"wp-block-column is-vertically-aligned-bottom is-layout-flow wp-block-column-is-layout-flow\">\n<figure class=\"wp-block-image is-resized\"><img decoding=\"async\" src=\"http:\/\/federationnanosats.local\/wp-content\/uploads\/2024\/07\/w640quality90fitscale-down.avif\" alt=\"\" class=\"wp-image-1644\" style=\"width:126px;height:auto\" \/><\/figure>\n<\/div>\n<\/div>\n\n\n\n<div class=\"wp-block-columns is-layout-flex wp-container-core-columns-is-layout-9d6595d7 wp-block-columns-is-layout-flex\">\n<div class=\"wp-block-column is-layout-flow wp-block-column-is-layout-flow\">\n<h3 class=\"wp-block-heading\">Opportunit\u00e9s communes<\/h3>\n\n\n\n<p>Eutelsat est une entreprise de t\u00e9l\u00e9communication, et \u00e9galement un des principaux op\u00e9rateurs fran\u00e7ais de satellites. Plusieurs projets sont d\u00e9velopp\u00e9s en partenariats avec la F\u00e9d\u00e9ration Nanosats, notamment celui d&rsquo;interconnexion des stations sols.<\/p>\n<\/div>\n\n\n\n<div class=\"wp-block-column is-layout-flow wp-block-column-is-layout-flow\">\n<h3 class=\"wp-block-heading\">Logiciel de navigation autonome<\/h3>\n\n\n\n<p>Cette entreprise allemande de logiciel SF2I d\u00e9veloppe, \u00e0 partir d&rsquo;un travail pr\u00e9liminaire de CENSUS, un algorithme de navigation autonome et d&rsquo;astrom\u00e9trie.<\/p>\n<\/div>\n\n\n\n<div class=\"wp-block-column is-layout-flow wp-block-column-is-layout-flow\">\n<h3 class=\"wp-block-heading\">Tests des voiles solaires<\/h3>\n\n\n\n<p>Gama est une start-up concevant des voiles solaires pour les nanosatellites. Lors des d\u00e9veloppements des premiers tests de pliages de ses prototypes, une collaboration fut r\u00e9alis\u00e9e avec CENSUS, qui disposait de locaux ad\u00e9quats et de savoir-faire d&rsquo;ing\u00e9nierie concourante.<\/p>\n<\/div>\n<\/div>\n\n\n\n<div style=\"height:120px\" aria-hidden=\"true\" class=\"wp-block-spacer\"><\/div>\n","protected":false},"excerpt":{"rendered":"<p>Identifier, accompagner, expertiser Avec l\u2019av\u00e8nement du NewSpace, \u00e9merge une diversit\u00e9 de nouveaux acteurs du secteur spatial, dont tous sont confront\u00e9s aux m\u00eames avantages et inconv\u00e9nients de cette \u00e9volution, \u00e0 savoir&hellip;&nbsp;<a href=\"https:\/\/sites.lesia.obspm.fr\/federation-nanosats\/travaillons-ensemble\/\" rel=\"bookmark\">Lire la suite &raquo;<span class=\"screen-reader-text\">Travaillons ensemble<\/span><\/a><\/p>\n","protected":false},"author":97,"featured_media":0,"parent":0,"menu_order":0,"comment_status":"closed","ping_status":"closed","template":"","meta":{"neve_meta_sidebar":"","neve_meta_container":"","neve_meta_enable_content_width":"on","neve_meta_content_width":100,"neve_meta_title_alignment":"","neve_meta_author_avatar":"","neve_post_elements_order":"","neve_meta_disable_header":"","neve_meta_disable_footer":"","neve_meta_disable_title":"on","footnotes":""},"class_list":["post-469","page","type-page","status-publish","hentry"],"_links":{"self":[{"href":"https:\/\/sites.lesia.obspm.fr\/federation-nanosats\/wp-json\/wp\/v2\/pages\/469","targetHints":{"allow":["GET"]}}],"collection":[{"href":"https:\/\/sites.lesia.obspm.fr\/federation-nanosats\/wp-json\/wp\/v2\/pages"}],"about":[{"href":"https:\/\/sites.lesia.obspm.fr\/federation-nanosats\/wp-json\/wp\/v2\/types\/page"}],"author":[{"embeddable":true,"href":"https:\/\/sites.lesia.obspm.fr\/federation-nanosats\/wp-json\/wp\/v2\/users\/97"}],"replies":[{"embeddable":true,"href":"https:\/\/sites.lesia.obspm.fr\/federation-nanosats\/wp-json\/wp\/v2\/comments?post=469"}],"version-history":[{"count":7,"href":"https:\/\/sites.lesia.obspm.fr\/federation-nanosats\/wp-json\/wp\/v2\/pages\/469\/revisions"}],"predecessor-version":[{"id":840,"href":"https:\/\/sites.lesia.obspm.fr\/federation-nanosats\/wp-json\/wp\/v2\/pages\/469\/revisions\/840"}],"wp:attachment":[{"href":"https:\/\/sites.lesia.obspm.fr\/federation-nanosats\/wp-json\/wp\/v2\/media?parent=469"}],"curies":[{"name":"wp","href":"https:\/\/api.w.org\/{rel}","templated":true}]}}