{"id":463,"date":"2024-08-05T15:25:21","date_gmt":"2024-08-05T13:25:21","guid":{"rendered":"https:\/\/sites.lesia.obspm.fr\/federation-nanosats\/?page_id=463"},"modified":"2024-12-10T14:06:51","modified_gmt":"2024-12-10T13:06:51","slug":"ses-actions","status":"publish","type":"page","link":"https:\/\/sites.lesia.obspm.fr\/federation-nanosats\/ses-actions\/","title":{"rendered":"Ses actions"},"content":{"rendered":"\n<div class=\"wp-block-cover alignfull\"><span aria-hidden=\"true\" class=\"wp-block-cover__background has-background-dim-0 has-background-dim\" style=\"background-color:#354c72\"><\/span><img loading=\"lazy\" decoding=\"async\" width=\"1920\" height=\"350\" class=\"wp-block-cover__image-background wp-image-340\" alt=\"\" src=\"https:\/\/sites.lesia.obspm.fr\/federation-nanosats\/files\/2024\/08\/banniere-generique2-02.jpg\" style=\"object-position:0% 0%\" data-object-fit=\"cover\" data-object-position=\"0% 0%\" srcset=\"https:\/\/sites.lesia.obspm.fr\/federation-nanosats\/files\/2024\/08\/banniere-generique2-02.jpg 1920w, https:\/\/sites.lesia.obspm.fr\/federation-nanosats\/files\/2024\/08\/banniere-generique2-02-300x55.jpg 300w, https:\/\/sites.lesia.obspm.fr\/federation-nanosats\/files\/2024\/08\/banniere-generique2-02-1024x187.jpg 1024w, https:\/\/sites.lesia.obspm.fr\/federation-nanosats\/files\/2024\/08\/banniere-generique2-02-768x140.jpg 768w, https:\/\/sites.lesia.obspm.fr\/federation-nanosats\/files\/2024\/08\/banniere-generique2-02-1536x280.jpg 1536w\" sizes=\"auto, (max-width: 1920px) 100vw, 1920px\" \/><div class=\"wp-block-cover__inner-container is-layout-constrained wp-block-cover-is-layout-constrained\">\n<div class=\"wp-block-group\"><div class=\"wp-block-group__inner-container is-layout-constrained wp-block-group-is-layout-constrained\">\n<div class=\"wp-block-columns is-layout-flex wp-container-core-columns-is-layout-9d6595d7 wp-block-columns-is-layout-flex\">\n<div class=\"wp-block-column is-layout-flow wp-block-column-is-layout-flow\" style=\"flex-basis:66.66%\">\n<h1 class=\"wp-block-heading has-neve-link-hover-color-color has-text-color has-link-color wp-elements-d1230ea51716283beeaf958dfd87d5ce\">Ses actions<\/h1>\n<\/div>\n\n\n\n<div class=\"wp-block-column is-layout-flow wp-block-column-is-layout-flow\" style=\"flex-basis:33.33%\"><\/div>\n<\/div>\n<\/div><\/div>\n<\/div><\/div>\n\n\n\n<div style=\"height:30px\" aria-hidden=\"true\" class=\"wp-block-spacer\"><\/div>\n\n\n\n<h2 class=\"wp-block-heading has-nv-c-1-color has-text-color has-link-color wp-elements-6200507febf7d4ae778ca364158917ba\">Avant-propos<\/h2>\n\n\n\n<p>Face aux difficult\u00e9s rencontr\u00e9es dans le d\u00e9veloppement des nanosatellites par les chefs de projets en France, le premier constat raisonnable est d\u2019essayer de mutualiser autant que possible l\u2019ensemble des ressources techniques, humaines et financi\u00e8res au sein de la communaut\u00e9. \u00c0 ce titre, la F\u00e9d\u00e9ration Nanosats a entrepris de :<\/p>\n\n\n\n<div style=\"height:120px\" aria-hidden=\"true\" class=\"wp-block-spacer\"><\/div>\n\n\n\n<hr class=\"wp-block-separator has-alpha-channel-opacity is-style-dots\" \/>\n\n\n\n<h2 class=\"wp-block-heading has-nv-c-1-color has-text-color has-link-color wp-elements-456111b01a9dfb3b3162bcd8217c35ff\"><strong>Recenser, Mutualiser, Identifier<\/strong><\/h2>\n\n\n\n<p>La F\u00e9d\u00e9ration compte parmi ses membres des laboratoires de longue expertise dans le domaine spatial et d\u00e9j\u00e0 bien dot\u00e9s en moyens d\u2019essais et infrastructures. Elle dispose ainsi via sa communaut\u00e9 de plusieurs salles propres (ISO-5,-7,-8) ainsi qu\u2019une vaste liste de moyens d\u2019essais thermiques, m\u00e9caniques, optiques, \u00e9lectromagn\u00e9tiques et sp\u00e9cifiques. Un recensement, entreprit par J\u00e9r\u00f4me Parisot, a permis d\u2019\u00e9valuer l\u2019existant pouvant potentiellement \u00eatre partag\u00e9 par les membres de la F\u00e9d\u00e9ration Nanosats et d\u2019identifier les manques en vue de cibler de futurs investissements.&nbsp;<\/p>\n\n\n\n<p>En outre, l\u2019environnement des nanosatellites est tel qu\u2019il existe des \u00e9l\u00e9ments et des processus pouvant \u00eatre r\u00e9utilisables ou partageables. C\u2019est le cas des briques technologiques, ces \u00e9l\u00e9ments ou processus remplissant une fonction sp\u00e9cifique pouvant \u00eatre d\u00e9clin\u00e9s en produits r\u00e9adaptables sur d\u2019autres projets, et d\u2019un ensemble de composants standards, dits composants sur \u00e9tag\u00e8res ou sur catalogue, abr\u00e9vi\u00e9s COTS (de l\u2019anglais,&nbsp;<em>component off-the-shelf<\/em>). Gr\u00e2ce aux actions men\u00e9es par Boris Segret, S\u00e9bastien Payan, Nicolas Rividi et N\u00f6el Grand, la F\u00e9d\u00e9ration sera prochainement en mesure de proposer \u00e0 ses membres une base de donn\u00e9es document\u00e9e de guides d\u2019utilisation et de retours d\u2019exp\u00e9rience recensant toutes les briques technologiques et les COTS pouvant \u00eatre partageables au sein de la communaut\u00e9.&nbsp;<\/p>\n\n\n\n<div style=\"height:120px\" aria-hidden=\"true\" class=\"wp-block-spacer\"><\/div>\n\n\n\n<hr class=\"wp-block-separator has-alpha-channel-opacity is-style-dots\" \/>\n\n\n\n<h2 class=\"wp-block-heading has-nv-c-1-color has-text-color has-link-color wp-elements-01cc4c7a1e3e9aa99c4c89fcdcc35d12\"><strong>D\u00e9velopper le projet Nanosatgrid<\/strong><\/h2>\n\n\n\n<p>Les objectifs scientifiques des projets de nanosatellites sont tels qu\u2019il y a une grande n\u00e9cessit\u00e9 d\u2019assurer une t\u00e9l\u00e9m\u00e9trie \u00e9tendue (24h\/24 7j\/7) avec des antennes au sol. Jusqu\u2019ici fonctionnant de mani\u00e8re isol\u00e9e pour la plupart, ces antennes au sol restreignent la communication avec le satellite \u00e0 une zone g\u00e9ographique et temporellement born\u00e9e et subissent des interruptions, dues par exemple \u00e0 des p\u00e9riodes de maintenance. C\u2019est pourquoi afin d\u2019exploiter pleinement la multiplicit\u00e9 des stations sols d\u00e9j\u00e0 existantes, la F\u00e9d\u00e9ration et ses partenaires proposent d\u2019adopter des interfaces communes \u00e0 l\u2019ensemble des stations et de d\u00e9velopper un syst\u00e8me de r\u00e9servation d\u2019antennes, de mises en relations directes possiblement crypt\u00e9es entre un op\u00e9rateur et son satellite via une station tierce. C\u2019est tout le c\u0153ur du projet Nanosatgrid port\u00e9 par CENSUS et Eutelsat avec un consortium englobant plusieurs autres partenaires. Avec l\u2019interconnectivit\u00e9 des stations sol, non seulement l\u2019ensemble des partenaires b\u00e9n\u00e9ficierait d\u2019une meilleure couverture g\u00e9ographique nationale voire internationale, d\u2019autant plus si sa compatibilit\u00e9 avec SatNOGs est assur\u00e9e, mais il serait aussi possible de proposer un service commercial.&nbsp;<\/p>\n\n\n\n<div class=\"wp-block-columns is-layout-flex wp-container-core-columns-is-layout-9d6595d7 wp-block-columns-is-layout-flex\">\n<div class=\"wp-block-column is-vertically-aligned-center is-layout-flow wp-block-column-is-layout-flow\">\n<p class=\"has-nv-c-1-color has-text-color has-link-color wp-elements-744767b8dfafbbdba7fbd77e1229cae0\"><em>Liste des stations sols UHF\/VHF concern\u00e9s par le projet Nanosatgrid, appartenant aux diff\u00e9rents partenaires. Ce sch\u00e9ma n&rsquo;inclus pas le r\u00e9seau de stations SATNogs<\/em><\/p>\n<\/div>\n\n\n\n<div class=\"wp-block-column is-vertically-aligned-center is-layout-flow wp-block-column-is-layout-flow\">\n<figure class=\"wp-block-image\"><img decoding=\"async\" src=\"http:\/\/federationnanosats.local\/wp-content\/uploads\/2024\/07\/nanosatgrid-1024x481.png\" alt=\"\" class=\"wp-image-1620\" \/><\/figure>\n<\/div>\n<\/div>\n\n\n\n<div style=\"height:120px\" aria-hidden=\"true\" class=\"wp-block-spacer\"><\/div>\n\n\n\n<hr class=\"wp-block-separator has-alpha-channel-opacity is-style-dots\" \/>\n\n\n\n<h2 class=\"wp-block-heading has-nv-c-1-color has-text-color has-link-color wp-elements-686a1f022999a6e3652319a47d688857\"><strong>Partager des ressources financi\u00e8res<\/strong><\/h2>\n\n\n\n<p>Disposant d\u2019un budget annuel aliment\u00e9 par ses tutelles, la F\u00e9d\u00e9ration Nanosats a la possibilit\u00e9 de financer&nbsp;des projets de mutualisation propos\u00e9e par ses membres pour ses membres. Il peut s\u2019agir par exemple de l\u2019achat d\u2019un nouveau moyen ou du d\u00e9veloppement d\u2019un logiciel, de la modification d\u2019un \u00e9quipement ou d\u2019un logiciel existant afin de le mutualiser, de la mise en place d\u2019une proc\u00e9dure d\u2019acc\u00e8s afin de mutualiser un \u00e9quipement, ou de la cr\u00e9ation de documentation afin de mutualiser un moyen ou un logiciel.&nbsp;<\/p>\n\n\n\n<p>Dans le cadre d\u2019appels \u00e0 projet de financeurs ext\u00e9rieurs, la F\u00e9d\u00e9ration peut \u00e9galement coordonner des r\u00e9ponses communes \u00e0 l\u2019ensemble ou plusieurs de ses partenaires.<\/p>\n\n\n\n<div style=\"height:120px\" aria-hidden=\"true\" class=\"wp-block-spacer\"><\/div>\n\n\n\n<hr class=\"wp-block-separator has-alpha-channel-opacity is-style-dots\" \/>\n\n\n\n<h2 class=\"wp-block-heading has-nv-c-1-color has-text-color has-link-color wp-elements-c912bf2de0a6428d0aa81354e914bb8b\">Communiquer<\/h2>\n\n\n\n<p>Contre-intuitivement \u00e0 l\u2019environnement des nanosatellites qui se veut plus agile et plus rapide, le manque d\u2019organisation et de financement stable \u00e0 l\u2019\u00e9chelle nationale soul\u00e8vent des enjeux cruciaux pour la survie des projets. Face \u00e0 cette situation, la F\u00e9d\u00e9ration Nanosats s\u2019est donn\u00e9e pour mission de faire conna\u00eetre ces probl\u00e9matiques aupr\u00e8s des institutions et des financeurs et d\u2019exposer certaines solutions envisageables.<\/p>\n\n\n\n<p>En parall\u00e8le, la F\u00e9d\u00e9ration Nanosats d\u00e9veloppe la communication interne \u00e0 sa communaut\u00e9 afin de mutualiser les moyens, de faciliter les partages d\u2019exp\u00e9rience et d\u2019apporter un accompagnement \u00e0 tous les stades des projets.<\/p>\n\n\n\n<div style=\"height:120px\" aria-hidden=\"true\" class=\"wp-block-spacer\"><\/div>\n\n\n\n<hr class=\"wp-block-separator has-alpha-channel-opacity is-style-dots\" \/>\n\n\n\n<h2 class=\"wp-block-heading has-nv-c-1-color has-text-color has-link-color wp-elements-375b37a9e068a605b8ae95dbfd564b86\">Soutenir l&rsquo;Acad\u00e9mie spatiale Ile-de-France<\/h2>\n\n\n\n<div class=\"wp-block-columns is-layout-flex wp-container-core-columns-is-layout-9d6595d7 wp-block-columns-is-layout-flex\">\n<div class=\"wp-block-column is-layout-flow wp-block-column-is-layout-flow\" style=\"flex-basis:30%\"><div class=\"wp-block-image\">\n<figure class=\"aligncenter size-full is-resized\"><img loading=\"lazy\" decoding=\"async\" width=\"309\" height=\"288\" src=\"https:\/\/sites.lesia.obspm.fr\/federation-nanosats\/files\/2024\/08\/Logo_France2030-Academie-1-e1723033464511.png\" alt=\"\" class=\"wp-image-699\" style=\"width:216px;height:auto\" srcset=\"https:\/\/sites.lesia.obspm.fr\/federation-nanosats\/files\/2024\/08\/Logo_France2030-Academie-1-e1723033464511.png 309w, https:\/\/sites.lesia.obspm.fr\/federation-nanosats\/files\/2024\/08\/Logo_France2030-Academie-1-e1723033464511-300x280.png 300w\" sizes=\"auto, (max-width: 309px) 100vw, 309px\" \/><\/figure><\/div><\/div>\n\n\n\n<div class=\"wp-block-column is-layout-flow wp-block-column-is-layout-flow\">\n<p>L\u2019Acad\u00e9mie spatiale est un projet laur\u00e9at du plan France 2030 consistant \u00e0 f\u00e9d\u00e9rer et animer les activit\u00e9s de formation dans les m\u00e9tiers du spatial en \u00cele-de-France, mais aussi de cr\u00e9er une communaut\u00e9 de formateurs et d\u2019employeurs autour de th\u00e9matiques d\u2019int\u00e9r\u00eat strat\u00e9gique et \u00e9conomique majeur. Le spatial \u00e9tant en telle pleine \u00e9volution, notamment avec l\u2019av\u00e8nement du NewSpace, former les g\u00e9n\u00e9rations futures \u00e0 ce domaine appara\u00eet comme un enjeu fondamental.&nbsp;<\/p>\n\n\n\n<p>Bien que la F\u00e9d\u00e9ration Nanosats ait une vocation de recherche scientifique, ses membres ont une expertise du NewSpace sur laquelle l\u2019Acad\u00e9mie spatiale peut s\u2019appuyer<\/p>\n\n\n\n<p>En savoir plus : <a href=\"https:\/\/academiespatiale.fr\">https:\/\/academiespatiale.fr<\/a><\/p>\n<\/div>\n<\/div>\n\n\n\n<div style=\"height:120px\" aria-hidden=\"true\" class=\"wp-block-spacer\"><\/div>\n","protected":false},"excerpt":{"rendered":"<p>Avant-propos Face aux difficult\u00e9s rencontr\u00e9es dans le d\u00e9veloppement des nanosatellites par les chefs de projets en France, le premier constat raisonnable est d\u2019essayer de mutualiser autant que possible l\u2019ensemble des&hellip;&nbsp;<a href=\"https:\/\/sites.lesia.obspm.fr\/federation-nanosats\/ses-actions\/\" rel=\"bookmark\">Lire la suite &raquo;<span class=\"screen-reader-text\">Ses actions<\/span><\/a><\/p>\n","protected":false},"author":97,"featured_media":0,"parent":0,"menu_order":0,"comment_status":"closed","ping_status":"closed","template":"","meta":{"neve_meta_sidebar":"","neve_meta_container":"","neve_meta_enable_content_width":"on","neve_meta_content_width":100,"neve_meta_title_alignment":"","neve_meta_author_avatar":"","neve_post_elements_order":"","neve_meta_disable_header":"","neve_meta_disable_footer":"","neve_meta_disable_title":"on","footnotes":""},"class_list":["post-463","page","type-page","status-publish","hentry"],"_links":{"self":[{"href":"https:\/\/sites.lesia.obspm.fr\/federation-nanosats\/wp-json\/wp\/v2\/pages\/463","targetHints":{"allow":["GET"]}}],"collection":[{"href":"https:\/\/sites.lesia.obspm.fr\/federation-nanosats\/wp-json\/wp\/v2\/pages"}],"about":[{"href":"https:\/\/sites.lesia.obspm.fr\/federation-nanosats\/wp-json\/wp\/v2\/types\/page"}],"author":[{"embeddable":true,"href":"https:\/\/sites.lesia.obspm.fr\/federation-nanosats\/wp-json\/wp\/v2\/users\/97"}],"replies":[{"embeddable":true,"href":"https:\/\/sites.lesia.obspm.fr\/federation-nanosats\/wp-json\/wp\/v2\/comments?post=463"}],"version-history":[{"count":11,"href":"https:\/\/sites.lesia.obspm.fr\/federation-nanosats\/wp-json\/wp\/v2\/pages\/463\/revisions"}],"predecessor-version":[{"id":845,"href":"https:\/\/sites.lesia.obspm.fr\/federation-nanosats\/wp-json\/wp\/v2\/pages\/463\/revisions\/845"}],"wp:attachment":[{"href":"https:\/\/sites.lesia.obspm.fr\/federation-nanosats\/wp-json\/wp\/v2\/media?parent=463"}],"curies":[{"name":"wp","href":"https:\/\/api.w.org\/{rel}","templated":true}]}}