{"id":429,"date":"2024-08-05T14:03:08","date_gmt":"2024-08-05T12:03:08","guid":{"rendered":"https:\/\/sites.lesia.obspm.fr\/federation-nanosats\/?page_id=429"},"modified":"2024-12-10T14:01:56","modified_gmt":"2024-12-10T13:01:56","slug":"qui-sommes-nous","status":"publish","type":"page","link":"https:\/\/sites.lesia.obspm.fr\/federation-nanosats\/qui-sommes-nous\/","title":{"rendered":"Qui sommes nous ?"},"content":{"rendered":"\n<div style=\"height:30px\" aria-hidden=\"true\" class=\"wp-block-spacer\"><\/div>\n\n\n\n<div class=\"wp-block-cover alignfull\"><span aria-hidden=\"true\" class=\"wp-block-cover__background has-nv-c-1-background-color has-background-dim-100 has-background-dim\"><\/span><div class=\"wp-block-cover__inner-container is-layout-constrained wp-block-cover-is-layout-constrained\">\n<div class=\"wp-block-columns is-layout-flex wp-container-core-columns-is-layout-9d6595d7 wp-block-columns-is-layout-flex\">\n<div class=\"wp-block-column is-layout-flow wp-block-column-is-layout-flow\">\n<h2 class=\"wp-block-heading has-nv-light-bg-color has-text-color has-x-large-font-size\">La F\u00e9d\u00e9ration<\/h2>\n\n\n\n<p class=\"has-nv-site-bg-color has-text-color has-link-color has-medium-font-size wp-elements-c7817f2f3b246df403241e387b051d0b\">Fond\u00e9e pour r\u00e9pondre \u00e0 des enjeux majeurs soulev\u00e9s par la communaut\u00e9 scientifique, la F\u00e9d\u00e9ration Nanosats d\u00e9voile ses objectifs et ambitions.&nbsp;&nbsp;<\/p>\n<\/div>\n\n\n\n<div class=\"wp-block-column is-layout-flow wp-block-column-is-layout-flow\">\n<h2 class=\"wp-block-heading has-nv-light-bg-color has-text-color has-x-large-font-size\">Ses membres<\/h2>\n\n\n\n<p class=\"has-nv-site-bg-color has-text-color has-link-color has-medium-font-size wp-elements-4918c2f3b9dd58cce0ffd5424117d035\">D\u00e9couvrez la richesse de la communaut\u00e9 d\u2019acteurs des nanosatellites scientifiques d\u2019Ile-de-France. Des centres spatiaux universitaires aux unit\u00e9s de recherche, qui sont les membres de la F\u00e9d\u00e9ration&nbsp;?<\/p>\n<\/div>\n<\/div>\n\n\n\n<div class=\"wp-block-columns is-layout-flex wp-container-core-columns-is-layout-9d6595d7 wp-block-columns-is-layout-flex\">\n<div class=\"wp-block-column is-layout-flow wp-block-column-is-layout-flow\">\n<div class=\"wp-block-buttons is-layout-flex wp-block-buttons-is-layout-flex\">\n<div class=\"wp-block-button is-style-default\"><a class=\"wp-block-button__link wp-element-button\" href=\"https:\/\/sites.lesia.obspm.fr\/federation-nanosats\/la-federation\/\">En savoir plus<\/a><\/div>\n<\/div>\n<\/div>\n\n\n\n<div class=\"wp-block-column is-layout-flow wp-block-column-is-layout-flow\">\n<div class=\"wp-block-buttons is-layout-flex wp-block-buttons-is-layout-flex\">\n<div class=\"wp-block-button is-style-default\"><a class=\"wp-block-button__link wp-element-button\" href=\"https:\/\/sites.lesia.obspm.fr\/federation-nanosats\/membres\/\">En savoir plus<\/a><\/div>\n<\/div>\n<\/div>\n<\/div>\n<\/div><\/div>\n\n\n\n<div style=\"height:120px\" aria-hidden=\"true\" class=\"wp-block-spacer\"><\/div>\n","protected":false},"excerpt":{"rendered":"","protected":false},"author":97,"featured_media":0,"parent":0,"menu_order":0,"comment_status":"closed","ping_status":"closed","template":"","meta":{"neve_meta_sidebar":"","neve_meta_container":"","neve_meta_enable_content_width":"on","neve_meta_content_width":100,"neve_meta_title_alignment":"","neve_meta_author_avatar":"","neve_post_elements_order":"","neve_meta_disable_header":"","neve_meta_disable_footer":"","neve_meta_disable_title":"","footnotes":""},"class_list":["post-429","page","type-page","status-publish","hentry"],"_links":{"self":[{"href":"https:\/\/sites.lesia.obspm.fr\/federation-nanosats\/wp-json\/wp\/v2\/pages\/429","targetHints":{"allow":["GET"]}}],"collection":[{"href":"https:\/\/sites.lesia.obspm.fr\/federation-nanosats\/wp-json\/wp\/v2\/pages"}],"about":[{"href":"https:\/\/sites.lesia.obspm.fr\/federation-nanosats\/wp-json\/wp\/v2\/types\/page"}],"author":[{"embeddable":true,"href":"https:\/\/sites.lesia.obspm.fr\/federation-nanosats\/wp-json\/wp\/v2\/users\/97"}],"replies":[{"embeddable":true,"href":"https:\/\/sites.lesia.obspm.fr\/federation-nanosats\/wp-json\/wp\/v2\/comments?post=429"}],"version-history":[{"count":10,"href":"https:\/\/sites.lesia.obspm.fr\/federation-nanosats\/wp-json\/wp\/v2\/pages\/429\/revisions"}],"predecessor-version":[{"id":837,"href":"https:\/\/sites.lesia.obspm.fr\/federation-nanosats\/wp-json\/wp\/v2\/pages\/429\/revisions\/837"}],"wp:attachment":[{"href":"https:\/\/sites.lesia.obspm.fr\/federation-nanosats\/wp-json\/wp\/v2\/media?parent=429"}],"curies":[{"name":"wp","href":"https:\/\/api.w.org\/{rel}","templated":true}]}}