{"id":391,"date":"2024-08-05T13:45:07","date_gmt":"2024-08-05T11:45:07","guid":{"rendered":"https:\/\/sites.lesia.obspm.fr\/federation-nanosats\/?page_id=391"},"modified":"2026-02-02T17:19:27","modified_gmt":"2026-02-02T16:19:27","slug":"la-federation","status":"publish","type":"page","link":"https:\/\/sites.lesia.obspm.fr\/federation-nanosats\/la-federation\/","title":{"rendered":"La F\u00e9d\u00e9ration"},"content":{"rendered":"\n<div class=\"wp-block-cover alignfull\"><img loading=\"lazy\" decoding=\"async\" width=\"1920\" height=\"350\" class=\"wp-block-cover__image-background wp-image-340\" alt=\"\" src=\"https:\/\/sites.lesia.obspm.fr\/federation-nanosats\/files\/2024\/08\/banniere-generique2-02.jpg\" style=\"object-position:0% 0%\" data-object-fit=\"cover\" data-object-position=\"0% 0%\" srcset=\"https:\/\/sites.lesia.obspm.fr\/federation-nanosats\/files\/2024\/08\/banniere-generique2-02.jpg 1920w, https:\/\/sites.lesia.obspm.fr\/federation-nanosats\/files\/2024\/08\/banniere-generique2-02-300x55.jpg 300w, https:\/\/sites.lesia.obspm.fr\/federation-nanosats\/files\/2024\/08\/banniere-generique2-02-1024x187.jpg 1024w, https:\/\/sites.lesia.obspm.fr\/federation-nanosats\/files\/2024\/08\/banniere-generique2-02-768x140.jpg 768w, https:\/\/sites.lesia.obspm.fr\/federation-nanosats\/files\/2024\/08\/banniere-generique2-02-1536x280.jpg 1536w\" sizes=\"auto, (max-width: 1920px) 100vw, 1920px\" \/><span aria-hidden=\"true\" class=\"wp-block-cover__background has-background-dim-0 has-background-dim\" style=\"background-color:#354c72\"><\/span><div class=\"wp-block-cover__inner-container is-layout-constrained wp-block-cover-is-layout-constrained\">\n<div class=\"wp-block-columns is-layout-flex wp-container-core-columns-is-layout-9d6595d7 wp-block-columns-is-layout-flex\">\n<div class=\"wp-block-column is-layout-flow wp-block-column-is-layout-flow\" style=\"flex-basis:66.66%\">\n<h1 class=\"wp-block-heading has-neve-link-hover-color-color has-text-color\">La F\u00e9d\u00e9ration<\/h1>\n<\/div>\n\n\n\n<div class=\"wp-block-column is-layout-flow wp-block-column-is-layout-flow\" style=\"flex-basis:33.33%\"><\/div>\n<\/div>\n<\/div><\/div>\n\n\n\n<div style=\"height:30px\" aria-hidden=\"true\" class=\"wp-block-spacer\"><\/div>\n\n\n\n<h2 class=\"wp-block-heading has-nv-c-1-color has-text-color has-link-color wp-elements-67029b13d0c0e66102e912f262da0ca8\">Pr\u00e9sentation<\/h2>\n\n\n\n<h3 class=\"wp-block-heading\"><strong>\u00c9mergence des nanosatellites<\/strong><\/h3>\n\n\n\n<p>En mettant l\u2019accent sur la r\u00e9duction des co\u00fbts, des d\u00e9lais et sur l\u2019innovation technologique, en facilitant l\u2019acc\u00e8s \u00e0 l\u2019espace et en diversifiant les acteurs, le mouvement&nbsp;<em>NewSpace<\/em>&nbsp;a vraisemblablement r\u00e9volutionn\u00e9 l\u2019industrie spatiale \u00e0 la fin du 20<sup>\u00e8me<\/sup>&nbsp;si\u00e8cle. Jusqu\u2019alors r\u00e9serv\u00e9 aux agences gouvernementales telles que la NASA aux Etats-Unis ou le CNES en France, l\u2019espace est d\u00e9sormais accessible \u00e0 une multitude d\u2019organisations priv\u00e9es ou publiques ayant pour objet l\u2019exploitation scientifique ou commerciale de l\u2019espace. Les caract\u00e9ristiques propres de ce nouvel environnement ont in\u00e9vitablement favoris\u00e9 l\u2019\u00e9mergence des nanosatellites.&nbsp;<\/p>\n\n\n\n<p>Initialement con\u00e7us comme outils \u00e9ducatifs et d\u00e9monstrateurs technologiques, les nanosatellites ont plus que d\u00e9montr\u00e9 &#8211; avec plus de&nbsp;<strong>2600 lancements ces derni\u00e8res ann\u00e9es<\/strong>&nbsp;&#8211; leur aptitude de vol tout en assurant des op\u00e9rations scientifiques. Mieux encore, gr\u00e2ce \u00e0 d\u2019importantes avanc\u00e9es technologiques, ils s\u2019av\u00e8rent \u00eatre de nouveaux vecteurs tr\u00e8s prometteurs en vue de r\u00e9aliser de la science de pointe. Leur taille et leur co\u00fbt, tous deux bien plus modestes que pour les grandes missions spatiales traditionnelles, rendent des projets plus exotiques d\u00e9sormais r\u00e9alisables, comme par exemple l\u2019envoi d\u2019essaims ou de constellations de satellites. Saisissant l\u2019opportunit\u00e9 que repr\u00e9sentent les nanosatellites, de nombreux laboratoires de recherche, comme bon nombre d\u2019institutions dans le monde entier, s\u2019en sont ainsi empar\u00e9s et ont commenc\u00e9 \u00e0 d\u00e9velopper des projets, voire des branches d\u00e9di\u00e9es. Et ceci, dans une grande vari\u00e9t\u00e9 de th\u00e9matiques de la climatologie \u00e0 la cosmologie en passant par un \u00e9ventail de disciplines en physique, sciences de la Terre et de l\u2019Univers. Comme en t\u00e9moigne le foisonnement d\u2019acteurs en Ile-de-France particuli\u00e8rement impressionnant, le monde du spatial assiste v\u00e9ritablement \u00e0 l\u2019\u00e9mergence d\u2019un&nbsp;<strong>nouveau paradigme&nbsp;<\/strong>: les nanosatellites.&nbsp;<\/p>\n\n\n\n<h3 class=\"wp-block-heading\"><strong>La raison d\u2019\u00eatre de la F\u00e9d\u00e9ration Nanosats<\/strong>&nbsp;<\/h3>\n\n\n\n<p>Cr\u00e9\u00e9e en 2023, la F\u00e9d\u00e9ration Nanosats est une f\u00e9d\u00e9ration de recherche CNRS d\u00e9di\u00e9e au d\u00e9veloppement de projets de nanosatellites \u00e0 vis\u00e9e scientifique en sciences de la Terre et de l\u2019Univers.&nbsp;&nbsp;Port\u00e9e par l\u2019Observatoire de Paris et soutenue par 5 autres&nbsp;<a>tutelles<\/a>&nbsp;&nbsp;(CNRS, ENS, Universit\u00e9 Paris Cit\u00e9, Sorbonne Universit\u00e9, Universit\u00e9 Paris-Est Cr\u00e9teil), elle vise \u00e0 r\u00e9pondre efficacement aux \u00e9l\u00e9ments soulev\u00e9s par la communaut\u00e9 scientifique lors des prospectives respectives de l\u2019Institut national des sciences de l\u2019Univers (CNRS INSU) et du Centre national d\u2019\u00e9tudes spatiales (CNES), \u00e0 savoir des besoins de&nbsp;<strong>simplification<\/strong>, de&nbsp;<strong>communication<\/strong>, de&nbsp;<strong>mutualisation<\/strong>&nbsp;et de&nbsp;<strong>repr\u00e9sentation<\/strong>&nbsp;aupr\u00e8s des tutelles, des acteurs priv\u00e9s et des agences spatiales dont le CNES.&nbsp;<\/p>\n\n\n\n<h3 class=\"wp-block-heading\">Ses objectifs<\/h3>\n\n\n\n<p>La&nbsp;F\u00e9d\u00e9ration&nbsp;Nanosats vise \u00e0 favoriser le d\u00e9veloppement d\u2019avanc\u00e9es scientifiques majeures en Sciences de la Terre et de l\u2019Univers par l\u2019utilisation de nanosatellites. En capitalisant sur la richesse des exp\u00e9riences de chaque partenaire et de leurs moyens humains et techniques, la F\u00e9d\u00e9ration a pour ambition d\u2019amplifier le dynamisme de la communaut\u00e9 scientifique dans ce domaine en d\u00e9veloppant les objectifs scientifiques et techniques, en r\u00e9pondant aux enjeux du&nbsp;<em>NewSpace<\/em>&nbsp;ainsi qu\u2019en f\u00e9d\u00e9rant et d\u00e9veloppant la communaut\u00e9 autour des nanosatellites en Ile-de-France.<\/p>\n\n\n\n<h3 class=\"wp-block-heading\">\u00c9volution<\/h3>\n\n\n\n<p>L\u2019engouement de la communaut\u00e9 scientifique pour les nanosatellites d\u00e9passe largement les fronti\u00e8res de la r\u00e9gion francilienne. Par exemple, le centre spatial universitaire de Montpellier, \u00e0 l\u2019origine du premier nanosatellite en France, ainsi que ceux des universit\u00e9s de Grenoble et Toulouse ont une activit\u00e9 de recherche scientifique spatiale importante. De nature plus p\u00e9dagogique, les centres spatiaux des universit\u00e9s d\u2019Aix-Marseille, de Bordeaux, de la C\u00f4te d\u2019Azur ainsi que de l\u2019\u00c9cole polytechnique sont en voie de d\u00e9veloppement. C\u2019est pour cela que si la F\u00e9d\u00e9ration Nanosats r\u00e9serve actuellement son p\u00e9rim\u00e8tre d\u2019actions \u00e0 l\u2019Ile-de-France, son \u00e9volution tendra naturellement \u00e0 rassembler tous les acteurs de l\u2019hexagone dans les prochaines ann\u00e9es.<\/p>\n\n\n\n<div style=\"height:120px\" aria-hidden=\"true\" class=\"wp-block-spacer\"><\/div>\n\n\n\n<hr class=\"wp-block-separator has-alpha-channel-opacity is-style-dots\" \/>\n\n\n\n<h2 class=\"wp-block-heading has-nv-c-1-color has-text-color has-link-color wp-elements-40a40d8f08c04470edc3d345804ef0ba\">L&rsquo;\u00e9quipe<\/h2>\n\n\n\n<div class=\"wp-block-columns is-layout-flex wp-container-core-columns-is-layout-9d6595d7 wp-block-columns-is-layout-flex\">\n<div class=\"wp-block-column is-layout-flow wp-block-column-is-layout-flow\"><div class=\"wp-block-image\">\n<figure class=\"aligncenter size-full\"><img loading=\"lazy\" decoding=\"async\" width=\"141\" height=\"189\" src=\"https:\/\/sites.lesia.obspm.fr\/federation-nanosats\/files\/2025\/04\/coralieblue.png\" alt=\"\" class=\"wp-image-1126\" \/><\/figure><\/div>\n\n\n<p class=\"has-text-align-center\"><strong>Coralie Neiner<\/strong><br>Directrice<\/p>\n<\/div>\n\n\n\n<div class=\"wp-block-column is-layout-flow wp-block-column-is-layout-flow\"><div class=\"wp-block-image\">\n<figure class=\"aligncenter size-full\"><img loading=\"lazy\" decoding=\"async\" width=\"141\" height=\"189\" src=\"https:\/\/sites.lesia.obspm.fr\/federation-nanosats\/files\/2025\/04\/gauthierblue.png\" alt=\"\" class=\"wp-image-1127\" \/><\/figure><\/div>\n\n\n<p class=\"has-text-align-center\"><strong>Gauthier Hulot<\/strong><br>Directeur adjoint<\/p>\n<\/div>\n\n\n\n<div class=\"wp-block-column is-layout-flow wp-block-column-is-layout-flow\"><div class=\"wp-block-image\">\n<figure class=\"aligncenter size-full\"><img loading=\"lazy\" decoding=\"async\" width=\"141\" height=\"189\" src=\"https:\/\/sites.lesia.obspm.fr\/federation-nanosats\/files\/2025\/04\/audreyblue.png\" alt=\"\" class=\"wp-image-1128\" \/><\/figure><\/div>\n\n\n<p class=\"has-text-align-center\"><strong>Audrey Le Reun<\/strong><br>Charg\u00e9e de communication<\/p>\n<\/div>\n\n\n\n<div class=\"wp-block-column is-layout-flow wp-block-column-is-layout-flow\"><div class=\"wp-block-image\">\n<figure class=\"aligncenter size-full\"><img loading=\"lazy\" decoding=\"async\" width=\"141\" height=\"189\" src=\"https:\/\/sites.lesia.obspm.fr\/federation-nanosats\/files\/2025\/04\/kouassiblue.jpg\" alt=\"\" class=\"wp-image-1129\" \/><\/figure><\/div>\n\n\n<p class=\"has-text-align-center\"><strong>Kouassi Kouassi<\/strong><br>Ing\u00e9nieur \u00e9lectronicien<\/p>\n<\/div>\n<\/div>\n\n\n\n<div style=\"height:120px\" aria-hidden=\"true\" class=\"wp-block-spacer\"><\/div>\n\n\n\n<hr class=\"wp-block-separator has-alpha-channel-opacity is-style-dots\" \/>\n\n\n\n<h2 class=\"wp-block-heading has-nv-c-1-color has-text-color has-link-color wp-elements-c984bd427297ec7b17f80c2e2fa8c75a\">Gouvernance<\/h2>\n\n\n\n<p>La F\u00e9d\u00e9ration Nanosats est pilot\u00e9e par un comit\u00e9 de direction s\u2019appuyant sur un Comit\u00e9 de pilotage et un Conseil.&nbsp;<\/p>\n\n\n\n<h3 class=\"wp-block-heading\">Comit\u00e9 de Direction<\/h3>\n\n\n\n<p>Le comit\u00e9 de direction est compos\u00e9 d\u2019une directrice d\u2019unit\u00e9, Coralie Neiner, nomm\u00e9e par le Pr\u00e9sident Directeur G\u00e9n\u00e9ral du CNRS apr\u00e8s l\u2019accord des 6 tutelles principales, des instances comp\u00e9tences du CoNRS et des unit\u00e9s partenaires, et d\u2019un directeur adjoint, Gauthier Hulot, nomm\u00e9 parmi les personnels membres de la F\u00e9d\u00e9ration sur proposition de la directrice d\u2019unit\u00e9 et apr\u00e8s avis du Conseil de la F\u00e9d\u00e9ration.<\/p>\n\n\n\n<p>En outre, pour assurer un \u00e9quilibre th\u00e9matique, le duo formant le comit\u00e9 de direction est syst\u00e9matiquement form\u00e9 d\u2019un repr\u00e9sentant de la communaut\u00e9 des sciences de la Terre et d\u2019un repr\u00e9sentant de la communaut\u00e9 des sciences de l\u2019Univers. Les membres du comit\u00e9 de direction actuel sont bas\u00e9s respectivement au Laboratoire d\u2019\u00e9tudes spatiales et d\u2019instrumentation en astrophysique (LESIA \u2013 Observatoire de Paris-PSL) et \u00e0 l\u2019Institut de Physique du globe de Paris (IPGP).&nbsp;<\/p>\n\n\n\n<h3 class=\"wp-block-heading\">Le comit\u00e9 de pilotage<\/h3>\n\n\n\n<p>Le comit\u00e9 de pilotage conseille la F\u00e9d\u00e9ration sur les orientations scientifiques.&nbsp;&nbsp;Il se compose du comit\u00e9 de direction, de repr\u00e9sentants des tutelles de la F\u00e9d\u00e9ration et du CNES, ainsi que de membres ext\u00e9rieurs issus des mondes acad\u00e9mique, \u00e9conomique et social, et d\u2019\u00e9ventuels observateurs.<\/p>\n\n\n\n<div class=\"wp-block-columns is-layout-flex wp-container-core-columns-is-layout-9d6595d7 wp-block-columns-is-layout-flex\">\n<div class=\"wp-block-column is-layout-flow wp-block-column-is-layout-flow\">\n<p><strong>Les repr\u00e9sentants des tutelles<\/strong><\/p>\n\n\n\n<ul class=\"wp-block-list\">\n<li>C\u00e9line Reyle, CNRS<\/li>\n\n\n\n<li>Fran\u00e7ois Boulanger, ENS<\/li>\n\n\n\n<li>Patrice Coll, Universit\u00e9 Paris Cit\u00e9<\/li>\n\n\n\n<li>Herv\u00e9 Cottin, universit\u00e9 Paris-Est Cr\u00e9teil<\/li>\n\n\n\n<li>Elen Guy, Sorbonne Universit\u00e9<\/li>\n\n\n\n<li>Carlos Garrido, Observatoire de Paris<\/li>\n<\/ul>\n<\/div>\n\n\n\n<div class=\"wp-block-column is-layout-flow wp-block-column-is-layout-flow\">\n<p><strong>Les repr\u00e9sentants des mondes acad\u00e9miques et \u00e9conomiques<\/strong><\/p>\n\n\n\n<ul class=\"wp-block-list\">\n<li>Mathieu Barthelemy, IPAG &amp; CSUG<\/li>\n\n\n\n<li>Nicolas Nolhier, LAAS &amp; CSUT<\/li>\n\n\n\n<li>Florian Deconinck, OpenCosmos<\/li>\n\n\n\n<li>Arnaud Barthere, Eutelsat<\/li>\n<\/ul>\n<\/div>\n\n\n\n<div class=\"wp-block-column is-layout-flow wp-block-column-is-layout-flow\">\n<p><strong>Deux observateur<\/strong>s<\/p>\n\n\n\n<ul class=\"wp-block-list\">\n<li>Jean-Marc Charbonnier, Onera<\/li>\n\n\n\n<li>Mioara Mandea, CNES<\/li>\n<\/ul>\n<\/div>\n<\/div>\n\n\n\n<h3 class=\"wp-block-heading\">Le conseil de la F\u00e9d\u00e9ration Nanosats<\/h3>\n\n\n\n<p>Le Conseil de la F\u00e9d\u00e9ration a un r\u00f4le consultatif aussi bien sur la coordination, le d\u00e9veloppement des activit\u00e9s techniques, budg\u00e9taires et humaines et leur \u00e9valuation que sur la nomination du directeur d\u2019unit\u00e9 et des politiques de contrat, de transfert technologique et de formation. Il est compos\u00e9 du comit\u00e9 de direction ainsi que de membres \u00e9lus et nomm\u00e9s.&nbsp;<\/p>\n\n\n\n<div class=\"wp-block-columns is-layout-flex wp-container-core-columns-is-layout-9d6595d7 wp-block-columns-is-layout-flex\">\n<div class=\"wp-block-column is-layout-flow wp-block-column-is-layout-flow\">\n<p><strong>La Direction<\/strong><\/p>\n\n\n\n<ul class=\"wp-block-list\">\n<li>Coralie Neiner, LIRA<\/li>\n\n\n\n<li>Gauthier Hulot, IPGP<\/li>\n<\/ul>\n<\/div>\n\n\n\n<div class=\"wp-block-column is-layout-flow wp-block-column-is-layout-flow\">\n<p><strong>Les membres \u00e9lus<\/strong><\/p>\n\n\n\n<ul class=\"wp-block-list\">\n<li>No\u00ebl Grand, LISA &amp; UPEC<\/li>\n\n\n\n<li>S\u00e9bastien Payan, LATMOS &amp; CNRS<\/li>\n\n\n\n<li>Nicolas Rividi, Camparis &amp; SU<\/li>\n\n\n\n<li>Boris Segret, CNES &#8211; Obs. de Paris<\/li>\n\n\n\n<li>Jeanne Treuttel, LIRA &#8211; Obs. de Paris<\/li>\n<\/ul>\n<\/div>\n\n\n\n<div class=\"wp-block-column is-layout-flow wp-block-column-is-layout-flow\">\n<p><strong>Les membres nomm\u00e9s<\/strong><\/p>\n\n\n\n<ul class=\"wp-block-list\">\n<li>Claude Catala, LIRA &amp; Obs. de Paris<\/li>\n\n\n\n<li>Hubert Halloin, APC &amp; UPC<\/li>\n\n\n\n<li>Daniel Hestroffer, LTE<\/li>\n\n\n\n<li>Nicolas Rambaux, CurieSat &amp; SU<\/li>\n<\/ul>\n<\/div>\n<\/div>\n\n\n\n<div style=\"height:120px\" aria-hidden=\"true\" class=\"wp-block-spacer\"><\/div>\n\n\n\n<hr class=\"wp-block-separator has-alpha-channel-opacity is-style-dots\" \/>\n\n\n\n<h2 class=\"wp-block-heading has-nv-c-1-color has-text-color has-link-color wp-elements-880b5ebbc20a77731de53e6225d8a319\">Les tutelles<\/h2>\n\n\n\n<div class=\"wp-block-columns are-vertically-aligned-center has-nv-c-1-background-color has-background is-layout-flex wp-container-core-columns-is-layout-a1383269 wp-block-columns-is-layout-flex\" style=\"padding-top:var(--wp--preset--spacing--50);padding-bottom:var(--wp--preset--spacing--50)\">\n<div class=\"wp-block-column is-vertically-aligned-center is-layout-flow wp-block-column-is-layout-flow\">\n<div class=\"wp-block-columns is-layout-flex wp-container-core-columns-is-layout-9d6595d7 wp-block-columns-is-layout-flex\">\n<div class=\"wp-block-column is-vertically-aligned-center is-layout-flow wp-block-column-is-layout-flow\"><div class=\"wp-block-image\">\n<figure class=\"aligncenter size-large is-resized\"><img loading=\"lazy\" decoding=\"async\" width=\"1024\" height=\"1024\" src=\"https:\/\/sites.lesia.obspm.fr\/federation-nanosats\/files\/2024\/08\/LOGO_CNRS_BLANC-1024x1024.png\" alt=\"\" class=\"wp-image-368\" style=\"width:67px;height:auto\" srcset=\"https:\/\/sites.lesia.obspm.fr\/federation-nanosats\/files\/2024\/08\/LOGO_CNRS_BLANC-1024x1024.png 1024w, https:\/\/sites.lesia.obspm.fr\/federation-nanosats\/files\/2024\/08\/LOGO_CNRS_BLANC-300x300.png 300w, https:\/\/sites.lesia.obspm.fr\/federation-nanosats\/files\/2024\/08\/LOGO_CNRS_BLANC-150x150.png 150w, https:\/\/sites.lesia.obspm.fr\/federation-nanosats\/files\/2024\/08\/LOGO_CNRS_BLANC-768x768.png 768w, https:\/\/sites.lesia.obspm.fr\/federation-nanosats\/files\/2024\/08\/LOGO_CNRS_BLANC-1536x1536.png 1536w, https:\/\/sites.lesia.obspm.fr\/federation-nanosats\/files\/2024\/08\/LOGO_CNRS_BLANC-600x600.png 600w, https:\/\/sites.lesia.obspm.fr\/federation-nanosats\/files\/2024\/08\/LOGO_CNRS_BLANC-45x45.png 45w, https:\/\/sites.lesia.obspm.fr\/federation-nanosats\/files\/2024\/08\/LOGO_CNRS_BLANC.png 2000w\" sizes=\"auto, (max-width: 1024px) 100vw, 1024px\" \/><\/figure><\/div><\/div>\n\n\n\n<div class=\"wp-block-column is-vertically-aligned-center is-layout-flow wp-block-column-is-layout-flow\"><div class=\"wp-block-image\">\n<figure class=\"aligncenter size-large\"><img loading=\"lazy\" decoding=\"async\" width=\"1024\" height=\"212\" src=\"https:\/\/sites.lesia.obspm.fr\/federation-nanosats\/files\/2024\/08\/Observatoire_de_Paris-Logotype-BLANC-2048x423-1-1024x212.png\" alt=\"\" class=\"wp-image-423\" srcset=\"https:\/\/sites.lesia.obspm.fr\/federation-nanosats\/files\/2024\/08\/Observatoire_de_Paris-Logotype-BLANC-2048x423-1-1024x212.png 1024w, https:\/\/sites.lesia.obspm.fr\/federation-nanosats\/files\/2024\/08\/Observatoire_de_Paris-Logotype-BLANC-2048x423-1-300x62.png 300w, https:\/\/sites.lesia.obspm.fr\/federation-nanosats\/files\/2024\/08\/Observatoire_de_Paris-Logotype-BLANC-2048x423-1-768x159.png 768w, https:\/\/sites.lesia.obspm.fr\/federation-nanosats\/files\/2024\/08\/Observatoire_de_Paris-Logotype-BLANC-2048x423-1-1536x317.png 1536w, https:\/\/sites.lesia.obspm.fr\/federation-nanosats\/files\/2024\/08\/Observatoire_de_Paris-Logotype-BLANC-2048x423-1.png 2048w\" sizes=\"auto, (max-width: 1024px) 100vw, 1024px\" \/><\/figure><\/div><\/div>\n\n\n\n<div class=\"wp-block-column is-vertically-aligned-center is-layout-flow wp-block-column-is-layout-flow\"><div class=\"wp-block-image\">\n<figure class=\"aligncenter size-full is-resized\"><img loading=\"lazy\" decoding=\"async\" width=\"500\" height=\"190\" src=\"https:\/\/sites.lesia.obspm.fr\/federation-nanosats\/files\/2024\/08\/logo_ens_psl_blanc_500px.png\" alt=\"\" class=\"wp-image-424\" style=\"width:126px;height:auto\" srcset=\"https:\/\/sites.lesia.obspm.fr\/federation-nanosats\/files\/2024\/08\/logo_ens_psl_blanc_500px.png 500w, https:\/\/sites.lesia.obspm.fr\/federation-nanosats\/files\/2024\/08\/logo_ens_psl_blanc_500px-300x114.png 300w\" sizes=\"auto, (max-width: 500px) 100vw, 500px\" \/><\/figure><\/div><\/div>\n<\/div>\n<\/div>\n\n\n\n<div class=\"wp-block-column is-vertically-aligned-center is-layout-flow wp-block-column-is-layout-flow\">\n<div class=\"wp-block-columns is-layout-flex wp-container-core-columns-is-layout-9d6595d7 wp-block-columns-is-layout-flex\">\n<div class=\"wp-block-column is-vertically-aligned-center is-layout-flow wp-block-column-is-layout-flow\"><div class=\"wp-block-image wp-duotone-rgb255255255-ffffff-1\">\n<figure class=\"aligncenter size-full is-resized\"><img loading=\"lazy\" decoding=\"async\" width=\"1238\" height=\"499\" src=\"https:\/\/sites.lesia.obspm.fr\/federation-nanosats\/files\/2024\/08\/logo-SU-blanc.png\" alt=\"\" class=\"wp-image-553\" style=\"width:130px\" srcset=\"https:\/\/sites.lesia.obspm.fr\/federation-nanosats\/files\/2024\/08\/logo-SU-blanc.png 1238w, https:\/\/sites.lesia.obspm.fr\/federation-nanosats\/files\/2024\/08\/logo-SU-blanc-300x121.png 300w, https:\/\/sites.lesia.obspm.fr\/federation-nanosats\/files\/2024\/08\/logo-SU-blanc-1024x413.png 1024w, https:\/\/sites.lesia.obspm.fr\/federation-nanosats\/files\/2024\/08\/logo-SU-blanc-768x310.png 768w\" sizes=\"auto, (max-width: 1238px) 100vw, 1238px\" \/><\/figure><\/div><\/div>\n\n\n\n<div class=\"wp-block-column is-vertically-aligned-center is-layout-flow wp-block-column-is-layout-flow\"><div class=\"wp-block-image wp-duotone-rgb255255255-ffffff-2\">\n<figure class=\"aligncenter size-full is-resized\"><img loading=\"lazy\" decoding=\"async\" width=\"1582\" height=\"462\" src=\"https:\/\/sites.lesia.obspm.fr\/federation-nanosats\/files\/2024\/08\/logo-UPC-blanc.png\" alt=\"\" class=\"wp-image-551\" style=\"width:140px\" srcset=\"https:\/\/sites.lesia.obspm.fr\/federation-nanosats\/files\/2024\/08\/logo-UPC-blanc.png 1582w, https:\/\/sites.lesia.obspm.fr\/federation-nanosats\/files\/2024\/08\/logo-UPC-blanc-300x88.png 300w, https:\/\/sites.lesia.obspm.fr\/federation-nanosats\/files\/2024\/08\/logo-UPC-blanc-1024x299.png 1024w, https:\/\/sites.lesia.obspm.fr\/federation-nanosats\/files\/2024\/08\/logo-UPC-blanc-768x224.png 768w, https:\/\/sites.lesia.obspm.fr\/federation-nanosats\/files\/2024\/08\/logo-UPC-blanc-1536x449.png 1536w\" sizes=\"auto, (max-width: 1582px) 100vw, 1582px\" \/><\/figure><\/div><\/div>\n\n\n\n<div class=\"wp-block-column is-vertically-aligned-center is-layout-flow wp-block-column-is-layout-flow\"><div class=\"wp-block-image\">\n<figure class=\"aligncenter size-large is-resized\"><img loading=\"lazy\" decoding=\"async\" width=\"1024\" height=\"501\" src=\"https:\/\/sites.lesia.obspm.fr\/federation-nanosats\/files\/2024\/08\/upec-blanc-1024x501.png\" alt=\"\" class=\"wp-image-370\" style=\"width:130px\" srcset=\"https:\/\/sites.lesia.obspm.fr\/federation-nanosats\/files\/2024\/08\/upec-blanc-1024x501.png 1024w, https:\/\/sites.lesia.obspm.fr\/federation-nanosats\/files\/2024\/08\/upec-blanc-300x147.png 300w, https:\/\/sites.lesia.obspm.fr\/federation-nanosats\/files\/2024\/08\/upec-blanc-768x375.png 768w, https:\/\/sites.lesia.obspm.fr\/federation-nanosats\/files\/2024\/08\/upec-blanc.png 1031w\" sizes=\"auto, (max-width: 1024px) 100vw, 1024px\" \/><\/figure><\/div><\/div>\n<\/div>\n<\/div>\n<\/div>\n\n\n\n<div style=\"height:120px\" aria-hidden=\"true\" class=\"wp-block-spacer\"><\/div>\n","protected":false},"excerpt":{"rendered":"<p>Pr\u00e9sentation \u00c9mergence des nanosatellites En mettant l\u2019accent sur la r\u00e9duction des co\u00fbts, des d\u00e9lais et sur l\u2019innovation technologique, en facilitant l\u2019acc\u00e8s \u00e0 l\u2019espace et en diversifiant les acteurs, le mouvement&nbsp;NewSpace&nbsp;a&hellip;&nbsp;<a href=\"https:\/\/sites.lesia.obspm.fr\/federation-nanosats\/la-federation\/\" rel=\"bookmark\">Lire la suite &raquo;<span class=\"screen-reader-text\">La F\u00e9d\u00e9ration<\/span><\/a><\/p>\n","protected":false},"author":97,"featured_media":0,"parent":0,"menu_order":0,"comment_status":"closed","ping_status":"closed","template":"","meta":{"neve_meta_sidebar":"","neve_meta_container":"default","neve_meta_enable_content_width":"on","neve_meta_content_width":100,"neve_meta_title_alignment":"","neve_meta_author_avatar":"","neve_post_elements_order":"","neve_meta_disable_header":"","neve_meta_disable_footer":"","neve_meta_disable_title":"on","footnotes":""},"class_list":["post-391","page","type-page","status-publish","hentry"],"_links":{"self":[{"href":"https:\/\/sites.lesia.obspm.fr\/federation-nanosats\/wp-json\/wp\/v2\/pages\/391","targetHints":{"allow":["GET"]}}],"collection":[{"href":"https:\/\/sites.lesia.obspm.fr\/federation-nanosats\/wp-json\/wp\/v2\/pages"}],"about":[{"href":"https:\/\/sites.lesia.obspm.fr\/federation-nanosats\/wp-json\/wp\/v2\/types\/page"}],"author":[{"embeddable":true,"href":"https:\/\/sites.lesia.obspm.fr\/federation-nanosats\/wp-json\/wp\/v2\/users\/97"}],"replies":[{"embeddable":true,"href":"https:\/\/sites.lesia.obspm.fr\/federation-nanosats\/wp-json\/wp\/v2\/comments?post=391"}],"version-history":[{"count":24,"href":"https:\/\/sites.lesia.obspm.fr\/federation-nanosats\/wp-json\/wp\/v2\/pages\/391\/revisions"}],"predecessor-version":[{"id":1485,"href":"https:\/\/sites.lesia.obspm.fr\/federation-nanosats\/wp-json\/wp\/v2\/pages\/391\/revisions\/1485"}],"wp:attachment":[{"href":"https:\/\/sites.lesia.obspm.fr\/federation-nanosats\/wp-json\/wp\/v2\/media?parent=391"}],"curies":[{"name":"wp","href":"https:\/\/api.w.org\/{rel}","templated":true}]}}