{"id":20,"date":"2023-06-13T15:47:37","date_gmt":"2023-06-13T13:47:37","guid":{"rendered":"https:\/\/sites.lesia.obspm.fr\/federation-nanosats\/?page_id=20"},"modified":"2025-10-02T11:33:41","modified_gmt":"2025-10-02T09:33:41","slug":"membres","status":"publish","type":"page","link":"https:\/\/sites.lesia.obspm.fr\/federation-nanosats\/membres\/","title":{"rendered":"Ses membres"},"content":{"rendered":"\n<div class=\"wp-block-cover alignfull\"><img loading=\"lazy\" decoding=\"async\" width=\"1920\" height=\"350\" class=\"wp-block-cover__image-background wp-image-340\" alt=\"\" src=\"https:\/\/sites.lesia.obspm.fr\/federation-nanosats\/files\/2024\/08\/banniere-generique2-02.jpg\" style=\"object-position:10% 15%\" data-object-fit=\"cover\" data-object-position=\"10% 15%\" srcset=\"https:\/\/sites.lesia.obspm.fr\/federation-nanosats\/files\/2024\/08\/banniere-generique2-02.jpg 1920w, https:\/\/sites.lesia.obspm.fr\/federation-nanosats\/files\/2024\/08\/banniere-generique2-02-300x55.jpg 300w, https:\/\/sites.lesia.obspm.fr\/federation-nanosats\/files\/2024\/08\/banniere-generique2-02-1024x187.jpg 1024w, https:\/\/sites.lesia.obspm.fr\/federation-nanosats\/files\/2024\/08\/banniere-generique2-02-768x140.jpg 768w, https:\/\/sites.lesia.obspm.fr\/federation-nanosats\/files\/2024\/08\/banniere-generique2-02-1536x280.jpg 1536w\" sizes=\"auto, (max-width: 1920px) 100vw, 1920px\" \/><span aria-hidden=\"true\" class=\"wp-block-cover__background has-background-dim-0 has-background-dim\" style=\"background-color:#354c72\"><\/span><div class=\"wp-block-cover__inner-container is-layout-constrained wp-block-cover-is-layout-constrained\">\n<div class=\"wp-block-group\"><div class=\"wp-block-group__inner-container is-layout-constrained wp-block-group-is-layout-constrained\">\n<div class=\"wp-block-columns is-layout-flex wp-container-core-columns-is-layout-9d6595d7 wp-block-columns-is-layout-flex\">\n<div class=\"wp-block-column is-layout-flow wp-block-column-is-layout-flow\" style=\"flex-basis:66.66%\">\n<h1 class=\"wp-block-heading has-nv-light-bg-color has-text-color has-link-color wp-elements-9725fbdbd069a2d096112f1b1180c6c5\">Ses membres<\/h1>\n<\/div>\n\n\n\n<div class=\"wp-block-column is-layout-flow wp-block-column-is-layout-flow\" style=\"flex-basis:33.33%\"><\/div>\n<\/div>\n<\/div><\/div>\n<\/div><\/div>\n\n\n\n<div style=\"height:30px\" aria-hidden=\"true\" class=\"wp-block-spacer\"><\/div>\n\n\n\n<h2 class=\"wp-block-heading has-nv-c-1-color has-text-color has-link-color wp-elements-3b5c5e998ff52f513396d4fd060e2e97\">Des acteurs cl\u00e9 engag\u00e9s<\/h2>\n\n\n\n<p>D\u00e8s sa cr\u00e9ation, la F\u00e9d\u00e9ration Nanosats a pu compter sur 12 membres institutionnels dont 3 centres spatiaux et 9 unit\u00e9s de recherche. En tant qu\u2019individuels, plus de 130 membres ont rejoint la F\u00e9d\u00e9ration Nanosats d\u00e8s sa premi\u00e8re ann\u00e9e, t\u00e9moignant d\u2019un int\u00e9r\u00eat et d\u2019un besoin \u00e9vident d\u2019un organisme commun en faveur des nanosatellites scientifiques.\u00a0<\/p>\n\n\n\n<div style=\"height:120px\" aria-hidden=\"true\" class=\"wp-block-spacer\"><\/div>\n\n\n\n<hr class=\"wp-block-separator has-alpha-channel-opacity is-style-dots\" \/>\n\n\n\n<h2 class=\"wp-block-heading has-nv-c-1-color has-text-color has-link-color wp-elements-8e8a113c86b105aa81d02af503fe5a0b\">Des centres spatiaux<\/h2>\n\n\n\n<div class=\"wp-block-columns is-layout-flex wp-container-core-columns-is-layout-9d6595d7 wp-block-columns-is-layout-flex\">\n<div class=\"wp-block-column is-layout-flow wp-block-column-is-layout-flow\">\n<figure class=\"wp-block-image size-full is-resized\"><img loading=\"lazy\" decoding=\"async\" width=\"261\" height=\"258\" src=\"https:\/\/sites.lesia.obspm.fr\/federation-nanosats\/files\/2024\/08\/Logo_centre-spatial_Census.png\" alt=\"\" class=\"wp-image-354\" style=\"width:94px\" srcset=\"https:\/\/sites.lesia.obspm.fr\/federation-nanosats\/files\/2024\/08\/Logo_centre-spatial_Census.png 261w, https:\/\/sites.lesia.obspm.fr\/federation-nanosats\/files\/2024\/08\/Logo_centre-spatial_Census-45x45.png 45w\" sizes=\"auto, (max-width: 261px) 100vw, 261px\" \/><\/figure>\n\n\n\n<p><\/p>\n\n\n\n<p>Bas\u00e9 \u00e0 l\u2019Observatoire de Paris-PSL, le centre pour les nanosatellites en sciences de l\u2019Univers (CENSUS) est le centre spatial de l\u2019universit\u00e9 Paris Sciences Lettres (PSL) et un p\u00f4le d\u2019expertise de l\u2019Observatoire de Paris-PSL. \u00c0 ce titre, il soutient l\u2019ensemble des projets de nanosatellites des laboratoires de tous les \u00e9tablissements de PSL.<\/p>\n<\/div>\n\n\n\n<div class=\"wp-block-column is-layout-flow wp-block-column-is-layout-flow\">\n<figure class=\"wp-block-image size-large is-resized\"><img loading=\"lazy\" decoding=\"async\" width=\"1024\" height=\"683\" src=\"https:\/\/sites.lesia.obspm.fr\/federation-nanosats\/files\/2024\/08\/Logo_centre-spatial_CS-UPEC-1024x683.jpg\" alt=\"\" class=\"wp-image-355\" style=\"width:142px\" srcset=\"https:\/\/sites.lesia.obspm.fr\/federation-nanosats\/files\/2024\/08\/Logo_centre-spatial_CS-UPEC-1024x683.jpg 1024w, https:\/\/sites.lesia.obspm.fr\/federation-nanosats\/files\/2024\/08\/Logo_centre-spatial_CS-UPEC-300x200.jpg 300w, https:\/\/sites.lesia.obspm.fr\/federation-nanosats\/files\/2024\/08\/Logo_centre-spatial_CS-UPEC-768x512.jpg 768w, https:\/\/sites.lesia.obspm.fr\/federation-nanosats\/files\/2024\/08\/Logo_centre-spatial_CS-UPEC.jpg 1200w\" sizes=\"auto, (max-width: 1024px) 100vw, 1024px\" \/><\/figure>\n\n\n\n<p><\/p>\n\n\n\n<p>Le campus spatial de l\u2019universit\u00e9 Paris Est Cr\u00e9teil (CS-UPEC) favorise les \u00e9tudes spatiales \u00e0 travers la conception d\u2019instruments spatiaux et de nanosatellites.<\/p>\n<\/div>\n<\/div>\n\n\n\n<div class=\"wp-block-columns is-layout-flex wp-container-core-columns-is-layout-9d6595d7 wp-block-columns-is-layout-flex\">\n<div class=\"wp-block-column is-layout-flow wp-block-column-is-layout-flow\">\n<figure class=\"wp-block-image size-full is-resized\"><img loading=\"lazy\" decoding=\"async\" width=\"107\" height=\"150\" src=\"https:\/\/sites.lesia.obspm.fr\/federation-nanosats\/files\/2024\/08\/Logo_centre-spatial_Curiesat.jpg\" alt=\"\" class=\"wp-image-356\" style=\"width:102px\" \/><\/figure>\n\n\n\n<p><\/p>\n\n\n\n<p>CurieSat est le centre spatial \u00e9tudiant de Sorbonne Universit\u00e9 qui soutient les projets de nanosatellites de l\u2019universit\u00e9 et de ses laboratoires.<\/p>\n<\/div>\n\n\n\n<div class=\"wp-block-column is-layout-flow wp-block-column-is-layout-flow\">\n<p><\/p>\n\n\n\n<p><\/p>\n<\/div>\n<\/div>\n\n\n\n<div style=\"height:120px\" aria-hidden=\"true\" class=\"wp-block-spacer\"><\/div>\n\n\n\n<hr class=\"wp-block-separator has-alpha-channel-opacity is-style-dots\" \/>\n\n\n\n<h2 class=\"wp-block-heading has-nv-c-1-color has-text-color has-link-color wp-elements-84f2f2c532642ad11c83f7279f906f36\">Des unit\u00e9s de recherche<\/h2>\n\n\n\n<div class=\"wp-block-columns is-layout-flex wp-container-core-columns-is-layout-9d6595d7 wp-block-columns-is-layout-flex\">\n<div class=\"wp-block-column is-layout-flow wp-block-column-is-layout-flow\">\n<figure class=\"wp-block-image size-full is-resized\"><img loading=\"lazy\" decoding=\"async\" width=\"296\" height=\"336\" src=\"https:\/\/sites.lesia.obspm.fr\/federation-nanosats\/files\/2024\/08\/Logo_APC.png\" alt=\"\" class=\"wp-image-367\" style=\"width:auto;height:75px\" srcset=\"https:\/\/sites.lesia.obspm.fr\/federation-nanosats\/files\/2024\/08\/Logo_APC.png 296w, https:\/\/sites.lesia.obspm.fr\/federation-nanosats\/files\/2024\/08\/Logo_APC-264x300.png 264w\" sizes=\"auto, (max-width: 296px) 100vw, 296px\" \/><\/figure>\n\n\n\n<p><\/p>\n\n\n\n<p>Le Laboratoire astroparticules et cosmologie (APC) est un laboratoire de recherche focalis\u00e9 sur la cosmologie, la gravitation, l\u2019astrophysique de hautes \u00e9nergies et la physique des particules.<\/p>\n\n\n\n<p>Tutelles : CNRS, universit\u00e9 Paris Cit\u00e9, CEA, Observatoire de Paris PSL, CNES<\/p>\n<\/div>\n\n\n\n<div class=\"wp-block-column is-layout-flow wp-block-column-is-layout-flow\">\n<figure class=\"wp-block-image size-full is-resized\"><img loading=\"lazy\" decoding=\"async\" width=\"226\" height=\"223\" src=\"https:\/\/sites.lesia.obspm.fr\/federation-nanosats\/files\/2024\/08\/Logo_IAP.jpeg\" alt=\"\" class=\"wp-image-358\" style=\"width:auto;height:75px\" srcset=\"https:\/\/sites.lesia.obspm.fr\/federation-nanosats\/files\/2024\/08\/Logo_IAP.jpeg 226w, https:\/\/sites.lesia.obspm.fr\/federation-nanosats\/files\/2024\/08\/Logo_IAP-45x45.jpeg 45w\" sizes=\"auto, (max-width: 226px) 100vw, 226px\" \/><\/figure>\n\n\n\n<p><\/p>\n\n\n\n<p>L\u2019Institut d\u2019astrophysique de Paris (IAP) est une \u00e9cole interne de Sorbonne Universit\u00e9 dont les recherches portent sur la formation des syst\u00e8mes plan\u00e9taires et la recherche de plan\u00e8tes extrasolaires, la physique stellaire, l\u2019\u00e9volution des galaxies, les structures \u00e0 grande \u00e9chelle, la cosmologie observationnelle et th\u00e9orique, la physique de l\u2019Univers primordial et les ph\u00e9nom\u00e8nes d\u2019\u00e9nergie extr\u00eame.&nbsp;<\/p>\n\n\n\n<p>Tutelles : CNRS, Sorbonne Universit\u00e9<\/p>\n<\/div>\n<\/div>\n\n\n\n<div class=\"wp-block-columns is-layout-flex wp-container-core-columns-is-layout-9d6595d7 wp-block-columns-is-layout-flex\">\n<div class=\"wp-block-column is-layout-flow wp-block-column-is-layout-flow\">\n<figure class=\"wp-block-image size-large is-resized\"><img loading=\"lazy\" decoding=\"async\" width=\"1024\" height=\"270\" src=\"https:\/\/sites.lesia.obspm.fr\/federation-nanosats\/files\/2024\/08\/Logo_IPGP-1024x270.png\" alt=\"\" class=\"wp-image-360\" style=\"width:auto;height:75px\" srcset=\"https:\/\/sites.lesia.obspm.fr\/federation-nanosats\/files\/2024\/08\/Logo_IPGP-1024x270.png 1024w, https:\/\/sites.lesia.obspm.fr\/federation-nanosats\/files\/2024\/08\/Logo_IPGP-300x79.png 300w, https:\/\/sites.lesia.obspm.fr\/federation-nanosats\/files\/2024\/08\/Logo_IPGP-768x203.png 768w, https:\/\/sites.lesia.obspm.fr\/federation-nanosats\/files\/2024\/08\/Logo_IPGP-1536x405.png 1536w, https:\/\/sites.lesia.obspm.fr\/federation-nanosats\/files\/2024\/08\/Logo_IPGP-2048x540.png 2048w\" sizes=\"auto, (max-width: 1024px) 100vw, 1024px\" \/><\/figure>\n\n\n\n<p><\/p>\n\n\n\n<p>L\u2019Institut de physique du globe de Paris (IPGP) est un \u00e9tablissement de recherche en g\u00e9osciences centr\u00e9 sur l\u2019\u00e9tude de la Terre et des plan\u00e8tes depuis le noyau jusqu\u2019aux enveloppes fluides les plus superficielles, \u00e0 travers l\u2019observation, l\u2019exp\u00e9rimentation et la mod\u00e9lisation.&nbsp;<\/p>\n\n\n\n<p>Tutelles : CNRS, IPGP, universit\u00e9 Paris Cit\u00e9<\/p>\n<\/div>\n\n\n\n<div class=\"wp-block-column is-layout-flow wp-block-column-is-layout-flow\">\n<figure class=\"wp-block-image size-large is-resized\"><img loading=\"lazy\" decoding=\"async\" width=\"1024\" height=\"1024\" src=\"https:\/\/sites.lesia.obspm.fr\/federation-nanosats\/files\/2024\/08\/Logo_LATMOS-1024x1024.png\" alt=\"\" class=\"wp-image-361\" style=\"width:94px\" srcset=\"https:\/\/sites.lesia.obspm.fr\/federation-nanosats\/files\/2024\/08\/Logo_LATMOS-1024x1024.png 1024w, https:\/\/sites.lesia.obspm.fr\/federation-nanosats\/files\/2024\/08\/Logo_LATMOS-300x300.png 300w, https:\/\/sites.lesia.obspm.fr\/federation-nanosats\/files\/2024\/08\/Logo_LATMOS-150x150.png 150w, https:\/\/sites.lesia.obspm.fr\/federation-nanosats\/files\/2024\/08\/Logo_LATMOS-768x768.png 768w, https:\/\/sites.lesia.obspm.fr\/federation-nanosats\/files\/2024\/08\/Logo_LATMOS-1536x1536.png 1536w, https:\/\/sites.lesia.obspm.fr\/federation-nanosats\/files\/2024\/08\/Logo_LATMOS-2048x2048.png 2048w, https:\/\/sites.lesia.obspm.fr\/federation-nanosats\/files\/2024\/08\/Logo_LATMOS-600x600.png 600w, https:\/\/sites.lesia.obspm.fr\/federation-nanosats\/files\/2024\/08\/Logo_LATMOS-45x45.png 45w\" sizes=\"auto, (max-width: 1024px) 100vw, 1024px\" \/><\/figure>\n\n\n\n<p><\/p>\n\n\n\n<p>Le Laboratoire atmosph\u00e8res et observations spatiales (LATMOS) est un laboratoire de recherche sp\u00e9cialis\u00e9 dans l\u2019\u00e9tude des processus physico-chimiques r\u00e9gissant les atmosph\u00e8res terrestre et plan\u00e9taires et leurs interfaces avec la surface, l\u2019oc\u00e9an et le milieu interplan\u00e9taire.<\/p>\n\n\n\n<p>Tutelles : CNRS, universit\u00e9 Versailles Saint-Quentin-en-Yvelines, Sorbonne Universit\u00e9, CNES<\/p>\n<\/div>\n<\/div>\n\n\n\n<div class=\"wp-block-columns is-layout-flex wp-container-core-columns-is-layout-9d6595d7 wp-block-columns-is-layout-flex\">\n<div class=\"wp-block-column is-layout-flow wp-block-column-is-layout-flow\">\n<figure class=\"wp-block-image size-full is-resized\"><img loading=\"lazy\" decoding=\"async\" width=\"912\" height=\"913\" src=\"https:\/\/sites.lesia.obspm.fr\/federation-nanosats\/files\/2025\/01\/LIRA.png\" alt=\"\" class=\"wp-image-918\" style=\"width:84px;height:auto\" srcset=\"https:\/\/sites.lesia.obspm.fr\/federation-nanosats\/files\/2025\/01\/LIRA.png 912w, https:\/\/sites.lesia.obspm.fr\/federation-nanosats\/files\/2025\/01\/LIRA-300x300.png 300w, https:\/\/sites.lesia.obspm.fr\/federation-nanosats\/files\/2025\/01\/LIRA-150x150.png 150w, https:\/\/sites.lesia.obspm.fr\/federation-nanosats\/files\/2025\/01\/LIRA-768x769.png 768w, https:\/\/sites.lesia.obspm.fr\/federation-nanosats\/files\/2025\/01\/LIRA-45x45.png 45w\" sizes=\"auto, (max-width: 912px) 100vw, 912px\" \/><\/figure>\n\n\n\n<p><\/p>\n\n\n\n<p>Le laboratoire d&rsquo;Instrumentation et de Recherche en Astrophysique (LIRA) \u00e9tudie les objets astrophysiques, du Syst\u00e8me solaire \u00e0 notre Galaxie et au-del\u00e0, \u00e0 travers ses cinq p\u00f4les th\u00e9matiques. Gr\u00e2ce \u00e0 la collaboration internationale et l\u2019innovation instrumentale, il repousse les fronti\u00e8res de la science et contribue \u00e0 la formation et \u00e0 la diffusion des savoirs.<\/p>\n\n\n\n<p>Tutelles : CNRS, Observatoire de Paris &#8211; universit\u00e9 Paris Sciences &amp; Lettres, Sorbonne Universit\u00e9, Universit\u00e9 Paris Cit\u00e9, Universit\u00e9 Cergy Paris<\/p>\n<\/div>\n\n\n\n<div class=\"wp-block-column is-layout-flow wp-block-column-is-layout-flow\">\n<figure class=\"wp-block-image size-full is-resized\"><img loading=\"lazy\" decoding=\"async\" width=\"246\" height=\"46\" src=\"https:\/\/sites.lesia.obspm.fr\/federation-nanosats\/files\/2024\/08\/Logo_LISA.jpeg\" alt=\"\" class=\"wp-image-364\" style=\"width:364px;height:auto\" \/><\/figure>\n\n\n\n<p><\/p>\n\n\n\n<p>Le Laboratoire interuniversitaire des syst\u00e8mes atmosph\u00e9riques (LISA) est un laboratoire de recherche sur la compr\u00e9hension du fonctionnement des atmosph\u00e8res terrestres et plan\u00e9taires, et des impacts li\u00e9s \u00e0 la modification de la composition de l\u2019atmosph\u00e8re par les activit\u00e9s humaines.<\/p>\n\n\n\n<p>Tutelles : universit\u00e9 Paris-Est Cr\u00e9teil, universit\u00e9 Paris Cit\u00e9, CNRS<\/p>\n<\/div>\n<\/div>\n\n\n\n<div class=\"wp-block-columns is-layout-flex wp-container-core-columns-is-layout-9d6595d7 wp-block-columns-is-layout-flex\">\n<div class=\"wp-block-column is-layout-flow wp-block-column-is-layout-flow\">\n<figure class=\"wp-block-image size-full is-resized\"><img loading=\"lazy\" decoding=\"async\" width=\"920\" height=\"917\" src=\"https:\/\/sites.lesia.obspm.fr\/federation-nanosats\/files\/2025\/01\/LTE.png\" alt=\"\" class=\"wp-image-919\" style=\"width:73px;height:auto\" srcset=\"https:\/\/sites.lesia.obspm.fr\/federation-nanosats\/files\/2025\/01\/LTE.png 920w, https:\/\/sites.lesia.obspm.fr\/federation-nanosats\/files\/2025\/01\/LTE-300x300.png 300w, https:\/\/sites.lesia.obspm.fr\/federation-nanosats\/files\/2025\/01\/LTE-150x150.png 150w, https:\/\/sites.lesia.obspm.fr\/federation-nanosats\/files\/2025\/01\/LTE-768x765.png 768w, https:\/\/sites.lesia.obspm.fr\/federation-nanosats\/files\/2025\/01\/LTE-45x45.png 45w\" sizes=\"auto, (max-width: 920px) 100vw, 920px\" \/><\/figure>\n\n\n\n<p><\/p>\n\n\n\n<p>Le Laboratoire Temps Espace (LTE) se consacre \u00e0 l\u2019\u00e9tude et la r\u00e9alisation des syst\u00e8mes de r\u00e9f\u00e9rence spatio-temporels et leurs applications aux tests de la physique fondamentale. Il vise en particulier \u00e0 l\u2019am\u00e9lioration de la connaissance du syst\u00e8me solaire et \u00e0 son exploration, et proc\u00e8de aux recherches directement n\u00e9cessaires \u00e0 sa mission de service public. Il s\u2019implique \u00e9galement dans l\u2019histoire des sciences dans ses rapports avec l\u2019astronomie.<\/p>\n\n\n\n<p>Tutelles : Observatoire de Paris &#8211; universit\u00e9 Paris Sciences &amp; Lettres, CNRS, Laboratoire national de m\u00e9trologie et d&rsquo;essai, Sorbonne Universit\u00e9, universit\u00e9 de Lille<\/p>\n<\/div>\n\n\n\n<div class=\"wp-block-column is-layout-flow wp-block-column-is-layout-flow\">\n<figure class=\"wp-block-image size-full is-resized\"><img loading=\"lazy\" decoding=\"async\" width=\"638\" height=\"232\" src=\"https:\/\/sites.lesia.obspm.fr\/federation-nanosats\/files\/2024\/08\/Logo_LP-ENS.png\" alt=\"\" class=\"wp-image-365\" style=\"width:132px\" srcset=\"https:\/\/sites.lesia.obspm.fr\/federation-nanosats\/files\/2024\/08\/Logo_LP-ENS.png 638w, https:\/\/sites.lesia.obspm.fr\/federation-nanosats\/files\/2024\/08\/Logo_LP-ENS-300x109.png 300w\" sizes=\"auto, (max-width: 638px) 100vw, 638px\" \/><\/figure>\n\n\n\n<p><\/p>\n\n\n\n<p>Le laboratoire de physique de l\u2019\u00c9cole normale sup\u00e9rieure (LP-ENS) est un laboratoire de recherche fondamentale interdisciplinaire, en physique et ses interfaces. Ses activit\u00e9s scientifiques couvrent l\u2019astrophysique, cosmologie et gravitation, la biophysique, les fluides et interfaces, les interactions fondamentales, les mat\u00e9riaux et dispositifs quantiques et la physique statistique.<\/p>\n\n\n\n<p>Tutelles : ENS, CNRS, Sorbonne Universit\u00e9, universit\u00e9 Paris Cit\u00e9<\/p>\n<\/div>\n<\/div>\n\n\n\n<div class=\"wp-block-columns is-layout-flex wp-container-core-columns-is-layout-9d6595d7 wp-block-columns-is-layout-flex\">\n<div class=\"wp-block-column is-layout-flow wp-block-column-is-layout-flow\">\n<figure class=\"wp-block-image size-large is-resized\"><img loading=\"lazy\" decoding=\"async\" width=\"1024\" height=\"133\" src=\"https:\/\/sites.lesia.obspm.fr\/federation-nanosats\/files\/2025\/01\/logo-obs-1024x133.png\" alt=\"\" class=\"wp-image-916\" style=\"width:285px;height:auto\" srcset=\"https:\/\/sites.lesia.obspm.fr\/federation-nanosats\/files\/2025\/01\/logo-obs-1024x133.png 1024w, https:\/\/sites.lesia.obspm.fr\/federation-nanosats\/files\/2025\/01\/logo-obs-300x39.png 300w, https:\/\/sites.lesia.obspm.fr\/federation-nanosats\/files\/2025\/01\/logo-obs-768x100.png 768w, https:\/\/sites.lesia.obspm.fr\/federation-nanosats\/files\/2025\/01\/logo-obs-1536x199.png 1536w, https:\/\/sites.lesia.obspm.fr\/federation-nanosats\/files\/2025\/01\/logo-obs-2048x265.png 2048w\" sizes=\"auto, (max-width: 1024px) 100vw, 1024px\" \/><\/figure>\n\n\n\n<p><\/p>\n\n\n\n<p>L\u2019Observatoire de Paris est un Grand \u00e9tablissement ayant des missions de recherche, de formation et de diffusion des connaissances. Structur\u00e9 en 3 d\u00e9partements scientifiques, 3 services scientifiques, 2 p\u00f4les d\u2019expertise scientifiques et des services communs, l\u2019Observatoire m\u00e8ne des recherches couvrant tous les champs de l\u2019astronomie et de l\u2019astrophysique contemporaine.&nbsp;<\/p>\n\n\n\n<p>Il s\u2019agit de l\u2019unit\u00e9 porteuse de la F\u00e9d\u00e9ration Nanosats.<\/p>\n<\/div>\n\n\n\n<div class=\"wp-block-column is-layout-flow wp-block-column-is-layout-flow\"><\/div>\n<\/div>\n\n\n\n<div style=\"height:120px\" aria-hidden=\"true\" class=\"wp-block-spacer\"><\/div>\n","protected":false},"excerpt":{"rendered":"<p>Des acteurs cl\u00e9 engag\u00e9s D\u00e8s sa cr\u00e9ation, la F\u00e9d\u00e9ration Nanosats a pu compter sur 12 membres institutionnels dont 3 centres spatiaux et 9 unit\u00e9s de recherche. En tant qu\u2019individuels, plus&hellip;&nbsp;<a href=\"https:\/\/sites.lesia.obspm.fr\/federation-nanosats\/membres\/\" rel=\"bookmark\">Lire la suite &raquo;<span class=\"screen-reader-text\">Ses membres<\/span><\/a><\/p>\n","protected":false},"author":97,"featured_media":0,"parent":0,"menu_order":0,"comment_status":"closed","ping_status":"closed","template":"","meta":{"neve_meta_sidebar":"","neve_meta_container":"","neve_meta_enable_content_width":"on","neve_meta_content_width":100,"neve_meta_title_alignment":"","neve_meta_author_avatar":"","neve_post_elements_order":"","neve_meta_disable_header":"","neve_meta_disable_footer":"","neve_meta_disable_title":"on","footnotes":""},"class_list":["post-20","page","type-page","status-publish","hentry"],"_links":{"self":[{"href":"https:\/\/sites.lesia.obspm.fr\/federation-nanosats\/wp-json\/wp\/v2\/pages\/20","targetHints":{"allow":["GET"]}}],"collection":[{"href":"https:\/\/sites.lesia.obspm.fr\/federation-nanosats\/wp-json\/wp\/v2\/pages"}],"about":[{"href":"https:\/\/sites.lesia.obspm.fr\/federation-nanosats\/wp-json\/wp\/v2\/types\/page"}],"author":[{"embeddable":true,"href":"https:\/\/sites.lesia.obspm.fr\/federation-nanosats\/wp-json\/wp\/v2\/users\/97"}],"replies":[{"embeddable":true,"href":"https:\/\/sites.lesia.obspm.fr\/federation-nanosats\/wp-json\/wp\/v2\/comments?post=20"}],"version-history":[{"count":31,"href":"https:\/\/sites.lesia.obspm.fr\/federation-nanosats\/wp-json\/wp\/v2\/pages\/20\/revisions"}],"predecessor-version":[{"id":1252,"href":"https:\/\/sites.lesia.obspm.fr\/federation-nanosats\/wp-json\/wp\/v2\/pages\/20\/revisions\/1252"}],"wp:attachment":[{"href":"https:\/\/sites.lesia.obspm.fr\/federation-nanosats\/wp-json\/wp\/v2\/media?parent=20"}],"curies":[{"name":"wp","href":"https:\/\/api.w.org\/{rel}","templated":true}]}}