{"id":1166,"date":"2025-04-15T10:57:03","date_gmt":"2025-04-15T08:57:03","guid":{"rendered":"https:\/\/sites.lesia.obspm.fr\/federation-nanosats\/?page_id=1166"},"modified":"2025-04-15T10:57:04","modified_gmt":"2025-04-15T08:57:04","slug":"ir-coaster","status":"publish","type":"page","link":"https:\/\/sites.lesia.obspm.fr\/federation-nanosats\/ir-coaster\/","title":{"rendered":"IR-COASTER"},"content":{"rendered":"\n<div class=\"wp-block-cover alignfull\" style=\"min-height:430px;aspect-ratio:unset;\"><span aria-hidden=\"true\" class=\"wp-block-cover__background has-background-dim-0 has-background-dim\" style=\"background-color:#515259\"><\/span><img loading=\"lazy\" decoding=\"async\" width=\"1921\" height=\"351\" class=\"wp-block-cover__image-background wp-image-343\" alt=\"\" src=\"https:\/\/sites.lesia.obspm.fr\/federation-nanosats\/files\/2024\/08\/banniere-IRCoaster.jpg\" data-object-fit=\"cover\" srcset=\"https:\/\/sites.lesia.obspm.fr\/federation-nanosats\/files\/2024\/08\/banniere-IRCoaster.jpg 1921w, https:\/\/sites.lesia.obspm.fr\/federation-nanosats\/files\/2024\/08\/banniere-IRCoaster-300x55.jpg 300w, https:\/\/sites.lesia.obspm.fr\/federation-nanosats\/files\/2024\/08\/banniere-IRCoaster-1024x187.jpg 1024w, https:\/\/sites.lesia.obspm.fr\/federation-nanosats\/files\/2024\/08\/banniere-IRCoaster-768x140.jpg 768w, https:\/\/sites.lesia.obspm.fr\/federation-nanosats\/files\/2024\/08\/banniere-IRCoaster-1536x281.jpg 1536w\" sizes=\"auto, (max-width: 1921px) 100vw, 1921px\" \/><div class=\"wp-block-cover__inner-container is-layout-constrained wp-block-cover-is-layout-constrained\">\n<div class=\"wp-block-group\"><div class=\"wp-block-group__inner-container is-layout-constrained wp-block-group-is-layout-constrained\">\n<div class=\"wp-block-columns is-layout-flex wp-container-core-columns-is-layout-9d6595d7 wp-block-columns-is-layout-flex\">\n<div class=\"wp-block-column is-layout-flow wp-block-column-is-layout-flow\">\n<h1 class=\"wp-block-heading has-nv-light-bg-color has-text-color has-link-color wp-elements-194f75c2524c536b811ceabc0f363b71\">IR-COASTER<\/h1>\n<\/div>\n\n\n\n<div class=\"wp-block-column is-layout-flow wp-block-column-is-layout-flow\"><\/div>\n<\/div>\n<\/div><\/div>\n<\/div><\/div>\n\n\n\n<div style=\"height:30px\" aria-hidden=\"true\" class=\"wp-block-spacer\"><\/div>\n\n\n\n<div class=\"wp-block-cover is-light has-border-color has-neve-link-hover-color-border-color\" style=\"border-style:dashed;padding-top:var(--wp--preset--spacing--60);padding-right:var(--wp--preset--spacing--80);padding-bottom:var(--wp--preset--spacing--60);padding-left:var(--wp--preset--spacing--80);min-height:430px;aspect-ratio:unset;\"><span aria-hidden=\"true\" class=\"wp-block-cover__background has-neve-link-hover-color-background-color has-background-dim\"><\/span><div class=\"wp-block-cover__inner-container is-layout-constrained wp-container-core-cover-is-layout-1df9bf10 wp-block-cover-is-layout-constrained\">\n<div class=\"wp-block-group\"><div class=\"wp-block-group__inner-container is-layout-constrained wp-block-group-is-layout-constrained\">\n<h2 class=\"wp-block-heading has-nv-c-1-color has-text-color has-link-color wp-elements-95d37e082c6f8e79c8b28438b01914ee\">En bref<\/h2>\n\n\n\n<div class=\"wp-block-columns is-layout-flex wp-container-core-columns-is-layout-9d6595d7 wp-block-columns-is-layout-flex\">\n<div class=\"wp-block-column is-layout-flow wp-block-column-is-layout-flow\">\n<p>IRCoaster \u00a0est un projet d\u2019\u00e9tude de l\u2019interaction de l\u2019environnement spatial avec la mati\u00e8re organique.<\/p>\n\n\n\n<ul class=\"wp-block-list\">\n<li>Taille : 6U<\/li>\n\n\n\n<li>Orbite :\u00a0<\/li>\n\n\n\n<li>Charge utile : <\/li>\n\n\n\n<li>Statut : Phase 0<\/li>\n\n\n\n<li>Financement :&nbsp;<\/li>\n<\/ul>\n\n\n\n<p>Contact : No\u00ebl Grand (LISA)<\/p>\n<\/div>\n\n\n\n<div class=\"wp-block-column is-vertically-aligned-center is-layout-flow wp-block-column-is-layout-flow\"><div class=\"wp-block-image\">\n<figure class=\"aligncenter size-full is-resized\"><img loading=\"lazy\" decoding=\"async\" width=\"148\" height=\"180\" src=\"https:\/\/sites.lesia.obspm.fr\/federation-nanosats\/files\/2025\/04\/dessin-IRCoaster.png\" alt=\"\" class=\"wp-image-1167\" style=\"width:190px;height:auto\" \/><\/figure><\/div><\/div>\n<\/div>\n<\/div><\/div>\n<\/div><\/div>\n\n\n\n<div style=\"height:120px\" aria-hidden=\"true\" class=\"wp-block-spacer\"><\/div>\n\n\n\n<h2 class=\"wp-block-heading has-nv-c-1-color has-text-color has-link-color wp-elements-2fb6be7f326acf5570ffc47ef62effd3\">Description<\/h2>\n\n\n\n<p>Le rayonnement ultraviolet solaire est le principal moteur de l\u2019\u00e9volution chimique dans le syst\u00e8me solaire. De nombreux programmes exp\u00e9rimentaux au sol sont consacr\u00e9s \u00e0 l\u2019\u00e9tude de la photochimie de mol\u00e9cules en phases gazeuses, solides ou encore de mol\u00e9cules volatiles condens\u00e9es \u00e0 tr\u00e8s basse temp\u00e9rature. N\u00e9anmoins, la validit\u00e9 de tels travaux et leur extrapolation aux environnements extraterrestres peuvent \u00eatre mis en cause tant qu\u2019ils n\u2019ont pas \u00e9t\u00e9 confront\u00e9s \u00e0 des exp\u00e9riences similaires men\u00e9es dans l\u2019espace, avec exposition au spectre solaire \u00e9tendu, tout particuli\u00e8rement dans le domaine des courtes longueurs d\u2019onde, inf\u00e9rieures \u00e0 200 nm, difficilement reproductible en laboratoire. Pourtant, la compr\u00e9hension de l\u2019\u00e9volution chimique dans des environnements astrophysiques contenant de la mati\u00e8re organique et inorganique (com\u00e8tes, m\u00e9t\u00e9orites, Mars, Titan, Europe, milieu interstellaire) requiert de telles \u00e9tudes.<\/p>\n\n\n\n<p>Nous cherchons donc \u00e0 comparer le comportement photochimique de mol\u00e9cules organiques et inorganiques mesur\u00e9 en laboratoire, \u00e0 la \u00ab r\u00e9alit\u00e9 terrain \u00bb que ces exp\u00e9riences sont cens\u00e9es repr\u00e9senter : l\u2019exposition directe au rayonnement solaire au cours d\u2019exp\u00e9riences r\u00e9alis\u00e9es en orbite terrestre. Mais au-del\u00e0 du rayonnement UV, nous cherchons aussi \u00e0 combiner l\u2019effet des UV \u00e0 celui des particules charg\u00e9es (vent solaire et rayonnement cosmique). M\u00eame s\u2019il est d\u00e9sormais possible d\u2019envisager en laboratoire des simulateurs solaires plus fid\u00e8les que ceux qui \u00e9taient \u00e0 disposition il y a une dizaine d\u2019ann\u00e9es, il est difficilement envisageable d\u2019exposer dans les m\u00eames conditions, simultan\u00e9ment, une s\u00e9rie d\u2019\u00e9chantillons de diff\u00e9rentes natures \u00e0 la fois au rayonnement UV solaire, mais aussi aux particules du vent solaire et du rayonnement cosmique. Cette \u00e9tude n\u00e9cessite des orbites diff\u00e9rentes de celle de la Station Spatiale Internationale, qui rendront infaisable le retour des \u00e9chantillons sur Terre. Nous avons donc souhait\u00e9 rendre possible le suivi in situ de l\u2019\u00e9volution des \u00e9chantillons en orbite avec une nano-charge utile embarqu\u00e9e disposant d\u2019un spectrom\u00e8tre infrarouge sous la forme d\u2019un nanosatellite : il s\u2019agit du projet IR-Coaster (InfraRed-Cubic Orbital Astrobiology Exposure Research).<\/p>\n\n\n\n<p>Le projet IR-Coaster sera d\u00e9ploy\u00e9 en 2 temps. Fin 2023, une version ISS configur\u00e9e autour d\u2019une architecture de type nanosatellite 6U sera int\u00e9gr\u00e9e au projet Euro Material Ageing (EMA) qui est constitu\u00e9 de la plateforme S\u00e9same du Cnes et d\u2019IR-Coaster (Figure 10). S\u00e9same est une exp\u00e9rience technologique d\u2019exposition de mat\u00e9riaux qui ont vocation \u00e0 \u00eatre utilis\u00e9s dans l\u2019espace, afin d\u2019\u00e9tudier leur vieillissement et d\u00e9t\u00e9rioration dans l\u2019espace. IR-Coaster et S\u00e9same cohabiteront sur la plateforme d\u2019Airbus appel\u00e9e Bartolom\u00e9o, qui est install\u00e9e \u00e0 l\u2019ext\u00e9rieur du module europ\u00e9en Columbus. L\u2019installation de S\u00e9same et IR-Coaster est pr\u00e9vue pour fin 2022. Cette 1\u00e8re version d\u2019IR-Coaster est d\u00e9velopp\u00e9e au Lisa. IR-Coaster versions ISS remplira alors un double objectif : 1. Il prolongera les exp\u00e9riences d\u2019exposition de mati\u00e8re organique effectu\u00e9es sur les plateformes Expose, en les am\u00e9liorant gr\u00e2ce au suivi de l\u2019\u00e9volution des \u00e9chantillons par un spectrom\u00e8tre infrarouge. Avec le b\u00e9n\u00e9fice dans ce cadre \u00e0 l\u2019ext\u00e9rieur de l\u2019ISS de pouvoir rapporter les \u00e9chantillons sur Terre pour des analyses plus pouss\u00e9es : GC-MS, HPLC-HRMS. 2. La structure d\u2019IR-COASTER constituera en elle-m\u00eame un \u00ab \u00e9chantillon \u00bb et un objet d\u2019\u00e9tude en science des mat\u00e9riaux pour les \u00e9quipes du Cnes et du Lisa. En effet, les cubesats n\u2019\u00e9tant par vocation jamais r\u00e9cup\u00e9r\u00e9s apr\u00e8s leur phase d\u2019exploitation, la structure d\u2019IR-Coaster con\u00e7ue et r\u00e9alis\u00e9e avec les normes et les standards \u00ab CubeSat \u00bb, deviendra un objet d\u2019\u00e9tude en elle-m\u00eame. Cela reviendra \u00e0 \u00ab exposer \u00bb un CubeSat \u00e0 l\u2019ext\u00e9rieur de l\u2019ISS, et le rapporter pour \u00e9tudier son vieillissement. Nous pr\u00e9voyons l\u2019utilisation de mat\u00e9riaux innovant pour la structure externe d\u2019IR-Coaster : le Windform 2.0, dont les pi\u00e8ces peuvent \u00eatre produites par impression 3D.<\/p>\n\n\n\n<p>A terme, une nouvelle version d\u2019IR-Coaster sera d\u00e9ploy\u00e9e comme un nanosatellite autonome, sur une orbite polaire. Les \u00e9chantillons seront alors soumis \u00e0 une combinaison unique de rayonnement UV et de particules charg\u00e9es. Cette version nanosatellite sera d\u00e9velopp\u00e9e en partie en proposant des projets \u00e9tudiants dans le cadre du Campus spatial Upec.<\/p>\n\n\n\n<div style=\"height:120px\" aria-hidden=\"true\" class=\"wp-block-spacer\"><\/div>\n\n\n\n<h2 class=\"wp-block-heading has-nv-c-1-color has-text-color has-link-color wp-elements-4551a9d590f82462be3ff154b991bb7a\">Partenaires<\/h2>\n\n\n\n<ul class=\"wp-block-list\">\n<li>LISA<\/li>\n<\/ul>\n\n\n\n<div style=\"height:120px\" aria-hidden=\"true\" class=\"wp-block-spacer\"><\/div>\n","protected":false},"excerpt":{"rendered":"<p>Description Le rayonnement ultraviolet solaire est le principal moteur de l\u2019\u00e9volution chimique dans le syst\u00e8me solaire. De nombreux programmes exp\u00e9rimentaux au sol sont consacr\u00e9s \u00e0 l\u2019\u00e9tude de la photochimie de&hellip;&nbsp;<a href=\"https:\/\/sites.lesia.obspm.fr\/federation-nanosats\/ir-coaster\/\" rel=\"bookmark\">Lire la suite &raquo;<span class=\"screen-reader-text\">IR-COASTER<\/span><\/a><\/p>\n","protected":false},"author":97,"featured_media":0,"parent":0,"menu_order":0,"comment_status":"closed","ping_status":"closed","template":"","meta":{"neve_meta_sidebar":"","neve_meta_container":"","neve_meta_enable_content_width":"on","neve_meta_content_width":100,"neve_meta_title_alignment":"","neve_meta_author_avatar":"","neve_post_elements_order":"","neve_meta_disable_header":"","neve_meta_disable_footer":"","neve_meta_disable_title":"on","footnotes":""},"class_list":["post-1166","page","type-page","status-publish","hentry"],"_links":{"self":[{"href":"https:\/\/sites.lesia.obspm.fr\/federation-nanosats\/wp-json\/wp\/v2\/pages\/1166","targetHints":{"allow":["GET"]}}],"collection":[{"href":"https:\/\/sites.lesia.obspm.fr\/federation-nanosats\/wp-json\/wp\/v2\/pages"}],"about":[{"href":"https:\/\/sites.lesia.obspm.fr\/federation-nanosats\/wp-json\/wp\/v2\/types\/page"}],"author":[{"embeddable":true,"href":"https:\/\/sites.lesia.obspm.fr\/federation-nanosats\/wp-json\/wp\/v2\/users\/97"}],"replies":[{"embeddable":true,"href":"https:\/\/sites.lesia.obspm.fr\/federation-nanosats\/wp-json\/wp\/v2\/comments?post=1166"}],"version-history":[{"count":1,"href":"https:\/\/sites.lesia.obspm.fr\/federation-nanosats\/wp-json\/wp\/v2\/pages\/1166\/revisions"}],"predecessor-version":[{"id":1168,"href":"https:\/\/sites.lesia.obspm.fr\/federation-nanosats\/wp-json\/wp\/v2\/pages\/1166\/revisions\/1168"}],"wp:attachment":[{"href":"https:\/\/sites.lesia.obspm.fr\/federation-nanosats\/wp-json\/wp\/v2\/media?parent=1166"}],"curies":[{"name":"wp","href":"https:\/\/api.w.org\/{rel}","templated":true}]}}