{"id":1131,"date":"2025-04-08T18:03:24","date_gmt":"2025-04-08T16:03:24","guid":{"rendered":"https:\/\/sites.lesia.obspm.fr\/federation-nanosats\/?page_id=1131"},"modified":"2025-07-17T16:43:35","modified_gmt":"2025-07-17T14:43:35","slug":"inspire-sat","status":"publish","type":"page","link":"https:\/\/sites.lesia.obspm.fr\/federation-nanosats\/inspire-sat\/","title":{"rendered":"INSPIRE-SAT"},"content":{"rendered":"\n<div class=\"wp-block-cover alignfull\"><span aria-hidden=\"true\" class=\"wp-block-cover__background has-background-dim-10 has-background-dim\" style=\"background-color:#2a292b\"><\/span><img loading=\"lazy\" decoding=\"async\" width=\"1985\" height=\"363\" class=\"wp-block-cover__image-background wp-image-342\" alt=\"\" src=\"https:\/\/sites.lesia.obspm.fr\/federation-nanosats\/files\/2024\/08\/banniere-inspire-sat.jpg\" data-object-fit=\"cover\" srcset=\"https:\/\/sites.lesia.obspm.fr\/federation-nanosats\/files\/2024\/08\/banniere-inspire-sat.jpg 1985w, https:\/\/sites.lesia.obspm.fr\/federation-nanosats\/files\/2024\/08\/banniere-inspire-sat-300x55.jpg 300w, https:\/\/sites.lesia.obspm.fr\/federation-nanosats\/files\/2024\/08\/banniere-inspire-sat-1024x187.jpg 1024w, https:\/\/sites.lesia.obspm.fr\/federation-nanosats\/files\/2024\/08\/banniere-inspire-sat-768x140.jpg 768w, https:\/\/sites.lesia.obspm.fr\/federation-nanosats\/files\/2024\/08\/banniere-inspire-sat-1536x281.jpg 1536w\" sizes=\"auto, (max-width: 1985px) 100vw, 1985px\" \/><div class=\"wp-block-cover__inner-container is-layout-constrained wp-block-cover-is-layout-constrained\">\n<div class=\"wp-block-group\"><div class=\"wp-block-group__inner-container is-layout-constrained wp-block-group-is-layout-constrained\">\n<div class=\"wp-block-columns is-layout-flex wp-container-core-columns-is-layout-9d6595d7 wp-block-columns-is-layout-flex\">\n<div class=\"wp-block-column is-layout-flow wp-block-column-is-layout-flow\" style=\"flex-basis:100%\">\n<h1 class=\"wp-block-heading has-neve-link-hover-color-color has-text-color has-link-color wp-elements-87084075501be777d876afefe7b9a3a3\">INSPIRE-SAT<\/h1>\n<\/div>\n<\/div>\n<\/div><\/div>\n<\/div><\/div>\n\n\n\n<div style=\"height:30px\" aria-hidden=\"true\" class=\"wp-block-spacer\"><\/div>\n\n\n\n<div class=\"wp-block-cover is-light has-border-color has-neve-link-hover-color-border-color\" style=\"border-style:dashed;border-width:3px;padding-top:var(--wp--preset--spacing--60);padding-right:var(--wp--preset--spacing--80);padding-bottom:var(--wp--preset--spacing--60);padding-left:var(--wp--preset--spacing--80)\"><span aria-hidden=\"true\" class=\"wp-block-cover__background has-neve-link-hover-color-background-color has-background-dim\"><\/span><div class=\"wp-block-cover__inner-container is-layout-constrained wp-container-core-cover-is-layout-1df9bf10 wp-block-cover-is-layout-constrained\">\n<div class=\"wp-block-group\"><div class=\"wp-block-group__inner-container is-layout-constrained wp-block-group-is-layout-constrained\">\n<h2 class=\"wp-block-heading has-nv-c-1-color has-text-color has-link-color wp-elements-95d37e082c6f8e79c8b28438b01914ee\">En bref<\/h2>\n\n\n\n<div class=\"wp-block-columns is-layout-flex wp-container-core-columns-is-layout-9d6595d7 wp-block-columns-is-layout-flex\">\n<div class=\"wp-block-column is-layout-flow wp-block-column-is-layout-flow\">\n<p>Inspire-Sat est un nanosatellite compl\u00e9mentaire d\u2019UVSQ-Sat d\u00e9di\u00e9 \u00e0 l\u2019\u00e9tude du bilan radiatif de la Terre et destin\u00e9 \u00e0 valider l\u2019approche constellation.<\/p>\n\n\n\n<ul class=\"wp-block-list\">\n<li>Taille : 2U<\/li>\n\n\n\n<li>Orbite : h\u00e9liosynchrone<\/li>\n\n\n\n<li>Charge utile :&nbsp;radiom\u00e8tre, capteur solaire, Carte HF<\/li>\n\n\n\n<li>Statut : lanc\u00e9 en 2023<\/li>\n\n\n\n<li>Financement :&nbsp;<\/li>\n<\/ul>\n\n\n\n<p>Contact : Mustapha Meftah (Latmos)<\/p>\n<\/div>\n\n\n\n<div class=\"wp-block-column is-vertically-aligned-center is-layout-flow wp-block-column-is-layout-flow\"><div class=\"wp-block-image\">\n<figure class=\"aligncenter size-full is-resized\"><img loading=\"lazy\" decoding=\"async\" width=\"250\" height=\"250\" src=\"https:\/\/sites.lesia.obspm.fr\/federation-nanosats\/files\/2025\/04\/inspiresat_illustration-pprojet.jpg\" alt=\"\" class=\"wp-image-1134\" style=\"width:188px;height:auto\" srcset=\"https:\/\/sites.lesia.obspm.fr\/federation-nanosats\/files\/2025\/04\/inspiresat_illustration-pprojet.jpg 250w, https:\/\/sites.lesia.obspm.fr\/federation-nanosats\/files\/2025\/04\/inspiresat_illustration-pprojet-150x150.jpg 150w, https:\/\/sites.lesia.obspm.fr\/federation-nanosats\/files\/2025\/04\/inspiresat_illustration-pprojet-45x45.jpg 45w\" sizes=\"auto, (max-width: 250px) 100vw, 250px\" \/><\/figure><\/div><\/div>\n<\/div>\n<\/div><\/div>\n<\/div><\/div>\n\n\n\n<div style=\"height:120px\" aria-hidden=\"true\" class=\"wp-block-spacer\"><\/div>\n\n\n\n<h2 class=\"wp-block-heading has-nv-c-1-color has-text-color has-link-color wp-elements-2fb6be7f326acf5570ffc47ef62effd3\">Description<\/h2>\n\n\n\n<p>Inspire-Sat est un projet du LATMOS lanc\u00e9 en 2023 \u00e0 bord d&rsquo;une fus\u00e9e Falcon9 (SpaceX) depuis la vase militaire de Vandenberg, d\u00e9di\u00e9 \u00e0 l\u2019\u00e9tude du bilan radiatif de la Terre et compl\u00e9mentaire avec les observations du satellite UVSQ-Sat, ce qui permettra la validation de l\u2019approche constellation. La mission Inspire-Sat permet aussi de fournir des informations sur l\u2019\u00e9tat de l\u2019ionosph\u00e8re. Il s\u2019agit d\u2019observer l\u2019impact des perturbations ionosph\u00e9riques telles que les \u00e9ruptions solaires et les orages magn\u00e9tiques sur les ondes \u00e0 haute fr\u00e9quences et leurs fr\u00e9quences d\u2019apparition. D\u2019autre part, concernant l\u2019observation du Soleil, ce nanosatellite permet de tester une nouvelle technologie associ\u00e9e \u00e0 l\u2019observation de l\u2019\u00e9clairement solaire dans l\u2019UV.<\/p>\n\n\n\n<div style=\"height:120px\" aria-hidden=\"true\" class=\"wp-block-spacer\"><\/div>\n\n\n\n<h2 class=\"wp-block-heading has-nv-c-1-color has-text-color has-link-color wp-elements-4551a9d590f82462be3ff154b991bb7a\">Partenaires<\/h2>\n\n\n\n<ul class=\"wp-block-list\">\n<li>AMSAT<\/li>\n\n\n\n<li>F6KRK<\/li>\n\n\n\n<li>ONERA<\/li>\n\n\n\n<li>OLEDCOMM<\/li>\n\n\n\n<li>HENSOLDT SPACE CONSULTING<\/li>\n\n\n\n<li>ACRI-ST<\/li>\n\n\n\n<li>ELECTROLAB<\/li>\n\n\n\n<li>ADRELYS<\/li>\n\n\n\n<li>Institut royal d\u2019a\u00e9ronomie spatiale de Belgique<\/li>\n\n\n\n<li>Laboratory for atmospheric and space physics (universit\u00e9 du Colorado)<\/li>\n\n\n\n<li>Nanyang technological university Singapore<\/li>\n\n\n\n<li>National central university<\/li>\n\n\n\n<li>Nanovation<\/li>\n\n\n\n<li>Institut Lafayette<\/li>\n<\/ul>\n\n\n\n<div style=\"height:120px\" aria-hidden=\"true\" class=\"wp-block-spacer\"><\/div>\n","protected":false},"excerpt":{"rendered":"<p>Description Inspire-Sat est un projet du LATMOS lanc\u00e9 en 2023 \u00e0 bord d&rsquo;une fus\u00e9e Falcon9 (SpaceX) depuis la vase militaire de Vandenberg, d\u00e9di\u00e9 \u00e0 l\u2019\u00e9tude du bilan radiatif de la&hellip;&nbsp;<a href=\"https:\/\/sites.lesia.obspm.fr\/federation-nanosats\/inspire-sat\/\" rel=\"bookmark\">Lire la suite &raquo;<span class=\"screen-reader-text\">INSPIRE-SAT<\/span><\/a><\/p>\n","protected":false},"author":97,"featured_media":0,"parent":0,"menu_order":0,"comment_status":"closed","ping_status":"closed","template":"","meta":{"neve_meta_sidebar":"","neve_meta_container":"","neve_meta_enable_content_width":"on","neve_meta_content_width":100,"neve_meta_title_alignment":"","neve_meta_author_avatar":"","neve_post_elements_order":"","neve_meta_disable_header":"","neve_meta_disable_footer":"","neve_meta_disable_title":"on","footnotes":""},"class_list":["post-1131","page","type-page","status-publish","hentry"],"_links":{"self":[{"href":"https:\/\/sites.lesia.obspm.fr\/federation-nanosats\/wp-json\/wp\/v2\/pages\/1131","targetHints":{"allow":["GET"]}}],"collection":[{"href":"https:\/\/sites.lesia.obspm.fr\/federation-nanosats\/wp-json\/wp\/v2\/pages"}],"about":[{"href":"https:\/\/sites.lesia.obspm.fr\/federation-nanosats\/wp-json\/wp\/v2\/types\/page"}],"author":[{"embeddable":true,"href":"https:\/\/sites.lesia.obspm.fr\/federation-nanosats\/wp-json\/wp\/v2\/users\/97"}],"replies":[{"embeddable":true,"href":"https:\/\/sites.lesia.obspm.fr\/federation-nanosats\/wp-json\/wp\/v2\/comments?post=1131"}],"version-history":[{"count":7,"href":"https:\/\/sites.lesia.obspm.fr\/federation-nanosats\/wp-json\/wp\/v2\/pages\/1131\/revisions"}],"predecessor-version":[{"id":1147,"href":"https:\/\/sites.lesia.obspm.fr\/federation-nanosats\/wp-json\/wp\/v2\/pages\/1131\/revisions\/1147"}],"wp:attachment":[{"href":"https:\/\/sites.lesia.obspm.fr\/federation-nanosats\/wp-json\/wp\/v2\/media?parent=1131"}],"curies":[{"name":"wp","href":"https:\/\/api.w.org\/{rel}","templated":true}]}}