{"id":1101,"date":"2025-04-08T14:34:27","date_gmt":"2025-04-08T12:34:27","guid":{"rendered":"https:\/\/sites.lesia.obspm.fr\/federation-nanosats\/?page_id=1101"},"modified":"2025-04-08T17:43:56","modified_gmt":"2025-04-08T15:43:56","slug":"igosat-2","status":"publish","type":"page","link":"https:\/\/sites.lesia.obspm.fr\/federation-nanosats\/igosat-2\/","title":{"rendered":"IGOSAT"},"content":{"rendered":"\n<div style=\"height:30px\" aria-hidden=\"true\" class=\"wp-block-spacer\"><\/div>\n\n\n\n<div class=\"wp-block-cover alignfull\" style=\"min-height:320px;aspect-ratio:unset;\"><span aria-hidden=\"true\" class=\"wp-block-cover__background has-nv-site-bg-background-color has-background-dim-0 has-background-dim\"><\/span><img loading=\"lazy\" decoding=\"async\" width=\"1985\" height=\"363\" class=\"wp-block-cover__image-background wp-image-341\" alt=\"\" src=\"https:\/\/sites.lesia.obspm.fr\/federation-nanosats\/files\/2024\/08\/banniere-igosat.jpg\" style=\"object-position:1% 75%\" data-object-fit=\"cover\" data-object-position=\"1% 75%\" srcset=\"https:\/\/sites.lesia.obspm.fr\/federation-nanosats\/files\/2024\/08\/banniere-igosat.jpg 1985w, https:\/\/sites.lesia.obspm.fr\/federation-nanosats\/files\/2024\/08\/banniere-igosat-300x55.jpg 300w, https:\/\/sites.lesia.obspm.fr\/federation-nanosats\/files\/2024\/08\/banniere-igosat-1024x187.jpg 1024w, https:\/\/sites.lesia.obspm.fr\/federation-nanosats\/files\/2024\/08\/banniere-igosat-768x140.jpg 768w, https:\/\/sites.lesia.obspm.fr\/federation-nanosats\/files\/2024\/08\/banniere-igosat-1536x281.jpg 1536w\" sizes=\"auto, (max-width: 1985px) 100vw, 1985px\" \/><div class=\"wp-block-cover__inner-container is-layout-constrained wp-block-cover-is-layout-constrained\">\n<div class=\"wp-block-group\"><div class=\"wp-block-group__inner-container is-layout-constrained wp-block-group-is-layout-constrained\">\n<div class=\"wp-block-columns is-layout-flex wp-container-core-columns-is-layout-9d6595d7 wp-block-columns-is-layout-flex\">\n<div class=\"wp-block-column is-layout-flow wp-block-column-is-layout-flow\">\n<h1 class=\"wp-block-heading has-neve-link-hover-color-color has-text-color\">IGOSat<\/h1>\n<\/div>\n\n\n\n<div class=\"wp-block-column is-layout-flow wp-block-column-is-layout-flow\"><\/div>\n<\/div>\n<\/div><\/div>\n<\/div><\/div>\n\n\n\n<div style=\"height:30px\" aria-hidden=\"true\" class=\"wp-block-spacer\"><\/div>\n\n\n\n<div class=\"wp-block-cover is-light has-border-color has-neve-link-hover-color-border-color\" style=\"border-style:dashed;padding-top:var(--wp--preset--spacing--60);padding-right:var(--wp--preset--spacing--80);padding-bottom:var(--wp--preset--spacing--60);padding-left:var(--wp--preset--spacing--80)\"><span aria-hidden=\"true\" class=\"wp-block-cover__background has-neve-link-hover-color-background-color has-background-dim\"><\/span><div class=\"wp-block-cover__inner-container is-layout-constrained wp-container-core-cover-is-layout-96bc32e8 wp-block-cover-is-layout-constrained\">\n<div class=\"wp-block-group\"><div class=\"wp-block-group__inner-container is-layout-constrained wp-block-group-is-layout-constrained\">\n<div class=\"wp-block-columns is-layout-flex wp-container-core-columns-is-layout-9d6595d7 wp-block-columns-is-layout-flex\">\n<div class=\"wp-block-column is-layout-flow wp-block-column-is-layout-flow\">\n<h2 class=\"wp-block-heading has-nv-c-1-color has-text-color\">En bref<\/h2>\n\n\n\n<p>IGOSat est un nanosatellite aspirant \u00e0 \u00e9tudier l\u2019environnement rayonnement gamma et du contenu en \u00e9lectrons de hautes \u00e9nergies au niveau de l\u2019anomalie Sud Atlantique et des cornets polaires<\/p>\n\n\n\n<ul class=\"has-nv-dark-bg-color has-text-color has-link-color wp-block-list wp-elements-d5cf61a4007b53f6c7700e7cfdb7450f\">\n<li>Taille : 3U<\/li>\n\n\n\n<li>Orbite : quasi-polaire \u00e0 650km<\/li>\n\n\n\n<li>Charge utile : un scintillateur et un GPS bi-fr\u00e9quence<\/li>\n\n\n\n<li>Statut : phase D<\/li>\n\n\n\n<li>Financement : CNES, Labex UnivEarthS+, PSUP<\/li>\n<\/ul>\n\n\n\n<p>Contact : Hubert Halloin (APC)<\/p>\n<\/div>\n\n\n\n<div class=\"wp-block-column is-vertically-aligned-center is-layout-flow wp-block-column-is-layout-flow\"><div class=\"wp-block-image\">\n<figure class=\"aligncenter size-large is-resized\"><img loading=\"lazy\" decoding=\"async\" width=\"1024\" height=\"819\" src=\"https:\/\/sites.lesia.obspm.fr\/federation-nanosats\/files\/2025\/04\/IGOSAT-WEB-1024x819.png\" alt=\"\" class=\"wp-image-1103\" style=\"width:188px\" srcset=\"https:\/\/sites.lesia.obspm.fr\/federation-nanosats\/files\/2025\/04\/IGOSAT-WEB-1024x819.png 1024w, https:\/\/sites.lesia.obspm.fr\/federation-nanosats\/files\/2025\/04\/IGOSAT-WEB-300x240.png 300w, https:\/\/sites.lesia.obspm.fr\/federation-nanosats\/files\/2025\/04\/IGOSAT-WEB-768x614.png 768w, https:\/\/sites.lesia.obspm.fr\/federation-nanosats\/files\/2025\/04\/IGOSAT-WEB-1536x1229.png 1536w, https:\/\/sites.lesia.obspm.fr\/federation-nanosats\/files\/2025\/04\/IGOSAT-WEB-2048x1638.png 2048w\" sizes=\"auto, (max-width: 1024px) 100vw, 1024px\" \/><\/figure><\/div><\/div>\n<\/div>\n<\/div><\/div>\n<\/div><\/div>\n\n\n\n<div style=\"height:120px\" aria-hidden=\"true\" class=\"wp-block-spacer\"><\/div>\n\n\n\n<h2 class=\"wp-block-heading has-nv-c-1-color has-text-color has-link-color wp-elements-2fb6be7f326acf5570ffc47ef62effd3\">Description<\/h2>\n\n\n\n<p>IGOSat (Ionospheric &amp; Gamma-ray Observations SATellite) est le premier projet CubeSat de l\u2019Universit\u00e9 Paris Cit\u00e9. Principalement d\u00e9velopp\u00e9 par des \u00e9tudiants, le satellite permettra l\u2019\u00e9tude de l\u2019environnement rayonnement gamma et du contenu en \u00e9lectrons de hautes \u00e9nergies au niveau de l\u2019anomalie Sud Atlantique et des cornets polaires pour une dur\u00e9e de vie de un an.<\/p>\n\n\n\n<p>Il embarque \u00e0 son bord :<\/p>\n\n\n\n<ul class=\"wp-block-list\">\n<li>un r\u00e9cepteur GPS bi-fr\u00e9quences pour \u00e9tudier le contenu \u00e9lectronique de la Ionosph\u00e8re par occultation GPS, en mesurant la diff\u00e9rence de phase des signaux L1 et L2.<\/li>\n\n\n\n<li>un scintillateur et un photomultiplicateur au silicone (SiPM) pour d\u00e9tecter les rayons gamma et les \u00e9lectrons au dessus des p\u00f4les et de l\u2019anomalie Atlantique Sud (SAA).<\/li>\n<\/ul>\n\n\n\n<p>Ce nanosatellite constituera un \u00e9quipement pertinent pour l\u2019\u00e9tude de l\u2019environnement radiatif terrestre proche, et pour qualifier les technologies embarqu\u00e9es, en relation avec les industries, les instituts d\u2019enseignement et les centres de recherche Francilien, nationaux et internationaux.<\/p>\n\n\n\n<div style=\"height:120px\" aria-hidden=\"true\" class=\"wp-block-spacer\"><\/div>\n\n\n\n<h2 class=\"wp-block-heading has-nv-c-1-color has-text-color has-link-color wp-elements-4551a9d590f82462be3ff154b991bb7a\">Partenaires<\/h2>\n\n\n\n<ul class=\"wp-block-list\">\n<li>Laboratoire Astroparticules et cosmologie<\/li>\n\n\n\n<li>Institut de physique du globe de Paris<\/li>\n\n\n\n<li>P\u00f4le spatial Universit\u00e9 Paris Cit\u00e9<\/li>\n\n\n\n<li>Onera<\/li>\n<\/ul>\n\n\n\n<div style=\"height:120px\" aria-hidden=\"true\" class=\"wp-block-spacer\"><\/div>\n","protected":false},"excerpt":{"rendered":"<p>Description IGOSat (Ionospheric &amp; Gamma-ray Observations SATellite) est le premier projet CubeSat de l\u2019Universit\u00e9 Paris Cit\u00e9. Principalement d\u00e9velopp\u00e9 par des \u00e9tudiants, le satellite permettra l\u2019\u00e9tude de l\u2019environnement rayonnement gamma et&hellip;&nbsp;<a href=\"https:\/\/sites.lesia.obspm.fr\/federation-nanosats\/igosat-2\/\" rel=\"bookmark\">Lire la suite &raquo;<span class=\"screen-reader-text\">IGOSAT<\/span><\/a><\/p>\n","protected":false},"author":97,"featured_media":0,"parent":0,"menu_order":0,"comment_status":"closed","ping_status":"closed","template":"","meta":{"neve_meta_sidebar":"","neve_meta_container":"","neve_meta_enable_content_width":"on","neve_meta_content_width":100,"neve_meta_title_alignment":"","neve_meta_author_avatar":"","neve_post_elements_order":"","neve_meta_disable_header":"","neve_meta_disable_footer":"","neve_meta_disable_title":"on","footnotes":""},"class_list":["post-1101","page","type-page","status-publish","hentry"],"_links":{"self":[{"href":"https:\/\/sites.lesia.obspm.fr\/federation-nanosats\/wp-json\/wp\/v2\/pages\/1101","targetHints":{"allow":["GET"]}}],"collection":[{"href":"https:\/\/sites.lesia.obspm.fr\/federation-nanosats\/wp-json\/wp\/v2\/pages"}],"about":[{"href":"https:\/\/sites.lesia.obspm.fr\/federation-nanosats\/wp-json\/wp\/v2\/types\/page"}],"author":[{"embeddable":true,"href":"https:\/\/sites.lesia.obspm.fr\/federation-nanosats\/wp-json\/wp\/v2\/users\/97"}],"replies":[{"embeddable":true,"href":"https:\/\/sites.lesia.obspm.fr\/federation-nanosats\/wp-json\/wp\/v2\/comments?post=1101"}],"version-history":[{"count":6,"href":"https:\/\/sites.lesia.obspm.fr\/federation-nanosats\/wp-json\/wp\/v2\/pages\/1101\/revisions"}],"predecessor-version":[{"id":1109,"href":"https:\/\/sites.lesia.obspm.fr\/federation-nanosats\/wp-json\/wp\/v2\/pages\/1101\/revisions\/1109"}],"wp:attachment":[{"href":"https:\/\/sites.lesia.obspm.fr\/federation-nanosats\/wp-json\/wp\/v2\/media?parent=1101"}],"curies":[{"name":"wp","href":"https:\/\/api.w.org\/{rel}","templated":true}]}}