{"id":10,"date":"2023-06-13T15:52:22","date_gmt":"2023-06-13T13:52:22","guid":{"rendered":"https:\/\/sites.lesia.obspm.fr\/federation-nanosats\/?page_id=10"},"modified":"2024-03-05T16:09:10","modified_gmt":"2024-03-05T15:09:10","slug":"emplois-stages","status":"publish","type":"page","link":"https:\/\/sites.lesia.obspm.fr\/federation-nanosats\/emplois-stages\/","title":{"rendered":"Emplois\/stages"},"content":{"rendered":"\n<p>Postes ouverts : <\/p>\n\n\n\n<p><strong>Responsable administratif <\/strong>de la f\u00e9d\u00e9ration : prenez contact et envoyez votre CV \u00e0 la direction (directrice. FRnanosats @ obspm.fr).<\/p>\n\n\n\n<p><strong>Stages<\/strong> : envoyez votre candidature spontan\u00e9e (directrice. FRnanosats @ obspm.fr).<\/p>\n","protected":false},"excerpt":{"rendered":"<p>Postes ouverts : Responsable administratif de la f\u00e9d\u00e9ration : prenez contact et envoyez votre CV \u00e0 la direction (directrice. FRnanosats @ obspm.fr). Stages : envoyez votre candidature spontan\u00e9e (directrice. FRnanosats&hellip;&nbsp;<a href=\"https:\/\/sites.lesia.obspm.fr\/federation-nanosats\/emplois-stages\/\" rel=\"bookmark\">Lire la suite &raquo;<span class=\"screen-reader-text\">Emplois\/stages<\/span><\/a><\/p>\n","protected":false},"author":90,"featured_media":0,"parent":0,"menu_order":0,"comment_status":"closed","ping_status":"closed","template":"","meta":{"neve_meta_sidebar":"","neve_meta_container":"","neve_meta_enable_content_width":"","neve_meta_content_width":0,"neve_meta_title_alignment":"","neve_meta_author_avatar":"","neve_post_elements_order":"","neve_meta_disable_header":"","neve_meta_disable_footer":"","neve_meta_disable_title":"","footnotes":""},"class_list":["post-10","page","type-page","status-publish","hentry"],"_links":{"self":[{"href":"https:\/\/sites.lesia.obspm.fr\/federation-nanosats\/wp-json\/wp\/v2\/pages\/10","targetHints":{"allow":["GET"]}}],"collection":[{"href":"https:\/\/sites.lesia.obspm.fr\/federation-nanosats\/wp-json\/wp\/v2\/pages"}],"about":[{"href":"https:\/\/sites.lesia.obspm.fr\/federation-nanosats\/wp-json\/wp\/v2\/types\/page"}],"author":[{"embeddable":true,"href":"https:\/\/sites.lesia.obspm.fr\/federation-nanosats\/wp-json\/wp\/v2\/users\/90"}],"replies":[{"embeddable":true,"href":"https:\/\/sites.lesia.obspm.fr\/federation-nanosats\/wp-json\/wp\/v2\/comments?post=10"}],"version-history":[{"count":3,"href":"https:\/\/sites.lesia.obspm.fr\/federation-nanosats\/wp-json\/wp\/v2\/pages\/10\/revisions"}],"predecessor-version":[{"id":290,"href":"https:\/\/sites.lesia.obspm.fr\/federation-nanosats\/wp-json\/wp\/v2\/pages\/10\/revisions\/290"}],"wp:attachment":[{"href":"https:\/\/sites.lesia.obspm.fr\/federation-nanosats\/wp-json\/wp\/v2\/media?parent=10"}],"curies":[{"name":"wp","href":"https:\/\/api.w.org\/{rel}","templated":true}]}}