{"id":15,"date":"2012-11-13T11:08:38","date_gmt":"2012-11-13T10:08:38","guid":{"rendered":"http:\/\/dev-lesia.obspm.fr\/perso\/emmanuel-grolleau\/?page_id=15"},"modified":"2025-10-16T22:03:10","modified_gmt":"2025-10-16T21:03:10","slug":"cv","status":"publish","type":"page","link":"https:\/\/sites.lesia.obspm.fr\/emmanuel-grolleau\/cv\/","title":{"rendered":"CV"},"content":{"rendered":"<div class=\"wp-block-image\">\n<figure class=\"alignright\"><img loading=\"lazy\" decoding=\"async\" width=\"150\" height=\"150\" src=\"https:\/\/sites.lesia.obspm.fr\/emmanuel-grolleau\/files\/2019\/07\/chine_201805_b-150x150.png\" alt=\"Emmanuel Grolleau\" class=\"wp-image-144\" title=\"Emmanuel Grolleau\" \/><\/figure><\/div>\n\n\n<h1 class=\"wp-block-heading\"><strong>Ing\u00e9nieur informatique<\/strong><\/h1>\n\n\n\n<ul class=\"wp-block-list\">\n<li>Responsable \u00ab\u00a0Outils et Donn\u00e9es\u00a0\u00bb et \u00ab\u00a0Interfaces avec le logiciel bord\u00a0\u00bb dans le cadre de la conception des algorithmes bords et sols du <a href=\"https:\/\/www.esa.int\/Science_Exploration\/Space_Science\/Plato\" target=\"_blank\" rel=\"noreferrer noopener\">satellite europ\u00e9en PLATO<\/a> (Agence Spatiale Europ\u00e9enne)<\/li>\n\n\n\n<li>Responsable p\u00e9dagogique du module \u00ab\u00a0Tronc Commun Informatique\u00a0\u00bb du Master 2 <a href=\"http:\/\/ufe.obspm.fr\/Master\/Master-2-Outils-et-Systemes-de-l-Astronomie-et-de-l-Espace\/\" target=\"_blank\" rel=\"noreferrer noopener\">\u00ab\u00a0Outils et Syst\u00e8mes de l\u2019Astronomie et de l\u2019Espace\u00a0\u00bb<\/a> (Observatoire de Paris &#8211; PSL, Universit\u00e9 de Paris Cit\u00e9, Universit\u00e9 Paris-Saclay, Sorbonne Universit\u00e9)<\/li>\n\n\n\n<li>Membre du Conseil Scientifique de l&rsquo;<a href=\"https:\/\/observatoiredeparis.psl.eu\/\" target=\"_blank\" rel=\"noreferrer noopener\">Observatoire de Paris<\/a><\/li>\n\n\n\n<li>Membre de la Commission du Num\u00e9rique de l&rsquo;<a href=\"https:\/\/observatoiredeparis.psl.eu\/\" target=\"_blank\" rel=\"noreferrer noopener\">Observatoire de Paris<\/a><\/li>\n\n\n\n<li>Membre du <a href=\"https:\/\/lira.obspm.fr\/Le-SIS-Service-Informatique\" target=\"_blank\" rel=\"noreferrer noopener\">Service d&rsquo;Informatique Scientifique<\/a> du <a href=\"https:\/\/lira.obspm.fr\/\" target=\"_blank\" rel=\"noreferrer noopener\">LIRA <\/a>&#8211; <a href=\"http:\/\/www.cnrs.fr\" target=\"_blank\" rel=\"noreferrer noopener\">CNRS<\/a>\/<a href=\"https:\/\/observatoiredeparis.psl.eu\/\" target=\"_blank\" rel=\"noreferrer noopener\">Observatoire de Paris<\/a><\/li>\n<\/ul>\n\n\n\n<h1 class=\"wp-block-heading\"><strong>Publications<\/strong><\/h1>\n\n\n\n<p>Voir sur <a href=\"https:\/\/scholar.google.com\/citations?user=4lLECXgAAAAJ\" target=\"_blank\" rel=\"noreferrer noopener\">Google Scholar<\/a><\/p>\n\n\n\n<p>Voir sur ORCID <a href=\"https:\/\/orcid.org\/0000-0002-6453-8737\" target=\"_blank\" rel=\"noreferrer noopener\"><img decoding=\"async\" style=\"width: 1em;margin-inline-start: 0.5em\" src=\"https:\/\/orcid.org\/sites\/default\/files\/images\/orcid_16x16.png\" alt=\"ORCID iD icon\"> https:\/\/orcid.org\/0000-0002-6453-8737<br><\/a><\/p>\n\n\n\n<h1 class=\"wp-block-heading\"><strong>Visited countries<\/strong><\/h1>\n\n\n\n<p><\/p>\n\n\n\n<p><a href=\"https:\/\/countries-visited.com\/?countries=Russia%2CChina%2CFrance%2CItaly%2CSpain%2CPortugal%2CMorocco%2CEgypt%2CIsrael%2CCyprus%2CGreece%2CMontenegro%2CCroatia%2CSlovenia%2CAustria%2CSwitzerland%2CGermany%2CBelgium%2CLuxembourg%2CNetherlands%2CUnited%20Kingdom%2CPoland%2CCzech%20Republic%2CLithuania%2CEstonia%2CFinland%2CSweden%2CDenmark%2CMalaysia%2CThailand%2CCambodia%2CVietnam%2CJapan%2CTaiwan%2CSingapore%2CMacao%2CHong%20Kong%2CSouth%20Korea%2CAndorra%2CMalta%2CVatican%2CLiechtenstein%2CMonaco\" target=\"_blank\" rel=\"noreferrer noopener\">Map of visited countries<\/a><\/p>\n\n\n\n<p><\/p>\n","protected":false},"excerpt":{"rendered":"<p>Ing\u00e9nieur informatique Publications Voir sur Google Scholar Voir sur ORCID https:\/\/orcid.org\/0000-0002-6453-8737 Visited countries Map of visited countries<\/p>\n","protected":false},"author":9,"featured_media":0,"parent":0,"menu_order":1,"comment_status":"closed","ping_status":"closed","template":"","meta":{"footnotes":""},"class_list":["post-15","page","type-page","status-publish","hentry"],"_links":{"self":[{"href":"https:\/\/sites.lesia.obspm.fr\/emmanuel-grolleau\/wp-json\/wp\/v2\/pages\/15","targetHints":{"allow":["GET"]}}],"collection":[{"href":"https:\/\/sites.lesia.obspm.fr\/emmanuel-grolleau\/wp-json\/wp\/v2\/pages"}],"about":[{"href":"https:\/\/sites.lesia.obspm.fr\/emmanuel-grolleau\/wp-json\/wp\/v2\/types\/page"}],"author":[{"embeddable":true,"href":"https:\/\/sites.lesia.obspm.fr\/emmanuel-grolleau\/wp-json\/wp\/v2\/users\/9"}],"replies":[{"embeddable":true,"href":"https:\/\/sites.lesia.obspm.fr\/emmanuel-grolleau\/wp-json\/wp\/v2\/comments?post=15"}],"version-history":[{"count":33,"href":"https:\/\/sites.lesia.obspm.fr\/emmanuel-grolleau\/wp-json\/wp\/v2\/pages\/15\/revisions"}],"predecessor-version":[{"id":279,"href":"https:\/\/sites.lesia.obspm.fr\/emmanuel-grolleau\/wp-json\/wp\/v2\/pages\/15\/revisions\/279"}],"wp:attachment":[{"href":"https:\/\/sites.lesia.obspm.fr\/emmanuel-grolleau\/wp-json\/wp\/v2\/media?parent=15"}],"curies":[{"name":"wp","href":"https:\/\/api.w.org\/{rel}","templated":true}]}}