{"id":76,"date":"2018-10-16T10:34:19","date_gmt":"2018-10-16T08:34:19","guid":{"rendered":"https:\/\/sites.lesia.obspm.fr\/benoit-mosser\/?page_id=76"},"modified":"2018-10-21T11:22:45","modified_gmt":"2018-10-21T09:22:45","slug":"asterosismologie-asteroseismology","status":"publish","type":"page","link":"https:\/\/sites.lesia.obspm.fr\/benoit-mosser\/asterosismologie-asteroseismology\/","title":{"rendered":"Ast\u00e9rosismologie"},"content":{"rendered":"<p><em>Br\u00e8ve pr\u00e9sentation du domaine en trois parties : l&rsquo;ast\u00e9rosismologie, le groupe Etoile, mon travail.<\/em><\/p>\n<h2>L&rsquo;ast\u00e9rosismologie<\/h2>\n<p>L&rsquo;ast\u00e9rosismologie sonde les \u00e9toiles. Les ondes qui s&rsquo;y propagent et que l&rsquo;on d\u00e9tecte en surface nous racontent ce qu&rsquo;elles ont vu \u00e0 l&rsquo;int\u00e9rieur et qui nous reste cach\u00e9 par les moyens classiques d&rsquo;investigation. Les \u00e9toiles de faible masse pr\u00e9sentent des spectres d&rsquo;oscillation riches. Ces oscillations sont excit\u00e9es juste sous la photosph\u00e8re par le d\u00e9ferlement de la convection (<a href=\"http:\/\/cdsads.u-strasbg.fr\/abs\/2011A%26A...530A.142B\" target=\"_blank\" rel=\"noopener\">Belkacem et al. 2011<\/a>). Les \u00e9toiles \u00e9volu\u00e9es ont un spectre encore enrichis par la pr\u00e9sence de modes dit mixtes, qui r\u00e9sultent du couplage d&rsquo;une onde de pression sondant principalement l&rsquo;enveloppe stellaire avec une onde de gravit\u00e9 qui sonde le c\u0153ur radiatif : ces modes mixtes nous donnent un acc\u00e8s direct au c\u0153ur des \u00e9toiles \u00e9volu\u00e9es.<\/p>\n<p>Les grandes questions actuelles\u00a0 auxquelles r\u00e9pond la sismologie renouvellent la physique stellaire :<\/p>\n<ul>\n<li>estimer les \u00e2ges des \u00e9toiles \u00e0 mieux que 10% pr\u00e8s, en alliant la pr\u00e9cision des mesures sismiques\u00a0 \u00e0 une compr\u00e9hension accrue de la physique stellaire,<\/li>\n<li>caract\u00e9riser les \u00e9toiles h\u00e9bergeant des exoplan\u00e8te,<\/li>\n<li>sonder la Galaxie.<\/li>\n<\/ul>\n<h2>Le p\u00f4le Etoile du LESIA \u00e0 l&rsquo;Observatoire de Paris<\/h2>\n<p>Le p\u00f4le Etoile r\u00e9unit des sp\u00e9cialistes de physique stellaire et de sismologie autour de projets d&rsquo;envergure. Le regroupement de comp\u00e9tences diverses permet \u00e0 l&rsquo;\u00e9quipe de porter ces projets, tant pour l&rsquo;animation scientifique que le d\u00e9veloppement technologique : la mission CoRoT a \u00e9t\u00e9 d\u00e9velopp\u00e9e pour partie au labo, et nous sommes nombreux impliqu\u00e9s \u00e0 titres divers dans le d\u00e9veloppement de la mission <a href=\"http:\/\/sci.esa.int\/plato\/\" target=\"_blank\" rel=\"noopener\"><em>Plato<\/em><\/a> de l&rsquo;ESA.<\/p>\n<p>Les travaux sur les g\u00e9antes rouges, d\u00e9crits ci-dessous, ont b\u00e9n\u00e9fici\u00e9 de discussions incessantes autour d&rsquo;un caf\u00e9 ou de mets plus consistants. S&rsquo;il faut noter un point saillant, c&rsquo;est Marie-Jo Goupil qui a exhum\u00e9 d&rsquo;<a href=\"http:\/\/cdsads.u-strasbg.fr\/abs\/1989nos..book.....U\" target=\"_blank\" rel=\"noopener\">anciens travaux<\/a> sur les modes mixtes qui nous ont permis de prendre un avantage qualitatif et quantitatif dans l&rsquo;interpr\u00e9tation des spectres d&rsquo;oscillation des g\u00e9antes.<\/p>\n<p>De nombreuses collaborations enrichissent le travail du groupe, comme le montrent les publications cit\u00e9es dans cette page.<\/p>\n<h2>Mon travail<\/h2>\n<p>Je ne suis arriv\u00e9 en physique stellaire qu&rsquo;apr\u00e8s une double exp\u00e9rience de recherche : l&rsquo;\u00e9tude sismique des plan\u00e8tes g\u00e9antes et l&rsquo;instrumentation sismique. J&rsquo;ai alors d\u00e9velopp\u00e9 une expertise pour l&rsquo;\u00e9tude des spectres d&rsquo;oscillations observ\u00e9 par les missions CoRoT et <em>Kepler<\/em>. Mon exp\u00e9rience en sismom\u00e9trie par transform\u00e9e de Fourier m&rsquo;a permis de proposer une <a href=\"http:\/\/cdsads.u-strasbg.fr\/abs\/2009A%26A...508..877M\" target=\"_blank\" rel=\"noopener\">m\u00e9thode<\/a> simultan\u00e9ment simple et efficace pour d\u00e9tecter des oscillations de type solaire, \u00e0 la base de tout le reste (de mani\u00e8re amusante, le r\u00e9f\u00e9r\u00e9 de cet article \u00e9tait persuad\u00e9 de l&rsquo;inutilit\u00e9 du travail).<\/p>\n<p>Mon champ d&rsquo;activit\u00e9 s&rsquo;est sp\u00e9cialis\u00e9 dans l&rsquo;\u00e9tude sismique des g\u00e9antes rouges. Mon travail s&rsquo;appuie sur des <em>m\u00e9thodes in\u00e9dites pour analyser les spectres d&rsquo;oscillation<\/em> :<\/p>\n<ul>\n<li>Identification automatique de tous les modes du <a href=\"http:\/\/cdsads.u-strasbg.fr\/abs\/2011A%26A...525L...9M\" target=\"_blank\" rel=\"noopener\">spectre de pression<\/a> des g\u00e9antes rouges.<\/li>\n<li>D\u00e9veloppement asymptotique du spectre des <a href=\"http:\/\/cdsads.u-strasbg.fr\/abs\/2012A%26A...540A.143M\" target=\"_blank\" rel=\"noopener\">modes mixtes.<\/a><\/li>\n<li>D\u00e9veloppement asymptotique du r\u00f4le de la <a href=\"http:\/\/cdsads.u-strasbg.fr\/abs\/2012A%26A...548A..10M\" target=\"_blank\" rel=\"noopener\">rotation<\/a> sur les modes mixtes.<\/li>\n<li>Description unifi\u00e9e de tous les <a href=\"http:\/\/cdsads.u-strasbg.fr\/abs\/2018arXiv180708301M\" target=\"_blank\" rel=\"noopener\">param\u00e8tres sismiques<\/a> du spectre d&rsquo;oscillation des g\u00e9antes.<\/li>\n<\/ul>\n<p>De ce qui pr\u00e9c\u00e8de, on peut conclure que les ann\u00e9es 2011 et 2012 furent f\u00e9condes, mais je vous assure ne pas avoir glandouill\u00e9 les autres ann\u00e9es (il est non moins certain que le processus de recherche est tout sauf lin\u00e9aire). Les travaux expos\u00e9s ci-dessus m&rsquo;ont permis d&rsquo;\u00e9tablir de<em> nombreux r\u00e9sultats qui irriguent tant la physique stellaire que la physique de la Galaxie<\/em>. Je ne reprends ci-dessous que les plus marquants :<\/p>\n<ul>\n<li><a href=\"http:\/\/cdsads.u-strasbg.fr\/abs\/2011Natur.471..608B\" target=\"_blank\" rel=\"noopener\">Diff\u00e9rentiation<\/a> des \u00e9toiles br\u00fblant l&rsquo;hydrog\u00e8ne en couche ou l&rsquo;h\u00e9lium du c\u0153ur, \u00e0 la base de multiples \u00e9tudes d\u00e9taill\u00e9es des g\u00e9antes rouges.<\/li>\n<li><a href=\"http:\/\/cdsads.u-strasbg.fr\/abs\/2014A%26A...572L...5M\" target=\"_blank\" rel=\"noopener\">Evolution<\/a> conjointe des propri\u00e9t\u00e9s du c\u0153ur et de l&rsquo;enveloppe des g\u00e9antes rouges, avec une claire distinction des diff\u00e9rents stades \u00e9volutifs depuis la s\u00e9quence principale.<\/li>\n<li><a href=\"http:\/\/cdsads.u-strasbg.fr\/abs\/2015A%26A...579A..84V\" target=\"_blank\" rel=\"noopener\">Signature<\/a> de la seconde ionisation de l&rsquo;h\u00e9lium (travail de th\u00e8se de Mathieu Vrard).<\/li>\n<li>Mesure de la <a href=\"http:\/\/cdsads.u-strasbg.fr\/abs\/2018A%26A...616A..24G\" target=\"_blank\" rel=\"noopener\">rotation<\/a> du c\u0153ur des g\u00e9antes (travail de th\u00e8se de Charlotte Gehan), avec les \u00e9l\u00e9ments pour analyser en d\u00e9tail le transfert de moment cin\u00e9tique entre le c\u0153ur et l&rsquo;enveloppe au cours de l&rsquo;\u00e9volution stellaire.<\/li>\n<li>Analyse des propri\u00e9t\u00e9s d&rsquo;ensemble des \u00e9toiles observ\u00e9es par CoRoT et <em>Kepler<\/em>.<\/li>\n<\/ul>\n<p>L&rsquo;aventure sismique des g\u00e9antes rouges n&rsquo;est de loin pas finie, avec des questions en suspens tels les modes dites <a href=\"http:\/\/cdsads.u-strasbg.fr\/abs\/2017A%26A...598A..62M\" target=\"_blank\" rel=\"noopener\">d\u00e9prim\u00e9s<\/a>, la possibilit\u00e9 de sonder le c\u0153ur avec de nouveaux <a href=\"http:\/\/cdsads.u-strasbg.fr\/abs\/2017A%26A...600A...1M\" target=\"_blank\" rel=\"noopener\">outils<\/a>, et bient\u00f4t l&rsquo;analyse d\u00e9taill\u00e9e des spectres d&rsquo;oscillation des g\u00e9antes pour viser un objectif clef : la d\u00e9termination des \u00e2ges stellaires \u00e0 10 % pr\u00e8s. S&rsquo;int\u00e9resser aux g\u00e9antes permet en fait de contraindre tous les stades \u00e9volutifs ant\u00e9rieurs.<\/p>\n<p>Et depuis le temps qu&rsquo;on en parle, voici un spectre d&rsquo;oscillation de g\u00e9ante, d\u00e9taill\u00e9 de pied en cap<\/p>\n<div id=\"attachment_94\" style=\"width: 286px\" class=\"wp-caption alignnone\"><a href=\"https:\/\/sites.lesia.obspm.fr\/benoit-mosser\/files\/2018\/10\/echelle6144777.png\"><img loading=\"lazy\" decoding=\"async\" aria-describedby=\"caption-attachment-94\" class=\"wp-image-94 \" src=\"https:\/\/sites.lesia.obspm.fr\/benoit-mosser\/files\/2018\/10\/echelle6144777-300x203.png\" alt=\"diagramme \u00e9chelle\" width=\"276\" height=\"187\" srcset=\"https:\/\/sites.lesia.obspm.fr\/benoit-mosser\/files\/2018\/10\/echelle6144777-300x203.png 300w, https:\/\/sites.lesia.obspm.fr\/benoit-mosser\/files\/2018\/10\/echelle6144777-768x520.png 768w, https:\/\/sites.lesia.obspm.fr\/benoit-mosser\/files\/2018\/10\/echelle6144777.png 989w\" sizes=\"auto, (max-width: 276px) 100vw, 276px\" \/><\/a><p id=\"caption-attachment-94\" class=\"wp-caption-text\">Identification du spectre d&rsquo;oscillation, repr\u00e9sent\u00e9e sous la forme d&rsquo;un diagramme \u00e9chelle, d&rsquo;une g\u00e9ante rouge observ\u00e9e par <em>Kepler<\/em> (Mosser et al. 2018)<\/p><\/div>\n<p>&nbsp;<\/p>\n","protected":false},"excerpt":{"rendered":"<p>Br\u00e8ve pr\u00e9sentation du domaine en trois parties : l&rsquo;ast\u00e9rosismologie, le groupe Etoile, mon travail. L&rsquo;ast\u00e9rosismologie L&rsquo;ast\u00e9rosismologie sonde les \u00e9toiles. Les ondes qui s&rsquo;y propagent et que l&rsquo;on d\u00e9tecte en surface nous racontent ce qu&rsquo;elles ont vu \u00e0 l&rsquo;int\u00e9rieur et qui &hellip; <a href=\"https:\/\/sites.lesia.obspm.fr\/benoit-mosser\/asterosismologie-asteroseismology\/\">Continuer la lecture <span class=\"meta-nav\">&rarr;<\/span><\/a><\/p>\n","protected":false},"author":54,"featured_media":0,"parent":0,"menu_order":0,"comment_status":"closed","ping_status":"closed","template":"","meta":{"footnotes":""},"class_list":["post-76","page","type-page","status-publish","hentry"],"_links":{"self":[{"href":"https:\/\/sites.lesia.obspm.fr\/benoit-mosser\/wp-json\/wp\/v2\/pages\/76","targetHints":{"allow":["GET"]}}],"collection":[{"href":"https:\/\/sites.lesia.obspm.fr\/benoit-mosser\/wp-json\/wp\/v2\/pages"}],"about":[{"href":"https:\/\/sites.lesia.obspm.fr\/benoit-mosser\/wp-json\/wp\/v2\/types\/page"}],"author":[{"embeddable":true,"href":"https:\/\/sites.lesia.obspm.fr\/benoit-mosser\/wp-json\/wp\/v2\/users\/54"}],"replies":[{"embeddable":true,"href":"https:\/\/sites.lesia.obspm.fr\/benoit-mosser\/wp-json\/wp\/v2\/comments?post=76"}],"version-history":[{"count":15,"href":"https:\/\/sites.lesia.obspm.fr\/benoit-mosser\/wp-json\/wp\/v2\/pages\/76\/revisions"}],"predecessor-version":[{"id":133,"href":"https:\/\/sites.lesia.obspm.fr\/benoit-mosser\/wp-json\/wp\/v2\/pages\/76\/revisions\/133"}],"wp:attachment":[{"href":"https:\/\/sites.lesia.obspm.fr\/benoit-mosser\/wp-json\/wp\/v2\/media?parent=76"}],"curies":[{"name":"wp","href":"https:\/\/api.w.org\/{rel}","templated":true}]}}