{"id":23,"date":"2018-10-15T20:58:36","date_gmt":"2018-10-15T18:58:36","guid":{"rendered":"https:\/\/sites.lesia.obspm.fr\/benoit-mosser\/?page_id=23"},"modified":"2021-02-01T09:17:13","modified_gmt":"2021-02-01T08:17:13","slug":"osae-outils-et-systemes-de-lastronomie-et-de-lespace","status":"publish","type":"page","link":"https:\/\/sites.lesia.obspm.fr\/benoit-mosser\/osae-outils-et-systemes-de-lastronomie-et-de-lespace\/","title":{"rendered":"OSAE : Outils et Syst\u00e8mes de l&rsquo;Astronomie et de l&rsquo;Espace"},"content":{"rendered":"<p>J&rsquo;ai eu la chance et le plaisir de cr\u00e9er en 2000\u00a0 le M2 OSAE, Outils et Syst\u00e8mes de l&rsquo;Astronomie et de l&rsquo;Espace, et de le diriger jusqu&rsquo;en 2020. Cette formation s&rsquo;adresse aux passionn\u00e9s d&rsquo;ing\u00e9nierie : ing\u00e9nierie des grands observatoires d&rsquo;astronomie et ing\u00e9nierie spatiale. Le fil-rouge de la formation est l&rsquo;ing\u00e9nierie syst\u00e8me.<\/p>\n<ul>\n<li>Le site de la <a href=\"http:\/\/ufe.obspm.fr\/Master\/Master-2-Outils-et-Systemes-de-l-Astronomie-et-de-l-Espace\/\">formation<\/a> \/ the <a href=\"http:\/\/ufe.obspm.fr\/Master\/Master-2-Outils-et-Systemes-de-l-Astronomie-et-de-l-Espace\/\"><em>website<\/em><\/a> in English<\/li>\n<li>Le site de l&rsquo;<a href=\"http:\/\/osae.fr\/\" target=\"_blank\" rel=\"noopener\">association<\/a> du Master<\/li>\n<li>Les <a href=\"http:\/\/ufe.obspm.fr\/IMG\/pdf\/bilan_rosae_2016.pdf\" target=\"_blank\" rel=\"noopener\">derni\u00e8res donn\u00e9es<\/a>, issues des deuxi\u00e8mes Rencontres OSAE<\/li>\n<\/ul>\n<p>Pour les \u00e9tudiants (en construction)<\/p>\n","protected":false},"excerpt":{"rendered":"<p>J&rsquo;ai eu la chance et le plaisir de cr\u00e9er en 2000\u00a0 le M2 OSAE, Outils et Syst\u00e8mes de l&rsquo;Astronomie et de l&rsquo;Espace, et de le diriger jusqu&rsquo;en 2020. Cette formation s&rsquo;adresse aux passionn\u00e9s d&rsquo;ing\u00e9nierie : ing\u00e9nierie des grands observatoires d&rsquo;astronomie &hellip; <a href=\"https:\/\/sites.lesia.obspm.fr\/benoit-mosser\/osae-outils-et-systemes-de-lastronomie-et-de-lespace\/\">Continuer la lecture <span class=\"meta-nav\">&rarr;<\/span><\/a><\/p>\n","protected":false},"author":54,"featured_media":0,"parent":0,"menu_order":0,"comment_status":"closed","ping_status":"closed","template":"","meta":{"footnotes":""},"class_list":["post-23","page","type-page","status-publish","hentry"],"_links":{"self":[{"href":"https:\/\/sites.lesia.obspm.fr\/benoit-mosser\/wp-json\/wp\/v2\/pages\/23","targetHints":{"allow":["GET"]}}],"collection":[{"href":"https:\/\/sites.lesia.obspm.fr\/benoit-mosser\/wp-json\/wp\/v2\/pages"}],"about":[{"href":"https:\/\/sites.lesia.obspm.fr\/benoit-mosser\/wp-json\/wp\/v2\/types\/page"}],"author":[{"embeddable":true,"href":"https:\/\/sites.lesia.obspm.fr\/benoit-mosser\/wp-json\/wp\/v2\/users\/54"}],"replies":[{"embeddable":true,"href":"https:\/\/sites.lesia.obspm.fr\/benoit-mosser\/wp-json\/wp\/v2\/comments?post=23"}],"version-history":[{"count":4,"href":"https:\/\/sites.lesia.obspm.fr\/benoit-mosser\/wp-json\/wp\/v2\/pages\/23\/revisions"}],"predecessor-version":[{"id":208,"href":"https:\/\/sites.lesia.obspm.fr\/benoit-mosser\/wp-json\/wp\/v2\/pages\/23\/revisions\/208"}],"wp:attachment":[{"href":"https:\/\/sites.lesia.obspm.fr\/benoit-mosser\/wp-json\/wp\/v2\/media?parent=23"}],"curies":[{"name":"wp","href":"https:\/\/api.w.org\/{rel}","templated":true}]}}