{"id":19,"date":"2018-10-15T20:42:29","date_gmt":"2018-10-15T18:42:29","guid":{"rendered":"https:\/\/sites.lesia.obspm.fr\/benoit-mosser\/?page_id=19"},"modified":"2021-02-01T10:19:57","modified_gmt":"2021-02-01T09:19:57","slug":"ima-1-instrumentation-et-methodes-associees","status":"publish","type":"page","link":"https:\/\/sites.lesia.obspm.fr\/benoit-mosser\/ima-1-instrumentation-et-methodes-associees\/","title":{"rendered":"Instrumentation"},"content":{"rendered":"<p>Le module <em>Instrumentation<\/em> est propos\u00e9 aux \u00e9tudiants du M1 SUTS et du <em>graduate program<\/em> d&rsquo;astrophysique. Il est enseign\u00e9 en anglais, avec des supports de cours bilingues.<\/p>\n<p>Ce module s&rsquo;appuie sur le cours en ligne d\u00e9velopp\u00e9 dans le cadre du projet d&rsquo;enseignement en ligne de l&rsquo;Observatoire de Paris <a href=\"https:\/\/media4.obspm.fr\/public\/ressources_lu\/index.html\" target=\"_blank\" rel=\"noopener\">Lumi\u00e8res sur l&rsquo;Univers<\/a>. Il en d\u00e9veloppe plus particuli\u00e8rement le chapitre <a href=\"https:\/\/media4.obspm.fr\/public\/ressources_lu\/pages_instrumentation\/introduction-instrumentation.html\" target=\"_blank\" rel=\"noopener\">Instrumentation<\/a>.<\/p>\n<h3>Plan du cours<\/h3>\n<ul>\n<li><span style=\"font-family: Arial,Helvetica\">Optique g\u00e9om\u00e9trique : formation d&rsquo;image (conjugaison foyer-infini), syst\u00e8me afocal, lentille \u00e9quivalente, champ, ouverture, \u00e9tendue de faisceau<br \/>\n<\/span><\/li>\n<li><span style=\"font-family: Arial,Helvetica\">Optique physique : rappels de la diffraction de Fraunhofer ; diffraction et tache image ; diffraction et r\u00e9solution spatiale ; crit\u00e8re de Rayleigh<br \/>\n<\/span><\/li>\n<li><span style=\"font-family: Arial,Helvetica\">Spectrom\u00e9trie<\/span> : <span style=\"font-family: Arial,Helvetica\">interf\u00e9rences \u00e0 ondes multiples ; r\u00e9seau de diffraction ; r\u00e9seau et montage optique ; r\u00e9solution spectrale<\/span><\/li>\n<li><span style=\"font-family: Arial,Helvetica\">Optique de Fourier <\/span>: d<span style=\"font-family: Arial,Helvetica\">iffraction et transform\u00e9e de Fourier ; coh\u00e9rences temporelle et spatiale ; interf\u00e9rom\u00e9trie et TF<\/span><\/li>\n<li><span style=\"font-family: Arial,Helvetica\">Cha\u00eene de mesure : collecte du signal <\/span><\/li>\n<li><span style=\"font-family: Arial,Helvetica\">Cha\u00eene de mesure : principes instrumentaux<br \/>\n<\/span><\/li>\n<li><span style=\"font-family: Arial,Helvetica\">D\u00e9tection : d\u00e9tection, CCD<br \/>\n<\/span><\/li>\n<li><span style=\"font-family: Arial,Helvetica\">Bruit et signal : rappels de statistique ; bruit et rapport signal \u00e0 bruit<br \/>\n<\/span><\/li>\n<li><span style=\"font-family: Arial,Helvetica\">Optique adaptative : turbulence et formation d&rsquo;images ; optique adaptative<br \/>\n<\/span><\/li>\n<\/ul>\n<h3>Devoirs et examens des ann\u00e9es pass\u00e9es<\/h3>\n<ul>\n<li style=\"list-style-type: none\">\n<ul>\n<li><a href=\"https:\/\/sites.lesia.obspm.fr\/benoit-mosser\/files\/2019\/01\/pb06.pdf\">Devoir libre, f\u00e9vrier 2006<\/a><\/li>\n<li><a href=\"https:\/\/sites.lesia.obspm.fr\/benoit-mosser\/files\/2019\/01\/exam05.pdf\">Examen 2005<\/a><\/li>\n<li><a href=\"https:\/\/sites.lesia.obspm.fr\/benoit-mosser\/files\/2019\/01\/exam06.pdf\">Examen 2006<\/a><\/li>\n<li><a href=\"https:\/\/sites.lesia.obspm.fr\/benoit-mosser\/files\/2019\/01\/exam07.pdf\">Examen 2007<\/a><\/li>\n<li><a href=\"https:\/\/sites.lesia.obspm.fr\/benoit-mosser\/files\/2019\/01\/exam17.pdf\">Examen 2017<\/a><\/li>\n<\/ul>\n<\/li>\n<\/ul>\n","protected":false},"excerpt":{"rendered":"<p>Le module Instrumentation est propos\u00e9 aux \u00e9tudiants du M1 SUTS et du graduate program d&rsquo;astrophysique. Il est enseign\u00e9 en anglais, avec des supports de cours bilingues. Ce module s&rsquo;appuie sur le cours en ligne d\u00e9velopp\u00e9 dans le cadre du projet &hellip; <a href=\"https:\/\/sites.lesia.obspm.fr\/benoit-mosser\/ima-1-instrumentation-et-methodes-associees\/\">Continuer la lecture <span class=\"meta-nav\">&rarr;<\/span><\/a><\/p>\n","protected":false},"author":54,"featured_media":0,"parent":0,"menu_order":0,"comment_status":"closed","ping_status":"closed","template":"","meta":{"footnotes":""},"class_list":["post-19","page","type-page","status-publish","hentry"],"_links":{"self":[{"href":"https:\/\/sites.lesia.obspm.fr\/benoit-mosser\/wp-json\/wp\/v2\/pages\/19","targetHints":{"allow":["GET"]}}],"collection":[{"href":"https:\/\/sites.lesia.obspm.fr\/benoit-mosser\/wp-json\/wp\/v2\/pages"}],"about":[{"href":"https:\/\/sites.lesia.obspm.fr\/benoit-mosser\/wp-json\/wp\/v2\/types\/page"}],"author":[{"embeddable":true,"href":"https:\/\/sites.lesia.obspm.fr\/benoit-mosser\/wp-json\/wp\/v2\/users\/54"}],"replies":[{"embeddable":true,"href":"https:\/\/sites.lesia.obspm.fr\/benoit-mosser\/wp-json\/wp\/v2\/comments?post=19"}],"version-history":[{"count":11,"href":"https:\/\/sites.lesia.obspm.fr\/benoit-mosser\/wp-json\/wp\/v2\/pages\/19\/revisions"}],"predecessor-version":[{"id":219,"href":"https:\/\/sites.lesia.obspm.fr\/benoit-mosser\/wp-json\/wp\/v2\/pages\/19\/revisions\/219"}],"wp:attachment":[{"href":"https:\/\/sites.lesia.obspm.fr\/benoit-mosser\/wp-json\/wp\/v2\/media?parent=19"}],"curies":[{"name":"wp","href":"https:\/\/api.w.org\/{rel}","templated":true}]}}