{"id":105,"date":"2018-10-16T22:18:18","date_gmt":"2018-10-16T20:18:18","guid":{"rendered":"https:\/\/sites.lesia.obspm.fr\/benoit-mosser\/?page_id=105"},"modified":"2021-02-01T09:09:44","modified_gmt":"2021-02-01T08:09:44","slug":"pole-spatial-c%c2%b2eres","status":"publish","type":"page","link":"https:\/\/sites.lesia.obspm.fr\/benoit-mosser\/pole-spatial-c%c2%b2eres\/","title":{"rendered":"P\u00f4le spatial CENSUS"},"content":{"rendered":"<p><em>L&rsquo;av\u00e8nement des nanosatellites renouvelle l&rsquo;acc\u00e8s \u00e0 l&rsquo;espace. Les diff\u00e9rents partenaires r\u00e9unis \u00e0 PSL s&rsquo;int\u00e9ressent aux perspectives scientifiques, technologiques et p\u00e9dagogiques de cette nouvelle \u00e9chelle \/ The advent of nanosatellites renew the access to space missions. Partners in PSL imagine the new scientific, technological, and pedagogical perspectives open by this new scale.<\/em><\/p>\n<h2>L&rsquo;espace, demain<\/h2>\n<p>Par la direction du Master OSAE, je suis amen\u00e9 \u00e0 suivre l&rsquo;\u00e9volution de l&rsquo;ing\u00e9nierie spatiale de pr\u00e8s. Avec le Master, le laboratoire spatial <a href=\"http:\/\/www.lesia.obspm.fr\/\" target=\"_blank\" rel=\"noopener\">LESIA<\/a> de l&rsquo;Observatoire de Paris, le laboratoire d&rsquo;excellence <a href=\"http:\/\/www.esep.pro\/\" target=\"_blank\" rel=\"noopener\">ESEP<\/a>, nous avons b\u00e2ti le p\u00f4le spatial de PSL, C\u00b2ERES, devenu <a href=\"https:\/\/census.psl.eu\/\">CENSUS<\/a>, CEntre pour les Nanosatellites en Sciences de l\u2019UniverS, qui pr\u00e9pare l&rsquo;instrumentation spatiale de demain.<\/p>\n<h2>Le p\u00f4le spatial CENSUS<\/h2>\n<p>Le p\u00f4le a \u00e9t\u00e9 <a href=\"https:\/\/www.canal-u.tv\/video\/lesia\/inauguration_du_cts_le_25_juin_2018_3_presentation_du_cts_par_benoit_mosser.44159\" target=\"_blank\" rel=\"noopener\">inaugur\u00e9<\/a> en juin 2018. Autant en visiter le<em> <a href=\"https:\/\/cceres.psl.eu\/\" target=\"_blank\" rel=\"noopener\">site<\/a><\/em> en ligne pour d\u00e9couvrir la richesse des activit\u00e9s \/<em> The Center has been <a href=\"https:\/\/www.canal-u.tv\/video\/lesia\/inauguration_du_cts_le_25_juin_2018_3_presentation_du_cts_par_benoit_mosser.44159\" target=\"_blank\" rel=\"noopener\">inaugurated<\/a> in June 2018. Please visit its <a href=\"https:\/\/cceres.psl.eu\/\" target=\"_blank\" rel=\"noopener\">website<\/a>.<\/em><\/p>\n<p><img loading=\"lazy\" decoding=\"async\" class=\"\" src=\"https:\/\/cceres.psl.eu\/sites\/ceres\/IMG\/png\/mosaique.png\" alt=\"\" width=\"523\" height=\"260\" \/><\/p>\n","protected":false},"excerpt":{"rendered":"<p>L&rsquo;av\u00e8nement des nanosatellites renouvelle l&rsquo;acc\u00e8s \u00e0 l&rsquo;espace. Les diff\u00e9rents partenaires r\u00e9unis \u00e0 PSL s&rsquo;int\u00e9ressent aux perspectives scientifiques, technologiques et p\u00e9dagogiques de cette nouvelle \u00e9chelle \/ The advent of nanosatellites renew the access to space missions. Partners in PSL imagine the &hellip; <a href=\"https:\/\/sites.lesia.obspm.fr\/benoit-mosser\/pole-spatial-c%c2%b2eres\/\">Continuer la lecture <span class=\"meta-nav\">&rarr;<\/span><\/a><\/p>\n","protected":false},"author":54,"featured_media":0,"parent":0,"menu_order":0,"comment_status":"closed","ping_status":"closed","template":"","meta":{"footnotes":""},"class_list":["post-105","page","type-page","status-publish","hentry"],"_links":{"self":[{"href":"https:\/\/sites.lesia.obspm.fr\/benoit-mosser\/wp-json\/wp\/v2\/pages\/105","targetHints":{"allow":["GET"]}}],"collection":[{"href":"https:\/\/sites.lesia.obspm.fr\/benoit-mosser\/wp-json\/wp\/v2\/pages"}],"about":[{"href":"https:\/\/sites.lesia.obspm.fr\/benoit-mosser\/wp-json\/wp\/v2\/types\/page"}],"author":[{"embeddable":true,"href":"https:\/\/sites.lesia.obspm.fr\/benoit-mosser\/wp-json\/wp\/v2\/users\/54"}],"replies":[{"embeddable":true,"href":"https:\/\/sites.lesia.obspm.fr\/benoit-mosser\/wp-json\/wp\/v2\/comments?post=105"}],"version-history":[{"count":6,"href":"https:\/\/sites.lesia.obspm.fr\/benoit-mosser\/wp-json\/wp\/v2\/pages\/105\/revisions"}],"predecessor-version":[{"id":205,"href":"https:\/\/sites.lesia.obspm.fr\/benoit-mosser\/wp-json\/wp\/v2\/pages\/105\/revisions\/205"}],"wp:attachment":[{"href":"https:\/\/sites.lesia.obspm.fr\/benoit-mosser\/wp-json\/wp\/v2\/media?parent=105"}],"curies":[{"name":"wp","href":"https:\/\/api.w.org\/{rel}","templated":true}]}}