{"id":25,"date":"2016-04-11T16:12:23","date_gmt":"2016-04-11T15:12:23","guid":{"rendered":"https:\/\/sites.lesia.obspm.fr\/aurore-blazere\/?page_id=25"},"modified":"2016-06-21T11:05:26","modified_gmt":"2016-06-21T09:05:26","slug":"publications","status":"publish","type":"page","link":"https:\/\/sites.lesia.obspm.fr\/aurore-blazere\/publications\/","title":{"rendered":"Publications"},"content":{"rendered":"<p align=\"LEFT\"><strong>Refereed publications<br \/>\n<\/strong><\/p>\n<ul>\n<li>Schneider, N.; Bontemps, S.; Motte, F.;<span style=\"text-decoration: underline\"> Blaz\u00e8re, A<\/span>.; et al., Globules and Pillars in Cygnus X I. <em>Herschel Far-infrared imaging of the Cyg OB2 environment<\/em>, A&amp;A, accepted (arXiv 1604.03967)<\/li>\n<li>\n<p align=\"JUSTIFY\"><u>Blaz\u00e8re A<\/u>., Neiner C. &amp; Petit P. <i>Discovery of a very weak magnetic field on the Am star Alhena<\/i>, 2016, MNRAS, sous presse (arXiv 1603.06486)<\/p>\n<\/li>\n<li>\n<p align=\"JUSTIFY\">Wade G.A., Neiner C., Alecian E., [&#8230;], <u>Blaz\u00e8re A., <\/u>[&#8230;], <i>The MiMeS survey of magnetism in massive stars: introduction and overview<\/i>, 2016, MNRAS 456, 2<\/p>\n<\/li>\n<\/ul>\n<ul>\n<li>\n<p align=\"JUSTIFY\"><u>Blaz\u00e8re A<\/u>., Petit P., Ligni\u00e8res F., Auri\u00e8re M., Ballot J., B\u00f6hm T., Folsom C. P., Gaurat M., Jouve L., Lopez Ariste A., Neiner C., Wade G. A., <i>Detection of ultra-weak magnetic field in Am stars: beta UMa and theta Leo, <\/i>2016, A&amp;A 586A, 97<\/p>\n<\/li>\n<li>\n<p align=\"JUSTIFY\"><u>Blaz\u00e8re A.<\/u>, Neiner C., Tkachenko A., Bouret J.-C., Rivinius Th. and the MiMeS collaboration, <i>The magnetic field of zeta Orionis A,<\/i> 2015, A&amp;A 582A, 110<\/p>\n<\/li>\n<li>\n<p align=\"JUSTIFY\">Neiner C., Buysschaert B., Oksala M.\u00a0E., <u>Blaz\u00e8re A<\/u>., <i>Discovery of two new bright magnetic B stars: i Car and Atlas<\/i>, 2015, MNRAS 454, L56<\/p>\n<\/li>\n<li>\n<p align=\"JUSTIFY\">B\u00f6hm T., Holschneider M., Ligni\u00e8res F., Petit P., Rainer M., Paletou F., Wade G., Alecian E., Carfantan H., <u>Blaz\u00e8re A<\/u>., Mirouh G. M., <i>Discovery of starspots on Vega. First spectroscopic detection of surface structures on a normal A-type star,<\/i> 2015, A&amp;A 577A, 64<\/p>\n<\/li>\n<\/ul>\n<p align=\"LEFT\"><strong>\u00a0Conference proceedings<br \/>\n<\/strong><\/p>\n<ul>\n<li>\n<p align=\"JUSTIFY\"><u>Blaz\u00e8re A<\/u>., Petit P., Ligni\u00e8res F., Auri\u00e8re M., Ballot J., B\u00f6hm T., Folsom C., Ariste L\u00f3pez, A., Wade\u00a0G.\u00a0A., <i>Ultra-weak magnetic fields in Am stars: \u03b2 UMa and \u03b8 Leo<\/i>, 2015, IAUS 305, 67<\/p>\n<\/li>\n<li>\n<p align=\"JUSTIFY\"><u>Blaz\u00e8re A<\/u>.; Neiner C.; Bouret J.-C.; Tkachenko A., <i>The magnetic field of <\/i><span style=\"font-family: Symbol\"><i>z<\/i><\/span><i> ori A, <\/i>2015,<i> <\/i>IAUS 305, 367<\/p>\n<\/li>\n<li>\n<p align=\"JUSTIFY\"><u>Blaz\u00e8re A.<\/u>; Petit P.; Ligni\u00e8res F.; Auri\u00e8re M.; B\u00f6hm T.; Wade G. A., <i>Ultra-weak magnetic fields in Am stars: \u03b2 UMa and \u03b8 Leo, <\/i>2014, SF2A 2014, 463<\/p>\n<\/li>\n<li>\n<p align=\"JUSTIFY\">Neiner C., Folsom C. P., <u>Blaz\u00e8re A.<\/u>,<b> <\/b><i>A search for Vega-like fields in OB stars,<\/i> 2014, SF2A 2014, 163<\/p>\n<\/li>\n<\/ul>\n<p>&nbsp;<\/p>\n","protected":false},"excerpt":{"rendered":"<p>Refereed publications Schneider, N.; Bontemps, S.; Motte, F.; Blaz\u00e8re, A.; et al., Globules and Pillars in Cygnus X I. Herschel Far-infrared imaging of the Cyg OB2 environment, A&amp;A, accepted (arXiv 1604.03967) Blaz\u00e8re A., Neiner C. &amp; Petit P. Discovery of &hellip; <a href=\"https:\/\/sites.lesia.obspm.fr\/aurore-blazere\/publications\/\">Continuer la lecture <span class=\"meta-nav\">&rarr;<\/span><\/a><\/p>\n","protected":false},"author":28,"featured_media":0,"parent":0,"menu_order":0,"comment_status":"closed","ping_status":"closed","template":"","meta":{"footnotes":""},"class_list":["post-25","page","type-page","status-publish","hentry"],"_links":{"self":[{"href":"https:\/\/sites.lesia.obspm.fr\/aurore-blazere\/wp-json\/wp\/v2\/pages\/25","targetHints":{"allow":["GET"]}}],"collection":[{"href":"https:\/\/sites.lesia.obspm.fr\/aurore-blazere\/wp-json\/wp\/v2\/pages"}],"about":[{"href":"https:\/\/sites.lesia.obspm.fr\/aurore-blazere\/wp-json\/wp\/v2\/types\/page"}],"author":[{"embeddable":true,"href":"https:\/\/sites.lesia.obspm.fr\/aurore-blazere\/wp-json\/wp\/v2\/users\/28"}],"replies":[{"embeddable":true,"href":"https:\/\/sites.lesia.obspm.fr\/aurore-blazere\/wp-json\/wp\/v2\/comments?post=25"}],"version-history":[{"count":6,"href":"https:\/\/sites.lesia.obspm.fr\/aurore-blazere\/wp-json\/wp\/v2\/pages\/25\/revisions"}],"predecessor-version":[{"id":164,"href":"https:\/\/sites.lesia.obspm.fr\/aurore-blazere\/wp-json\/wp\/v2\/pages\/25\/revisions\/164"}],"wp:attachment":[{"href":"https:\/\/sites.lesia.obspm.fr\/aurore-blazere\/wp-json\/wp\/v2\/media?parent=25"}],"curies":[{"name":"wp","href":"https:\/\/api.w.org\/{rel}","templated":true}]}}