{"id":134,"date":"2016-04-11T17:30:26","date_gmt":"2016-04-11T16:30:26","guid":{"rendered":"https:\/\/sites.lesia.obspm.fr\/aurore-blazere\/?page_id=134"},"modified":"2016-06-21T11:02:41","modified_gmt":"2016-06-21T09:02:41","slug":"communications-scientifiques","status":"publish","type":"page","link":"https:\/\/sites.lesia.obspm.fr\/aurore-blazere\/communications-scientifiques\/","title":{"rendered":"Communications"},"content":{"rendered":"<p align=\"LEFT\"><strong>Oral Communications<br \/>\n<\/strong><\/p>\n<ul>\n<li>SF2A 2016, Lyon, 14-17 June 2016\n<ul>\n<li>The new family of magnetic stars: the ultra weakly magnetic Am stars<\/li>\n<\/ul>\n<\/li>\n<li>4th BinaMIcS workshop, Melbourne, US, 7-12 December 2015\n<ul>\n<li><i>The weak magnetic field of zeta Ori A<\/i><\/li>\n<\/ul>\n<\/li>\n<li>Elbereth 2015, Paris, France, 23-27 November 2015\n<ul>\n<li><i>Weak magnetic fields in hot stars<\/i><\/li>\n<\/ul>\n<\/li>\n<li>1st BRITE spectroscopolarimetric workshop, Meudon, France, 26-30 October 2015\n<ul>\n<li><i>Discovery of a weak magnetic field in the Am star Alhena<\/i><\/li>\n<li><i>Spectropolarimetric study and analysis of the light curve of zeta Ori A<\/i><\/li>\n<\/ul>\n<\/li>\n<li>2nd Imagine workshop, Meudon, France, 1-2 October 2015\n<ul>\n<li><i>Ultra-weak magnetic fields and atmospheric dynamics of Am stars<\/i><\/li>\n<li><i>Search for weak magnetic fields in hot stars<\/i><\/li>\n<\/ul>\n<\/li>\n<li>EWASS symposium\u00a0: sp8 <i>The physics of fossil stellar magnetism<\/i>, La Laguna, Tenerife, Espagne, 22-27 June 2015\n<ul>\n<li><i>The BinaMIcS project\u00a0: magnetism in hot binary systems<\/i><\/li>\n<\/ul>\n<\/li>\n<li>Journ\u00e9e des th\u00e8ses du LESIA, 5 May 2015\n<ul>\n<li><i>Champs magn\u00e9tiques dans les \u00e9toiles massives et de masses interm\u00e9diaires<\/i><\/li>\n<\/ul>\n<\/li>\n<li>Workshop PSE 2014, Minerve, France, 5-6 January 2015\n<ul>\n<li><i>Ultra-weak magnetic fields and atmospheric dynamics of Am stars<\/i><\/li>\n<\/ul>\n<\/li>\n<li>Elbereth 2014, Paris, France, 8-12 December 2014\n<ul>\n<li><i>Magnetic fields in massive stars and intermediate mass stars<\/i><\/li>\n<\/ul>\n<\/li>\n<li>IAU symposium 305 <i>Polarimetry: The Sun to Stars and Stellar Environments, <\/i>Punta Leona, Costa Rica, 30 November-5 December 2014\n<ul>\n<li><i>Ultra-weak magnetic fields and atmospheric dynamics of Am stars<\/i><\/li>\n<\/ul>\n<\/li>\n<li>3rd BinaMIcS workhop, Paris, France, 21-25 July 2014\n<ul>\n<li><i>The weak magnetic field of zeta Ori A<\/i><\/li>\n<\/ul>\n<\/li>\n<li>Journ\u00e9e du LESIA, 6 May 2015\n<ul>\n<li><em>\u00a0Champs magn\u00e9tiques dans les \u00e9toiles massives et de masses interm\u00e9diaires<\/em><\/li>\n<\/ul>\n<\/li>\n<li>1st Imagine workshop, Toulouse, France, 9 April 2014\n<ul>\n<li><em>The weak magnetic fields of zeta Ori A<\/em><\/li>\n<\/ul>\n<\/li>\n<\/ul>\n<p>&nbsp;<\/p>\n<p><strong>Posters<\/strong><\/p>\n<ul>\n<li>SF2A 2014, Paris, France, 2-6 June 2014\n<ul>\n<li><em>Ultra weak field in Am stars: beta UMa and theta leo<\/em><\/li>\n<\/ul>\n<\/li>\n<li>IAU symposium 307, New window on massive stars, Geneva, Switzerland , 23-27 june 2014\n<ul>\n<li><em>Magnetic field of zeta ori A<\/em><\/li>\n<\/ul>\n<\/li>\n<\/ul>\n<p>&nbsp;<\/p>\n","protected":false},"excerpt":{"rendered":"<p>Oral Communications SF2A 2016, Lyon, 14-17 June 2016 The new family of magnetic stars: the ultra weakly magnetic Am stars 4th BinaMIcS workshop, Melbourne, US, 7-12 December 2015 The weak magnetic field of zeta Ori A Elbereth 2015, Paris, France, &hellip; <a href=\"https:\/\/sites.lesia.obspm.fr\/aurore-blazere\/communications-scientifiques\/\">Continuer la lecture <span class=\"meta-nav\">&rarr;<\/span><\/a><\/p>\n","protected":false},"author":28,"featured_media":0,"parent":0,"menu_order":0,"comment_status":"closed","ping_status":"closed","template":"","meta":{"footnotes":""},"class_list":["post-134","page","type-page","status-publish","hentry"],"_links":{"self":[{"href":"https:\/\/sites.lesia.obspm.fr\/aurore-blazere\/wp-json\/wp\/v2\/pages\/134","targetHints":{"allow":["GET"]}}],"collection":[{"href":"https:\/\/sites.lesia.obspm.fr\/aurore-blazere\/wp-json\/wp\/v2\/pages"}],"about":[{"href":"https:\/\/sites.lesia.obspm.fr\/aurore-blazere\/wp-json\/wp\/v2\/types\/page"}],"author":[{"embeddable":true,"href":"https:\/\/sites.lesia.obspm.fr\/aurore-blazere\/wp-json\/wp\/v2\/users\/28"}],"replies":[{"embeddable":true,"href":"https:\/\/sites.lesia.obspm.fr\/aurore-blazere\/wp-json\/wp\/v2\/comments?post=134"}],"version-history":[{"count":7,"href":"https:\/\/sites.lesia.obspm.fr\/aurore-blazere\/wp-json\/wp\/v2\/pages\/134\/revisions"}],"predecessor-version":[{"id":163,"href":"https:\/\/sites.lesia.obspm.fr\/aurore-blazere\/wp-json\/wp\/v2\/pages\/134\/revisions\/163"}],"wp:attachment":[{"href":"https:\/\/sites.lesia.obspm.fr\/aurore-blazere\/wp-json\/wp\/v2\/media?parent=134"}],"curies":[{"name":"wp","href":"https:\/\/api.w.org\/{rel}","templated":true}]}}