{"id":13,"date":"2024-07-02T16:03:31","date_gmt":"2024-07-02T14:03:31","guid":{"rendered":"https:\/\/sites.lesia.obspm.fr\/api-exoplanetes\/?page_id=13"},"modified":"2024-07-09T10:20:01","modified_gmt":"2024-07-09T08:20:01","slug":"organisation","status":"publish","type":"page","link":"https:\/\/sites.lesia.obspm.fr\/api-exoplanetes\/organisation\/","title":{"rendered":"Organisation"},"content":{"rendered":"\n<p><strong>Members of the board<\/strong>:<\/p>\n\n\n\n<ul class=\"wp-block-list\">\n<li>Benjamin Charnay (LESIA)<\/li>\n\n\n\n<li>Elsa Huby (LESIA)<\/li>\n\n\n\n<li>Gwena\u00ebl Bou\u00e9 (IMCCE)<\/li>\n<\/ul>\n\n\n\n<h2 class=\"wp-block-heading\">Contacts<\/h2>\n\n\n\n<p>To contact members of the board: <em><strong>bureau.api.exoplanetes(at)sympa.obspm.fr<\/strong><\/em><\/p>\n","protected":false},"excerpt":{"rendered":"<p>Members of the board: Contacts To contact members of the board: bureau.api.exoplanetes(at)sympa.obspm.fr<\/p>\n","protected":false},"author":98,"featured_media":0,"parent":0,"menu_order":0,"comment_status":"closed","ping_status":"closed","template":"","meta":{"footnotes":""},"class_list":["post-13","page","type-page","status-publish","hentry"],"yoast_head":"<!-- This site is optimized with the Yoast SEO plugin v26.7 - https:\/\/yoast.com\/wordpress\/plugins\/seo\/ -->\n<title>Organisation - API Exoplan\u00e8tes<\/title>\n<meta name=\"robots\" content=\"index, follow, max-snippet:-1, max-image-preview:large, max-video-preview:-1\" \/>\n<link rel=\"canonical\" href=\"https:\/\/sites.lesia.obspm.fr\/api-exoplanetes\/organisation\/\" \/>\n<meta property=\"og:locale\" content=\"fr_FR\" \/>\n<meta property=\"og:type\" content=\"article\" \/>\n<meta property=\"og:title\" content=\"Organisation - API Exoplan\u00e8tes\" \/>\n<meta property=\"og:description\" content=\"Members of the board: Contacts To contact members of the board: bureau.api.exoplanetes(at)sympa.obspm.fr\" \/>\n<meta property=\"og:url\" content=\"https:\/\/sites.lesia.obspm.fr\/api-exoplanetes\/organisation\/\" \/>\n<meta property=\"og:site_name\" content=\"API Exoplan\u00e8tes\" \/>\n<meta property=\"article:modified_time\" content=\"2024-07-09T08:20:01+00:00\" \/>\n<meta name=\"twitter:card\" content=\"summary_large_image\" \/>\n<meta name=\"twitter:label1\" content=\"Dur\u00e9e de lecture estim\u00e9e\" \/>\n\t<meta name=\"twitter:data1\" content=\"1 minute\" \/>\n<script type=\"application\/ld+json\" class=\"yoast-schema-graph\">{\"@context\":\"https:\/\/schema.org\",\"@graph\":[{\"@type\":\"WebPage\",\"@id\":\"https:\/\/sites.lesia.obspm.fr\/api-exoplanetes\/organisation\/\",\"url\":\"https:\/\/sites.lesia.obspm.fr\/api-exoplanetes\/organisation\/\",\"name\":\"Organisation - API Exoplan\u00e8tes\",\"isPartOf\":{\"@id\":\"https:\/\/sites.lesia.obspm.fr\/api-exoplanetes\/#website\"},\"datePublished\":\"2024-07-02T14:03:31+00:00\",\"dateModified\":\"2024-07-09T08:20:01+00:00\",\"breadcrumb\":{\"@id\":\"https:\/\/sites.lesia.obspm.fr\/api-exoplanetes\/organisation\/#breadcrumb\"},\"inLanguage\":\"fr-FR\",\"potentialAction\":[{\"@type\":\"ReadAction\",\"target\":[\"https:\/\/sites.lesia.obspm.fr\/api-exoplanetes\/organisation\/\"]}]},{\"@type\":\"BreadcrumbList\",\"@id\":\"https:\/\/sites.lesia.obspm.fr\/api-exoplanetes\/organisation\/#breadcrumb\",\"itemListElement\":[{\"@type\":\"ListItem\",\"position\":1,\"name\":\"Accueil\",\"item\":\"https:\/\/sites.lesia.obspm.fr\/api-exoplanetes\/\"},{\"@type\":\"ListItem\",\"position\":2,\"name\":\"Organisation\"}]},{\"@type\":\"WebSite\",\"@id\":\"https:\/\/sites.lesia.obspm.fr\/api-exoplanetes\/#website\",\"url\":\"https:\/\/sites.lesia.obspm.fr\/api-exoplanetes\/\",\"name\":\"API Exoplan\u00e8tes\",\"description\":\"\",\"potentialAction\":[{\"@type\":\"SearchAction\",\"target\":{\"@type\":\"EntryPoint\",\"urlTemplate\":\"https:\/\/sites.lesia.obspm.fr\/api-exoplanetes\/?s={search_term_string}\"},\"query-input\":{\"@type\":\"PropertyValueSpecification\",\"valueRequired\":true,\"valueName\":\"search_term_string\"}}],\"inLanguage\":\"fr-FR\"}]}<\/script>\n<!-- \/ Yoast SEO plugin. -->","yoast_head_json":{"title":"Organisation - API Exoplan\u00e8tes","robots":{"index":"index","follow":"follow","max-snippet":"max-snippet:-1","max-image-preview":"max-image-preview:large","max-video-preview":"max-video-preview:-1"},"canonical":"https:\/\/sites.lesia.obspm.fr\/api-exoplanetes\/organisation\/","og_locale":"fr_FR","og_type":"article","og_title":"Organisation - API Exoplan\u00e8tes","og_description":"Members of the board: Contacts To contact members of the board: bureau.api.exoplanetes(at)sympa.obspm.fr","og_url":"https:\/\/sites.lesia.obspm.fr\/api-exoplanetes\/organisation\/","og_site_name":"API Exoplan\u00e8tes","article_modified_time":"2024-07-09T08:20:01+00:00","twitter_card":"summary_large_image","twitter_misc":{"Dur\u00e9e de lecture estim\u00e9e":"1 minute"},"schema":{"@context":"https:\/\/schema.org","@graph":[{"@type":"WebPage","@id":"https:\/\/sites.lesia.obspm.fr\/api-exoplanetes\/organisation\/","url":"https:\/\/sites.lesia.obspm.fr\/api-exoplanetes\/organisation\/","name":"Organisation - API Exoplan\u00e8tes","isPartOf":{"@id":"https:\/\/sites.lesia.obspm.fr\/api-exoplanetes\/#website"},"datePublished":"2024-07-02T14:03:31+00:00","dateModified":"2024-07-09T08:20:01+00:00","breadcrumb":{"@id":"https:\/\/sites.lesia.obspm.fr\/api-exoplanetes\/organisation\/#breadcrumb"},"inLanguage":"fr-FR","potentialAction":[{"@type":"ReadAction","target":["https:\/\/sites.lesia.obspm.fr\/api-exoplanetes\/organisation\/"]}]},{"@type":"BreadcrumbList","@id":"https:\/\/sites.lesia.obspm.fr\/api-exoplanetes\/organisation\/#breadcrumb","itemListElement":[{"@type":"ListItem","position":1,"name":"Accueil","item":"https:\/\/sites.lesia.obspm.fr\/api-exoplanetes\/"},{"@type":"ListItem","position":2,"name":"Organisation"}]},{"@type":"WebSite","@id":"https:\/\/sites.lesia.obspm.fr\/api-exoplanetes\/#website","url":"https:\/\/sites.lesia.obspm.fr\/api-exoplanetes\/","name":"API Exoplan\u00e8tes","description":"","potentialAction":[{"@type":"SearchAction","target":{"@type":"EntryPoint","urlTemplate":"https:\/\/sites.lesia.obspm.fr\/api-exoplanetes\/?s={search_term_string}"},"query-input":{"@type":"PropertyValueSpecification","valueRequired":true,"valueName":"search_term_string"}}],"inLanguage":"fr-FR"}]}},"_links":{"self":[{"href":"https:\/\/sites.lesia.obspm.fr\/api-exoplanetes\/wp-json\/wp\/v2\/pages\/13","targetHints":{"allow":["GET"]}}],"collection":[{"href":"https:\/\/sites.lesia.obspm.fr\/api-exoplanetes\/wp-json\/wp\/v2\/pages"}],"about":[{"href":"https:\/\/sites.lesia.obspm.fr\/api-exoplanetes\/wp-json\/wp\/v2\/types\/page"}],"author":[{"embeddable":true,"href":"https:\/\/sites.lesia.obspm.fr\/api-exoplanetes\/wp-json\/wp\/v2\/users\/98"}],"replies":[{"embeddable":true,"href":"https:\/\/sites.lesia.obspm.fr\/api-exoplanetes\/wp-json\/wp\/v2\/comments?post=13"}],"version-history":[{"count":4,"href":"https:\/\/sites.lesia.obspm.fr\/api-exoplanetes\/wp-json\/wp\/v2\/pages\/13\/revisions"}],"predecessor-version":[{"id":28,"href":"https:\/\/sites.lesia.obspm.fr\/api-exoplanetes\/wp-json\/wp\/v2\/pages\/13\/revisions\/28"}],"wp:attachment":[{"href":"https:\/\/sites.lesia.obspm.fr\/api-exoplanetes\/wp-json\/wp\/v2\/media?parent=13"}],"curies":[{"name":"wp","href":"https:\/\/api.w.org\/{rel}","templated":true}]}}