{"id":11,"date":"2024-07-02T16:03:00","date_gmt":"2024-07-02T14:03:00","guid":{"rendered":"https:\/\/sites.lesia.obspm.fr\/api-exoplanetes\/?page_id=11"},"modified":"2024-07-09T10:31:05","modified_gmt":"2024-07-09T08:31:05","slug":"mailing-list","status":"publish","type":"page","link":"https:\/\/sites.lesia.obspm.fr\/api-exoplanetes\/mailing-list\/","title":{"rendered":"Mailing List"},"content":{"rendered":"\n<p>The API announcements are distributed on the mailing list \u00ab&nbsp;forum.exopla@sympa.obspm.fr&nbsp;\u00bb.<\/p>\n\n\n\n<p><strong>To register to the mailing list :<\/strong> subscribe to forum.exopla on <a href=\"https:\/\/sympa.obspm.fr\/wws\/home\">https:\/\/sympa.obspm.fr\/wws\/home<\/a><\/p>\n\n\n\n<p><\/p>\n","protected":false},"excerpt":{"rendered":"<p>The API announcements are distributed on the mailing list \u00ab&nbsp;forum.exopla@sympa.obspm.fr&nbsp;\u00bb. To register to the mailing list : subscribe to forum.exopla on https:\/\/sympa.obspm.fr\/wws\/home<\/p>\n","protected":false},"author":98,"featured_media":0,"parent":0,"menu_order":0,"comment_status":"closed","ping_status":"closed","template":"","meta":{"footnotes":""},"class_list":["post-11","page","type-page","status-publish","hentry"],"yoast_head":"<!-- This site is optimized with the Yoast SEO plugin v26.7 - https:\/\/yoast.com\/wordpress\/plugins\/seo\/ -->\n<title>Mailing List - API Exoplan\u00e8tes<\/title>\n<meta name=\"robots\" content=\"index, follow, max-snippet:-1, max-image-preview:large, max-video-preview:-1\" \/>\n<link rel=\"canonical\" href=\"https:\/\/sites.lesia.obspm.fr\/api-exoplanetes\/mailing-list\/\" \/>\n<meta property=\"og:locale\" content=\"fr_FR\" \/>\n<meta property=\"og:type\" content=\"article\" \/>\n<meta property=\"og:title\" content=\"Mailing List - API Exoplan\u00e8tes\" \/>\n<meta property=\"og:description\" content=\"The API announcements are distributed on the mailing list \u00ab&nbsp;forum.exopla@sympa.obspm.fr&nbsp;\u00bb. To register to the mailing list : subscribe to forum.exopla on https:\/\/sympa.obspm.fr\/wws\/home\" \/>\n<meta property=\"og:url\" content=\"https:\/\/sites.lesia.obspm.fr\/api-exoplanetes\/mailing-list\/\" \/>\n<meta property=\"og:site_name\" content=\"API Exoplan\u00e8tes\" \/>\n<meta property=\"article:modified_time\" content=\"2024-07-09T08:31:05+00:00\" \/>\n<meta name=\"twitter:card\" content=\"summary_large_image\" \/>\n<meta name=\"twitter:label1\" content=\"Dur\u00e9e de lecture estim\u00e9e\" \/>\n\t<meta name=\"twitter:data1\" content=\"1 minute\" \/>\n<script type=\"application\/ld+json\" class=\"yoast-schema-graph\">{\"@context\":\"https:\/\/schema.org\",\"@graph\":[{\"@type\":\"WebPage\",\"@id\":\"https:\/\/sites.lesia.obspm.fr\/api-exoplanetes\/mailing-list\/\",\"url\":\"https:\/\/sites.lesia.obspm.fr\/api-exoplanetes\/mailing-list\/\",\"name\":\"Mailing List - API Exoplan\u00e8tes\",\"isPartOf\":{\"@id\":\"https:\/\/sites.lesia.obspm.fr\/api-exoplanetes\/#website\"},\"datePublished\":\"2024-07-02T14:03:00+00:00\",\"dateModified\":\"2024-07-09T08:31:05+00:00\",\"breadcrumb\":{\"@id\":\"https:\/\/sites.lesia.obspm.fr\/api-exoplanetes\/mailing-list\/#breadcrumb\"},\"inLanguage\":\"fr-FR\",\"potentialAction\":[{\"@type\":\"ReadAction\",\"target\":[\"https:\/\/sites.lesia.obspm.fr\/api-exoplanetes\/mailing-list\/\"]}]},{\"@type\":\"BreadcrumbList\",\"@id\":\"https:\/\/sites.lesia.obspm.fr\/api-exoplanetes\/mailing-list\/#breadcrumb\",\"itemListElement\":[{\"@type\":\"ListItem\",\"position\":1,\"name\":\"Accueil\",\"item\":\"https:\/\/sites.lesia.obspm.fr\/api-exoplanetes\/\"},{\"@type\":\"ListItem\",\"position\":2,\"name\":\"Mailing List\"}]},{\"@type\":\"WebSite\",\"@id\":\"https:\/\/sites.lesia.obspm.fr\/api-exoplanetes\/#website\",\"url\":\"https:\/\/sites.lesia.obspm.fr\/api-exoplanetes\/\",\"name\":\"API Exoplan\u00e8tes\",\"description\":\"\",\"potentialAction\":[{\"@type\":\"SearchAction\",\"target\":{\"@type\":\"EntryPoint\",\"urlTemplate\":\"https:\/\/sites.lesia.obspm.fr\/api-exoplanetes\/?s={search_term_string}\"},\"query-input\":{\"@type\":\"PropertyValueSpecification\",\"valueRequired\":true,\"valueName\":\"search_term_string\"}}],\"inLanguage\":\"fr-FR\"}]}<\/script>\n<!-- \/ Yoast SEO plugin. -->","yoast_head_json":{"title":"Mailing List - API Exoplan\u00e8tes","robots":{"index":"index","follow":"follow","max-snippet":"max-snippet:-1","max-image-preview":"max-image-preview:large","max-video-preview":"max-video-preview:-1"},"canonical":"https:\/\/sites.lesia.obspm.fr\/api-exoplanetes\/mailing-list\/","og_locale":"fr_FR","og_type":"article","og_title":"Mailing List - API Exoplan\u00e8tes","og_description":"The API announcements are distributed on the mailing list \u00ab&nbsp;forum.exopla@sympa.obspm.fr&nbsp;\u00bb. To register to the mailing list : subscribe to forum.exopla on https:\/\/sympa.obspm.fr\/wws\/home","og_url":"https:\/\/sites.lesia.obspm.fr\/api-exoplanetes\/mailing-list\/","og_site_name":"API Exoplan\u00e8tes","article_modified_time":"2024-07-09T08:31:05+00:00","twitter_card":"summary_large_image","twitter_misc":{"Dur\u00e9e de lecture estim\u00e9e":"1 minute"},"schema":{"@context":"https:\/\/schema.org","@graph":[{"@type":"WebPage","@id":"https:\/\/sites.lesia.obspm.fr\/api-exoplanetes\/mailing-list\/","url":"https:\/\/sites.lesia.obspm.fr\/api-exoplanetes\/mailing-list\/","name":"Mailing List - API Exoplan\u00e8tes","isPartOf":{"@id":"https:\/\/sites.lesia.obspm.fr\/api-exoplanetes\/#website"},"datePublished":"2024-07-02T14:03:00+00:00","dateModified":"2024-07-09T08:31:05+00:00","breadcrumb":{"@id":"https:\/\/sites.lesia.obspm.fr\/api-exoplanetes\/mailing-list\/#breadcrumb"},"inLanguage":"fr-FR","potentialAction":[{"@type":"ReadAction","target":["https:\/\/sites.lesia.obspm.fr\/api-exoplanetes\/mailing-list\/"]}]},{"@type":"BreadcrumbList","@id":"https:\/\/sites.lesia.obspm.fr\/api-exoplanetes\/mailing-list\/#breadcrumb","itemListElement":[{"@type":"ListItem","position":1,"name":"Accueil","item":"https:\/\/sites.lesia.obspm.fr\/api-exoplanetes\/"},{"@type":"ListItem","position":2,"name":"Mailing List"}]},{"@type":"WebSite","@id":"https:\/\/sites.lesia.obspm.fr\/api-exoplanetes\/#website","url":"https:\/\/sites.lesia.obspm.fr\/api-exoplanetes\/","name":"API Exoplan\u00e8tes","description":"","potentialAction":[{"@type":"SearchAction","target":{"@type":"EntryPoint","urlTemplate":"https:\/\/sites.lesia.obspm.fr\/api-exoplanetes\/?s={search_term_string}"},"query-input":{"@type":"PropertyValueSpecification","valueRequired":true,"valueName":"search_term_string"}}],"inLanguage":"fr-FR"}]}},"_links":{"self":[{"href":"https:\/\/sites.lesia.obspm.fr\/api-exoplanetes\/wp-json\/wp\/v2\/pages\/11","targetHints":{"allow":["GET"]}}],"collection":[{"href":"https:\/\/sites.lesia.obspm.fr\/api-exoplanetes\/wp-json\/wp\/v2\/pages"}],"about":[{"href":"https:\/\/sites.lesia.obspm.fr\/api-exoplanetes\/wp-json\/wp\/v2\/types\/page"}],"author":[{"embeddable":true,"href":"https:\/\/sites.lesia.obspm.fr\/api-exoplanetes\/wp-json\/wp\/v2\/users\/98"}],"replies":[{"embeddable":true,"href":"https:\/\/sites.lesia.obspm.fr\/api-exoplanetes\/wp-json\/wp\/v2\/comments?post=11"}],"version-history":[{"count":3,"href":"https:\/\/sites.lesia.obspm.fr\/api-exoplanetes\/wp-json\/wp\/v2\/pages\/11\/revisions"}],"predecessor-version":[{"id":34,"href":"https:\/\/sites.lesia.obspm.fr\/api-exoplanetes\/wp-json\/wp\/v2\/pages\/11\/revisions\/34"}],"wp:attachment":[{"href":"https:\/\/sites.lesia.obspm.fr\/api-exoplanetes\/wp-json\/wp\/v2\/media?parent=11"}],"curies":[{"name":"wp","href":"https:\/\/api.w.org\/{rel}","templated":true}]}}